{"id":11398,"date":"2022-01-19T09:45:27","date_gmt":"2022-01-19T09:45:27","guid":{"rendered":"https:\/\/www.avision.com\/br\/?post_type=product&#038;p=11398"},"modified":"2025-01-21T16:14:50","modified_gmt":"2025-01-21T16:14:50","slug":"scanner-avision-fb10","status":"publish","type":"product","link":"https:\/\/www.avision.com\/br\/produto\/scanner-de-mesa\/scanner-avision-fb10\/","title":{"rendered":"FB10"},"content":{"rendered":"<p><img decoding=\"async\" loading=\"lazy\" class=\"size-full wp-image-7450 alignleft\" src=\"https:\/\/www.avision.com\/br\/wp-content\/uploads\/sites\/6\/2021\/09\/A4.png\" alt=\"\" width=\"73\" height=\"69\" \/><\/p>\n<p>&nbsp;<\/p>\n<p>&nbsp;<\/p>\n<div class=\"su-spacer\" style=\"height:25px\"><\/div>\n<hr \/>\n<div class=\"su-spacer\" style=\"height:25px\"><\/div>\n<h3><span style=\"color: #0e3a65\"><strong>\u258eUma solu\u00e7\u00e3o ideal para digitalizar documentos espessos<\/strong><\/span><\/h3>\n<p>Quando um documento espesso ou qualquer objeto volumoso precisa ser digitalizado, a tampa inovadora pode ser levantada para ajudar a nivelar o item. Como resultado, uma qualidade de imagem otimizada pode ser obtida facilmente, pois o item est\u00e1 mais uniformemente iluminado.<\/p>\n<h3><span style=\"color: #0e3a65\"><strong>\u258eNenhum cabo de alimenta\u00e7\u00e3o \u00e9 necess\u00e1rio<\/strong><\/span><\/h3>\n<p>O FB10 \u00e9 alimentado pelo cabo USB no PC. Nenhum adaptador de energia externa e cabos s\u00e3o necess\u00e1rios!<\/p>\n<h3><span style=\"color: #0e3a65\"><strong>\u258eAlta resolu\u00e7\u00e3o \u00f3tica de 1200 dpi e interpolada de at\u00e9 4800 x 4800 dpi<\/strong><\/span><\/h3>\n<p>Apesar de pequeno, o FB10 \u00e9 grande em resolu\u00e7\u00e3o. Com uma resolu\u00e7\u00e3o \u00f3tica real de 1200 dpi e interpolada de at\u00e9 4800 x 4800 dpi, o FB10 \u00e9 capaz de reproduzir imagens com detalhes finos e sombras sutis.<\/p>\n<h3><span style=\"color: #0e3a65\"><strong>\u258eN\u00e3o necessita de aquecimento e velocidade de leitura r\u00e1pida<\/strong><\/span><\/h3>\n<p>O sistema de ilumina\u00e7\u00e3o LED n\u00e3o s\u00f3 economiza energia, como n\u00e3o requer tempo de aquecimento. O FB10 est\u00e1 pronto para ser acionado assim que voc\u00ea lig\u00e1-lo. Tamb\u00e9m \u00e9 r\u00e1pido! Leva apenas 9 segundos para digitalizar um documento de tamanho A4.<\/p>\n<h3><span style=\"color: #0e3a65\"><strong>\u258eConfigura\u00e7\u00f5es avan\u00e7adas via driver TWAIN<\/strong><\/span><\/h3>\n<p>A interface de usu\u00e1rio TWAIN da Avision fornece v\u00e1rias ferramentas de aprimoramento de imagem para melhorar a qualidade da sua imagem, incluindo recorte e enquadramento autom\u00e1tico, detec\u00e7\u00e3o autom\u00e1tica de cores, correspond\u00eancia de cores, despeckling, elimina\u00e7\u00e3o de cores e assim por diante. Os documentos s\u00e3o digitalizados e prontos para serem usados!<\/p>\n<h3><span style=\"color: #0e3a65\"><strong>\u258eRecorte Autom\u00e1tico de Imagens M\u00faltiplas<\/strong><\/span><\/h3>\n<p>Al\u00e9m disso, o scanner vem com o recurso conveniente de recorte de v\u00e1rias imagens. Com esse recurso, v\u00e1rios tamanhos de documentos, como fotos, cart\u00f5es de identifica\u00e7\u00e3o ou cart\u00f5es de visita, podem ser colocados no flatbed e o scanner pode recortar e criar v\u00e1rias imagens de acordo com os tamanhos originais dos documentos em uma \u00fanica digitaliza\u00e7\u00e3o.<\/p>\n<p>&nbsp;<\/p>\n<h3><span style=\"color: #0e3a65\"><strong>\u258eFeatures<\/strong><\/span><\/h3>\n<ul>\n<li>Ultra slim \u2013 46mm ( 1.8 in. ) in height and\u00a01.4 kg\u00a0(\u00a03.1 lb.\u00a0) in weight<\/li>\n<li>Scan size up to A4 ( 210 x 297 mm )<\/li>\n<li>Intelligent cover to scan thick documents or magazines<\/li>\n<li>Resolution up to 4800 dpi<\/li>\n<li>Scans an A4-size page needs only 9 seconds ( color, 300 dpi )<\/li>\n<li>Easy-to-use TWAIN user interface provides various useful features such\u00a0as auto color detection, color matching, and despeckling to enhance the\u00a0image quality<\/li>\n<li>Automatic multiple image cropping creates multiple images in one scan to\u00a0save your time<\/li>\n<li>High speed USB 2.0 port<\/li>\n<\/ul>\n<p>&nbsp;<\/p>\n<hr \/>\n<h3><\/h3>\n<h3><span style=\"color: #0e3a65\"><strong>\u258eMarca de certifica\u00e7\u00e3o<\/strong><\/span><\/h3>\n<div class=\"su-spoiler su-spoiler-style-default su-spoiler-icon-arrow-circle-1  su-spoiler-closed\" data-scroll-offset=\"0\" data-anchor-in-url=\"no\"><div class=\"su-spoiler-title\" tabindex=\"0\" role=\"button\"><span class=\"su-spoiler-icon\"><\/span>Saiba mais<\/div><div class=\"su-spoiler-content su-u-clearfix su-u-trim\">\n<div style=\"padding: 5px;border: 3px solid #ffffff\">\n<table id=\"tbl\" border=\"1\">\n<tbody>\n<tr>\n<td bgcolor=\"white\" width=\"200px\"><span class=\"su-lightbox\" data-mfp-src=\"https:\/\/www.avision.com\/br\/smart-image\/\" data-mfp-type=\"iframe\" data-mobile=\"yes\"><img decoding=\"async\" loading=\"lazy\" class=\"wp-image-7531 aligncenter\" src=\"https:\/\/www.avision.com\/br\/wp-content\/uploads\/sites\/6\/2021\/09\/SmartImage.png\" alt=\"\" width=\"100\" height=\"70\" \/><br \/>\n<\/span><\/td>\n<td bgcolor=\"white\" width=\"200px\"><img decoding=\"async\" loading=\"lazy\" class=\" wp-image-7829 aligncenter\" src=\"https:\/\/www.avision.com\/br\/wp-content\/uploads\/sites\/6\/2021\/09\/USB3.0.png\" alt=\"\" width=\"134\" height=\"62\" \/><\/td>\n<td bgcolor=\"white\" width=\"200px\"><img decoding=\"async\" loading=\"lazy\" class=\"size-full wp-image-11356 aligncenter\" src=\"https:\/\/www.avision.com\/br\/wp-content\/uploads\/sites\/6\/2021\/09\/win10.jpg\" alt=\"\" width=\"63\" height=\"78\" \/><\/td>\n<\/tr>\n<\/tbody>\n<\/table>\n<\/div>\n<\/div><\/div>\n","protected":false},"excerpt":{"rendered":"<h3><span style=\"color: #0e3a65\">Avision FB10 &#8211; Um scanner A4 de mesa fino<\/span><\/h3>\n<p>A Avision tem o orgulho de apresentar sua s\u00e9rie de scanners finos. Com o tamanho de digitaliza\u00e7\u00e3o A4, o Avision FB10 \u00e9 ideal para digitalizar seus documentos. Com a tecnologia inovadora CIS (Contact Image Sensor), o FB10 tem apenas 46 mm de altura e pesa apenas 1,4 kg.<\/p>\n","protected":false},"featured_media":11399,"template":"","meta":{"ocean_post_layout":"","ocean_both_sidebars_style":"","ocean_both_sidebars_content_width":0,"ocean_both_sidebars_sidebars_width":0,"ocean_sidebar":"0","ocean_second_sidebar":"0","ocean_disable_margins":"enable","ocean_add_body_class":"","ocean_shortcode_before_top_bar":"","ocean_shortcode_after_top_bar":"","ocean_shortcode_before_header":"","ocean_shortcode_after_header":"","ocean_has_shortcode":"","ocean_shortcode_after_title":"","ocean_shortcode_before_footer_widgets":"","ocean_shortcode_after_footer_widgets":"","ocean_shortcode_before_footer_bottom":"","ocean_shortcode_after_footer_bottom":"","ocean_display_top_bar":"default","ocean_display_header":"default","ocean_header_style":"","ocean_center_header_left_menu":"0","ocean_custom_header_template":"0","ocean_custom_logo":0,"ocean_custom_retina_logo":0,"ocean_custom_logo_max_width":0,"ocean_custom_logo_tablet_max_width":0,"ocean_custom_logo_mobile_max_width":0,"ocean_custom_logo_max_height":0,"ocean_custom_logo_tablet_max_height":0,"ocean_custom_logo_mobile_max_height":0,"ocean_header_custom_menu":"0","ocean_menu_typo_font_family":"0","ocean_menu_typo_font_subset":"","ocean_menu_typo_font_size":0,"ocean_menu_typo_font_size_tablet":0,"ocean_menu_typo_font_size_mobile":0,"ocean_menu_typo_font_size_unit":"px","ocean_menu_typo_font_weight":"","ocean_menu_typo_font_weight_tablet":"","ocean_menu_typo_font_weight_mobile":"","ocean_menu_typo_transform":"","ocean_menu_typo_transform_tablet":"","ocean_menu_typo_transform_mobile":"","ocean_menu_typo_line_height":0,"ocean_menu_typo_line_height_tablet":0,"ocean_menu_typo_line_height_mobile":0,"ocean_menu_typo_line_height_unit":"","ocean_menu_typo_spacing":0,"ocean_menu_typo_spacing_tablet":0,"ocean_menu_typo_spacing_mobile":0,"ocean_menu_typo_spacing_unit":"","ocean_menu_link_color":"","ocean_menu_link_color_hover":"","ocean_menu_link_color_active":"","ocean_menu_link_background":"","ocean_menu_link_hover_background":"","ocean_menu_link_active_background":"","ocean_menu_social_links_bg":"","ocean_menu_social_hover_links_bg":"","ocean_menu_social_links_color":"","ocean_menu_social_hover_links_color":"","ocean_disable_title":"default","ocean_disable_heading":"default","ocean_post_title":"","ocean_post_subheading":"","ocean_post_title_style":"","ocean_post_title_background_color":"","ocean_post_title_background":0,"ocean_post_title_bg_image_position":"","ocean_post_title_bg_image_attachment":"","ocean_post_title_bg_image_repeat":"","ocean_post_title_bg_image_size":"","ocean_post_title_height":0,"ocean_post_title_bg_overlay":0.5,"ocean_post_title_bg_overlay_color":"","ocean_disable_breadcrumbs":"default","ocean_breadcrumbs_color":"","ocean_breadcrumbs_separator_color":"","ocean_breadcrumbs_links_color":"","ocean_breadcrumbs_links_hover_color":"","ocean_display_footer_widgets":"default","ocean_display_footer_bottom":"default","ocean_custom_footer_template":"0"},"product_cat":[332],"product_tag":[1643],"_links":{"self":[{"href":"https:\/\/www.avision.com\/br\/wp-json\/wp\/v2\/product\/11398"}],"collection":[{"href":"https:\/\/www.avision.com\/br\/wp-json\/wp\/v2\/product"}],"about":[{"href":"https:\/\/www.avision.com\/br\/wp-json\/wp\/v2\/types\/product"}],"version-history":[{"count":6,"href":"https:\/\/www.avision.com\/br\/wp-json\/wp\/v2\/product\/11398\/revisions"}],"predecessor-version":[{"id":14359,"href":"https:\/\/www.avision.com\/br\/wp-json\/wp\/v2\/product\/11398\/revisions\/14359"}],"wp:featuredmedia":[{"embeddable":true,"href":"https:\/\/www.avision.com\/br\/wp-json\/wp\/v2\/media\/11399"}],"wp:attachment":[{"href":"https:\/\/www.avision.com\/br\/wp-json\/wp\/v2\/media?parent=11398"}],"wp:term":[{"taxonomy":"product_cat","embeddable":true,"href":"https:\/\/www.avision.com\/br\/wp-json\/wp\/v2\/product_cat?post=11398"},{"taxonomy":"product_tag","embeddable":true,"href":"https:\/\/www.avision.com\/br\/wp-json\/wp\/v2\/product_tag?post=11398"}],"curies":[{"name":"wp","href":"https:\/\/api.w.org\/{rel}","templated":true}]}}