{"id":11461,"date":"2022-01-20T06:55:44","date_gmt":"2022-01-20T06:55:44","guid":{"rendered":"https:\/\/www.avision.com\/br\/?post_type=product&#038;p=11461"},"modified":"2022-05-27T08:23:23","modified_gmt":"2022-05-27T08:23:23","slug":"scanner-avision-av320e2plus","status":"publish","type":"product","link":"https:\/\/www.avision.com\/br\/produto\/scanner-de-documentos\/scanner-avision-av320e2plus\/","title":{"rendered":"AV320E2+"},"content":{"rendered":"<p><img decoding=\"async\" loading=\"lazy\" class=\"alignnone size-full wp-image-7449 alignleft\" src=\"https:\/\/www.avision.com\/br\/wp-content\/uploads\/sites\/6\/2021\/09\/A3.png\" alt=\"\" width=\"73\" height=\"69\" \/> <img decoding=\"async\" loading=\"lazy\" class=\"alignnone size-full wp-image-7336 alignleft\" src=\"https:\/\/www.avision.com\/br\/wp-content\/uploads\/sites\/6\/2021\/09\/ADF150.png\" alt=\"\" width=\"73\" height=\"69\" \/> <img decoding=\"async\" loading=\"lazy\" class=\"alignnone size-full wp-image-7405 alignleft\" src=\"https:\/\/www.avision.com\/br\/wp-content\/uploads\/sites\/6\/2021\/09\/color60p120i.png\" alt=\"\" width=\"74\" height=\"69\" \/> <img decoding=\"async\" loading=\"lazy\" class=\"alignnone size-full wp-image-7375 alignleft\" src=\"https:\/\/www.avision.com\/br\/wp-content\/uploads\/sites\/6\/2021\/09\/BW80p160i.png\" alt=\"\" width=\"73\" height=\"69\" \/> <img decoding=\"async\" loading=\"lazy\" class=\"alignnone size-full wp-image-7446 alignleft\" src=\"https:\/\/www.avision.com\/br\/wp-content\/uploads\/sites\/6\/2021\/09\/118in.png\" alt=\"\" width=\"74\" height=\"69\" \/> <img decoding=\"async\" loading=\"lazy\" class=\"alignnone size-full wp-image-7426 alignleft\" src=\"https:\/\/www.avision.com\/br\/wp-content\/uploads\/sites\/6\/2021\/09\/ID-card-scan.png\" alt=\"\" width=\"73\" height=\"69\" \/> <img decoding=\"async\" loading=\"lazy\" class=\"alignnone size-full wp-image-7431 alignleft\" src=\"https:\/\/www.avision.com\/br\/wp-content\/uploads\/sites\/6\/2021\/09\/Ultra1sensor.png\" alt=\"\" width=\"73\" height=\"69\" \/> <img decoding=\"async\" loading=\"lazy\" class=\"alignnone size-full wp-image-7410 alignleft\" src=\"https:\/\/www.avision.com\/br\/wp-content\/uploads\/sites\/6\/2021\/09\/duplex.png\" alt=\"\" width=\"74\" height=\"69\" \/><\/p>\n<p>&nbsp;<\/p>\n<div class=\"su-spacer\" style=\"height:25px\"><\/div>\n<hr \/>\n<div class=\"su-spacer\" style=\"height:25px\"><\/div>\n<h3><span style=\"color: #0e3a65;\">\u258d<strong>Velocidade de digitaliza\u00e7\u00e3o 80 ppm\/160 ipm a 200 dpi, no modo P &amp; B<\/strong><\/span><\/h3>\n<p>O AV320E2+ oferece r\u00e1pida digitaliza\u00e7\u00e3o 80 p\u00e1ginas por minuto em modo simplex e 160 imagens por minuto em modo duplex com 200 dpi no modo P &amp; B, proporcionando uma experi\u00eancia verdadeiramente deslumbrante na digitaliza\u00e7\u00e3o.<\/p>\n<h3><span style=\"color: #0e3a65;\">\u258d<strong>Digitaliza documentos at\u00e9 tamanho A3, e p\u00e1ginas longas at\u00e9 3m (118 &#8220;)\u00a0<\/strong><\/span><\/h3>\n<p>O sistema de alimenta\u00e7\u00e3o de papel tamb\u00e9m permite digitalizar documentos excepcionalmente longos at\u00e9 3 metros (118 &#8220;) a 300 dpi em cor, tons de cinza ou preto e branco. Isto \u00e9 ideal para a digitaliza\u00e7\u00e3o de diagrama de engenharia, projeto de lei de seguro, registo de sa\u00fade ou outros documentos especiais.<\/p>\n<h3><span style=\"color: #0e3a65;\">\u258d<strong>Novo suporte do driver TWAIN<\/strong><\/span><\/h3>\n<p>AV320E2+ incorpora o mais recente driver TWAIN com novas caracter\u00edsticas e melhorias, tais como a capacidade de ajustar a sensibilidade do limiar din\u00e2mico, combina\u00e7\u00e3ode cor em documentos \/ fotos, personalizado color dropout, autom\u00e1tico multiple cropping, multi-alimenta\u00e7\u00e3o inteligente, reduzir despeckle, contagem de imagem, impressor digital, e transporte timeout. Estamos empenhados em melhorar continuamente o driver TWAIN para enriquecer sua experi\u00eancia de digitaliza\u00e7\u00e3o como nunca antes.<\/p>\n<h3><span style=\"color: #0e3a65;\">\u258d<strong>Detec\u00e7\u00e3o de Alimenta\u00e7\u00e3o M\u00faltipla ultra-s\u00f4nica\u00a0<\/strong><\/span><\/h3>\n<p>O AV320E2+ usa ondas sonoras para detectar documentos que passam pelo scanner. Quando v\u00e1rias p\u00e1ginas s\u00e3o alimentadas, o scanner detecta multi-alimenta\u00e7\u00e3o e envia uma mensagem de aviso. Essa a\u00e7\u00e3o garante que todos os seus documentos cr\u00edticos sejam gravados corretamente, sem perder uma \u00fanica p\u00e1gina.<\/p>\n<p>&nbsp;<\/p>\n<hr \/>\n<h3><\/h3>\n<h3><span style=\"color: #0e3a65;\"><strong>\u258eMarca de certifica\u00e7\u00e3o<\/strong><\/span><\/h3>\n<div class=\"su-spoiler su-spoiler-style-default su-spoiler-icon-arrow-circle-1  su-spoiler-closed\" data-scroll-offset=\"0\" data-anchor-in-url=\"no\"><div class=\"su-spoiler-title\" tabindex=\"0\" role=\"button\"><span class=\"su-spoiler-icon\"><\/span>Saiba mais<\/div><div class=\"su-spoiler-content su-u-clearfix su-u-trim\">\n<div style=\"padding: 5px; border: 3px solid #ffffff;\">\n<table id=\"tbl\" border=\"1\">\n<tbody>\n<tr>\n<td bgcolor=\"white\" width=\"200px\"><span class=\"su-lightbox\" data-mfp-src=\"#my-custom-popup\" data-mfp-type=\"inline\" data-mobile=\"yes\">\n<img decoding=\"async\" loading=\"lazy\" class=\"wp-image-7528 aligncenter\" src=\"https:\/\/www.avision.com\/br\/wp-content\/uploads\/sites\/6\/2021\/09\/800px-Energy_Star_logo.svg-293x300.png\" alt=\"\" width=\"73\" height=\"75\" srcset=\"https:\/\/www.avision.com\/br\/wp-content\/uploads\/sites\/6\/2021\/09\/800px-Energy_Star_logo.svg-293x300.png 293w, https:\/\/www.avision.com\/br\/wp-content\/uploads\/sites\/6\/2021\/09\/800px-Energy_Star_logo.svg-768x786.png 768w, https:\/\/www.avision.com\/br\/wp-content\/uploads\/sites\/6\/2021\/09\/800px-Energy_Star_logo.svg-600x614.png 600w, https:\/\/www.avision.com\/br\/wp-content\/uploads\/sites\/6\/2021\/09\/800px-Energy_Star_logo.svg.png 800w\" sizes=\"(max-width: 73px) 100vw, 73px\" \/><\/span><\/td>\n<td bgcolor=\"white\" width=\"200px\"><span class=\"su-lightbox\" data-mfp-src=\"https:\/\/www.avision.com\/br\/smart-image\/\" data-mfp-type=\"iframe\" data-mobile=\"yes\"><img decoding=\"async\" loading=\"lazy\" class=\"wp-image-7531 aligncenter\" src=\"https:\/\/www.avision.com\/br\/wp-content\/uploads\/sites\/6\/2021\/09\/SmartImage.png\" alt=\"\" width=\"100\" height=\"70\" \/><br \/>\n<\/span><\/td>\n<td bgcolor=\"white\" width=\"200px\"><a href=\"https:\/\/www.usb.org\/\"><img decoding=\"async\" loading=\"lazy\" class=\" wp-image-7829 aligncenter\" src=\"https:\/\/www.avision.com\/br\/wp-content\/uploads\/sites\/6\/2021\/09\/USB3.0.png\" alt=\"\" width=\"121\" height=\"56\" \/><\/a><\/td>\n<td bgcolor=\"white\" width=\"200px\"><img decoding=\"async\" loading=\"lazy\" class=\" wp-image-11125 aligncenter\" src=\"https:\/\/www.avision.com\/br\/wp-content\/uploads\/sites\/6\/2021\/09\/0_GREEN-184x300.png\" alt=\"\" width=\"59\" height=\"97\" srcset=\"https:\/\/www.avision.com\/br\/wp-content\/uploads\/sites\/6\/2021\/09\/0_GREEN-184x300.png 184w, https:\/\/www.avision.com\/br\/wp-content\/uploads\/sites\/6\/2021\/09\/0_GREEN.png 265w\" sizes=\"(max-width: 59px) 100vw, 59px\" \/><\/td>\n<td bgcolor=\"white\" width=\"200px\"><img decoding=\"async\" loading=\"lazy\" class=\" wp-image-11462 aligncenter\" src=\"https:\/\/www.avision.com\/br\/wp-content\/uploads\/sites\/6\/2021\/09\/VRSbasic.jpg\" alt=\"\" width=\"75\" height=\"75\" srcset=\"https:\/\/www.avision.com\/br\/wp-content\/uploads\/sites\/6\/2021\/09\/VRSbasic.jpg 225w, https:\/\/www.avision.com\/br\/wp-content\/uploads\/sites\/6\/2021\/09\/VRSbasic-150x150.jpg 150w, https:\/\/www.avision.com\/br\/wp-content\/uploads\/sites\/6\/2021\/09\/VRSbasic-100x100.jpg 100w\" sizes=\"(max-width: 75px) 100vw, 75px\" \/><\/td>\n<td bgcolor=\"white\" width=\"200px\"><a href=\"https:\/\/support.microsoft.com\/EN-US\/windows?ui=zh-TW&amp;rs=zh-TW&amp;ad=TW#WindowsVersion=Windows_10&amp;ID0EAABAAA=Windows_10\"><img decoding=\"async\" loading=\"lazy\" class=\"size-full wp-image-11356 aligncenter\" src=\"https:\/\/www.avision.com\/br\/wp-content\/uploads\/sites\/6\/2021\/09\/win10.jpg\" alt=\"\" width=\"63\" height=\"78\" \/><\/a><\/td>\n<\/tr>\n<\/tbody>\n<\/table>\n<\/div>\n<div class=\"su-lightbox-content su-u-trim \" id=\"my-custom-popup\" style=\"display:none;width:auto;min-width:none;max-width:600px;margin-top:40px;margin-bottom:40px;padding:40px;background:#FFFFFF;color:#333333;box-shadow:0px 0px 15px #333333;text-align:left\">\n<h1><span style=\"color: #0e3a65;\">ENERGY STAR<\/span><\/h1>\n<p>&nbsp;<\/p>\n<h2>O que \u00e9 ENERGY STAR?<\/h2>\n<p><a href=\"https:\/\/www.energystar.gov\/\"><img decoding=\"async\" loading=\"lazy\" class=\"size-medium wp-image-11921 aligncenter\" src=\"https:\/\/www.avision.com\/br\/wp-content\/uploads\/sites\/6\/2021\/09\/energy_star-2-300x243.jpg\" alt=\"\" width=\"300\" height=\"243\" srcset=\"https:\/\/www.avision.com\/br\/wp-content\/uploads\/sites\/6\/2021\/09\/energy_star-2-300x243.jpg 300w, https:\/\/www.avision.com\/br\/wp-content\/uploads\/sites\/6\/2021\/09\/energy_star-2.jpg 497w\" sizes=\"(max-width: 300px) 100vw, 300px\" \/><\/a><\/p>\n<p>O ENERGY STAR \u00e9 um programa conjunto da Ag\u00eancia de Prote\u00e7\u00e3o Ambiental dos EUA e do Departamento de Energia dos EUA, que nos ajuda a economizar dinheiro e proteger o meio ambiente por meio de produtos e pr\u00e1ticas de efici\u00eancia energ\u00e9tica.<\/p>\n<h2>Escolha produtos qualificados pela ENERGY STAR<\/h2>\n<p>Os produtos com qualifica\u00e7\u00e3o ENERGY STAR atendem \u00e0s diretrizes r\u00edgidas de efici\u00eancia energ\u00e9tica estabelecidas pela EPA dos EUA e pelo Departamento de Energia dos EUA. Eles usam menos energia, economizam dinheiro e ajudam a proteger o meio ambiente.<\/p>\n<p>*<a href=\"https:\/\/www.avision.com\/br\/wp-content\/uploads\/sites\/6\/2022\/01\/EnergyStarQualificationList_Ver3-03-1_20220110.pdf\">Listas de produtos Avision qualificados para ENERGY STAR V3.0 <\/a><\/p>\n<\/div>\n<\/div><\/div>\n","protected":false},"excerpt":{"rendered":"<p>O scanner robusto de base plana Avision AV320E2+ \u00e9 o nosso mais avan\u00e7ado e poderoso scanner de alta velocidade para documentos. Constru\u00eddo para durar utilizando pe\u00e7as e material premium, o AV320E2+ tem o ciclo di\u00e1rio recomendado de at\u00e9 8.000 digitaliza\u00e7\u00f5es, e a vida \u00fatil do PAD \u00e9 de 200.000 documentos. A capacidade extra grande de seu alimentador autom\u00e1tico pode suportar at\u00e9 150 folhas, em compara\u00e7\u00e3o com o padr\u00e3o de 50 folhas de outros modelos.<\/p>\n<p>O AV320E2+ \u00e9 capaz de digitalizar documentos at\u00e9 tamanho A3, garantindo uma ampla gama de compatibilidade de documentos em seu local de trabalho. Equipado com novos e melhorados roletes anti-skew, pode pegar qualquer tamanho desde A8 at\u00e9 A3. N\u00e3o h\u00e1 mais necessidade de pr\u00e9-filtrar ou organizar documentos de tamanhos semelhantes antes de digitalizar.<\/p>\n<p>Ele n\u00e3o p\u00e1ra por a\u00ed. O aspecto mais surpreendente do AV320E2+ \u00e9 a sua velocidade de digitaliza\u00e7\u00e3o incr\u00edvel &#8211; um r\u00e1pido rel\u00e2mpago 80ppm \/ 160 ipm em resolu\u00e7\u00e3o 200dpi! Quantidade e qualidade alcan\u00e7ados.<\/p>\n<p>N\u00e3o olhe mais longe que o AV320E2 + como solu\u00e7\u00e3o definitiva para todas as suas necessidades de digitaliza\u00e7\u00e3o.<\/p>\n","protected":false},"featured_media":11463,"template":"","meta":{"ocean_post_layout":"full-screen","ocean_both_sidebars_style":"","ocean_both_sidebars_content_width":0,"ocean_both_sidebars_sidebars_width":0,"ocean_sidebar":"0","ocean_second_sidebar":"0","ocean_disable_margins":"enable","ocean_add_body_class":"","ocean_shortcode_before_top_bar":"","ocean_shortcode_after_top_bar":"","ocean_shortcode_before_header":"","ocean_shortcode_after_header":"","ocean_has_shortcode":"","ocean_shortcode_after_title":"","ocean_shortcode_before_footer_widgets":"","ocean_shortcode_after_footer_widgets":"","ocean_shortcode_before_footer_bottom":"","ocean_shortcode_after_footer_bottom":"","ocean_display_top_bar":"default","ocean_display_header":"default","ocean_header_style":"","ocean_center_header_left_menu":"0","ocean_custom_header_template":"0","ocean_custom_logo":0,"ocean_custom_retina_logo":0,"ocean_custom_logo_max_width":0,"ocean_custom_logo_tablet_max_width":0,"ocean_custom_logo_mobile_max_width":0,"ocean_custom_logo_max_height":0,"ocean_custom_logo_tablet_max_height":0,"ocean_custom_logo_mobile_max_height":0,"ocean_header_custom_menu":"0","ocean_menu_typo_font_family":"0","ocean_menu_typo_font_subset":"","ocean_menu_typo_font_size":0,"ocean_menu_typo_font_size_tablet":0,"ocean_menu_typo_font_size_mobile":0,"ocean_menu_typo_font_size_unit":"px","ocean_menu_typo_font_weight":"","ocean_menu_typo_font_weight_tablet":"","ocean_menu_typo_font_weight_mobile":"","ocean_menu_typo_transform":"","ocean_menu_typo_transform_tablet":"","ocean_menu_typo_transform_mobile":"","ocean_menu_typo_line_height":0,"ocean_menu_typo_line_height_tablet":0,"ocean_menu_typo_line_height_mobile":0,"ocean_menu_typo_line_height_unit":"","ocean_menu_typo_spacing":0,"ocean_menu_typo_spacing_tablet":0,"ocean_menu_typo_spacing_mobile":0,"ocean_menu_typo_spacing_unit":"","ocean_menu_link_color":"","ocean_menu_link_color_hover":"","ocean_menu_link_color_active":"","ocean_menu_link_background":"","ocean_menu_link_hover_background":"","ocean_menu_link_active_background":"","ocean_menu_social_links_bg":"","ocean_menu_social_hover_links_bg":"","ocean_menu_social_links_color":"","ocean_menu_social_hover_links_color":"","ocean_disable_title":"on","ocean_disable_heading":"default","ocean_post_title":"","ocean_post_subheading":"","ocean_post_title_style":"","ocean_post_title_background_color":"","ocean_post_title_background":0,"ocean_post_title_bg_image_position":"","ocean_post_title_bg_image_attachment":"","ocean_post_title_bg_image_repeat":"","ocean_post_title_bg_image_size":"","ocean_post_title_height":0,"ocean_post_title_bg_overlay":0.5,"ocean_post_title_bg_overlay_color":"","ocean_disable_breadcrumbs":"default","ocean_breadcrumbs_color":"","ocean_breadcrumbs_separator_color":"","ocean_breadcrumbs_links_color":"","ocean_breadcrumbs_links_hover_color":"","ocean_display_footer_widgets":"default","ocean_display_footer_bottom":"on","ocean_custom_footer_template":"0"},"product_cat":[333],"product_tag":[],"_links":{"self":[{"href":"https:\/\/www.avision.com\/br\/wp-json\/wp\/v2\/product\/11461"}],"collection":[{"href":"https:\/\/www.avision.com\/br\/wp-json\/wp\/v2\/product"}],"about":[{"href":"https:\/\/www.avision.com\/br\/wp-json\/wp\/v2\/types\/product"}],"version-history":[{"count":6,"href":"https:\/\/www.avision.com\/br\/wp-json\/wp\/v2\/product\/11461\/revisions"}],"predecessor-version":[{"id":13838,"href":"https:\/\/www.avision.com\/br\/wp-json\/wp\/v2\/product\/11461\/revisions\/13838"}],"wp:featuredmedia":[{"embeddable":true,"href":"https:\/\/www.avision.com\/br\/wp-json\/wp\/v2\/media\/11463"}],"wp:attachment":[{"href":"https:\/\/www.avision.com\/br\/wp-json\/wp\/v2\/media?parent=11461"}],"wp:term":[{"taxonomy":"product_cat","embeddable":true,"href":"https:\/\/www.avision.com\/br\/wp-json\/wp\/v2\/product_cat?post=11461"},{"taxonomy":"product_tag","embeddable":true,"href":"https:\/\/www.avision.com\/br\/wp-json\/wp\/v2\/product_tag?post=11461"}],"curies":[{"name":"wp","href":"https:\/\/api.w.org\/{rel}","templated":true}]}}