{"id":11486,"date":"2022-10-24T07:59:04","date_gmt":"2022-10-24T07:59:04","guid":{"rendered":"https:\/\/www.avision.com\/br\/?post_type=product&#038;p=11486"},"modified":"2025-01-20T19:06:22","modified_gmt":"2025-01-20T19:06:22","slug":"ad130","status":"publish","type":"product","link":"https:\/\/www.avision.com\/br\/produto\/scanner-de-documentos\/ad130\/","title":{"rendered":"AD130"},"content":{"rendered":"<p><img decoding=\"async\" loading=\"lazy\" class=\"alignnone size-full wp-image-7450 alignleft\" src=\"https:\/\/www.avision.com\/br\/wp-content\/uploads\/sites\/6\/2021\/09\/A4.png\" alt=\"\" width=\"73\" height=\"69\" \/> <img decoding=\"async\" loading=\"lazy\" class=\"alignnone size-full wp-image-7331 alignleft\" src=\"https:\/\/www.avision.com\/br\/wp-content\/uploads\/sites\/6\/2021\/09\/ADF50.png\" alt=\"\" width=\"73\" height=\"69\" \/> <img decoding=\"async\" loading=\"lazy\" class=\"alignnone size-full wp-image-7363 alignleft\" src=\"https:\/\/www.avision.com\/br\/wp-content\/uploads\/sites\/6\/2021\/09\/BW40p80i.png\" alt=\"\" width=\"74\" height=\"69\" \/><img decoding=\"async\" loading=\"lazy\" class=\"alignnone size-full wp-image-7400 alignleft\" src=\"https:\/\/www.avision.com\/br\/wp-content\/uploads\/sites\/6\/2021\/09\/color40p80i.png\" alt=\"\" width=\"73\" height=\"69\" \/><img decoding=\"async\" loading=\"lazy\" class=\"alignnone size-full wp-image-7425 alignleft\" src=\"https:\/\/www.avision.com\/br\/wp-content\/uploads\/sites\/6\/2021\/09\/file-format.png\" alt=\"\" width=\"74\" height=\"69\" \/> <img decoding=\"async\" loading=\"lazy\" class=\"alignnone size-full wp-image-7440 alignleft\" src=\"https:\/\/www.avision.com\/br\/wp-content\/uploads\/sites\/6\/2021\/09\/14inch.png\" alt=\"\" width=\"74\" height=\"69\" \/> <img decoding=\"async\" loading=\"lazy\" class=\"alignnone size-full wp-image-7431 alignleft\" src=\"https:\/\/www.avision.com\/br\/wp-content\/uploads\/sites\/6\/2021\/09\/Ultra1sensor.png\" alt=\"\" width=\"73\" height=\"69\" \/> <img decoding=\"async\" loading=\"lazy\" class=\"alignnone size-full wp-image-7410 alignleft\" src=\"https:\/\/www.avision.com\/br\/wp-content\/uploads\/sites\/6\/2021\/09\/duplex.png\" alt=\"\" width=\"74\" height=\"69\" \/><\/p>\n<p>&nbsp;<\/p>\n<p>&nbsp;<\/p>\n<p><span style=\"vertical-align: inherit\"><div class=\"su-spacer\" style=\"height:25px\"><\/div><\/span><\/p>\n<hr \/>\n<p><span style=\"vertical-align: inherit\"><div class=\"su-spacer\" style=\"height:25px\"><\/div><\/span><\/p>\n<h3><span style=\"color: #0e3a65\"><span style=\"vertical-align: inherit\">\u258dBot\u00f5es para digitalizar f\u00e1cil de usar<\/span><\/span><\/h3>\n<p>O AD130 \u00e9 f\u00e1cil de usar atrav\u00e9s do display LCD e bot\u00f5es no painel. Ao selecionar seu destino e pressionar o bot\u00e3o \u201cScan\u201d, voc\u00ea pode digitalizar o documento para o formato de arquivo PDF Pesquis\u00e1vel, JPEG, BMP ou GIF e enviar a imagem digitalizada para um destino pr\u00e9-programado, como e-mail, impressora, software de edi\u00e7\u00e3o de imagem , ou mesmo um servidor em nuvem, como Google Drive, Dropbox, Evernote ou Microsoft!<\/p>\n<h3><span style=\"color: #0e3a65\"><span style=\"vertical-align: inherit\">\u258dDesign compacto e ecol\u00f3gico<\/span><\/span><\/h3>\n<p>O AD130 \u00e9 ecol\u00f3gico e compacto em design, pois usa a tecnologia CIS (sensor de imagem de contato) que requer menor espa\u00e7o e a l\u00e2mpada LED como fonte de luz. As l\u00e2mpadas LED s\u00e3o de menor consumo de energia e s\u00e3o projetadas para durar mais que a vida \u00fatil do scanner.<\/p>\n<h3><span style=\"color: #0e3a65\"><span style=\"vertical-align: inherit\">\u258dRecorte Autom\u00e1tico de Imagens M\u00faltiplas<\/span><\/span><\/h3>\n<p>Al\u00e9m disso, o scanner vem com o recurso conveniente de recorte de v\u00e1rias imagens. Com esse recurso, v\u00e1rios tamanhos de documentos, como fotos, cart\u00f5es de identifica\u00e7\u00e3o ou cart\u00f5es de visita, podem ser colocados no flatbed e o scanner pode recortar e criar v\u00e1rias imagens de acordo com os tamanhos originais dos documentos em uma \u00fanica digitaliza\u00e7\u00e3o.<\/p>\n<h3><span style=\"color: #0e3a65\"><span style=\"vertical-align: inherit\">\u258dConfigura\u00e7\u00f5es avan\u00e7adas via driver TWAIN<\/span><\/span><\/h3>\n<p>Para usu\u00e1rios avan\u00e7ados que desejam controlar as configura\u00e7\u00f5es de digitaliza\u00e7\u00e3o e obter a melhor qualidade de imagem, o AD130 da Avision \u00e9 capaz de escanear atrav\u00e9s da interface do driver TWAIN. A interface de usu\u00e1rio TWAIN da Avision fornece v\u00e1rios recursos \u00fateis para melhorar a qualidade da sua imagem ncluindo corte e alinhamento autom\u00e1ticos, detec\u00e7\u00e3o de cor autom\u00e1tica, correspond\u00eancia de cores, elimina\u00e7\u00e3o de cores e assim por diante.<\/p>\n<h3><span style=\"color: #0e3a65\"><span style=\"vertical-align: inherit\">\u258dPoderosos aplicativos incluso<\/span><\/span><\/h3>\n<p>O Avision AD130 vem com os drivers TWAIN e ISIS, e \u00e9 fornecido com um conjunto de poderosos aplicativos que incluem Avision Button Manager, AvScan X e Nuance PaperPort 14. Com o Button Manager, voc\u00ea pode digitalizar para arquivo PDF Pesquis\u00e1vel, JPEG, BMP ou GIF e enviar a imagem digitalizada para um destino, como e-mail, impressora ou outro aplicativo com o pressionar de um bot\u00e3o. O AVScan X e Nuance PaperPort s\u00e3o softwares altamente eficazes no processamento de imagens e documentos, agilizando as tarefas com mais efici\u00eancia.<\/p>\n<p>&nbsp;<\/p>\n<h3><span style=\"color: #0e3a65\"><span style=\"vertical-align: inherit\">\u258dCaracter\u00edsticas<\/span><\/span><\/h3>\n<ul>\n<li>Digitaliza documentos frente e verso at\u00e9 o tamanho of\u00edcio atrav\u00e9s do ADF<\/li>\n<li>R\u00e1pida digitaliza\u00e7\u00e3o de at\u00e9 40 ppm e 80 ipm a 200 dpi no modo colorido, tons de cinza ou preto e branco<\/li>\n<li>Painel de f\u00e1cil utiliza\u00e7\u00e3o<\/li>\n<li>ADF com capacidade para 50 folhas<\/li>\n<li>Resolu\u00e7\u00e3o real de 1.200 dpi<\/li>\n<li>O driver TWAIN fornece detec\u00e7\u00e3o autom\u00e1tica de cor, corte autom\u00e1tico, enquadramento e\u00a0melhoria de imagem<\/li>\n<li>Digitaliza\u00e7\u00e3o de documentos longos at\u00e9 3 metros<\/li>\n<li>Tecnologia LED<\/li>\n<li>Peso: 4.3 kg<\/li>\n<\/ul>\n<hr \/>\n<h3><\/h3>\n<h3><span style=\"color: #0e3a65\">\u258e<\/span><span style=\"color: #0e3a65\"><strong>Certifica\u00e7\u00f5es<\/strong><\/span><\/h3>\n<div class=\"su-spoiler su-spoiler-style-default su-spoiler-icon-arrow-circle-1  su-spoiler-closed\" data-scroll-offset=\"0\" data-anchor-in-url=\"no\"><div class=\"su-spoiler-title\" tabindex=\"0\" role=\"button\"><span class=\"su-spoiler-icon\"><\/span>Learn more<\/div><div class=\"su-spoiler-content su-u-clearfix su-u-trim\">\n<table id=\"tbl\" border=\"1\">\n<tbody>\n<tr>\n<td bgcolor=\"white\" width=\"200px\"><span class=\"su-lightbox\" data-mfp-src=\"#my-custom-popup\" data-mfp-type=\"inline\" data-mobile=\"yes\"><img decoding=\"async\" loading=\"lazy\" class=\"wp-image-7528 aligncenter\" src=\"https:\/\/www.avision.com\/br\/wp-content\/uploads\/sites\/6\/2021\/09\/800px-Energy_Star_logo.svg-293x300.png\" alt=\"\" width=\"73\" height=\"75\" srcset=\"https:\/\/www.avision.com\/br\/wp-content\/uploads\/sites\/6\/2021\/09\/800px-Energy_Star_logo.svg-293x300.png 293w, https:\/\/www.avision.com\/br\/wp-content\/uploads\/sites\/6\/2021\/09\/800px-Energy_Star_logo.svg-768x786.png 768w, https:\/\/www.avision.com\/br\/wp-content\/uploads\/sites\/6\/2021\/09\/800px-Energy_Star_logo.svg-600x614.png 600w, https:\/\/www.avision.com\/br\/wp-content\/uploads\/sites\/6\/2021\/09\/800px-Energy_Star_logo.svg.png 800w\" sizes=\"(max-width: 73px) 100vw, 73px\" \/><\/span><\/td>\n<td bgcolor=\"white\" width=\"200px\"><span class=\"su-lightbox\" data-mfp-src=\"https:\/\/www.avision.com\/br\/smart-image\/\" data-mfp-type=\"iframe\" data-mobile=\"yes\"><img decoding=\"async\" loading=\"lazy\" class=\"wp-image-7531 aligncenter\" src=\"https:\/\/www.avision.com\/br\/wp-content\/uploads\/sites\/6\/2021\/09\/SmartImage.png\" alt=\"\" width=\"100\" height=\"70\" \/><br \/>\n<\/span><\/td>\n<td bgcolor=\"white\" width=\"200px\"><img decoding=\"async\" loading=\"lazy\" class=\" wp-image-7829 aligncenter\" src=\"https:\/\/www.avision.com\/br\/wp-content\/uploads\/sites\/6\/2021\/09\/USB3.0.png\" alt=\"\" width=\"121\" height=\"56\" \/><\/td>\n<td bgcolor=\"white\" width=\"200px\"><img decoding=\"async\" loading=\"lazy\" class=\" wp-image-11125 aligncenter\" src=\"https:\/\/www.avision.com\/br\/wp-content\/uploads\/sites\/6\/2021\/09\/0_GREEN-184x300.png\" alt=\"\" width=\"59\" height=\"96\" srcset=\"https:\/\/www.avision.com\/br\/wp-content\/uploads\/sites\/6\/2021\/09\/0_GREEN-184x300.png 184w, https:\/\/www.avision.com\/br\/wp-content\/uploads\/sites\/6\/2021\/09\/0_GREEN.png 265w\" sizes=\"(max-width: 59px) 100vw, 59px\" \/><\/td>\n<\/tr>\n<\/tbody>\n<\/table>\n<div class=\"su-lightbox-content su-u-trim \" id=\"my-custom-popup\" style=\"display:none;width:auto;min-width:none;max-width:600px;margin-top:40px;margin-bottom:40px;padding:40px;background:#FFFFFF;color:#333333;box-shadow:0px 0px 15px #333333;text-align:left\"><\/div>\n<h1><span style=\"color: #0e3a65\">ENERGY STARR<\/span><\/h1>\n<p>&nbsp;<\/p>\n<h2>O que \u00e9 ENERGY STAR?<\/h2>\n<p><a href=\"https:\/\/www.energystar.gov\/\"><img decoding=\"async\" loading=\"lazy\" class=\"size-medium wp-image-11921 aligncenter\" src=\"https:\/\/www.avision.com\/br\/wp-content\/uploads\/sites\/6\/2021\/09\/energy_star-2-300x243.jpg\" alt=\"\" width=\"300\" height=\"243\" srcset=\"https:\/\/www.avision.com\/br\/wp-content\/uploads\/sites\/6\/2021\/09\/energy_star-2-300x243.jpg 300w, https:\/\/www.avision.com\/br\/wp-content\/uploads\/sites\/6\/2021\/09\/energy_star-2.jpg 497w\" sizes=\"(max-width: 300px) 100vw, 300px\" \/><\/a><\/p>\n<p>ENERGY STAR \u00e9 um programa conjunto da Ag\u00eancia de Prote\u00e7\u00e3o Ambiental dos Estados Unidos e do Departamento de Energia dos Estados Unidos, que nos ajuda a economizar dinheiro e proteger o meio ambiente por meio de produtos e pr\u00e1ticas de efici\u00eancia energ\u00e9tica.<\/p>\n<h2>Escolha produtos qualificados pela ENERGY STAR<\/h2>\n<p>Os produtos com qualifica\u00e7\u00e3o ENERGY STAR atendem \u00e0s diretrizes r\u00edgidas de efici\u00eancia energ\u00e9tica estabelecidas pela EPA dos EUA e pelo Departamento de Energia dos EUA. Eles usam menos energia, economizam dinheiro e ajudam a proteger o meio ambiente.<\/p>\n<p>*<a href=\"https:\/\/www.avision.com\/br\/wp-content\/uploads\/sites\/6\/2022\/01\/EnergyStarQualificationList_Ver3-03-1_20220110.pdf\">Listas de produtos Avision qualificados para ENERGY STAR V3.0<\/a><\/p>\n<\/div><\/div>\n","protected":false},"excerpt":{"rendered":"<h3><span style=\"color: #0e3a65\">A Compact and Affordable Document Scanner<\/span><\/h3>\n<p>Combining a flatbed scanner with the convenience of a 50-page ADF,\u00a0the Avision AD130 is a compact and affordable productivity scanning solution delivering 30 pages per minute and 60 images per minute at 300 dpi. The combination of high productivity and affordability makes this series the obvious choice for reducing the total cost of scanning.<\/p>\n","protected":false},"featured_media":11487,"template":"","meta":{"ocean_post_layout":"","ocean_both_sidebars_style":"","ocean_both_sidebars_content_width":0,"ocean_both_sidebars_sidebars_width":0,"ocean_sidebar":"0","ocean_second_sidebar":"0","ocean_disable_margins":"enable","ocean_add_body_class":"","ocean_shortcode_before_top_bar":"","ocean_shortcode_after_top_bar":"","ocean_shortcode_before_header":"","ocean_shortcode_after_header":"","ocean_has_shortcode":"","ocean_shortcode_after_title":"","ocean_shortcode_before_footer_widgets":"","ocean_shortcode_after_footer_widgets":"","ocean_shortcode_before_footer_bottom":"","ocean_shortcode_after_footer_bottom":"","ocean_display_top_bar":"default","ocean_display_header":"default","ocean_header_style":"","ocean_center_header_left_menu":"0","ocean_custom_header_template":"0","ocean_custom_logo":0,"ocean_custom_retina_logo":0,"ocean_custom_logo_max_width":0,"ocean_custom_logo_tablet_max_width":0,"ocean_custom_logo_mobile_max_width":0,"ocean_custom_logo_max_height":0,"ocean_custom_logo_tablet_max_height":0,"ocean_custom_logo_mobile_max_height":0,"ocean_header_custom_menu":"0","ocean_menu_typo_font_family":"0","ocean_menu_typo_font_subset":"","ocean_menu_typo_font_size":0,"ocean_menu_typo_font_size_tablet":0,"ocean_menu_typo_font_size_mobile":0,"ocean_menu_typo_font_size_unit":"px","ocean_menu_typo_font_weight":"","ocean_menu_typo_font_weight_tablet":"","ocean_menu_typo_font_weight_mobile":"","ocean_menu_typo_transform":"","ocean_menu_typo_transform_tablet":"","ocean_menu_typo_transform_mobile":"","ocean_menu_typo_line_height":0,"ocean_menu_typo_line_height_tablet":0,"ocean_menu_typo_line_height_mobile":0,"ocean_menu_typo_line_height_unit":"","ocean_menu_typo_spacing":0,"ocean_menu_typo_spacing_tablet":0,"ocean_menu_typo_spacing_mobile":0,"ocean_menu_typo_spacing_unit":"","ocean_menu_link_color":"","ocean_menu_link_color_hover":"","ocean_menu_link_color_active":"","ocean_menu_link_background":"","ocean_menu_link_hover_background":"","ocean_menu_link_active_background":"","ocean_menu_social_links_bg":"","ocean_menu_social_hover_links_bg":"","ocean_menu_social_links_color":"","ocean_menu_social_hover_links_color":"","ocean_disable_title":"default","ocean_disable_heading":"default","ocean_post_title":"","ocean_post_subheading":"","ocean_post_title_style":"","ocean_post_title_background_color":"","ocean_post_title_background":0,"ocean_post_title_bg_image_position":"","ocean_post_title_bg_image_attachment":"","ocean_post_title_bg_image_repeat":"","ocean_post_title_bg_image_size":"","ocean_post_title_height":0,"ocean_post_title_bg_overlay":0.5,"ocean_post_title_bg_overlay_color":"","ocean_disable_breadcrumbs":"default","ocean_breadcrumbs_color":"","ocean_breadcrumbs_separator_color":"","ocean_breadcrumbs_links_color":"","ocean_breadcrumbs_links_hover_color":"","ocean_display_footer_widgets":"default","ocean_display_footer_bottom":"default","ocean_custom_footer_template":"0"},"product_cat":[333],"product_tag":[1603],"_links":{"self":[{"href":"https:\/\/www.avision.com\/br\/wp-json\/wp\/v2\/product\/11486"}],"collection":[{"href":"https:\/\/www.avision.com\/br\/wp-json\/wp\/v2\/product"}],"about":[{"href":"https:\/\/www.avision.com\/br\/wp-json\/wp\/v2\/types\/product"}],"version-history":[{"count":8,"href":"https:\/\/www.avision.com\/br\/wp-json\/wp\/v2\/product\/11486\/revisions"}],"predecessor-version":[{"id":24255,"href":"https:\/\/www.avision.com\/br\/wp-json\/wp\/v2\/product\/11486\/revisions\/24255"}],"wp:featuredmedia":[{"embeddable":true,"href":"https:\/\/www.avision.com\/br\/wp-json\/wp\/v2\/media\/11487"}],"wp:attachment":[{"href":"https:\/\/www.avision.com\/br\/wp-json\/wp\/v2\/media?parent=11486"}],"wp:term":[{"taxonomy":"product_cat","embeddable":true,"href":"https:\/\/www.avision.com\/br\/wp-json\/wp\/v2\/product_cat?post=11486"},{"taxonomy":"product_tag","embeddable":true,"href":"https:\/\/www.avision.com\/br\/wp-json\/wp\/v2\/product_tag?post=11486"}],"curies":[{"name":"wp","href":"https:\/\/api.w.org\/{rel}","templated":true}]}}