{"id":11558,"date":"2022-01-20T06:50:54","date_gmt":"2022-01-20T06:50:54","guid":{"rendered":"https:\/\/www.avision.com\/br\/?post_type=product&#038;p=11558"},"modified":"2026-03-18T00:57:52","modified_gmt":"2026-03-18T00:57:52","slug":"scanner-avision-ad6090","status":"publish","type":"product","link":"https:\/\/www.avision.com\/br\/produto\/scanner-de-documentos\/scanner-avision-ad6090\/","title":{"rendered":"AD6090"},"content":{"rendered":"<p><img decoding=\"async\" loading=\"lazy\" class=\"alignnone size-full wp-image-7449 alignleft\" src=\"https:\/\/www.avision.com\/br\/wp-content\/uploads\/sites\/6\/2021\/09\/A3.png\" alt=\"\" width=\"73\" height=\"69\" \/> <img decoding=\"async\" loading=\"lazy\" class=\"alignnone size-full wp-image-7336 alignleft\" src=\"https:\/\/www.avision.com\/br\/wp-content\/uploads\/sites\/6\/2021\/09\/ADF150.png\" alt=\"\" width=\"73\" height=\"69\" \/> <img decoding=\"async\" loading=\"lazy\" class=\"alignnone size-full wp-image-7447 alignleft\" src=\"https:\/\/www.avision.com\/br\/wp-content\/uploads\/sites\/6\/2021\/09\/236in.png\" alt=\"\" width=\"74\" height=\"69\" \/> <img decoding=\"async\" loading=\"lazy\" class=\"alignnone size-full wp-image-7431 alignleft\" src=\"https:\/\/www.avision.com\/br\/wp-content\/uploads\/sites\/6\/2021\/09\/Ultra1sensor.png\" alt=\"\" width=\"73\" height=\"69\" \/> <img decoding=\"async\" loading=\"lazy\" class=\"alignnone size-full wp-image-7410 alignleft\" src=\"https:\/\/www.avision.com\/br\/wp-content\/uploads\/sites\/6\/2021\/09\/duplex.png\" alt=\"\" width=\"74\" height=\"69\" \/> <img decoding=\"async\" loading=\"lazy\" class=\"alignnone size-medium wp-image-11550 alignleft\" src=\"https:\/\/www.avision.com\/br\/wp-content\/uploads\/sites\/6\/2021\/09\/BW90p180i.png\" alt=\"\" width=\"74\" height=\"68\" \/> <img decoding=\"async\" loading=\"lazy\" class=\"alignnone size-medium wp-image-11551 alignleft\" src=\"https:\/\/www.avision.com\/br\/wp-content\/uploads\/sites\/6\/2021\/09\/color90p180i.png\" alt=\"\" width=\"74\" height=\"69\" \/><\/p>\n<p>&nbsp;<\/p>\n<p>&nbsp;<\/p>\n<div class=\"su-spacer\" style=\"height:25px\"><\/div>\n<hr \/>\n<div class=\"su-spacer\" style=\"height:25px\"><\/div>\n<h3><span style=\"color: #0e3a65\">\u258d<strong>Ciclo de trabalho di\u00e1rio de alto volume<\/strong><\/span><\/h3>\n<p>O scanner pode ser usado para digitalizar at\u00e9 20.000 p\u00e1ginas por dia por meio do alimentador autom\u00e1tico de documentos de 150 folhas com tra\u00e7\u00e3o frontal. Os dados indicam que este scanner foi projetado para digitalizar documentos em qualquer aplicativo que exija digitaliza\u00e7\u00e3o frequente de documentos e cart\u00e3o r\u00edgido.<\/p>\n<h3><span style=\"color: #0e3a65\">\u258d<strong>Design de l\u00e2mpada dupla para manusear documentos amassados<\/strong><\/span><\/h3>\n<p>Projetado para lidar com aplica\u00e7\u00f5es extremas, o scanner AD6090 \u00e9 integrado com duas l\u00e2mpadas de longa dura\u00e7\u00e3o. Essas l\u00e2mpadas sem merc\u00fario fornecem ilumina\u00e7\u00e3o m\u00e1xima para ajudar a eliminar sombras de documentos amassados.<\/p>\n<h3><span style=\"color: #0e3a65\">\u258d<strong>Mecanismo de prote\u00e7\u00e3o de papel<\/strong><\/span><\/h3>\n<p>O design de hardware inovador para implementar v\u00e1rios sensores de atolamento no trajeto do papel melhora muito a sensibilidade para detectar atolamentos, o que reduz o risco de danificar o documento ao interromper o trabalho de digitaliza\u00e7\u00e3o.<\/p>\n<p>Al\u00e9m disso, a tecnologia de detec\u00e7\u00e3o de alimenta\u00e7\u00e3o m\u00faltipla ajuda a detectar documentos sobrepostos que passam pelo alimentador autom\u00e1tico de documentos, detectando comprimento ou espessura de papel extra por meio de sensores ultrass\u00f4nicos triplos.<\/p>\n<h3><span style=\"color: #0e3a65\">\u258d<strong>Digitaliza\u00e7\u00e3o de cart\u00f5es r\u00edgidos<\/strong><\/span><\/h3>\n<p>Para fornecer aos usu\u00e1rios de scanner os ambientes de digitaliza\u00e7\u00e3o mais vers\u00e1teis, o usu\u00e1rio tem a op\u00e7\u00e3o de usar a &#8220;passagem reta de papel&#8221;. Ao abrir a tampa traseira, os usu\u00e1rios podem usar o caminho reto para transportar o papel direto para a parte traseira da unidade. Utilizar o caminho reto do papel garante alta confiabilidade com cart\u00f5es de pl\u00e1stico, carteiras de identidade, pap\u00e9is grossos e longos ou documentos mais fr\u00e1geis.<\/p>\n<h3><span style=\"color: #0e3a65\">\u258d<strong>Tecnologia de prote\u00e7\u00e3o de papel<\/strong><\/span><\/h3>\n<p>A avan\u00e7ada tecnologia de prote\u00e7\u00e3o de papel protege o papel valioso contra amassos ou rasgos, interrompendo o processo de digitaliza\u00e7\u00e3o assim que uma p\u00e1gina inclinada \u00e9 detectada.<\/p>\n<h3><span style=\"color: #0e3a65\">\u258d<strong>Um grande display LCD<\/strong><\/span><\/h3>\n<p>O AD6090 \u00e9 f\u00e1cil de usar por meio do display LCD de 1,8\u201d. Selecionando seu destino e pressionando o bot\u00e3o \u201cDigitalizar\u201d, a digitaliza\u00e7\u00e3o pode ser feita e a imagem digitalizada pode ser enviada para o aplicativo de destino especificado, como e-mail, impressora ou seu aplicativo de software de edi\u00e7\u00e3o de imagem preferido. At\u00e9 nove configura\u00e7\u00f5es e destinos de digitaliza\u00e7\u00e3o usados ??com frequ\u00eancia podem ser predefinidos para diferentes necessidades de digitaliza\u00e7\u00e3o.<\/p>\n<h3><span style=\"color: #0e3a65\">\u258d<strong>Digitalize para a nuvem com o Button Manager V2<\/strong><\/span><\/h3>\n<p>O AD6090 vem com drivers TWAIN e ISIS e vem com um conjunto de aplicativos de software poderosos que incluem Avision Button Manager V2, AVScan X e ScanSoft PaperPort 14SE. Com o Button Manager V2, voc\u00ea pode concluir uma digitaliza\u00e7\u00e3o e enviar a imagem diretamente para servidores em nuvem, como Google Drive, Dropbox, Evernote, FaceBook ou Microsoft SharePoint com o pressionar de um bot\u00e3o. Voc\u00ea tamb\u00e9m pode salvar a imagem em formato de arquivo PDF, JPEG, BMP ou GIF pesquis\u00e1vel e digitalizar para e-mail ou aplicativo de edi\u00e7\u00e3o de imagem. Al\u00e9m disso, os aplicativos de software inclu\u00eddos tamb\u00e9m incluem AVScan X e ScanSoft PaperPort, que s\u00e3o softwares de gerenciamento de documentos altamente eficazes para agilizar suas tarefas com mais efici\u00eancia.<\/p>\n<p>&nbsp;<\/p>\n<h3><span style=\"color: #0e3a65\">\u258d<strong>Recursos<\/strong><\/span><\/h3>\n<ul>\n<li>R\u00e1pido, digitaliza\u00e7\u00e3o de 90 ppm \/ 180 ipm em cores, tons de cinza e monocrom\u00e1tico\u00a0(300 dpi)<\/li>\n<li>Documento de formul\u00e1rio de suporte de at\u00e9 308 x 432 mm (A3)<\/li>\n<li>Alimentador autom\u00e1tico de documentos robusto de 150 p\u00e1ginas (80 g \/ m\u00b2)<\/li>\n<li>Ciclo de trabalho di\u00e1rio de at\u00e9 20.000 folhas<\/li>\n<li>Sensor ultrass\u00f4nico para habilitar ou desabilitar a detec\u00e7\u00e3o em diferentes \u00e1reas de\u00a0documento<\/li>\n<li>Trajeto de papel curvo ou reto<\/li>\n<li>Recortar automaticamente e enquadrar um documento com a unidade de processamento de imagem avan\u00e7ada\u00a0para aumentar a velocidade de digitaliza\u00e7\u00e3o<\/li>\n<li>Conectividade USB3.2 Gen1x1 mais recente para velocidade de transmiss\u00e3o mais r\u00e1pida<\/li>\n<li>A tecnologia de rolo reverso oferece excelente confiabilidade de alimenta\u00e7\u00e3o<\/li>\n<li>Digitaliza\u00e7\u00e3o de cart\u00e3o r\u00edgido e em relevo de at\u00e9 1,25 mm de espessura em paisagem<\/li>\n<li>Pressione e digitalize para servidores em nuvem por meio do software Button Manager<\/li>\n<li>Tecnologia LED<\/li>\n<li>Digitaliza\u00e7\u00e3o de p\u00e1ginas longas de at\u00e9 6.000 mm<\/li>\n<li>Configura\u00e7\u00e3o de desligamento autom\u00e1tico<\/li>\n<\/ul>\n<p>&nbsp;<\/p>\n<hr \/>\n<h3><\/h3>\n<h3><span style=\"color: #0e3a65\"><strong>\u258eMarca de certifica\u00e7\u00e3o<\/strong><\/span><\/h3>\n<div class=\"su-spoiler su-spoiler-style-default su-spoiler-icon-arrow-circle-1  su-spoiler-closed\" data-scroll-offset=\"0\" data-anchor-in-url=\"no\"><div class=\"su-spoiler-title\" tabindex=\"0\" role=\"button\"><span class=\"su-spoiler-icon\"><\/span>Saiba mais<\/div><div class=\"su-spoiler-content su-u-clearfix su-u-trim\">\n<div style=\"padding: 5px;border: 3px solid #ffffff\"><span class=\"su-lightbox\" data-mfp-src=\"#my-custom-popup\" data-mfp-type=\"inline\" data-mobile=\"yes\"><img decoding=\"async\" loading=\"lazy\" class=\"wp-image-7528 alignleft\" src=\"https:\/\/www.avision.com\/br\/wp-content\/uploads\/sites\/6\/2021\/09\/800px-Energy_Star_logo.svg-293x300.png\" alt=\"\" width=\"73\" height=\"75\" srcset=\"https:\/\/www.avision.com\/br\/wp-content\/uploads\/sites\/6\/2021\/09\/800px-Energy_Star_logo.svg-293x300.png 293w, https:\/\/www.avision.com\/br\/wp-content\/uploads\/sites\/6\/2021\/09\/800px-Energy_Star_logo.svg-768x786.png 768w, https:\/\/www.avision.com\/br\/wp-content\/uploads\/sites\/6\/2021\/09\/800px-Energy_Star_logo.svg-600x614.png 600w, https:\/\/www.avision.com\/br\/wp-content\/uploads\/sites\/6\/2021\/09\/800px-Energy_Star_logo.svg.png 800w\" sizes=\"(max-width: 73px) 100vw, 73px\" \/><\/span><\/div>\n<p>&nbsp;<\/p>\n<p>&nbsp;<\/p>\n<div class=\"su-lightbox-content su-u-trim \" id=\"my-custom-popup\" style=\"display:none;width:auto;min-width:none;max-width:600px;margin-top:40px;margin-bottom:40px;padding:40px;background:#FFFFFF;color:#333333;box-shadow:0px 0px 15px #333333;text-align:left\">\n<h1><span style=\"color: #0e3a65\">ENERGY STAR<\/span><\/h1>\n<p>&nbsp;<\/p>\n<h2>O que \u00e9 ENERGY STAR?<\/h2>\n<p><a href=\"https:\/\/www.energystar.gov\/\"><img decoding=\"async\" loading=\"lazy\" class=\"size-medium wp-image-11921 aligncenter\" src=\"https:\/\/www.avision.com\/br\/wp-content\/uploads\/sites\/6\/2021\/09\/energy_star-2-300x243.jpg\" alt=\"\" width=\"300\" height=\"243\" srcset=\"https:\/\/www.avision.com\/br\/wp-content\/uploads\/sites\/6\/2021\/09\/energy_star-2-300x243.jpg 300w, https:\/\/www.avision.com\/br\/wp-content\/uploads\/sites\/6\/2021\/09\/energy_star-2.jpg 497w\" sizes=\"(max-width: 300px) 100vw, 300px\" \/><\/a><\/p>\n<p>O ENERGY STAR \u00e9 um programa conjunto da Ag\u00eancia de Prote\u00e7\u00e3o Ambiental dos EUA e do Departamento de Energia dos EUA, que nos ajuda a economizar dinheiro e proteger o meio ambiente por meio de produtos e pr\u00e1ticas de efici\u00eancia energ\u00e9tica.<\/p>\n<h2>Escolha produtos qualificados pela ENERGY STAR<\/h2>\n<p>Os produtos com qualifica\u00e7\u00e3o ENERGY STAR atendem \u00e0s diretrizes r\u00edgidas de efici\u00eancia energ\u00e9tica estabelecidas pela EPA dos EUA e pelo Departamento de Energia dos EUA. Eles usam menos energia, economizam dinheiro e ajudam a proteger o meio ambiente.<\/p>\n<p>*<a href=\"https:\/\/www.avision.com\/br\/wp-content\/uploads\/sites\/6\/2022\/01\/EnergyStarQualificationList_Ver3-03-1_20220110.pdf\">Listas de produtos Avision qualificados para ENERGY STAR V3.0 <\/a><\/p>\n<\/div>\n<\/div><\/div>\n","protected":false},"excerpt":{"rendered":"<p>A Avision tem o prazer de anunciar o lan\u00e7amento do scanner de produ\u00e7\u00e3o de alto volume com um alimentador autom\u00e1tico de documentos robusto para 150 folhas e uma velocidade de digitaliza\u00e7\u00e3o impressionante de at\u00e9 90 ppm \/ 180 ipm em cores, tons de cinza e monocrom\u00e1tico. Combinando tecnologia de prote\u00e7\u00e3o de papel e capacidade de detec\u00e7\u00e3o ultrass\u00f4nica de alimenta\u00e7\u00e3o dupla, o AD6090 oferece excepcional confiabilidade de alimenta\u00e7\u00e3o para maximizar sua produtividade de digitaliza\u00e7\u00e3o em uma unidade pequena.<\/p>\n","protected":false},"featured_media":11555,"template":"","meta":{"ocean_post_layout":"full-screen","ocean_both_sidebars_style":"","ocean_both_sidebars_content_width":0,"ocean_both_sidebars_sidebars_width":0,"ocean_sidebar":"0","ocean_second_sidebar":"0","ocean_disable_margins":"enable","ocean_add_body_class":"","ocean_shortcode_before_top_bar":"","ocean_shortcode_after_top_bar":"","ocean_shortcode_before_header":"","ocean_shortcode_after_header":"","ocean_has_shortcode":"","ocean_shortcode_after_title":"","ocean_shortcode_before_footer_widgets":"","ocean_shortcode_after_footer_widgets":"","ocean_shortcode_before_footer_bottom":"","ocean_shortcode_after_footer_bottom":"","ocean_display_top_bar":"default","ocean_display_header":"default","ocean_header_style":"","ocean_center_header_left_menu":"0","ocean_custom_header_template":"0","ocean_custom_logo":0,"ocean_custom_retina_logo":0,"ocean_custom_logo_max_width":0,"ocean_custom_logo_tablet_max_width":0,"ocean_custom_logo_mobile_max_width":0,"ocean_custom_logo_max_height":0,"ocean_custom_logo_tablet_max_height":0,"ocean_custom_logo_mobile_max_height":0,"ocean_header_custom_menu":"0","ocean_menu_typo_font_family":"0","ocean_menu_typo_font_subset":"","ocean_menu_typo_font_size":0,"ocean_menu_typo_font_size_tablet":0,"ocean_menu_typo_font_size_mobile":0,"ocean_menu_typo_font_size_unit":"px","ocean_menu_typo_font_weight":"","ocean_menu_typo_font_weight_tablet":"","ocean_menu_typo_font_weight_mobile":"","ocean_menu_typo_transform":"","ocean_menu_typo_transform_tablet":"","ocean_menu_typo_transform_mobile":"","ocean_menu_typo_line_height":0,"ocean_menu_typo_line_height_tablet":0,"ocean_menu_typo_line_height_mobile":0,"ocean_menu_typo_line_height_unit":"","ocean_menu_typo_spacing":0,"ocean_menu_typo_spacing_tablet":0,"ocean_menu_typo_spacing_mobile":0,"ocean_menu_typo_spacing_unit":"","ocean_menu_link_color":"","ocean_menu_link_color_hover":"","ocean_menu_link_color_active":"","ocean_menu_link_background":"","ocean_menu_link_hover_background":"","ocean_menu_link_active_background":"","ocean_menu_social_links_bg":"","ocean_menu_social_hover_links_bg":"","ocean_menu_social_links_color":"","ocean_menu_social_hover_links_color":"","ocean_disable_title":"on","ocean_disable_heading":"default","ocean_post_title":"","ocean_post_subheading":"","ocean_post_title_style":"","ocean_post_title_background_color":"","ocean_post_title_background":0,"ocean_post_title_bg_image_position":"","ocean_post_title_bg_image_attachment":"","ocean_post_title_bg_image_repeat":"","ocean_post_title_bg_image_size":"","ocean_post_title_height":0,"ocean_post_title_bg_overlay":0.5,"ocean_post_title_bg_overlay_color":"","ocean_disable_breadcrumbs":"default","ocean_breadcrumbs_color":"","ocean_breadcrumbs_separator_color":"","ocean_breadcrumbs_links_color":"","ocean_breadcrumbs_links_hover_color":"","ocean_display_footer_widgets":"default","ocean_display_footer_bottom":"on","ocean_custom_footer_template":"0"},"product_cat":[333],"product_tag":[],"_links":{"self":[{"href":"https:\/\/www.avision.com\/br\/wp-json\/wp\/v2\/product\/11558"}],"collection":[{"href":"https:\/\/www.avision.com\/br\/wp-json\/wp\/v2\/product"}],"about":[{"href":"https:\/\/www.avision.com\/br\/wp-json\/wp\/v2\/types\/product"}],"version-history":[{"count":9,"href":"https:\/\/www.avision.com\/br\/wp-json\/wp\/v2\/product\/11558\/revisions"}],"predecessor-version":[{"id":24175,"href":"https:\/\/www.avision.com\/br\/wp-json\/wp\/v2\/product\/11558\/revisions\/24175"}],"wp:featuredmedia":[{"embeddable":true,"href":"https:\/\/www.avision.com\/br\/wp-json\/wp\/v2\/media\/11555"}],"wp:attachment":[{"href":"https:\/\/www.avision.com\/br\/wp-json\/wp\/v2\/media?parent=11558"}],"wp:term":[{"taxonomy":"product_cat","embeddable":true,"href":"https:\/\/www.avision.com\/br\/wp-json\/wp\/v2\/product_cat?post=11558"},{"taxonomy":"product_tag","embeddable":true,"href":"https:\/\/www.avision.com\/br\/wp-json\/wp\/v2\/product_tag?post=11558"}],"curies":[{"name":"wp","href":"https:\/\/api.w.org\/{rel}","templated":true}]}}