{"id":11588,"date":"2022-10-12T07:06:34","date_gmt":"2022-10-12T07:06:34","guid":{"rendered":"https:\/\/www.avision.com\/br\/?post_type=product&#038;p=11588"},"modified":"2025-01-20T22:30:21","modified_gmt":"2025-01-20T22:30:21","slug":"scanner-avision-ad370","status":"publish","type":"product","link":"https:\/\/www.avision.com\/br\/produto\/scanner-de-documentos\/scanner-avision-ad370\/","title":{"rendered":"AD370"},"content":{"rendered":"<p><img decoding=\"async\" loading=\"lazy\" class=\"alignnone size-full wp-image-7450 alignleft\" src=\"https:\/\/www.avision.com\/br\/wp-content\/uploads\/sites\/6\/2021\/09\/A4.png\" alt=\"\" width=\"73\" height=\"69\" \/> <img decoding=\"async\" loading=\"lazy\" class=\"alignnone size-full wp-image-7334 alignleft\" src=\"https:\/\/www.avision.com\/br\/wp-content\/uploads\/sites\/6\/2021\/09\/ADF100.png\" alt=\"\" width=\"74\" height=\"69\" \/> <img decoding=\"async\" loading=\"lazy\" class=\"alignnone size-full wp-image-7371 alignleft\" src=\"https:\/\/www.avision.com\/br\/wp-content\/uploads\/sites\/6\/2021\/09\/BW70p140i.png\" alt=\"\" width=\"73\" height=\"68\" \/> <img decoding=\"async\" loading=\"lazy\" class=\"alignnone size-full wp-image-7407 alignleft\" src=\"https:\/\/www.avision.com\/br\/wp-content\/uploads\/sites\/6\/2021\/09\/color70p140i.png\" alt=\"\" width=\"74\" height=\"69\" \/> <img decoding=\"async\" loading=\"lazy\" class=\"alignnone size-full wp-image-7433 alignleft\" src=\"https:\/\/www.avision.com\/br\/wp-content\/uploads\/sites\/6\/2021\/09\/Wi-Fi.png\" alt=\"\" width=\"73\" height=\"69\" \/> <img decoding=\"async\" loading=\"lazy\" class=\"alignnone size-full wp-image-7426 alignleft\" src=\"https:\/\/www.avision.com\/br\/wp-content\/uploads\/sites\/6\/2021\/09\/ID-card-scan.png\" alt=\"\" width=\"73\" height=\"69\" \/> <img decoding=\"async\" loading=\"lazy\" class=\"alignnone size-full wp-image-7431 alignleft\" src=\"https:\/\/www.avision.com\/br\/wp-content\/uploads\/sites\/6\/2021\/09\/Ultra1sensor.png\" alt=\"\" width=\"73\" height=\"69\" \/> <img decoding=\"async\" loading=\"lazy\" class=\"alignnone size-full wp-image-7410 alignleft\" src=\"https:\/\/www.avision.com\/br\/wp-content\/uploads\/sites\/6\/2021\/09\/duplex.png\" alt=\"\" width=\"74\" height=\"69\" \/> <img decoding=\"async\" loading=\"lazy\" class=\"alignnone size-full wp-image-7844 alignleft\" src=\"https:\/\/www.avision.com\/br\/wp-content\/uploads\/sites\/6\/2021\/09\/240in.png\" alt=\"\" width=\"73\" height=\"68\" \/><\/p>\n<p>&nbsp;<\/p>\n<p>&nbsp;<\/p>\n<div class=\"su-spacer\" style=\"height:25px\"><\/div>\n<hr \/>\n<div class=\"su-spacer\" style=\"height:25px\"><\/div>\n<h3><span style=\"color: #0e3a65\">\u258d<strong>Visor gr\u00e1fico LCD colorido<\/strong><\/span><\/h3>\n<p>O AD370 \u00e9 f\u00e1cil de usar atrav\u00e9s do visor LCD e dos bot\u00f5es no painel. Ao selecionar seu destino e pressionar o bot\u00e3o \u201cDigitalizar\u201d, a digitaliza\u00e7\u00e3o pode ser feita e a imagem digitalizada pode ser enviada para o aplicativo de destino especificado, como e-mail, impressora ou aplicativo de edi\u00e7\u00e3o de imagens de sua prefer\u00eancia. At\u00e9 nove configura\u00e7\u00f5es e destinos de digitaliza\u00e7\u00e3o usados com freq\u00fc\u00eancia podem ser predefinidos para diferentes necessidades de digitaliza\u00e7\u00e3o.\u00a0\u00a0O visor gr\u00e1fico colorido exibe os nomes e n\u00fameros dos perfis de digitaliza\u00e7\u00e3o definidos pelo usu\u00e1rio.<\/p>\n<h3><span style=\"color: #0e3a65\">\u258d<strong>Escaneamento pr\u00e1tico conveniente<\/strong><\/span><\/h3>\n<p>Possui uma conex\u00e3o USB para digitaliza\u00e7\u00e3o direta para o pendrive.<\/p>\n<h3><span style=\"color: #0e3a65\">\u258d<strong>Um scanner duplex adequado para documentos e cart\u00f5es<\/strong><\/span><\/h3>\n<p>Gra\u00e7as \u00e0 avan\u00e7ada tecnologia de caminho reto do papel e processamento de imagem, lotes mistos de documentos com v\u00e1rios tamanhos e pesos podem ser digitalizados, devidamente cortados e enquadrados. O tamanho m\u00ednimo de digitaliza\u00e7\u00e3o \u00e9 de 50mm x 50mm e o tamanho m\u00e1ximo \u00e9 de 242 mm x 356 mm. O alimentador autom\u00e1tico de documentos \u00e9 robusto o suficiente para alimentar pap\u00e9is de at\u00e9 413 g\/m2\u00a0 e cart\u00f5es r\u00edgidos em relevo, como carteiras de identidade, cart\u00f5es de cr\u00e9dito, carteira de motorista e cart\u00e3o de seguro de sa\u00fade at\u00e9 1,25 mm de espessura.<\/p>\n<h3><span style=\"color: #0e3a65\">\u258d<strong>O rolete reverso aumenta a confiabilidade na alimenta\u00e7\u00e3o<\/strong><\/span><\/h3>\n<p>Projetado com o inovador rolete reverso para separa\u00e7\u00e3o de papel, o AD370\u00a0oferece confiabilidade excepcional na alimenta\u00e7\u00e3o e produtividade operacional, reduzindo efetivamente o risco\u00a0de\u00a0atolamento de papel.<\/p>\n<h3><span style=\"color: #0e3a65\">\u258d<strong>Detec\u00e7\u00e3o ultra-s\u00f4nica de m\u00faltipla alimenta\u00e7\u00e3o\u00a0<\/strong><\/span><\/h3>\n<p>Com a capacidade detec\u00e7\u00e3o de m\u00faltipla\u00a0 alimenta\u00e7\u00e3o\u00a0 ultra-s\u00f4nica , o scanner permite que voc\u00ea detecte o papel sobreposto atrav\u00e9s da detec\u00e7\u00e3o de espessura de papel entre os documentos. A fun\u00e7\u00e3o de ultra-som pode ser desligada durante a digitaliza\u00e7\u00e3o de documentos com etiquetas, notas ou recibos. Este design inovador evita alimenta\u00e7\u00e3o dupla e eficazmente digitaliza documentos de diferentes pesos ou espessuras.<\/p>\n<h3><span style=\"color: #0e3a65\">\u258d<strong>Design compacto para economizar seu espa\u00e7o<\/strong><\/span><\/h3>\n<p>O AD370 possui um design exclusivo e elegante, j\u00e1 que tanto a bandeja de entrada quanto a de sa\u00edda podem ser dobradas quando n\u00e3o est\u00e3o em uso. A bandeja de papel tamb\u00e9m ajuda a proteger a unidade contra poeira. Ao contr\u00e1rio de scanners convencionais, o\u00a0 AD370 pode ser facilmente transportado e encaixado em uma mesa sem ocupar muito espa\u00e7o.<\/p>\n<h3><span style=\"color: #0e3a65\">\u258d<strong>Ciclo de trabalho di\u00e1rio de alto volume<\/strong><\/span><\/h3>\n<p>O scanner pode ser usado para digitalizar de at\u00e9 15.000 folhas por dia atrav\u00e9s do\u00a0alimentador autom\u00e1tico de documentos para at\u00e9\u00a0100 folhas . Este scanner \u00e9 projetado para digitalizar documento em qualquer aplica\u00e7\u00e3o que exija documentos freq\u00fcentes e digitaliza\u00e7\u00e3o do cart\u00f5es r\u00edgidos.<\/p>\n<h3><span style=\"color: #0e3a65\">\u258d<strong>Tecnologia LED<\/strong><\/span><\/h3>\n<p>O AD370 oferece alto rendimento e excelente desempenho. No entanto, \u00e9 ao mesmo tempo amigo do meio ambiente. A tecnologia LED n\u00e3o requer tempo de aquecimento e tem menor consumo de energia sem gerar vapor de merc\u00fario como outros scanners tradicionais que utilizam a tecnologia CCFL (l\u00e2mpada fluorescente de c\u00e1todo frio).<\/p>\n<h3><span style=\"color: #0e3a65\">\u258d<strong>Poderosas aplica\u00e7\u00f5es\u00a0do software\u00a0<\/strong><\/span><\/h3>\n<p>O\u00a0AD370 v\u00eam com\u00a0drivers TWAIN\u00a0e ISIS,\u00a0e\u00a0s\u00e3o fornecidos com\u00a0um conjunto poderoso\u00a0de aplica\u00e7\u00f5es\u00a0de software\u00a0que incluem\u00a0Avision\u00a0Button Manager,\u00a0Avscan X\u00a0e\u00a0ScanSoft\u00a0PaperPort\u00a0SE 14.\u00a0Com\u00a0Button Manager, voc\u00ea pode criar\u00a0PDFs\u00a0pesquis\u00e1veis,\u00a0digitalizar e enviar imagens\u00a0para\u00a0e-mail,\u00a0impressora\u00a0ou servidores nas\u00a0nuvens, como o Google\u00a0DriveTM, FaceBook,\u00a0ou\u00a0Evernote\u00a0\u00ae\u00a0com apenas\u00a0um simples toque\u00a0de um bot\u00e3o.\u00a0O\u00a0Avscan\u00a0e\u00a0ScanSoft\u00a0PaperPort\u00a0s\u00e3o altamente eficazes\u00a0no\u00a0processamento de imagem\u00a0e gerenciamento\u00a0de documentos que ajuda\u00a0a simplificar\u00a0a sua tarefa\u00a0de forma mais eficiente.\u00a0O A+ Manager (opcional) \u00e9 um software de gerenciamento em rede dos scanners instalados em sua empresa, dessa forma pode ser gerenciado a troca de consumiveis, atualiza\u00e7\u00e3o de drivers, firmwares entre outras fun\u00e7\u00f5es.<\/p>\n<p>&nbsp;<\/p>\n<h3><span style=\"color: #0e3a65\">\u258d<strong>Caracter\u00edsticas<\/strong><\/span><\/h3>\n<ul>\n<li>Digitaliza\u00e7\u00e3o duplex<\/li>\n<li>Visor gr\u00e1fico colorido que permite a sele\u00e7\u00e3o dos perfis atrav\u00e9s dos nomes ou n\u00fameros predefinidos<\/li>\n<li>R\u00e1pida\u00a0digitaliza\u00e7\u00e3o\u00a0de at\u00e9 70ppm \/140ipm\u00a0(300 dpi\u00a0em cores, tons de cinza ou\u00a0P\/B)<\/li>\n<li>Largura m\u00e1xima do documento de\u00a0at\u00e9\u00a0242 mil\u00edmetros<\/li>\n<li>Ciclo de trabalho\u00a0di\u00e1rio\u00a0de\u00a0at\u00e9 15.000 folhas<\/li>\n<li>Sensor de m\u00faltipla alimenta\u00e7\u00e3o ultras\u00f4nico<\/li>\n<li>Alimentador autom\u00e1tico de documentos\u00a0robusto\u00a0para\u00a0100\u00a0folhas<\/li>\n<li>Recorta autom\u00e1ticamente e endireita o documento<\/li>\n<li>Tecnologia de\u00a0rolete\u00a0reverso\u00a0que\u00a0oferece confiabilidade\u00a0excepcional\u00a0na\u00a0alimenta\u00e7\u00e3o<\/li>\n<li>Configura\u00e7\u00e3o de desligamento autom\u00e1tico<\/li>\n<\/ul>\n<p>&nbsp;<\/p>\n<hr \/>\n<h3><\/h3>\n<h3><span style=\"color: #0e3a65\"><strong>\u258eMarca de certifica\u00e7\u00e3o<\/strong><\/span><\/h3>\n<div class=\"su-spoiler su-spoiler-style-default su-spoiler-icon-arrow-circle-1  su-spoiler-closed\" data-scroll-offset=\"0\" data-anchor-in-url=\"no\"><div class=\"su-spoiler-title\" tabindex=\"0\" role=\"button\"><span class=\"su-spoiler-icon\"><\/span>Saiba mais<\/div><div class=\"su-spoiler-content su-u-clearfix su-u-trim\">\n<table id=\"tbl\" border=\"1\">\n<tbody>\n<tr>\n<td><span style=\"color: #0e3a65\"><span class=\"su-lightbox\" data-mfp-src=\"#my-custom-popup\" data-mfp-type=\"inline\" data-mobile=\"yes\">\n<img decoding=\"async\" loading=\"lazy\" class=\"wp-image-7528 aligncenter\" src=\"https:\/\/www.avision.com\/br\/wp-content\/uploads\/sites\/6\/2021\/09\/800px-Energy_Star_logo.svg-293x300.png\" alt=\"\" width=\"73\" height=\"75\" srcset=\"https:\/\/www.avision.com\/br\/wp-content\/uploads\/sites\/6\/2021\/09\/800px-Energy_Star_logo.svg-293x300.png 293w, https:\/\/www.avision.com\/br\/wp-content\/uploads\/sites\/6\/2021\/09\/800px-Energy_Star_logo.svg-768x786.png 768w, https:\/\/www.avision.com\/br\/wp-content\/uploads\/sites\/6\/2021\/09\/800px-Energy_Star_logo.svg-600x614.png 600w, https:\/\/www.avision.com\/br\/wp-content\/uploads\/sites\/6\/2021\/09\/800px-Energy_Star_logo.svg.png 800w\" sizes=\"(max-width: 73px) 100vw, 73px\" \/><\/span><\/span><\/td>\n<td bgcolor=\"white\" width=\"200px\"><span class=\"su-lightbox\" data-mfp-src=\"https:\/\/www.avision.com\/br\/smart-image\/\" data-mfp-type=\"iframe\" data-mobile=\"yes\"><img decoding=\"async\" loading=\"lazy\" class=\"wp-image-7531 aligncenter\" src=\"https:\/\/www.avision.com\/br\/wp-content\/uploads\/sites\/6\/2021\/09\/SmartImage.png\" alt=\"\" width=\"100\" height=\"70\" \/><br \/>\n<\/span><\/td>\n<\/tr>\n<\/tbody>\n<\/table>\n<div class=\"su-lightbox-content su-u-trim \" id=\"my-custom-popup\" style=\"display:none;width:auto;min-width:none;max-width:600px;margin-top:40px;margin-bottom:40px;padding:40px;background:#FFFFFF;color:#333333;box-shadow:0px 0px 15px #333333;text-align:left\">\n<h1><span style=\"color: #0e3a65\">ENERGY STAR<\/span><\/h1>\n<p>&nbsp;<\/p>\n<h2>O que \u00e9 ENERGY STAR?<\/h2>\n<p><a href=\"https:\/\/www.energystar.gov\/\"><img decoding=\"async\" loading=\"lazy\" class=\"size-medium wp-image-11921 aligncenter\" src=\"https:\/\/www.avision.com\/br\/wp-content\/uploads\/sites\/6\/2021\/09\/energy_star-2-300x243.jpg\" alt=\"\" width=\"300\" height=\"243\" srcset=\"https:\/\/www.avision.com\/br\/wp-content\/uploads\/sites\/6\/2021\/09\/energy_star-2-300x243.jpg 300w, https:\/\/www.avision.com\/br\/wp-content\/uploads\/sites\/6\/2021\/09\/energy_star-2.jpg 497w\" sizes=\"(max-width: 300px) 100vw, 300px\" \/><\/a><\/p>\n<p>O ENERGY STAR \u00e9 um programa conjunto da Ag\u00eancia de Prote\u00e7\u00e3o Ambiental dos EUA e do Departamento de Energia dos EUA, que nos ajuda a economizar dinheiro e proteger o meio ambiente por meio de produtos e pr\u00e1ticas de efici\u00eancia energ\u00e9tica.<\/p>\n<h2>Escolha produtos qualificados pela ENERGY STAR<\/h2>\n<p>Os produtos com qualifica\u00e7\u00e3o ENERGY STAR atendem \u00e0s diretrizes r\u00edgidas de efici\u00eancia energ\u00e9tica estabelecidas pela EPA dos EUA e pelo Departamento de Energia dos EUA. Eles usam menos energia, economizam dinheiro e ajudam a proteger o meio ambiente.<\/p>\n<p>*<a href=\"https:\/\/www.avision.com\/br\/wp-content\/uploads\/sites\/6\/2022\/01\/EnergyStarQualificationList_Ver3-03-1_20220110.pdf\">Listas de produtos Avision qualificados para ENERGY STAR V3.0 <\/a><\/p>\n<\/div>\n<\/div><\/div>\n","protected":false},"excerpt":{"rendered":"<p>O scanner AD370 \u00e9 um scanner duplex r\u00e1pido com velocidade de 70 p\u00e1ginas por minuto, digitaliza cart\u00f5es de identifica\u00e7\u00e3o em pl\u00e1stico, cart\u00f5es de visita, documentos ou outros cart\u00f5es r\u00edgidos. Inclui com o processador de imagem desenvolvido pela Avision, a imagem digitalizada pode ser automaticamente cortada, alinhada e otimizada com maior velocidade.<\/p>\n","protected":false},"featured_media":11589,"template":"","meta":{"ocean_post_layout":"full-screen","ocean_both_sidebars_style":"","ocean_both_sidebars_content_width":0,"ocean_both_sidebars_sidebars_width":0,"ocean_sidebar":"0","ocean_second_sidebar":"0","ocean_disable_margins":"enable","ocean_add_body_class":"","ocean_shortcode_before_top_bar":"","ocean_shortcode_after_top_bar":"","ocean_shortcode_before_header":"","ocean_shortcode_after_header":"","ocean_has_shortcode":"","ocean_shortcode_after_title":"","ocean_shortcode_before_footer_widgets":"","ocean_shortcode_after_footer_widgets":"","ocean_shortcode_before_footer_bottom":"","ocean_shortcode_after_footer_bottom":"","ocean_display_top_bar":"default","ocean_display_header":"default","ocean_header_style":"","ocean_center_header_left_menu":"0","ocean_custom_header_template":"0","ocean_custom_logo":0,"ocean_custom_retina_logo":0,"ocean_custom_logo_max_width":0,"ocean_custom_logo_tablet_max_width":0,"ocean_custom_logo_mobile_max_width":0,"ocean_custom_logo_max_height":0,"ocean_custom_logo_tablet_max_height":0,"ocean_custom_logo_mobile_max_height":0,"ocean_header_custom_menu":"0","ocean_menu_typo_font_family":"0","ocean_menu_typo_font_subset":"","ocean_menu_typo_font_size":0,"ocean_menu_typo_font_size_tablet":0,"ocean_menu_typo_font_size_mobile":0,"ocean_menu_typo_font_size_unit":"px","ocean_menu_typo_font_weight":"","ocean_menu_typo_font_weight_tablet":"","ocean_menu_typo_font_weight_mobile":"","ocean_menu_typo_transform":"","ocean_menu_typo_transform_tablet":"","ocean_menu_typo_transform_mobile":"","ocean_menu_typo_line_height":0,"ocean_menu_typo_line_height_tablet":0,"ocean_menu_typo_line_height_mobile":0,"ocean_menu_typo_line_height_unit":"","ocean_menu_typo_spacing":0,"ocean_menu_typo_spacing_tablet":0,"ocean_menu_typo_spacing_mobile":0,"ocean_menu_typo_spacing_unit":"","ocean_menu_link_color":"","ocean_menu_link_color_hover":"","ocean_menu_link_color_active":"","ocean_menu_link_background":"","ocean_menu_link_hover_background":"","ocean_menu_link_active_background":"","ocean_menu_social_links_bg":"","ocean_menu_social_hover_links_bg":"","ocean_menu_social_links_color":"","ocean_menu_social_hover_links_color":"","ocean_disable_title":"on","ocean_disable_heading":"default","ocean_post_title":"","ocean_post_subheading":"","ocean_post_title_style":"","ocean_post_title_background_color":"","ocean_post_title_background":0,"ocean_post_title_bg_image_position":"","ocean_post_title_bg_image_attachment":"","ocean_post_title_bg_image_repeat":"","ocean_post_title_bg_image_size":"","ocean_post_title_height":0,"ocean_post_title_bg_overlay":0.5,"ocean_post_title_bg_overlay_color":"","ocean_disable_breadcrumbs":"default","ocean_breadcrumbs_color":"","ocean_breadcrumbs_separator_color":"","ocean_breadcrumbs_links_color":"","ocean_breadcrumbs_links_hover_color":"","ocean_display_footer_widgets":"default","ocean_display_footer_bottom":"on","ocean_custom_footer_template":"0"},"product_cat":[333],"product_tag":[],"_links":{"self":[{"href":"https:\/\/www.avision.com\/br\/wp-json\/wp\/v2\/product\/11588"}],"collection":[{"href":"https:\/\/www.avision.com\/br\/wp-json\/wp\/v2\/product"}],"about":[{"href":"https:\/\/www.avision.com\/br\/wp-json\/wp\/v2\/types\/product"}],"version-history":[{"count":10,"href":"https:\/\/www.avision.com\/br\/wp-json\/wp\/v2\/product\/11588\/revisions"}],"predecessor-version":[{"id":14350,"href":"https:\/\/www.avision.com\/br\/wp-json\/wp\/v2\/product\/11588\/revisions\/14350"}],"wp:featuredmedia":[{"embeddable":true,"href":"https:\/\/www.avision.com\/br\/wp-json\/wp\/v2\/media\/11589"}],"wp:attachment":[{"href":"https:\/\/www.avision.com\/br\/wp-json\/wp\/v2\/media?parent=11588"}],"wp:term":[{"taxonomy":"product_cat","embeddable":true,"href":"https:\/\/www.avision.com\/br\/wp-json\/wp\/v2\/product_cat?post=11588"},{"taxonomy":"product_tag","embeddable":true,"href":"https:\/\/www.avision.com\/br\/wp-json\/wp\/v2\/product_tag?post=11588"}],"curies":[{"name":"wp","href":"https:\/\/api.w.org\/{rel}","templated":true}]}}