{"id":24616,"date":"2024-11-24T23:39:34","date_gmt":"2024-11-24T23:39:34","guid":{"rendered":"https:\/\/www.avision.com\/br\/?post_type=product&#038;p=24616"},"modified":"2024-11-24T23:53:42","modified_gmt":"2024-11-24T23:53:42","slug":"fb5100","status":"publish","type":"product","link":"https:\/\/www.avision.com\/br\/produto\/scanner-de-mesa\/fb5100\/","title":{"rendered":"FB5100"},"content":{"rendered":"<p><img decoding=\"async\" loading=\"lazy\" class=\"alignnone size-full wp-image-7449 alignleft\" src=\"https:\/\/www.avision.com\/br\/wp-content\/uploads\/sites\/6\/2021\/09\/A3.png\" alt=\"\" width=\"73\" height=\"69\" \/> <img decoding=\"async\" loading=\"lazy\" class=\"alignnone size-full wp-image-7426 alignleft\" src=\"https:\/\/www.avision.com\/br\/wp-content\/uploads\/sites\/6\/2021\/09\/ID-card-scan.png\" alt=\"\" width=\"73\" height=\"69\" \/><\/p>\n<p>&nbsp;<\/p>\n<p>&nbsp;<\/p>\n<div class=\"su-spacer\" style=\"height:25px\"><\/div>\n<hr \/>\n<div class=\"su-spacer\" style=\"height:25px\"><\/div>\n<h3><span style=\"color: #0e3a65\"><strong>\u258eGrande\u00a0\u00e1rea de digitaliza\u00e7\u00e3o\u00a0\u00a0297 mm\u00a0x 420 mm\u00a0<\/strong><\/span><\/h3>\n<p>Capaz de digitalizar at\u00e9 tamanho A3, o FB5100 \u00e9 perfeitamente adequado para digitalizar livros, duas p\u00e1ginas de tamanho carta (simultaneamente), grande formato de revistas, documentos em tamanho of\u00edcio, fotografias e muito mais, tudo em cores brilhantes.<\/p>\n<h3><span style=\"color: #0e3a65\"><strong>\u258eRecorte autom\u00e1tico de \u00a0m\u00faltiplas imagens\u00a0\u00a0<\/strong><\/span><\/h3>\n<p>Al\u00e9m disso, o scanner vem com o recurso conveniente de corte de imagens variadas. Com esse recurso, v\u00e1rios tamanhos de documentos, tais como fotos, cart\u00f5es de identidade, ou cart\u00f5es de visita podem ser colocados no scanner que \u00e9 capaz de cortar e criar v\u00e1rias imagens de acordo com os tamanhos originais dos documentos em uma \u00fanica digitaliza\u00e7\u00e3o.<\/p>\n<h3><span style=\"color: #0e3a65\"><strong>\u258eBot\u00e3o de digitaliza\u00e7\u00e3o f\u00e1cil de usar<\/strong><\/span><\/h3>\n<p>Para aumentar a facilidade de uso, um conveniente bot\u00e3o program\u00e1vel permite que o usu\u00e1rio pr\u00e9-defina nove fun\u00e7\u00f5es personalizadas para diferentes necessidades de digitaliza\u00e7\u00e3o. Por exemplo, voc\u00ea pode enviar sua imagem para nove destinos predefinidos, tais como impressora, e-mail, pasta ou software de edi\u00e7\u00e3o de fotos nos formatos PDF, TIFF, JPEG, GIF, BMP, simplesmente pressionando um bot\u00e3o.<\/p>\n<h3><span style=\"color: #0e3a65\"><strong>\u258eRecursos de edi\u00e7\u00e3o de imagem:\u00a0Auto crop, deskew e thresholding<\/strong><\/span><\/h3>\n<p>O FB5100 incorpora o mais recente driver TWAIN com novas caracter\u00edsticas e melhorias tais como a capacidade de ajustar a sensibilidade do dynamic threshold, documento \/\u00a0\u00a0foto combina\u00e7\u00e3o de cor,\u00a0\u00a0personalizado dropout de cores, autom\u00e1tico cortes m\u00faltiplos, e reduz despeckle. Estamos empenhados em melhorar continuamente o driver TWAIN para enriquecer sua experi\u00eancia de digitaliza\u00e7\u00e3o como nunca antes.<\/p>\n<h3><span style=\"color: #0e3a65\"><strong>\u258eConecte a mesa digitalizadora FB5100 com seu scanner sheetfeed<\/strong><\/span><\/h3>\n<p>A mesa digitalizadora FB5100 pode ser conectado com todos os scanners com alimentador autom\u00e1tico da Avision, tornando uma solu\u00e7\u00e3o completa para digitaliza\u00e7\u00e3o.<\/p>\n<p>&nbsp;<\/p>\n<hr \/>\n<h3><\/h3>\n<h3><span style=\"color: #0e3a65\"><strong>\u258eMarca de certifica\u00e7\u00e3o<\/strong><\/span><\/h3>\n<div class=\"su-spoiler su-spoiler-style-default su-spoiler-icon-arrow-circle-1  su-spoiler-closed\" data-scroll-offset=\"0\" data-anchor-in-url=\"no\"><div class=\"su-spoiler-title\" tabindex=\"0\" role=\"button\"><span class=\"su-spoiler-icon\"><\/span>Saiba mais<\/div><div class=\"su-spoiler-content su-u-clearfix su-u-trim\">\n<div style=\"padding: 5px;border: 3px solid #ffffff\">\n<table id=\"tbl\" border=\"1\">\n<tbody>\n<tr>\n<td bgcolor=\"white\" width=\"200px\"><span class=\"su-lightbox\" data-mfp-src=\"#my-custom-popup\" data-mfp-type=\"inline\" data-mobile=\"yes\"><img decoding=\"async\" loading=\"lazy\" class=\"wp-image-7528 aligncenter\" src=\"https:\/\/www.avision.com\/br\/wp-content\/uploads\/sites\/6\/2021\/09\/800px-Energy_Star_logo.svg-293x300.png\" alt=\"\" width=\"73\" height=\"75\" srcset=\"https:\/\/www.avision.com\/br\/wp-content\/uploads\/sites\/6\/2021\/09\/800px-Energy_Star_logo.svg-293x300.png 293w, https:\/\/www.avision.com\/br\/wp-content\/uploads\/sites\/6\/2021\/09\/800px-Energy_Star_logo.svg-768x786.png 768w, https:\/\/www.avision.com\/br\/wp-content\/uploads\/sites\/6\/2021\/09\/800px-Energy_Star_logo.svg-600x614.png 600w, https:\/\/www.avision.com\/br\/wp-content\/uploads\/sites\/6\/2021\/09\/800px-Energy_Star_logo.svg.png 800w\" sizes=\"(max-width: 73px) 100vw, 73px\" \/><\/span><\/td>\n<td bgcolor=\"white\" width=\"200px\"><span class=\"su-lightbox\" data-mfp-src=\"https:\/\/www.avision.com\/br\/smart-image\/\" data-mfp-type=\"iframe\" data-mobile=\"yes\"><img decoding=\"async\" loading=\"lazy\" class=\"wp-image-7531 aligncenter\" src=\"https:\/\/www.avision.com\/br\/wp-content\/uploads\/sites\/6\/2021\/09\/SmartImage.png\" alt=\"\" width=\"100\" height=\"70\" \/><br \/>\n<\/span><\/td>\n<td bgcolor=\"white\" width=\"200px\"><a href=\"https:\/\/www.usb.org\/\"><img decoding=\"async\" loading=\"lazy\" class=\" wp-image-7829 aligncenter\" src=\"https:\/\/www.avision.com\/br\/wp-content\/uploads\/sites\/6\/2021\/09\/USB3.0.png\" alt=\"\" width=\"126\" height=\"58\" \/><\/a><\/td>\n<td bgcolor=\"white\" width=\"200px\"><img decoding=\"async\" loading=\"lazy\" class=\" wp-image-11125 aligncenter\" src=\"https:\/\/www.avision.com\/br\/wp-content\/uploads\/sites\/6\/2021\/09\/0_GREEN-184x300.png\" alt=\"\" width=\"54\" height=\"88\" srcset=\"https:\/\/www.avision.com\/br\/wp-content\/uploads\/sites\/6\/2021\/09\/0_GREEN-184x300.png 184w, https:\/\/www.avision.com\/br\/wp-content\/uploads\/sites\/6\/2021\/09\/0_GREEN.png 265w\" sizes=\"(max-width: 54px) 100vw, 54px\" \/><\/td>\n<\/tr>\n<\/tbody>\n<\/table>\n<div class=\"su-lightbox-content su-u-trim \" id=\"my-custom-popup\" style=\"display:none;width:auto;min-width:none;max-width:600px;margin-top:40px;margin-bottom:40px;padding:40px;background:#FFFFFF;color:#333333;box-shadow:0px 0px 15px #333333;text-align:left\">\n<h1><span style=\"color: #0e3a65\">ENERGY STAR<\/span><\/h1>\n<p>&nbsp;<\/p>\n<h2>O que \u00e9 ENERGY STAR?<\/h2>\n<p><a href=\"https:\/\/www.energystar.gov\/\"><img decoding=\"async\" loading=\"lazy\" class=\"size-medium wp-image-11921 aligncenter\" src=\"https:\/\/www.avision.com\/br\/wp-content\/uploads\/sites\/6\/2021\/09\/energy_star-2-300x243.jpg\" alt=\"\" width=\"300\" height=\"243\" srcset=\"https:\/\/www.avision.com\/br\/wp-content\/uploads\/sites\/6\/2021\/09\/energy_star-2-300x243.jpg 300w, https:\/\/www.avision.com\/br\/wp-content\/uploads\/sites\/6\/2021\/09\/energy_star-2.jpg 497w\" sizes=\"(max-width: 300px) 100vw, 300px\" \/><\/a><\/p>\n<p>O ENERGY STAR \u00e9 um programa conjunto da Ag\u00eancia de Prote\u00e7\u00e3o Ambiental dos EUA e do Departamento de Energia dos EUA, que nos ajuda a economizar dinheiro e proteger o meio ambiente por meio de produtos e pr\u00e1ticas de efici\u00eancia energ\u00e9tica.<\/p>\n<h2>Escolha produtos qualificados pela ENERGY STAR<\/h2>\n<p>Os produtos com qualifica\u00e7\u00e3o ENERGY STAR atendem \u00e0s diretrizes r\u00edgidas de efici\u00eancia energ\u00e9tica estabelecidas pela EPA dos EUA e pelo Departamento de Energia dos EUA. Eles usam menos energia, economizam dinheiro e ajudam a proteger o meio ambiente.<\/p>\n<p>*<a href=\"https:\/\/www.avision.com\/br\/wp-content\/uploads\/sites\/6\/2022\/01\/EnergyStarQualificationList_Ver3-03-1_20220110.pdf\">Listas de produtos Avision qualificados para ENERGY STAR V3.0 <\/a><\/p>\n<\/div>\n<\/div><\/div>\n<\/div>\n","protected":false},"excerpt":{"rendered":"<p>FB5100 \u00e9 a pr\u00f3xima gera\u00e7\u00e3o de scanner de mesa A3 da Avision . Baseado em tecnologia de CIS (Contact Image Sensor), o scanner \u00e9 muito mais fino em compara\u00e7\u00e3o com scanner tradicional com design CCD.<\/p>\n<p>Capaz de digitalizar at\u00e9 tamanho A3, o FB5100 \u00e9 perfeitamente adequado para digitalizar livros completos, duas p\u00e1ginas de tamanho carta (simultaneamente), grande formato de revistas, documentos em tamanho of\u00edcio, fotografias e muito mais, tudo em cores brilhantes.<\/p>\n<p>Al\u00e9m disso, o scanner vem com o recurso conveniente de corte de imagens variadas. Com esse recurso, v\u00e1rios tamanhos de documentos, tais como fotos, cart\u00f5es de identidade, ou cart\u00f5es de visita podem ser colocados no scanner que \u00e9 capaz de cortar e criar v\u00e1rias imagens de acordo com os tamanhos originais dos documentos em uma \u00fanica digitaliza\u00e7\u00e3o.<\/p>\n","protected":false},"featured_media":24619,"template":"","meta":{"ocean_post_layout":"","ocean_both_sidebars_style":"","ocean_both_sidebars_content_width":0,"ocean_both_sidebars_sidebars_width":0,"ocean_sidebar":"0","ocean_second_sidebar":"0","ocean_disable_margins":"enable","ocean_add_body_class":"","ocean_shortcode_before_top_bar":"","ocean_shortcode_after_top_bar":"","ocean_shortcode_before_header":"","ocean_shortcode_after_header":"","ocean_has_shortcode":"","ocean_shortcode_after_title":"","ocean_shortcode_before_footer_widgets":"","ocean_shortcode_after_footer_widgets":"","ocean_shortcode_before_footer_bottom":"","ocean_shortcode_after_footer_bottom":"","ocean_display_top_bar":"default","ocean_display_header":"default","ocean_header_style":"","ocean_center_header_left_menu":"0","ocean_custom_header_template":"0","ocean_custom_logo":0,"ocean_custom_retina_logo":0,"ocean_custom_logo_max_width":0,"ocean_custom_logo_tablet_max_width":0,"ocean_custom_logo_mobile_max_width":0,"ocean_custom_logo_max_height":0,"ocean_custom_logo_tablet_max_height":0,"ocean_custom_logo_mobile_max_height":0,"ocean_header_custom_menu":"0","ocean_menu_typo_font_family":"0","ocean_menu_typo_font_subset":"","ocean_menu_typo_font_size":0,"ocean_menu_typo_font_size_tablet":0,"ocean_menu_typo_font_size_mobile":0,"ocean_menu_typo_font_size_unit":"px","ocean_menu_typo_font_weight":"","ocean_menu_typo_font_weight_tablet":"","ocean_menu_typo_font_weight_mobile":"","ocean_menu_typo_transform":"","ocean_menu_typo_transform_tablet":"","ocean_menu_typo_transform_mobile":"","ocean_menu_typo_line_height":0,"ocean_menu_typo_line_height_tablet":0,"ocean_menu_typo_line_height_mobile":0,"ocean_menu_typo_line_height_unit":"","ocean_menu_typo_spacing":0,"ocean_menu_typo_spacing_tablet":0,"ocean_menu_typo_spacing_mobile":0,"ocean_menu_typo_spacing_unit":"","ocean_menu_link_color":"","ocean_menu_link_color_hover":"","ocean_menu_link_color_active":"","ocean_menu_link_background":"","ocean_menu_link_hover_background":"","ocean_menu_link_active_background":"","ocean_menu_social_links_bg":"","ocean_menu_social_hover_links_bg":"","ocean_menu_social_links_color":"","ocean_menu_social_hover_links_color":"","ocean_disable_title":"default","ocean_disable_heading":"default","ocean_post_title":"","ocean_post_subheading":"","ocean_post_title_style":"","ocean_post_title_background_color":"","ocean_post_title_background":0,"ocean_post_title_bg_image_position":"","ocean_post_title_bg_image_attachment":"","ocean_post_title_bg_image_repeat":"","ocean_post_title_bg_image_size":"","ocean_post_title_height":0,"ocean_post_title_bg_overlay":0.5,"ocean_post_title_bg_overlay_color":"","ocean_disable_breadcrumbs":"default","ocean_breadcrumbs_color":"","ocean_breadcrumbs_separator_color":"","ocean_breadcrumbs_links_color":"","ocean_breadcrumbs_links_hover_color":"","ocean_display_footer_widgets":"default","ocean_display_footer_bottom":"default","ocean_custom_footer_template":"0"},"product_cat":[332],"product_tag":[1629],"_links":{"self":[{"href":"https:\/\/www.avision.com\/br\/wp-json\/wp\/v2\/product\/24616"}],"collection":[{"href":"https:\/\/www.avision.com\/br\/wp-json\/wp\/v2\/product"}],"about":[{"href":"https:\/\/www.avision.com\/br\/wp-json\/wp\/v2\/types\/product"}],"version-history":[{"count":1,"href":"https:\/\/www.avision.com\/br\/wp-json\/wp\/v2\/product\/24616\/revisions"}],"predecessor-version":[{"id":24620,"href":"https:\/\/www.avision.com\/br\/wp-json\/wp\/v2\/product\/24616\/revisions\/24620"}],"wp:featuredmedia":[{"embeddable":true,"href":"https:\/\/www.avision.com\/br\/wp-json\/wp\/v2\/media\/24619"}],"wp:attachment":[{"href":"https:\/\/www.avision.com\/br\/wp-json\/wp\/v2\/media?parent=24616"}],"wp:term":[{"taxonomy":"product_cat","embeddable":true,"href":"https:\/\/www.avision.com\/br\/wp-json\/wp\/v2\/product_cat?post=24616"},{"taxonomy":"product_tag","embeddable":true,"href":"https:\/\/www.avision.com\/br\/wp-json\/wp\/v2\/product_tag?post=24616"}],"curies":[{"name":"wp","href":"https:\/\/api.w.org\/{rel}","templated":true}]}}