{"id":14724,"date":"2023-03-27T14:43:06","date_gmt":"2023-03-27T14:43:06","guid":{"rendered":"https:\/\/www.avision.com\/de\/?page_id=14724"},"modified":"2023-03-27T14:43:51","modified_gmt":"2023-03-27T14:43:51","slug":"loesungspartner","status":"publish","type":"page","link":"https:\/\/www.avision.com\/de\/loesungspartner\/","title":{"rendered":"L\u00f6sungspartner"},"content":{"rendered":"\t\t<div data-elementor-type=\"wp-page\" data-elementor-id=\"14724\" class=\"elementor elementor-14724\">\n\t\t\t\t\t\t\t\t\t<section class=\"elementor-section elementor-top-section elementor-element elementor-element-dee926f elementor-section-boxed elementor-section-height-default elementor-section-height-default\" data-id=\"dee926f\" data-element_type=\"section\">\n\t\t\t\t\t\t<div class=\"elementor-container elementor-column-gap-default\">\n\t\t\t\t\t<div class=\"elementor-column elementor-col-100 elementor-top-column elementor-element elementor-element-d159e23\" data-id=\"d159e23\" data-element_type=\"column\">\n\t\t\t<div class=\"elementor-widget-wrap elementor-element-populated\">\n\t\t\t\t\t\t\t\t<div class=\"elementor-element elementor-element-1416ec4 elementor-widget elementor-widget-heading\" data-id=\"1416ec4\" data-element_type=\"widget\" data-widget_type=\"heading.default\">\n\t\t\t\t<div class=\"elementor-widget-container\">\n\t\t\t<h2 class=\"elementor-heading-title elementor-size-default\">L\u00f6sungspartner<\/h2>\t\t<\/div>\n\t\t\t\t<\/div>\n\t\t\t\t\t<\/div>\n\t\t<\/div>\n\t\t\t\t\t\t\t<\/div>\n\t\t<\/section>\n\t\t\t\t<section class=\"elementor-section elementor-top-section elementor-element elementor-element-c9d6da1 elementor-section-boxed elementor-section-height-default elementor-section-height-default\" data-id=\"c9d6da1\" data-element_type=\"section\">\n\t\t\t\t\t\t<div class=\"elementor-container elementor-column-gap-default\">\n\t\t\t\t\t<div class=\"elementor-column elementor-col-33 elementor-top-column elementor-element elementor-element-ada478e\" data-id=\"ada478e\" data-element_type=\"column\">\n\t\t\t<div class=\"elementor-widget-wrap elementor-element-populated\">\n\t\t\t\t\t\t\t\t<div class=\"elementor-element elementor-element-3ee100e elementor-widget elementor-widget-text-editor\" data-id=\"3ee100e\" data-element_type=\"widget\" data-widget_type=\"text-editor.default\">\n\t\t\t\t<div class=\"elementor-widget-container\">\n\t\t\t\t\t\t\t<p>Agorum Software GmbH<br \/>Vogelsangstr. 22<br \/>D-73760 Ostfildern<br \/>Tel.:0711 \u2013 358 718 0<br \/>Fax: 0711 \u2013 346106 3<br \/>www.agorum.com<\/p>\t\t\t\t\t\t<\/div>\n\t\t\t\t<\/div>\n\t\t\t\t\t<\/div>\n\t\t<\/div>\n\t\t\t\t<div class=\"elementor-column elementor-col-33 elementor-top-column elementor-element elementor-element-0afcaf3\" data-id=\"0afcaf3\" data-element_type=\"column\">\n\t\t\t<div class=\"elementor-widget-wrap elementor-element-populated\">\n\t\t\t\t\t\t\t\t<div class=\"elementor-element elementor-element-1d241ec elementor-widget elementor-widget-text-editor\" data-id=\"1d241ec\" data-element_type=\"widget\" data-widget_type=\"text-editor.default\">\n\t\t\t\t<div class=\"elementor-widget-container\">\n\t\t\t\t\t\t\t<p>BSB-GmbH<br \/>Landw. Buchstelle<br \/>Schorlemerstra\u00dfe 15<br \/>48143 M\u00fcnster<br \/>Telefon: +49 (0) 251\/ 41 75-02<br \/>E-Mail: info@bsb-buchstelle.de<br \/>Internet: www.bsb-buchstelle.de<\/p>\t\t\t\t\t\t<\/div>\n\t\t\t\t<\/div>\n\t\t\t\t\t<\/div>\n\t\t<\/div>\n\t\t\t\t<div class=\"elementor-column elementor-col-33 elementor-top-column elementor-element elementor-element-90269bc\" data-id=\"90269bc\" data-element_type=\"column\">\n\t\t\t<div class=\"elementor-widget-wrap elementor-element-populated\">\n\t\t\t\t\t\t\t\t<div class=\"elementor-element elementor-element-f0ed345 elementor-widget elementor-widget-text-editor\" data-id=\"f0ed345\" data-element_type=\"widget\" data-widget_type=\"text-editor.default\">\n\t\t\t\t<div class=\"elementor-widget-container\">\n\t\t\t\t\t\t\t<p>Docunout GmbH<br \/>Schwabacher Str. 3<br \/>90439 N\u00fcrnberg<br \/>Tel.: +49 911 9264-400<br \/>Mail: info@belegebox.de<br \/>www.scannerbox.de<\/p>\t\t\t\t\t\t<\/div>\n\t\t\t\t<\/div>\n\t\t\t\t\t<\/div>\n\t\t<\/div>\n\t\t\t\t\t\t\t<\/div>\n\t\t<\/section>\n\t\t\t\t<section class=\"elementor-section elementor-top-section elementor-element elementor-element-73776d2 elementor-section-boxed elementor-section-height-default elementor-section-height-default\" data-id=\"73776d2\" data-element_type=\"section\">\n\t\t\t\t\t\t<div class=\"elementor-container elementor-column-gap-default\">\n\t\t\t\t\t<div class=\"elementor-column elementor-col-100 elementor-top-column elementor-element elementor-element-ac33f77\" data-id=\"ac33f77\" data-element_type=\"column\">\n\t\t\t<div class=\"elementor-widget-wrap elementor-element-populated\">\n\t\t\t\t\t\t\t\t<div class=\"elementor-element elementor-element-b504fcc elementor-widget-divider--view-line elementor-widget elementor-widget-divider\" data-id=\"b504fcc\" data-element_type=\"widget\" data-widget_type=\"divider.default\">\n\t\t\t\t<div class=\"elementor-widget-container\">\n\t\t\t\t\t<div class=\"elementor-divider\">\n\t\t\t<span class=\"elementor-divider-separator\">\n\t\t\t\t\t\t<\/span>\n\t\t<\/div>\n\t\t\t\t<\/div>\n\t\t\t\t<\/div>\n\t\t\t\t\t<\/div>\n\t\t<\/div>\n\t\t\t\t\t\t\t<\/div>\n\t\t<\/section>\n\t\t\t\t<section class=\"elementor-section elementor-top-section elementor-element elementor-element-c5a8453 elementor-section-boxed elementor-section-height-default elementor-section-height-default\" data-id=\"c5a8453\" data-element_type=\"section\">\n\t\t\t\t\t\t<div class=\"elementor-container elementor-column-gap-default\">\n\t\t\t\t\t<div class=\"elementor-column elementor-col-33 elementor-top-column elementor-element elementor-element-bda148b\" data-id=\"bda148b\" data-element_type=\"column\">\n\t\t\t<div class=\"elementor-widget-wrap elementor-element-populated\">\n\t\t\t\t\t\t\t\t<div class=\"elementor-element elementor-element-c74b217 elementor-widget elementor-widget-text-editor\" data-id=\"c74b217\" data-element_type=\"widget\" data-widget_type=\"text-editor.default\">\n\t\t\t\t<div class=\"elementor-widget-container\">\n\t\t\t\t\t\t\t<p>ETL Datenservice GmbH<br \/>Widdersdorfer Str. 415<br \/>50933 K\u00f6ln<br \/>Tel.: +49 (0) 221 \/ 95 44 010<br \/>E-Mail: info@etl-datenservice.de<br \/>www.etl-datenservice.de<\/p>\t\t\t\t\t\t<\/div>\n\t\t\t\t<\/div>\n\t\t\t\t\t<\/div>\n\t\t<\/div>\n\t\t\t\t<div class=\"elementor-column elementor-col-33 elementor-top-column elementor-element elementor-element-0edc8ee\" data-id=\"0edc8ee\" data-element_type=\"column\">\n\t\t\t<div class=\"elementor-widget-wrap elementor-element-populated\">\n\t\t\t\t\t\t\t\t<div class=\"elementor-element elementor-element-0729479 elementor-widget elementor-widget-text-editor\" data-id=\"0729479\" data-element_type=\"widget\" data-widget_type=\"text-editor.default\">\n\t\t\t\t<div class=\"elementor-widget-container\">\n\t\t\t\t\t\t\t<p>FIBUdata Softwareentwicklung GmbH<br \/>Lohmannstra\u00dfe 27<br \/>56626 Andernach<br \/>Tel. 02632\/989060<br \/>E-Mail: info@fibudata.net<br \/>www.fibudata.net<\/p>\t\t\t\t\t\t<\/div>\n\t\t\t\t<\/div>\n\t\t\t\t\t<\/div>\n\t\t<\/div>\n\t\t\t\t<div class=\"elementor-column elementor-col-33 elementor-top-column elementor-element elementor-element-2297905\" data-id=\"2297905\" data-element_type=\"column\">\n\t\t\t<div class=\"elementor-widget-wrap elementor-element-populated\">\n\t\t\t\t\t\t\t\t<div class=\"elementor-element elementor-element-acaba11 elementor-widget elementor-widget-text-editor\" data-id=\"acaba11\" data-element_type=\"widget\" data-widget_type=\"text-editor.default\">\n\t\t\t\t<div class=\"elementor-widget-container\">\n\t\t\t\t\t\t\t<p>FLEXKONTOR GmbH<br \/>Vogelbrinkstra\u00dfe 25<br \/>59075 Hamm<br \/>Tel. 02381 5967600<br \/>E-Mail: info@flexkontor.de<br \/>www.flexkontor.de<\/p>\t\t\t\t\t\t<\/div>\n\t\t\t\t<\/div>\n\t\t\t\t\t<\/div>\n\t\t<\/div>\n\t\t\t\t\t\t\t<\/div>\n\t\t<\/section>\n\t\t\t\t<section class=\"elementor-section elementor-top-section elementor-element elementor-element-4daab4c elementor-section-boxed elementor-section-height-default elementor-section-height-default\" data-id=\"4daab4c\" data-element_type=\"section\">\n\t\t\t\t\t\t<div class=\"elementor-container elementor-column-gap-default\">\n\t\t\t\t\t<div class=\"elementor-column elementor-col-100 elementor-top-column elementor-element elementor-element-ecfce0a\" data-id=\"ecfce0a\" data-element_type=\"column\">\n\t\t\t<div class=\"elementor-widget-wrap elementor-element-populated\">\n\t\t\t\t\t\t\t\t<div class=\"elementor-element elementor-element-b90d063 elementor-widget-divider--view-line elementor-widget elementor-widget-divider\" data-id=\"b90d063\" data-element_type=\"widget\" data-widget_type=\"divider.default\">\n\t\t\t\t<div class=\"elementor-widget-container\">\n\t\t\t\t\t<div class=\"elementor-divider\">\n\t\t\t<span class=\"elementor-divider-separator\">\n\t\t\t\t\t\t<\/span>\n\t\t<\/div>\n\t\t\t\t<\/div>\n\t\t\t\t<\/div>\n\t\t\t\t\t<\/div>\n\t\t<\/div>\n\t\t\t\t\t\t\t<\/div>\n\t\t<\/section>\n\t\t\t\t<section class=\"elementor-section elementor-top-section elementor-element elementor-element-b469691 elementor-section-boxed elementor-section-height-default elementor-section-height-default\" data-id=\"b469691\" data-element_type=\"section\">\n\t\t\t\t\t\t<div class=\"elementor-container elementor-column-gap-default\">\n\t\t\t\t\t<div class=\"elementor-column elementor-col-33 elementor-top-column elementor-element elementor-element-b83f893\" data-id=\"b83f893\" data-element_type=\"column\">\n\t\t\t<div class=\"elementor-widget-wrap elementor-element-populated\">\n\t\t\t\t\t\t\t\t<div class=\"elementor-element elementor-element-51ea1eb elementor-widget elementor-widget-text-editor\" data-id=\"51ea1eb\" data-element_type=\"widget\" data-widget_type=\"text-editor.default\">\n\t\t\t\t<div class=\"elementor-widget-container\">\n\t\t\t\t\t\t\t<p>fodocs \u2013 Fohler Digital Office<br \/>Consulting &amp; Service Inh. Jan Fohler<br \/>Kesselstr. 43a<br \/>59494 Soest<br \/>Tel. 02381 \u2013 5417333<br \/>E-Mail: info@fodocs.de<br \/>www.fodocs.de<\/p>\t\t\t\t\t\t<\/div>\n\t\t\t\t<\/div>\n\t\t\t\t\t<\/div>\n\t\t<\/div>\n\t\t\t\t<div class=\"elementor-column elementor-col-33 elementor-top-column elementor-element elementor-element-c126e65\" data-id=\"c126e65\" data-element_type=\"column\">\n\t\t\t<div class=\"elementor-widget-wrap elementor-element-populated\">\n\t\t\t\t\t\t\t\t<div class=\"elementor-element elementor-element-e45e3ee elementor-widget elementor-widget-text-editor\" data-id=\"e45e3ee\" data-element_type=\"widget\" data-widget_type=\"text-editor.default\">\n\t\t\t\t<div class=\"elementor-widget-container\">\n\t\t\t\t\t\t\t<p>LAND-DATA GmbH<br \/>Wedekindstra\u00dfe 9 \u2013 11<br \/>27374 Visselh\u00f6vede<br \/>Telefon: 04262 304-0<br \/>www.landdata.de<\/p>\t\t\t\t\t\t<\/div>\n\t\t\t\t<\/div>\n\t\t\t\t\t<\/div>\n\t\t<\/div>\n\t\t\t\t<div class=\"elementor-column elementor-col-33 elementor-top-column elementor-element elementor-element-dc30c9f\" data-id=\"dc30c9f\" data-element_type=\"column\">\n\t\t\t<div class=\"elementor-widget-wrap elementor-element-populated\">\n\t\t\t\t\t\t\t\t<div class=\"elementor-element elementor-element-9e70794 elementor-widget elementor-widget-text-editor\" data-id=\"9e70794\" data-element_type=\"widget\" data-widget_type=\"text-editor.default\">\n\t\t\t\t<div class=\"elementor-widget-container\">\n\t\t\t\t\t\t\t<p>page one GmbH<br \/>Schwabacher Str. 3<br \/>90439 N\u00fcrnberg<br \/>Tel.: +49 (0)911-9264-444<br \/>E-Mail: info@scannerbox.de<br \/>www.scannerbox.de<\/p>\t\t\t\t\t\t<\/div>\n\t\t\t\t<\/div>\n\t\t\t\t\t<\/div>\n\t\t<\/div>\n\t\t\t\t\t\t\t<\/div>\n\t\t<\/section>\n\t\t\t\t<section class=\"elementor-section elementor-top-section elementor-element elementor-element-d13d49c elementor-section-boxed elementor-section-height-default elementor-section-height-default\" data-id=\"d13d49c\" data-element_type=\"section\">\n\t\t\t\t\t\t<div class=\"elementor-container elementor-column-gap-default\">\n\t\t\t\t\t<div class=\"elementor-column elementor-col-100 elementor-top-column elementor-element elementor-element-4c87aae\" data-id=\"4c87aae\" data-element_type=\"column\">\n\t\t\t<div class=\"elementor-widget-wrap elementor-element-populated\">\n\t\t\t\t\t\t\t\t<div class=\"elementor-element elementor-element-745c0bd elementor-widget-divider--view-line elementor-widget elementor-widget-divider\" data-id=\"745c0bd\" data-element_type=\"widget\" data-widget_type=\"divider.default\">\n\t\t\t\t<div class=\"elementor-widget-container\">\n\t\t\t\t\t<div class=\"elementor-divider\">\n\t\t\t<span class=\"elementor-divider-separator\">\n\t\t\t\t\t\t<\/span>\n\t\t<\/div>\n\t\t\t\t<\/div>\n\t\t\t\t<\/div>\n\t\t\t\t\t<\/div>\n\t\t<\/div>\n\t\t\t\t\t\t\t<\/div>\n\t\t<\/section>\n\t\t\t\t<section class=\"elementor-section elementor-top-section elementor-element elementor-element-cab561e elementor-section-boxed elementor-section-height-default elementor-section-height-default\" data-id=\"cab561e\" data-element_type=\"section\">\n\t\t\t\t\t\t<div class=\"elementor-container elementor-column-gap-default\">\n\t\t\t\t\t<div class=\"elementor-column elementor-col-33 elementor-top-column elementor-element elementor-element-22d4ea8\" data-id=\"22d4ea8\" data-element_type=\"column\">\n\t\t\t<div class=\"elementor-widget-wrap elementor-element-populated\">\n\t\t\t\t\t\t\t\t<div class=\"elementor-element elementor-element-180e85e elementor-widget elementor-widget-text-editor\" data-id=\"180e85e\" data-element_type=\"widget\" data-widget_type=\"text-editor.default\">\n\t\t\t\t<div class=\"elementor-widget-container\">\n\t\t\t\t\t\t\t<p>SAFETEC IT-SYSTEME Vertriebsgesellschaft mbH<br \/>Mercedesstr. 7<br \/>70372 Stuttgart<br \/>Tel.: +49 (0) 711 55 16 77<br \/>E-Mail: info@safetec.de<br \/>www.safetec.de<\/p>\t\t\t\t\t\t<\/div>\n\t\t\t\t<\/div>\n\t\t\t\t\t<\/div>\n\t\t<\/div>\n\t\t\t\t<div class=\"elementor-column elementor-col-33 elementor-top-column elementor-element elementor-element-d60b627\" data-id=\"d60b627\" data-element_type=\"column\">\n\t\t\t<div class=\"elementor-widget-wrap elementor-element-populated\">\n\t\t\t\t\t\t\t\t<div class=\"elementor-element elementor-element-4c26bfb elementor-widget elementor-widget-text-editor\" data-id=\"4c26bfb\" data-element_type=\"widget\" data-widget_type=\"text-editor.default\">\n\t\t\t\t<div class=\"elementor-widget-container\">\n\t\t\t\t\t\t\t<p>Satz-Rechen-Zentrum Hartmann + Heenemann GmbH &amp; Co. KG<br \/>Bessemerstra\u00dfe 83\u201391<br \/>12103 Berlin<br \/>Tel.: +49 30 7 53 01-0<br \/>E-Mail: kontakt@srz.de<br \/>www.srz.de<\/p>\t\t\t\t\t\t<\/div>\n\t\t\t\t<\/div>\n\t\t\t\t\t<\/div>\n\t\t<\/div>\n\t\t\t\t<div class=\"elementor-column elementor-col-33 elementor-top-column elementor-element elementor-element-4a084fa\" data-id=\"4a084fa\" data-element_type=\"column\">\n\t\t\t<div class=\"elementor-widget-wrap elementor-element-populated\">\n\t\t\t\t\t\t\t\t<div class=\"elementor-element elementor-element-40785c8 elementor-widget elementor-widget-text-editor\" data-id=\"40785c8\" data-element_type=\"widget\" data-widget_type=\"text-editor.default\">\n\t\t\t\t<div class=\"elementor-widget-container\">\n\t\t\t\t\t\t\t<p>Spectrum Computer Systemhaus GmbH<br \/>Max-Planck-Str. 17<br \/>40699 Erkrath<br \/>Tel.: +49 (0) 211 695602-0<br \/>E-Mail: info@spectrum-news.de<br \/>www.spectrum-news.de<\/p>\t\t\t\t\t\t<\/div>\n\t\t\t\t<\/div>\n\t\t\t\t\t<\/div>\n\t\t<\/div>\n\t\t\t\t\t\t\t<\/div>\n\t\t<\/section>\n\t\t\t\t<section class=\"elementor-section elementor-top-section elementor-element elementor-element-f8c3ad6 elementor-section-boxed elementor-section-height-default elementor-section-height-default\" data-id=\"f8c3ad6\" data-element_type=\"section\">\n\t\t\t\t\t\t<div class=\"elementor-container elementor-column-gap-default\">\n\t\t\t\t\t<div class=\"elementor-column elementor-col-100 elementor-top-column elementor-element elementor-element-95e67b7\" data-id=\"95e67b7\" data-element_type=\"column\">\n\t\t\t<div class=\"elementor-widget-wrap elementor-element-populated\">\n\t\t\t\t\t\t\t\t<div class=\"elementor-element elementor-element-cba54f4 elementor-widget-divider--view-line elementor-widget elementor-widget-divider\" data-id=\"cba54f4\" data-element_type=\"widget\" data-widget_type=\"divider.default\">\n\t\t\t\t<div class=\"elementor-widget-container\">\n\t\t\t\t\t<div class=\"elementor-divider\">\n\t\t\t<span class=\"elementor-divider-separator\">\n\t\t\t\t\t\t<\/span>\n\t\t<\/div>\n\t\t\t\t<\/div>\n\t\t\t\t<\/div>\n\t\t\t\t\t<\/div>\n\t\t<\/div>\n\t\t\t\t\t\t\t<\/div>\n\t\t<\/section>\n\t\t\t\t<section class=\"elementor-section elementor-top-section elementor-element elementor-element-6a4d9f2 elementor-section-boxed elementor-section-height-default elementor-section-height-default\" data-id=\"6a4d9f2\" data-element_type=\"section\">\n\t\t\t\t\t\t<div class=\"elementor-container elementor-column-gap-default\">\n\t\t\t\t\t<div class=\"elementor-column elementor-col-33 elementor-top-column elementor-element elementor-element-87e8e26\" data-id=\"87e8e26\" data-element_type=\"column\">\n\t\t\t<div class=\"elementor-widget-wrap elementor-element-populated\">\n\t\t\t\t\t\t\t\t<div class=\"elementor-element elementor-element-1a53d3e elementor-widget elementor-widget-text-editor\" data-id=\"1a53d3e\" data-element_type=\"widget\" data-widget_type=\"text-editor.default\">\n\t\t\t\t<div class=\"elementor-widget-container\">\n\t\t\t\t\t\t\t<p>Stollfu\u00df Medien GmbH &amp; Co. KG<br \/>Dechenstra\u00dfe 7<br \/>53115 Bonn<br \/>Telefon: (0) 228 7240<br \/>E-Mail: info@stollfuss.de<br \/>www.stollfuss.de<\/p>\t\t\t\t\t\t<\/div>\n\t\t\t\t<\/div>\n\t\t\t\t\t<\/div>\n\t\t<\/div>\n\t\t\t\t<div class=\"elementor-column elementor-col-33 elementor-top-column elementor-element elementor-element-54f8699\" data-id=\"54f8699\" data-element_type=\"column\">\n\t\t\t<div class=\"elementor-widget-wrap elementor-element-populated\">\n\t\t\t\t\t\t\t\t<div class=\"elementor-element elementor-element-b4c511f elementor-widget elementor-widget-text-editor\" data-id=\"b4c511f\" data-element_type=\"widget\" data-widget_type=\"text-editor.default\">\n\t\t\t\t<div class=\"elementor-widget-container\">\n\t\t\t\t\t\t\t<p>TAROX AG<br \/>Stellenbachstra\u00dfe 49-51<br \/>44536 L\u00fcnen<br \/>Tel.: +49 (0) 231\/98 98 0-0<br \/>www.tarox.de<\/p>\t\t\t\t\t\t<\/div>\n\t\t\t\t<\/div>\n\t\t\t\t\t<\/div>\n\t\t<\/div>\n\t\t\t\t<div class=\"elementor-column elementor-col-33 elementor-top-column elementor-element elementor-element-6a40a51\" data-id=\"6a40a51\" data-element_type=\"column\">\n\t\t\t<div class=\"elementor-widget-wrap elementor-element-populated\">\n\t\t\t\t\t\t\t\t<div class=\"elementor-element elementor-element-9cb8c08 elementor-widget elementor-widget-text-editor\" data-id=\"9cb8c08\" data-element_type=\"widget\" data-widget_type=\"text-editor.default\">\n\t\t\t\t<div class=\"elementor-widget-container\">\n\t\t\t\t\t\t\t<p>FINEDOC Yaz\u0131l\u0131m ve Dan\u0131\u015fmanl\u0131k Ticaret<br \/>\u00c7aml\u0131k Mah. \u0130kbal Cad. Din\u00e7 Sk. No:11 D:7 34774 \u00dcmraniye\/\u0130stanbul<br \/>Tel. +90 216 594 74 90 <br \/>support@finedoc.com.tr<\/p>\t\t\t\t\t\t<\/div>\n\t\t\t\t<\/div>\n\t\t\t\t\t<\/div>\n\t\t<\/div>\n\t\t\t\t\t\t\t<\/div>\n\t\t<\/section>\n\t\t\t\t\t\t\t<\/div>\n\t\t","protected":false},"excerpt":{"rendered":"<p>L\u00f6sungspartner Agorum Software GmbHVogelsangstr. 22D-73760 OstfildernTel.:0711 \u2013 358 718 0Fax: 0711 \u2013 346106 3www.agorum.com BSB-GmbHLandw. BuchstelleSchorlemerstra\u00dfe 1548143 M\u00fcnsterTelefon: +49 (0) 251\/ 41 75-02E-Mail: info@bsb-buchstelle.deInternet: www.bsb-buchstelle.de Docunout GmbHSchwabacher Str. 390439 N\u00fcrnbergTel.: +49 911 9264-400Mail: info@belegebox.dewww.scannerbox.de ETL Datenservice GmbHWiddersdorfer Str. 41550933 K\u00f6lnTel.: +49 (0) 221 \/ 95 44 010E-Mail: info@etl-datenservice.dewww.etl-datenservice.de FIBUdata Softwareentwicklung GmbHLohmannstra\u00dfe 2756626 AndernachTel. 02632\/989060E-Mail: info@fibudata.netwww.fibudata.net [&hellip;]<\/p>\n","protected":false},"author":11,"featured_media":0,"parent":0,"menu_order":0,"comment_status":"closed","ping_status":"closed","template":"","meta":{"ocean_post_layout":"full-screen","ocean_both_sidebars_style":"","ocean_both_sidebars_content_width":0,"ocean_both_sidebars_sidebars_width":0,"ocean_sidebar":"0","ocean_second_sidebar":"0","ocean_disable_margins":"enable","ocean_add_body_class":"","ocean_shortcode_before_top_bar":"","ocean_shortcode_after_top_bar":"","ocean_shortcode_before_header":"","ocean_shortcode_after_header":"","ocean_has_shortcode":"","ocean_shortcode_after_title":"","ocean_shortcode_before_footer_widgets":"","ocean_shortcode_after_footer_widgets":"","ocean_shortcode_before_footer_bottom":"","ocean_shortcode_after_footer_bottom":"","ocean_display_top_bar":"default","ocean_display_header":"default","ocean_header_style":"","ocean_center_header_left_menu":"0","ocean_custom_header_template":"0","ocean_custom_logo":0,"ocean_custom_retina_logo":0,"ocean_custom_logo_max_width":0,"ocean_custom_logo_tablet_max_width":0,"ocean_custom_logo_mobile_max_width":0,"ocean_custom_logo_max_height":0,"ocean_custom_logo_tablet_max_height":0,"ocean_custom_logo_mobile_max_height":0,"ocean_header_custom_menu":"0","ocean_menu_typo_font_family":"0","ocean_menu_typo_font_subset":"","ocean_menu_typo_font_size":0,"ocean_menu_typo_font_size_tablet":0,"ocean_menu_typo_font_size_mobile":0,"ocean_menu_typo_font_size_unit":"px","ocean_menu_typo_font_weight":"","ocean_menu_typo_font_weight_tablet":"","ocean_menu_typo_font_weight_mobile":"","ocean_menu_typo_transform":"","ocean_menu_typo_transform_tablet":"","ocean_menu_typo_transform_mobile":"","ocean_menu_typo_line_height":0,"ocean_menu_typo_line_height_tablet":0,"ocean_menu_typo_line_height_mobile":0,"ocean_menu_typo_line_height_unit":"","ocean_menu_typo_spacing":0,"ocean_menu_typo_spacing_tablet":0,"ocean_menu_typo_spacing_mobile":0,"ocean_menu_typo_spacing_unit":"","ocean_menu_link_color":"","ocean_menu_link_color_hover":"","ocean_menu_link_color_active":"","ocean_menu_link_background":"","ocean_menu_link_hover_background":"","ocean_menu_link_active_background":"","ocean_menu_social_links_bg":"","ocean_menu_social_hover_links_bg":"","ocean_menu_social_links_color":"","ocean_menu_social_hover_links_color":"","ocean_disable_title":"default","ocean_disable_heading":"default","ocean_post_title":"","ocean_post_subheading":"","ocean_post_title_style":"","ocean_post_title_background_color":"","ocean_post_title_background":0,"ocean_post_title_bg_image_position":"","ocean_post_title_bg_image_attachment":"","ocean_post_title_bg_image_repeat":"","ocean_post_title_bg_image_size":"","ocean_post_title_height":0,"ocean_post_title_bg_overlay":0.5,"ocean_post_title_bg_overlay_color":"","ocean_disable_breadcrumbs":"default","ocean_breadcrumbs_color":"","ocean_breadcrumbs_separator_color":"","ocean_breadcrumbs_links_color":"","ocean_breadcrumbs_links_hover_color":"","ocean_display_footer_widgets":"default","ocean_display_footer_bottom":"default","ocean_custom_footer_template":"0","footnotes":""},"_links":{"self":[{"href":"https:\/\/www.avision.com\/de\/wp-json\/wp\/v2\/pages\/14724"}],"collection":[{"href":"https:\/\/www.avision.com\/de\/wp-json\/wp\/v2\/pages"}],"about":[{"href":"https:\/\/www.avision.com\/de\/wp-json\/wp\/v2\/types\/page"}],"author":[{"embeddable":true,"href":"https:\/\/www.avision.com\/de\/wp-json\/wp\/v2\/users\/11"}],"replies":[{"embeddable":true,"href":"https:\/\/www.avision.com\/de\/wp-json\/wp\/v2\/comments?post=14724"}],"version-history":[{"count":5,"href":"https:\/\/www.avision.com\/de\/wp-json\/wp\/v2\/pages\/14724\/revisions"}],"predecessor-version":[{"id":14729,"href":"https:\/\/www.avision.com\/de\/wp-json\/wp\/v2\/pages\/14724\/revisions\/14729"}],"wp:attachment":[{"href":"https:\/\/www.avision.com\/de\/wp-json\/wp\/v2\/media?parent=14724"}],"curies":[{"name":"wp","href":"https:\/\/api.w.org\/{rel}","templated":true}]}}