{"id":11398,"date":"2022-02-01T08:55:27","date_gmt":"2022-02-01T08:55:27","guid":{"rendered":"https:\/\/www.avision.com\/de\/?post_type=product&#038;p=11398"},"modified":"2023-11-29T11:36:24","modified_gmt":"2023-11-29T11:36:24","slug":"fb10","status":"publish","type":"product","link":"https:\/\/www.avision.com\/de\/shop\/flatbed-scanner\/fb10\/","title":{"rendered":"FB10"},"content":{"rendered":"<p><img decoding=\"async\" loading=\"lazy\" class=\"size-full wp-image-7450 alignleft\" src=\"https:\/\/www.avision.com\/de\/wp-content\/uploads\/sites\/8\/2021\/09\/A4.png\" alt=\"\" width=\"73\" height=\"69\" \/><\/p>\n<p>&nbsp;<\/p>\n<p>&nbsp;<\/p>\n<div class=\"su-spacer\" style=\"height:25px\"><\/div>\n<hr \/>\n<div class=\"su-spacer\" style=\"height:25px\"><\/div>\n<h3><span style=\"color: #0e3a65;\"><strong>\u258eDie ideale L\u00f6sung zum Scannen von mehrseitigen und unterschiedlich starken Dokumenten<\/strong><\/span><\/h3>\n<p>Wenn ein dickes Dokument oder ein Buch gescannt werden muss, kann die innovative Abdeckung angehoben werden, um das Abflachen zu erleichtern. Dadurch wird die gescannte Seite gleichm\u00e4\u00dfig beleuchtet und es f\u00fchrt zu einer verbesserten Bildqualit\u00e4t.<\/p>\n<h3><span style=\"color: #0e3a65;\"><strong>\u258eKein Netzkabel erforderlich<\/strong><\/span><\/h3>\n<p>Der FB10 wird \u00fcber das USB-Kabel mit dem PC verbunden. Kein externer Netzadapter und Kabel sind erforderlich!<\/p>\n<h3><span style=\"color: #0e3a65;\"><strong>\u258eHohe optische Aufl\u00f6sung von 1200 dpi<\/strong><\/span><\/h3>\n<p>Trotz seines geringen Platzbedarfs ist die FB10 sehr aufl\u00f6send. Mit einer echten optischen Aufl\u00f6sung von 1200 dpi ist die FB10 in der Lage, Bilder in feinen Details und subtilen Nuancen zu reproduzieren.<\/p>\n<h3><span style=\"color: #0e3a65;\"><strong>\u258eKein Aufw\u00e4rmen erforderlich und schnelle Scan-Geschwindigkeit<\/strong><\/span><\/h3>\n<p>Das LED-Beleuchtungssystem spart nicht nur Strom, es ben\u00f6tigt auch keine Aufw\u00e4rmzeit. Der FB10 ist startbereit, sobald Sie ihn einschalten. Es dauert nur 9 Sekunden, um ein A4-Dokument zu scannen.<\/p>\n<h3><span style=\"color: #0e3a65;\"><strong>\u258eErweiterte Einstellungen \u00fcber TWAIN-Treiber<\/strong><\/span><\/h3>\n<p>Die TWAIN-Benutzeroberfl\u00e4che von Avision bietet verschiedene Bildverbesserungs-Tools zur Verbesserung der Bildqualit\u00e4t, einschlie\u00dflich automatischem Beschneiden und Schr\u00e4glagenkorrektur, automatischer Farberkennung, Farbanpassung, Fleckenentfernung, Farbausblendung und so weiter. Nach dem Scannen und k\u00f6nnen Dokumente sofort verwendet werden!<\/p>\n<h3><span style=\"color: #0e3a65;\"><strong>\u258eAutomatisches Beschneiden mehrerer Bilder<\/strong><\/span><\/h3>\n<p>Dar\u00fcber hinaus verf\u00fcgt der Scanner \u00fcber die praktische Funktion zum Beschneiden mehrerer Bilder. Mit dieser Funktion k\u00f6nnen Dokumente in verschiedenen Gr\u00f6\u00dfen wie Fotos, ID-Karten oder Visitenkarten auf dem Flachbett platziert werden, und der Scanner kann mehrere Bilder entsprechend der Originalgr\u00f6\u00dfe der Dokumente in einem einzigen Scan zuschneiden und erstellen.<\/p>\n<p>&nbsp;<\/p>\n<h3><span style=\"color: #0e3a65;\"><strong>\u258eEigenschaften\u00a0<\/strong><\/span><\/h3>\n<ul>\n<li>Ultra Slim &#8211; 46 mm (1,8 Zoll) in der H\u00f6he und 1,4 kg (3,1 lb.) Gewicht<\/li>\n<li>Scangr\u00f6\u00dfe bis zu DIN A4 (210 x 297 mm)<\/li>\n<li>Intelligente Abdeckung zum Scannen dicker Dokumente oder Magazine<\/li>\n<li>Optische Aufl\u00f6sung bis zu 1200 dpi<\/li>\n<li>Scannt eine A4-Seite nur 9 Sekunden (Farbe, 300 dpi)<\/li>\n<li>Die einfach zu bedienende TWAIN-Benutzeroberfl\u00e4che bietet verschiedene n\u00fctzliche Funktionen wie automatische Farberkennung, Farbanpassung und Fleckenentfernung, um die Bildqualit\u00e4t zu verbessern<\/li>\n<li>Beim automatischen Beschneiden mehrerer Bilder werden mehrere Bilder in einem Scan erstellt, um Zeit zu sparen<\/li>\n<\/ul>\n<p>&nbsp;<\/p>\n<hr \/>\n<h3><\/h3>\n<h3><span style=\"color: #0e3a65;\"><strong>\u258ePr\u00fcfzeichen<\/strong><\/span><\/h3>\n<div class=\"su-spoiler su-spoiler-style-default su-spoiler-icon-arrow-circle-1  su-spoiler-closed\" data-scroll-offset=\"0\" data-anchor-in-url=\"no\"><div class=\"su-spoiler-title\" tabindex=\"0\" role=\"button\"><span class=\"su-spoiler-icon\"><\/span>Weitere Informationen<\/div><div class=\"su-spoiler-content su-u-clearfix su-u-trim\">\n<div style=\"padding: 5px; border: 3px solid #ffffff;\">\n<table id=\"tbl\" border=\"1\" frame=\"void&quot;\">\n<tbody>\n<tr>\n<td bgcolor=\"white\" width=\"200px\"><span class=\"su-lightbox\" data-mfp-src=\"https:\/\/www.avision.com\/de\/smart-image\/\" data-mfp-type=\"iframe\" data-mobile=\"yes\"><img decoding=\"async\" loading=\"lazy\" class=\"wp-image-7531 aligncenter\" src=\"https:\/\/www.avision.com\/de\/wp-content\/uploads\/sites\/8\/2021\/09\/SmartImage.png\" alt=\"\" width=\"100\" height=\"70\" \/><br \/>\n<\/span><\/td>\n<td bgcolor=\"white\" width=\"200px\"><a href=\"https:\/\/www.usb.org\/\"><img decoding=\"async\" loading=\"lazy\" class=\" wp-image-7829 aligncenter\" src=\"https:\/\/www.avision.com\/de\/wp-content\/uploads\/sites\/8\/2021\/09\/USB3.0.png\" alt=\"\" width=\"117\" height=\"54\" \/><\/a><\/td>\n<td bgcolor=\"white\" width=\"200px\"><img decoding=\"async\" loading=\"lazy\" class=\"size-full wp-image-11356 aligncenter\" src=\"https:\/\/www.avision.com\/de\/wp-content\/uploads\/sites\/8\/2021\/09\/win10.jpg\" alt=\"\" width=\"63\" height=\"78\" \/><\/td>\n<\/tr>\n<\/tbody>\n<\/table>\n<\/div>\n<\/div><\/div>\n","protected":false},"excerpt":{"rendered":"<h3><span style=\"color: #0e3a65;\">FB10 &#8211; A4 Flachbettscanner<\/span><\/h3>\n<p>Avision verk\u00fcndet die A4 Scanner-Serie: Mit einer Scangr\u00f6\u00dfe von bis zu A4 ist die Avision FB10 Ihr ideales Werkzeug, um Ihr Gesch\u00e4ftsdokument zu digitalisieren. Basierend auf der innovativen CIS-Technologie (Contact Image Sensor) ist die FB10 nur 46 mm hoch und wiegt nur 1,4 kg.<\/p>\n","protected":false},"featured_media":11399,"template":"","meta":{"ocean_post_layout":"","ocean_both_sidebars_style":"","ocean_both_sidebars_content_width":0,"ocean_both_sidebars_sidebars_width":0,"ocean_sidebar":"0","ocean_second_sidebar":"0","ocean_disable_margins":"enable","ocean_add_body_class":"","ocean_shortcode_before_top_bar":"","ocean_shortcode_after_top_bar":"","ocean_shortcode_before_header":"","ocean_shortcode_after_header":"","ocean_has_shortcode":"","ocean_shortcode_after_title":"","ocean_shortcode_before_footer_widgets":"","ocean_shortcode_after_footer_widgets":"","ocean_shortcode_before_footer_bottom":"","ocean_shortcode_after_footer_bottom":"","ocean_display_top_bar":"default","ocean_display_header":"default","ocean_header_style":"","ocean_center_header_left_menu":"0","ocean_custom_header_template":"0","ocean_custom_logo":0,"ocean_custom_retina_logo":0,"ocean_custom_logo_max_width":0,"ocean_custom_logo_tablet_max_width":0,"ocean_custom_logo_mobile_max_width":0,"ocean_custom_logo_max_height":0,"ocean_custom_logo_tablet_max_height":0,"ocean_custom_logo_mobile_max_height":0,"ocean_header_custom_menu":"0","ocean_menu_typo_font_family":"0","ocean_menu_typo_font_subset":"","ocean_menu_typo_font_size":0,"ocean_menu_typo_font_size_tablet":0,"ocean_menu_typo_font_size_mobile":0,"ocean_menu_typo_font_size_unit":"px","ocean_menu_typo_font_weight":"","ocean_menu_typo_font_weight_tablet":"","ocean_menu_typo_font_weight_mobile":"","ocean_menu_typo_transform":"","ocean_menu_typo_transform_tablet":"","ocean_menu_typo_transform_mobile":"","ocean_menu_typo_line_height":0,"ocean_menu_typo_line_height_tablet":0,"ocean_menu_typo_line_height_mobile":0,"ocean_menu_typo_line_height_unit":"","ocean_menu_typo_spacing":0,"ocean_menu_typo_spacing_tablet":0,"ocean_menu_typo_spacing_mobile":0,"ocean_menu_typo_spacing_unit":"","ocean_menu_link_color":"","ocean_menu_link_color_hover":"","ocean_menu_link_color_active":"","ocean_menu_link_background":"","ocean_menu_link_hover_background":"","ocean_menu_link_active_background":"","ocean_menu_social_links_bg":"","ocean_menu_social_hover_links_bg":"","ocean_menu_social_links_color":"","ocean_menu_social_hover_links_color":"","ocean_disable_title":"default","ocean_disable_heading":"default","ocean_post_title":"","ocean_post_subheading":"","ocean_post_title_style":"","ocean_post_title_background_color":"","ocean_post_title_background":0,"ocean_post_title_bg_image_position":"","ocean_post_title_bg_image_attachment":"","ocean_post_title_bg_image_repeat":"","ocean_post_title_bg_image_size":"","ocean_post_title_height":0,"ocean_post_title_bg_overlay":0.5,"ocean_post_title_bg_overlay_color":"","ocean_disable_breadcrumbs":"default","ocean_breadcrumbs_color":"","ocean_breadcrumbs_separator_color":"","ocean_breadcrumbs_links_color":"","ocean_breadcrumbs_links_hover_color":"","ocean_display_footer_widgets":"default","ocean_display_footer_bottom":"default","ocean_custom_footer_template":"0"},"product_cat":[332],"product_tag":[],"_links":{"self":[{"href":"https:\/\/www.avision.com\/de\/wp-json\/wp\/v2\/product\/11398"}],"collection":[{"href":"https:\/\/www.avision.com\/de\/wp-json\/wp\/v2\/product"}],"about":[{"href":"https:\/\/www.avision.com\/de\/wp-json\/wp\/v2\/types\/product"}],"version-history":[{"count":6,"href":"https:\/\/www.avision.com\/de\/wp-json\/wp\/v2\/product\/11398\/revisions"}],"predecessor-version":[{"id":14036,"href":"https:\/\/www.avision.com\/de\/wp-json\/wp\/v2\/product\/11398\/revisions\/14036"}],"wp:featuredmedia":[{"embeddable":true,"href":"https:\/\/www.avision.com\/de\/wp-json\/wp\/v2\/media\/11399"}],"wp:attachment":[{"href":"https:\/\/www.avision.com\/de\/wp-json\/wp\/v2\/media?parent=11398"}],"wp:term":[{"taxonomy":"product_cat","embeddable":true,"href":"https:\/\/www.avision.com\/de\/wp-json\/wp\/v2\/product_cat?post=11398"},{"taxonomy":"product_tag","embeddable":true,"href":"https:\/\/www.avision.com\/de\/wp-json\/wp\/v2\/product_tag?post=11398"}],"curies":[{"name":"wp","href":"https:\/\/api.w.org\/{rel}","templated":true}]}}