{"id":11536,"date":"2022-02-01T07:25:15","date_gmt":"2022-02-01T07:25:15","guid":{"rendered":"https:\/\/www.avision.com\/de\/?post_type=product&#038;p=11536"},"modified":"2022-03-11T06:16:00","modified_gmt":"2022-03-11T06:16:00","slug":"ad215l","status":"publish","type":"product","link":"https:\/\/www.avision.com\/de\/shop\/document-scanner\/ad215l\/","title":{"rendered":"AD215L"},"content":{"rendered":"<p><img decoding=\"async\" loading=\"lazy\" class=\"alignnone size-full wp-image-7450 alignleft\" src=\"https:\/\/www.avision.com\/de\/wp-content\/uploads\/sites\/8\/2021\/09\/A4.png\" alt=\"\" width=\"73\" height=\"69\" \/> <img decoding=\"async\" loading=\"lazy\" class=\"alignnone size-full wp-image-7349 alignleft\" src=\"https:\/\/www.avision.com\/de\/wp-content\/uploads\/sites\/8\/2021\/09\/BW20p40i.png\" alt=\"\" width=\"74\" height=\"69\" \/> <img decoding=\"async\" loading=\"lazy\" class=\"alignnone size-full wp-image-7389 alignleft\" src=\"https:\/\/www.avision.com\/de\/wp-content\/uploads\/sites\/8\/2021\/09\/color20p40i.png\" alt=\"\" width=\"74\" height=\"69\" \/> <img decoding=\"async\" loading=\"lazy\" class=\"alignnone size-full wp-image-7328 alignleft\" src=\"https:\/\/www.avision.com\/de\/wp-content\/uploads\/sites\/8\/2021\/09\/ADF20.png\" alt=\"\" width=\"73\" height=\"69\" \/> <img decoding=\"async\" loading=\"lazy\" class=\"alignnone size-full wp-image-7446 alignleft\" src=\"https:\/\/www.avision.com\/de\/wp-content\/uploads\/sites\/8\/2021\/09\/118in.png\" alt=\"\" width=\"74\" height=\"69\" \/> <img decoding=\"async\" loading=\"lazy\" class=\"alignnone size-full wp-image-7426 alignleft\" src=\"https:\/\/www.avision.com\/de\/wp-content\/uploads\/sites\/8\/2021\/09\/ID-card-scan.png\" alt=\"\" width=\"73\" height=\"69\" \/> <img decoding=\"async\" loading=\"lazy\" class=\"alignnone size-full wp-image-7410 alignleft\" src=\"https:\/\/www.avision.com\/de\/wp-content\/uploads\/sites\/8\/2021\/09\/duplex.png\" alt=\"\" width=\"74\" height=\"69\" \/><\/p>\n<p>&nbsp;<\/p>\n<p>&nbsp;<\/p>\n<div class=\"su-spacer\" style=\"height:25px\"><\/div>\n<hr \/>\n<div class=\"su-spacer\" style=\"height:25px\"><\/div>\n<h3><span style=\"color: #0e3a65;\">\u258dProduktiv und flexibel<\/span><\/h3>\n<p>Der AD215L ist mit einer Scan Rate von bis zu 20 Seiten pro Minute und 40 Seiten pro Minute \u00fcber den integrierten automatischen Dokumenteneinzug f\u00fcr 20 Seiten produktiv und kann Dokumente bis zu 14 Zoll (35cm) aufnehmen. Um qualitativ hochwertige Kartenbilder zu erfassen, verf\u00fcgt das AD215L auch \u00fcber ein spezielles Frontfach f\u00fcr Kunststoffausweise, F\u00fchrerscheine und sogar gepr\u00e4gte Karten bis zu 1,25 mm oder Papier bis zur zul\u00e4ssigen Gr\u00f6\u00dfe 8,5 x 14 Zoll (21,6 x 35,6cm) und einem Gewicht zwischen 27 und 120 g \/ m2. Um Ihren Arbeitsraum flexibel zu nutzen, k\u00f6nnen Sie Ihr einseitiges Dokument oder Ihre Karten entweder in das vordere Fach einlegen oder sie k\u00f6nnen entweder auf der gleichen oder auf der gegen\u00fcberliegenden Seite des Papierfachs ausgeworfen werden.<\/p>\n<h3><span style=\"color: #0e3a65;\">\u258dScannen per Knopfdruck<\/span><\/h3>\n<p>Mit der neu entwickelten Software von Avision, dem Button Manager V2, scannt der AD215L beide Seiten einer Seite per Knopfdruck direkt in PDF, durchsuchbare PDF, JPEG oder in Office-Anwendungen wie Word oder Excel\u00ae. Der AD215L erkennt automatisch die Gr\u00f6\u00dfe jedes Dokuments, erkennt und richtet den Schr\u00e4glauf und zeigt Bilder in ihrer korrekten Ausrichtung an. Au\u00dferdem kann das gescannte Bild direkt an das von Ihnen angegebene Ziel gesendet werden, einschlie\u00dflich E-Mail, Drucker, Bildbearbeitungssoftware oder sogar eines Cloud-Servers wie Google Drive oder Microsoft SharePoint.<\/p>\n<h3><span style=\"color: #0e3a65;\">\u258dMitgeliefertes Softwarepaket<\/span><\/h3>\n<p>Der Avision AD215L wird mit TWAIN- und ISIS-Treibern geliefert und ist mit einer Reihe leistungsstarker Softwareanwendungen wie Avision Button Manager V2, AVScan X und Nuance PaperPort SE 14 ausgestattet. Mit Button Manager V2 k\u00f6nnen Sie durchsuchbare PDFs erstellen, scannen und senden Bilder an E-Mail, Drucker oder andere Ziele mit einem einfachen Dr\u00fccken der Scan-Taste. AVScan X und PaperPort sind hocheffektive Bildverarbeitungs- und Dokumentverwaltungssoftware, mit der Sie Ihre Aufgabe effizienter gestalten k\u00f6nnen.<\/p>\n<p>&nbsp;<\/p>\n<h3><span style=\"color: #0e3a65;\">\u258dEigenschaften<\/span><\/h3>\n<ul>\n<li>Schnelle Scanrate von bis zu 20 Seiten pro Minute und 40 Bildern pro Minute<\/li>\n<li>20-seitiger automatischer Vorlageneinzug (27 und 120 g \/ m\u00b2)<\/li>\n<li>Vorderer und hinterer Einzug, um gepr\u00e4gte Karten bis zu 1,25 mm und Papier bis zu einer zul\u00e4ssigen Gr\u00f6\u00dfe und einem Gewicht zwischen 27 und 413 g \/ m\u00b2 aufzunehmen<\/li>\n<li>Automatisches Beschneiden und Gl\u00e4tten eines schr\u00e4gen Dokuments<\/li>\n<li>Dr\u00fccken Sie und scannen Sie \u00fcber die mitgelieferte Software Button Manager V2 zu Cloud-Servern<\/li>\n<li>Dr\u00fccken Sie und f\u00fcgen Sie Ihr gescanntes Bild \u00fcber die mitgelieferte Software\u00a0\u00a0Button Manager V2 direkt in Ihren Texteditor ein<br \/>\numweltfreundliche LED-Technologie<\/li>\n<li>Scannen langer Seiten: ca.300cm (&lt;300 dpi, Farbe)<\/li>\n<li>Einstellung f\u00fcr automatische Abschaltung<\/li>\n<\/ul>\n<p>&nbsp;<\/p>\n<hr \/>\n<h3><\/h3>\n<h3><span style=\"color: #0e3a65;\"><strong>\u258ePr\u00fcfzeichen<\/strong><\/span><\/h3>\n<div class=\"su-spoiler su-spoiler-style-default su-spoiler-icon-arrow-circle-1  su-spoiler-closed\" data-scroll-offset=\"0\" data-anchor-in-url=\"no\"><div class=\"su-spoiler-title\" tabindex=\"0\" role=\"button\"><span class=\"su-spoiler-icon\"><\/span>Weitere Informationen<\/div><div class=\"su-spoiler-content su-u-clearfix su-u-trim\">\n<div style=\"padding: 5px; border: 3px solid #ffffff;\">\n<table id=\"tbl\" border=\"1\" frame=\"void&quot;\">\n<tbody>\n<tr>\n<td bgcolor=\"white\" width=\"200px\"><span class=\"su-lightbox\" data-mfp-src=\"#my-custom-popup\" data-mfp-type=\"inline\" data-mobile=\"yes\"><img decoding=\"async\" loading=\"lazy\" class=\"wp-image-7528 aligncenter\" src=\"https:\/\/www.avision.com\/de\/wp-content\/uploads\/sites\/8\/2021\/09\/800px-Energy_Star_logo.svg-293x300.png\" alt=\"\" width=\"73\" height=\"75\" srcset=\"https:\/\/www.avision.com\/de\/wp-content\/uploads\/sites\/8\/2021\/09\/800px-Energy_Star_logo.svg-293x300.png 293w, https:\/\/www.avision.com\/de\/wp-content\/uploads\/sites\/8\/2021\/09\/800px-Energy_Star_logo.svg-768x786.png 768w, https:\/\/www.avision.com\/de\/wp-content\/uploads\/sites\/8\/2021\/09\/800px-Energy_Star_logo.svg-600x614.png 600w, https:\/\/www.avision.com\/de\/wp-content\/uploads\/sites\/8\/2021\/09\/800px-Energy_Star_logo.svg.png 800w\" sizes=\"(max-width: 73px) 100vw, 73px\" \/><\/span><\/td>\n<td bgcolor=\"white\" width=\"200px\"><span class=\"su-lightbox\" data-mfp-src=\"https:\/\/www.avision.com\/de\/smart-image\/\" data-mfp-type=\"iframe\" data-mobile=\"yes\"><img decoding=\"async\" loading=\"lazy\" class=\"wp-image-7531 aligncenter\" src=\"https:\/\/www.avision.com\/de\/wp-content\/uploads\/sites\/8\/2021\/09\/SmartImage.png\" alt=\"\" width=\"100\" height=\"70\" \/><br \/>\n<\/span><\/td>\n<td bgcolor=\"white\" width=\"200px\"><img decoding=\"async\" loading=\"lazy\" class=\"size-full wp-image-11356 aligncenter\" src=\"https:\/\/www.avision.com\/de\/wp-content\/uploads\/sites\/8\/2021\/09\/win10.jpg\" alt=\"\" width=\"63\" height=\"78\" \/><\/td>\n<\/tr>\n<\/tbody>\n<\/table>\n<\/div>\n<div class=\"su-lightbox-content su-u-trim \" id=\"my-custom-popup\" style=\"display:none;width:auto;min-width:none;max-width:600px;margin-top:40px;margin-bottom:40px;padding:40px;background:#FFFFFF;color:#333333;box-shadow:0px 0px 15px #333333;text-align:left\">\n<h1><span style=\"color: #0e3a65;\">ENERGY STAR<\/span><\/h1>\n<p>&nbsp;<\/p>\n<h2>ENERGY STAR Was ist ENERGY STAR?<\/h2>\n<p><a href=\"https:\/\/www.energystar.gov\/\"><img decoding=\"async\" loading=\"lazy\" class=\"size-medium wp-image-11921 aligncenter\" src=\"https:\/\/www.avision.com\/de\/wp-content\/uploads\/sites\/8\/2021\/09\/energy_star-2-300x243.jpg\" alt=\"\" width=\"300\" height=\"243\" srcset=\"https:\/\/www.avision.com\/de\/wp-content\/uploads\/sites\/8\/2021\/09\/energy_star-2-300x243.jpg 300w, https:\/\/www.avision.com\/de\/wp-content\/uploads\/sites\/8\/2021\/09\/energy_star-2.jpg 497w\" sizes=\"(max-width: 300px) 100vw, 300px\" \/><\/a><\/p>\n<p>ENERGY STAR ist ein gemeinsames Programm der U.S. Environmental Protection Agency und des U.S. Department of Energy, das uns allen hilft, durch energieeffiziente Produkte und Verfahren Geld zu sparen und die Umwelt zu sch\u00fctzen.<br \/>\nW\u00e4hlen Sie ENERGY STAR-zertifizierte Produkte ENERGY STAR-zertifizierte Produkte erf\u00fcllen die strengen Energieeffizienzrichtlinien der US-amerikanischen EPA und des US-Energieministeriums.<br \/>\nSie verbrauchen weniger Energie, sparen Geld und tragen zum Schutz der Umwelt bei.<\/p>\n<p><a href=\"https:\/\/www.avision.com\/de\/wp-content\/uploads\/sites\/8\/2022\/01\/EnergyStarQualificationList_Ver3-03-1_20220110.pdf\">*Liste der ENERGY STAR V3.0-zertifizierten Avision-Produkte<\/a><\/p>\n<\/div>\n<\/div><\/div>\n","protected":false},"excerpt":{"rendered":"<h3><span style=\"color: #0e3a65;\">AD215L \u2013 Ihre portable L\u00f6sung f\u00fcr mobiles und station\u00e4res Scannen<\/span><\/h3>\n<p>Mit einer L\u00e4nge von 11,8 Zoll und einem Gewicht von nur 1400 Gramm verf\u00fcgt der Avision AD215L \u00fcber einen integrierten automatischen Dokumenteneinzug (ADF). Mit dem innovativen Design von ADF und Frontablage ist der AD215L einfach zu transportieren und bringt Produktivit\u00e4t an jeden Arbeitsplatz.<\/p>\n","protected":false},"featured_media":7501,"template":"","meta":{"ocean_post_layout":"full-screen","ocean_both_sidebars_style":"","ocean_both_sidebars_content_width":0,"ocean_both_sidebars_sidebars_width":0,"ocean_sidebar":"0","ocean_second_sidebar":"0","ocean_disable_margins":"enable","ocean_add_body_class":"","ocean_shortcode_before_top_bar":"","ocean_shortcode_after_top_bar":"","ocean_shortcode_before_header":"","ocean_shortcode_after_header":"","ocean_has_shortcode":"","ocean_shortcode_after_title":"","ocean_shortcode_before_footer_widgets":"","ocean_shortcode_after_footer_widgets":"","ocean_shortcode_before_footer_bottom":"","ocean_shortcode_after_footer_bottom":"","ocean_display_top_bar":"default","ocean_display_header":"default","ocean_header_style":"","ocean_center_header_left_menu":"0","ocean_custom_header_template":"0","ocean_custom_logo":0,"ocean_custom_retina_logo":0,"ocean_custom_logo_max_width":0,"ocean_custom_logo_tablet_max_width":0,"ocean_custom_logo_mobile_max_width":0,"ocean_custom_logo_max_height":0,"ocean_custom_logo_tablet_max_height":0,"ocean_custom_logo_mobile_max_height":0,"ocean_header_custom_menu":"0","ocean_menu_typo_font_family":"0","ocean_menu_typo_font_subset":"","ocean_menu_typo_font_size":0,"ocean_menu_typo_font_size_tablet":0,"ocean_menu_typo_font_size_mobile":0,"ocean_menu_typo_font_size_unit":"px","ocean_menu_typo_font_weight":"","ocean_menu_typo_font_weight_tablet":"","ocean_menu_typo_font_weight_mobile":"","ocean_menu_typo_transform":"","ocean_menu_typo_transform_tablet":"","ocean_menu_typo_transform_mobile":"","ocean_menu_typo_line_height":0,"ocean_menu_typo_line_height_tablet":0,"ocean_menu_typo_line_height_mobile":0,"ocean_menu_typo_line_height_unit":"","ocean_menu_typo_spacing":0,"ocean_menu_typo_spacing_tablet":0,"ocean_menu_typo_spacing_mobile":0,"ocean_menu_typo_spacing_unit":"","ocean_menu_link_color":"","ocean_menu_link_color_hover":"","ocean_menu_link_color_active":"","ocean_menu_link_background":"","ocean_menu_link_hover_background":"","ocean_menu_link_active_background":"","ocean_menu_social_links_bg":"","ocean_menu_social_hover_links_bg":"","ocean_menu_social_links_color":"","ocean_menu_social_hover_links_color":"","ocean_disable_title":"on","ocean_disable_heading":"default","ocean_post_title":"","ocean_post_subheading":"","ocean_post_title_style":"","ocean_post_title_background_color":"","ocean_post_title_background":0,"ocean_post_title_bg_image_position":"","ocean_post_title_bg_image_attachment":"","ocean_post_title_bg_image_repeat":"","ocean_post_title_bg_image_size":"","ocean_post_title_height":0,"ocean_post_title_bg_overlay":0.5,"ocean_post_title_bg_overlay_color":"","ocean_disable_breadcrumbs":"default","ocean_breadcrumbs_color":"","ocean_breadcrumbs_separator_color":"","ocean_breadcrumbs_links_color":"","ocean_breadcrumbs_links_hover_color":"","ocean_display_footer_widgets":"default","ocean_display_footer_bottom":"on","ocean_custom_footer_template":"0"},"product_cat":[333],"product_tag":[],"_links":{"self":[{"href":"https:\/\/www.avision.com\/de\/wp-json\/wp\/v2\/product\/11536"}],"collection":[{"href":"https:\/\/www.avision.com\/de\/wp-json\/wp\/v2\/product"}],"about":[{"href":"https:\/\/www.avision.com\/de\/wp-json\/wp\/v2\/types\/product"}],"version-history":[{"count":5,"href":"https:\/\/www.avision.com\/de\/wp-json\/wp\/v2\/product\/11536\/revisions"}],"predecessor-version":[{"id":14026,"href":"https:\/\/www.avision.com\/de\/wp-json\/wp\/v2\/product\/11536\/revisions\/14026"}],"wp:featuredmedia":[{"embeddable":true,"href":"https:\/\/www.avision.com\/de\/wp-json\/wp\/v2\/media\/7501"}],"wp:attachment":[{"href":"https:\/\/www.avision.com\/de\/wp-json\/wp\/v2\/media?parent=11536"}],"wp:term":[{"taxonomy":"product_cat","embeddable":true,"href":"https:\/\/www.avision.com\/de\/wp-json\/wp\/v2\/product_cat?post=11536"},{"taxonomy":"product_tag","embeddable":true,"href":"https:\/\/www.avision.com\/de\/wp-json\/wp\/v2\/product_tag?post=11536"}],"curies":[{"name":"wp","href":"https:\/\/api.w.org\/{rel}","templated":true}]}}