{"id":11572,"date":"2022-02-01T08:05:16","date_gmt":"2022-02-01T08:05:16","guid":{"rendered":"https:\/\/www.avision.com\/de\/?post_type=product&#038;p=11572"},"modified":"2022-03-11T06:12:47","modified_gmt":"2022-03-11T06:12:47","slug":"ad8120u","status":"publish","type":"product","link":"https:\/\/www.avision.com\/de\/shop\/document-scanner\/ad8120u\/","title":{"rendered":"AD8120U"},"content":{"rendered":"<p><img decoding=\"async\" loading=\"lazy\" class=\"alignnone size-full wp-image-7449 alignleft\" src=\"https:\/\/www.avision.com\/de\/wp-content\/uploads\/sites\/8\/2021\/09\/A3.png\" alt=\"\" width=\"73\" height=\"69\" \/> <img decoding=\"async\" loading=\"lazy\" class=\"alignnone size-full wp-image-7410 alignleft\" src=\"https:\/\/www.avision.com\/de\/wp-content\/uploads\/sites\/8\/2021\/09\/duplex.png\" alt=\"\" width=\"74\" height=\"69\" \/> <img decoding=\"async\" loading=\"lazy\" class=\"alignnone size-full wp-image-11566 alignleft\" src=\"https:\/\/www.avision.com\/de\/wp-content\/uploads\/sites\/8\/2021\/09\/0_ADF500.png\" alt=\"\" width=\"73\" height=\"69\" \/> <img decoding=\"async\" loading=\"lazy\" class=\"alignnone size-full wp-image-11564 alignleft\" src=\"https:\/\/www.avision.com\/de\/wp-content\/uploads\/sites\/8\/2021\/09\/0_BW120p240i.png\" alt=\"\" width=\"73\" height=\"68\" \/> <img decoding=\"async\" loading=\"lazy\" class=\"alignnone size-full wp-image-11565 alignleft\" src=\"https:\/\/www.avision.com\/de\/wp-content\/uploads\/sites\/8\/2021\/09\/0_color120p240i.png\" alt=\"\" width=\"73\" height=\"69\" \/> <img decoding=\"async\" loading=\"lazy\" class=\"alignnone size-full wp-image-7432 alignleft\" src=\"https:\/\/www.avision.com\/de\/wp-content\/uploads\/sites\/8\/2021\/09\/Ultra3sensor.png\" alt=\"\" width=\"74\" height=\"69\" \/> <img decoding=\"async\" loading=\"lazy\" class=\"alignnone size-full wp-image-7430 alignleft\" src=\"https:\/\/www.avision.com\/de\/wp-content\/uploads\/sites\/8\/2021\/09\/Staples_detection.png\" alt=\"\" width=\"74\" height=\"68\" \/> <img decoding=\"async\" loading=\"lazy\" class=\"alignnone size-full wp-image-7844 alignleft\" src=\"https:\/\/www.avision.com\/de\/wp-content\/uploads\/sites\/8\/2021\/09\/240in.png\" alt=\"\" width=\"73\" height=\"68\" \/><\/p>\n<p>&nbsp;<\/p>\n<p>&nbsp;<\/p>\n<div class=\"su-spacer\" style=\"height:25px\"><\/div>\n<hr \/>\n<div class=\"su-spacer\" style=\"height:25px\"><\/div>\n<h3><span style=\"color: #0e3a65;\">\u258dPapierschutztechnologie<\/span><\/h3>\n<p>Die fortschrittliche Papierschutztechnologie sch\u00fctzt wertvolles Papier vor faltigen oder zerrissenen Dokumenten. Der Scanvorgang wird angehalten, sobald eine schiefe Seite erkannt wird.<\/p>\n<h3><span style=\"color: #0e3a65;\">\u258dHohe t\u00e4gliche Durchsatzrate<\/span><\/h3>\n<p>Der AD8120U verf\u00fcgt \u00fcber einem automatischen Dokumenteneinzug (ADF) mit 500 Seitenkapazit\u00e4t und schafft ein t\u00e4gliches Scanvolumen von 100.000 Seiten.<\/p>\n<h3><span style=\"color: #0e3a65;\">\u258dUmweltfreundliche Nutzung<\/span><\/h3>\n<p>Dank der verwendeten LED-Technologie ben\u00f6tigt der AD8120U keine Aufw\u00e4rmzeit und verbraucht im Vergleich zu seinen Mitstreitern verringerten Stromverbrauch.<\/p>\n<h3><span style=\"color: #0e3a65;\">\u258dStaple Detection Technology<\/span><\/h3>\n<p>Avision&#8217;s Staple Detection feature automatically stops the scanning process when an unremoved staple is detected. If left undetected, staples could cause errors that compromise the document, cause jams, or damage the device.<\/p>\n<h3><span style=\"color: #0e3a65;\">\u258dDreifach-Ultraschallsensoren zur Erkennung von \u00fcberlagertem Papier<\/span><\/h3>\n<p>Mit der Ultraschall-Mehrfacherkennung meldet der Dokumentenscanner \u00fcberlappendes Papier und optimiert das Scanergebnis auch bei faltigen Papierdokumenten.<\/p>\n<h3><span style=\"color: #0e3a65;\">\u258dPlastikkarte oder ID-Karte verwenden den geraden Papierpfad<\/span><\/h3>\n<p>Um die Benutzer des Scanners die vielseitigsten Scanumgebungen zur Verf\u00fcgung zu stellen, kann der Benutzer einen &#8220;gekr\u00fcmmten oder geraden Papierpfad&#8221; verwenden. Durch \u00d6ffnen der hinteren Abdeckung k\u00f6nnen Benutzer den geraden Pfad verwenden, um Papier zur R\u00fcckseite des Ger\u00e4ts zu transportieren. Die Verwendung des geraden Papierweges gew\u00e4hrleistet eine hohe Zuverl\u00e4ssigkeit bei Plastikkarten, ID-Karten, dickem, langem Papier oder fragilen Dokumenten.<\/p>\n<h3><span style=\"color: #0e3a65;\">\u258dEin gro\u00dfes LCD-Display<\/span><\/h3>\n<p>Der AD8120U ist durch ein klares 1,8Zoll-LCD-Display einfach zu bedienen. Wenn Sie Ihr gew\u00fcnschtes Ziel ausgew\u00e4hlt haben und die Taste \u201eScannen\u201c dr\u00fccken, kann der Scan durchgef\u00fchrt und das gescannte Bild an Ihre angegebene Zielanwendung wie E-Mail, Drucker oder Ihre bevorzugte Bildbearbeitungssoftware gesendet werden. Bis zu neun h\u00e4ufig verwendete Scaneinstellungen und -ziele k\u00f6nnen f\u00fcr unterschiedliche Scananforderungen vor eingestellt werden.<\/p>\n<h3><span style=\"color: #0e3a65;\">\u258dScannen Sie mit Button Manager V2 in die Cloud<\/span><\/h3>\n<p>Der AD8120U wird mit einem TWAIN-Treiber und leistungsstarker Softwareanwendungen wie Avision Button Manager V2, AVScan X und Nuance PaperPort SE 14 geliefert.<\/p>\n<p>&nbsp;<\/p>\n<h3><span style=\"color: #0e3a65;\">\u258dEigenschaften<\/span><\/h3>\n<ul>\n<li>\u00a0120 ppm \/ 240 ipm Scannen in Farbe, Graustufen und Monochrom (200 dpi)<\/li>\n<li>Unterst\u00fctzt Dokumente bis zu 297 x 432mm (DIN A3)<\/li>\n<li>Robuster 500-Seiten-Dokumenteneinzug<\/li>\n<li>T\u00e4glicher Arbeitszyklus von bis zu 100.000 Blatt<\/li>\n<li>Drei Ultraschallsensoren zum Aktivieren oder Deaktivieren der Erkennung in verschiedenen Dokumentbereichen<br \/>\nKlammererkennung<\/li>\n<li>Gekr\u00fcmmter oder gerader Papierpfad<\/li>\n<li>Automatisches Beschneiden und Entzerren eines Dokuments mit der erweiterten Bildverarbeitungseinheit um die Scan-Geschwindigkeit zu verbessern<\/li>\n<li>Neueste USB 3.0-Konnektivit\u00e4t f\u00fcr schnellere \u00dcbertragungsgeschwindigkeit<\/li>\n<li>Die Reverse-Roller-Technologie bietet eine hervorragende Zulaufsicherheit<\/li>\n<li>Hart und gepr\u00e4gte Karten Scannen bis zu 1,25 mm St\u00e4rke im Querformat<\/li>\n<li>Dr\u00fccken Sie und scannen Sie \u00fcber die mitgelieferte Software Button Manager V2 zu Cloud-Servern<\/li>\n<li>Erdfreundliche LED-Technologie<\/li>\n<li>Lange Seite Scannen bis zu 6000 mm (236 &#8220;)<\/li>\n<li>Automatische Abschalteinstellung<\/li>\n<\/ul>\n<p>&nbsp;<\/p>\n<hr \/>\n<h3><\/h3>\n<h3><span style=\"color: #0e3a65;\"><strong>\u258ePr\u00fcfzeichen<\/strong><\/span><\/h3>\n<div class=\"su-spoiler su-spoiler-style-default su-spoiler-icon-arrow-circle-1  su-spoiler-closed\" data-scroll-offset=\"0\" data-anchor-in-url=\"no\"><div class=\"su-spoiler-title\" tabindex=\"0\" role=\"button\"><span class=\"su-spoiler-icon\"><\/span>Weitere Informationen<\/div><div class=\"su-spoiler-content su-u-clearfix su-u-trim\">\n<div style=\"padding: 5px; border: 3px solid #ffffff;\">\n<div class=\"su-lightbox-content su-u-trim \" id=\"my-custom-popup\" style=\"display:none;width:auto;min-width:none;max-width:600px;margin-top:40px;margin-bottom:40px;padding:40px;background:#FFFFFF;color:#333333;box-shadow:0px 0px 15px #333333;text-align:left\">\n<h1><span style=\"color: #0e3a65;\">ENERGY STAR<\/span><\/h1>\n<p>&nbsp;<\/p>\n<h2>ENERGY STAR Was ist ENERGY STAR?<\/h2>\n<p><a href=\"https:\/\/www.energystar.gov\/\"><img decoding=\"async\" loading=\"lazy\" class=\"size-medium wp-image-11921 aligncenter\" src=\"https:\/\/www.avision.com\/de\/wp-content\/uploads\/sites\/8\/2021\/09\/energy_star-2-300x243.jpg\" alt=\"\" width=\"300\" height=\"243\" srcset=\"https:\/\/www.avision.com\/de\/wp-content\/uploads\/sites\/8\/2021\/09\/energy_star-2-300x243.jpg 300w, https:\/\/www.avision.com\/de\/wp-content\/uploads\/sites\/8\/2021\/09\/energy_star-2.jpg 497w\" sizes=\"(max-width: 300px) 100vw, 300px\" \/><\/a><\/p>\n<p>ENERGY STAR ist ein gemeinsames Programm der U.S. Environmental Protection Agency und des U.S. Department of Energy, das uns allen hilft, durch energieeffiziente Produkte und Verfahren Geld zu sparen und die Umwelt zu sch\u00fctzen.<br \/>\nW\u00e4hlen Sie ENERGY STAR-zertifizierte Produkte ENERGY STAR-zertifizierte Produkte erf\u00fcllen die strengen Energieeffizienzrichtlinien der US-amerikanischen EPA und des US-Energieministeriums.<br \/>\nSie verbrauchen weniger Energie, sparen Geld und tragen zum Schutz der Umwelt bei.<\/p>\n<p><a href=\"https:\/\/www.avision.com\/de\/wp-content\/uploads\/sites\/8\/2022\/01\/EnergyStarQualificationList_Ver3-03-1_20220110.pdf\">*Liste der ENERGY STAR V3.0-zertifizierten Avision-Produkte<\/a><\/p>\n<\/div>\n<\/div><\/div>\n<\/div>\n","protected":false},"excerpt":{"rendered":"<h3><span style=\"color: #0e3a65;\">AD8120U A Duplex High-Volume Production Scanner<\/span><\/h3>\n<p>Avision is pleased to announce its release of the high-volume production scanner with a robust 500-page auto document feeder and a blazing scanning speed of\u00a0up to 120 ppm\/240 ipm\u00a0in Color, Grayscale, and Monochrome. Combining paper protection technology and triple ultrasonic double-feed detection capability, the AD8120U delivers exceptional feeding reliability to maximize your scanning productivity in a small unit.<\/p>\n","protected":false},"featured_media":11567,"template":"","meta":{"ocean_post_layout":"full-screen","ocean_both_sidebars_style":"","ocean_both_sidebars_content_width":0,"ocean_both_sidebars_sidebars_width":0,"ocean_sidebar":"0","ocean_second_sidebar":"0","ocean_disable_margins":"enable","ocean_add_body_class":"","ocean_shortcode_before_top_bar":"","ocean_shortcode_after_top_bar":"","ocean_shortcode_before_header":"","ocean_shortcode_after_header":"","ocean_has_shortcode":"","ocean_shortcode_after_title":"","ocean_shortcode_before_footer_widgets":"","ocean_shortcode_after_footer_widgets":"","ocean_shortcode_before_footer_bottom":"","ocean_shortcode_after_footer_bottom":"","ocean_display_top_bar":"default","ocean_display_header":"default","ocean_header_style":"","ocean_center_header_left_menu":"0","ocean_custom_header_template":"0","ocean_custom_logo":0,"ocean_custom_retina_logo":0,"ocean_custom_logo_max_width":0,"ocean_custom_logo_tablet_max_width":0,"ocean_custom_logo_mobile_max_width":0,"ocean_custom_logo_max_height":0,"ocean_custom_logo_tablet_max_height":0,"ocean_custom_logo_mobile_max_height":0,"ocean_header_custom_menu":"0","ocean_menu_typo_font_family":"0","ocean_menu_typo_font_subset":"","ocean_menu_typo_font_size":0,"ocean_menu_typo_font_size_tablet":0,"ocean_menu_typo_font_size_mobile":0,"ocean_menu_typo_font_size_unit":"px","ocean_menu_typo_font_weight":"","ocean_menu_typo_font_weight_tablet":"","ocean_menu_typo_font_weight_mobile":"","ocean_menu_typo_transform":"","ocean_menu_typo_transform_tablet":"","ocean_menu_typo_transform_mobile":"","ocean_menu_typo_line_height":0,"ocean_menu_typo_line_height_tablet":0,"ocean_menu_typo_line_height_mobile":0,"ocean_menu_typo_line_height_unit":"","ocean_menu_typo_spacing":0,"ocean_menu_typo_spacing_tablet":0,"ocean_menu_typo_spacing_mobile":0,"ocean_menu_typo_spacing_unit":"","ocean_menu_link_color":"","ocean_menu_link_color_hover":"","ocean_menu_link_color_active":"","ocean_menu_link_background":"","ocean_menu_link_hover_background":"","ocean_menu_link_active_background":"","ocean_menu_social_links_bg":"","ocean_menu_social_hover_links_bg":"","ocean_menu_social_links_color":"","ocean_menu_social_hover_links_color":"","ocean_disable_title":"on","ocean_disable_heading":"default","ocean_post_title":"","ocean_post_subheading":"","ocean_post_title_style":"","ocean_post_title_background_color":"","ocean_post_title_background":0,"ocean_post_title_bg_image_position":"","ocean_post_title_bg_image_attachment":"","ocean_post_title_bg_image_repeat":"","ocean_post_title_bg_image_size":"","ocean_post_title_height":0,"ocean_post_title_bg_overlay":0.5,"ocean_post_title_bg_overlay_color":"","ocean_disable_breadcrumbs":"default","ocean_breadcrumbs_color":"","ocean_breadcrumbs_separator_color":"","ocean_breadcrumbs_links_color":"","ocean_breadcrumbs_links_hover_color":"","ocean_display_footer_widgets":"default","ocean_display_footer_bottom":"on","ocean_custom_footer_template":"0"},"product_cat":[333],"product_tag":[],"_links":{"self":[{"href":"https:\/\/www.avision.com\/de\/wp-json\/wp\/v2\/product\/11572"}],"collection":[{"href":"https:\/\/www.avision.com\/de\/wp-json\/wp\/v2\/product"}],"about":[{"href":"https:\/\/www.avision.com\/de\/wp-json\/wp\/v2\/types\/product"}],"version-history":[{"count":5,"href":"https:\/\/www.avision.com\/de\/wp-json\/wp\/v2\/product\/11572\/revisions"}],"predecessor-version":[{"id":14021,"href":"https:\/\/www.avision.com\/de\/wp-json\/wp\/v2\/product\/11572\/revisions\/14021"}],"wp:featuredmedia":[{"embeddable":true,"href":"https:\/\/www.avision.com\/de\/wp-json\/wp\/v2\/media\/11567"}],"wp:attachment":[{"href":"https:\/\/www.avision.com\/de\/wp-json\/wp\/v2\/media?parent=11572"}],"wp:term":[{"taxonomy":"product_cat","embeddable":true,"href":"https:\/\/www.avision.com\/de\/wp-json\/wp\/v2\/product_cat?post=11572"},{"taxonomy":"product_tag","embeddable":true,"href":"https:\/\/www.avision.com\/de\/wp-json\/wp\/v2\/product_tag?post=11572"}],"curies":[{"name":"wp","href":"https:\/\/api.w.org\/{rel}","templated":true}]}}