{"id":11595,"date":"2022-02-01T08:25:20","date_gmt":"2022-02-01T08:25:20","guid":{"rendered":"https:\/\/www.avision.com\/de\/?post_type=product&#038;p=11595"},"modified":"2023-10-20T07:54:21","modified_gmt":"2023-10-20T07:54:21","slug":"ad345fwn","status":"publish","type":"product","link":"https:\/\/www.avision.com\/de\/shop\/document-scanner\/ad345fwn\/","title":{"rendered":"AD345FWN"},"content":{"rendered":"<p><img decoding=\"async\" loading=\"lazy\" class=\"alignnone size-full wp-image-7450 alignleft\" src=\"https:\/\/www.avision.com\/de\/wp-content\/uploads\/sites\/8\/2021\/09\/A4.png\" alt=\"\" width=\"73\" height=\"69\" \/> <img decoding=\"async\" loading=\"lazy\" class=\"alignnone size-full wp-image-7334 alignleft\" src=\"https:\/\/www.avision.com\/de\/wp-content\/uploads\/sites\/8\/2021\/09\/ADF100.png\" alt=\"\" width=\"74\" height=\"69\" \/><img decoding=\"async\" loading=\"lazy\" class=\"alignnone size-full wp-image-7369 alignleft\" src=\"https:\/\/www.avision.com\/de\/wp-content\/uploads\/sites\/8\/2021\/09\/BW60p120i.png\" alt=\"\" width=\"73\" height=\"69\" \/> <img decoding=\"async\" loading=\"lazy\" class=\"size-full wp-image-11542 alignleft\" src=\"https:\/\/www.avision.com\/de\/wp-content\/uploads\/sites\/8\/2021\/09\/color45p90i.png\" alt=\"\" width=\"73\" height=\"69\" \/><img decoding=\"async\" loading=\"lazy\" class=\"alignnone size-full wp-image-7433 alignleft\" src=\"https:\/\/www.avision.com\/de\/wp-content\/uploads\/sites\/8\/2021\/09\/Wi-Fi.png\" alt=\"\" width=\"73\" height=\"69\" \/><img decoding=\"async\" loading=\"lazy\" class=\"alignnone size-full wp-image-7447 alignleft\" src=\"https:\/\/www.avision.com\/de\/wp-content\/uploads\/sites\/8\/2021\/09\/236in.png\" alt=\"\" width=\"74\" height=\"69\" \/><img decoding=\"async\" loading=\"lazy\" class=\"alignnone size-full wp-image-7426 alignleft\" src=\"https:\/\/www.avision.com\/de\/wp-content\/uploads\/sites\/8\/2021\/09\/ID-card-scan.png\" alt=\"\" width=\"73\" height=\"69\" \/><img decoding=\"async\" loading=\"lazy\" class=\"alignnone size-full wp-image-7431 alignleft\" src=\"https:\/\/www.avision.com\/de\/wp-content\/uploads\/sites\/8\/2021\/09\/Ultra1sensor.png\" alt=\"\" width=\"73\" height=\"69\" \/><img decoding=\"async\" loading=\"lazy\" class=\"alignnone size-full wp-image-7410 alignleft\" src=\"https:\/\/www.avision.com\/de\/wp-content\/uploads\/sites\/8\/2021\/09\/duplex.png\" alt=\"\" width=\"74\" height=\"69\" \/><\/p>\n<p>&nbsp;<\/p>\n<p>&nbsp;<\/p>\n<div class=\"su-spacer\" style=\"height:25px\"><\/div>\n<hr \/>\n<div class=\"su-spacer\" style=\"height:25px\"><\/div>\n<h3><span style=\"color: #0e3a65;\">\u258dEin Dokumentenscanner auch f\u00fcr Karten<\/span><\/h3>\n<p>Mit dem erweiterten geraden Papierpfad und einer Bildkomprimierungstechnologie k\u00f6nnen Dokumentens\u00e4tze unterschiedlicher Grammatur gescannt, zugeschnitten und entzerrt werden. Bis zu Papierformaten von 50&#215;50 mm (2&#215;2 in.) und 242 x 356 mm (9.5 x 14 in.) sind mit dem Einzugsscanner zu erzielen. Der automatische Dokumenteneinzug eignet sich zus\u00e4tzlich f\u00fcr gepr\u00e4gte Karten wie u.a. die Kranken- und Kreditkarten bis zu einer St\u00e4rke von 1,25 mm.<\/p>\n<h3><span style=\"color: #0e3a65;\">\u258dBildkomprimierungstechnologie<\/span><\/h3>\n<p>Dar\u00fcber hinaus verf\u00fcgt der Scanner \u00fcber die praktische Funktion zum Zuschneiden mehrerer Bilder. Mit dieser Funktion k\u00f6nnen Dokumente in verschiedenen Formaten wie Fotos, Ausweise oder Visitenkarten auf das Flachbett gelegt werden. Der Scanner kann in einem einzigen Scanvorgang mehrere Bilder entsprechend den Originalformaten der Dokumente zuschneiden und erstellen.<\/p>\n<h3><span style=\"color: #0e3a65;\">\u258dGegenl\u00e4ufige Rolle f\u00fcr sicheren Dokumenteneinzug<\/span><\/h3>\n<p>Mit der integrierten Rolltechnologie vermeidet der AD345FWN Mehrfacheinzug und verringert die Gefahr von Papierstau.<\/p>\n<h3><span style=\"color: #0e3a65;\">\u258dBequemes Scannen<\/span><\/h3>\n<p>Mit der integrierten Wi-Fi Funktion k\u00f6nnen Scanauftr\u00e4ge bequem auf das Handy gesendet und zur Weiterverarbeitung gespeichert werden.<\/p>\n<h3><span style=\"color: #0e3a65;\">\u258dPapierschutztechnologie<\/span><\/h3>\n<p>Die fortschrittliche Papierschutztechnologie sch\u00fctzt wertvolles Papier vor Papierstau und Besch\u00e4digung, indem der Scanvorgang angehalten wird, sobald eine verzerrte Seite erkannt wird.<\/p>\n<h3><span style=\"color: #0e3a65;\">\u258dEinfach zu bedienendes Farb-Display<\/span><\/h3>\n<p>Der gro\u00dfe LCD-Touchscreen erleichtert das Scannen und die Freigabe der Daten. Durch Voreinstellungen und \u201eScannen zu Zielen\u201c als Verkn\u00fcpfungen k\u00f6nnen Sie mit dem AD345FWN Ihren Arbeitsprozess mit wenigen Tasten erledigen.<\/p>\n<h3><span style=\"color: #0e3a65;\">\u258dLeistungsstarke Softwareanwendung<\/span><\/h3>\n<p>Der AD345FWN wird mit einem TWAIN-Treiber geliefert und enth\u00e4lt eine Reihe leistungsstarker Softwareanwendungen, darunter Avision Button Manager V2, AVScan X und Nuance PaperPort SE 14. Mit dem Button Manager V2 kann das Originaldokument als suchbares PDF, JPEG, BMP, GIF Format, an Email und Cloud-Anwendungen wie das Google Drive, Microsoft SharePoint mit nur einer Taste verschickt werden.<\/p>\n<p>&nbsp;<\/p>\n<h3><span style=\"color: #0e3a65;\">\u258dEigenschaften<\/span><\/h3>\n<ul>\n<li>Duplex Scan von Farbdokumenten bis zu DIN Formaten mit integriertem ADF<\/li>\n<li>Schnelle Scanrate von bis zu 60 Seiten pro Minute und 120 Bildern pro Minute bei 200 dpi in Farbe, Grau und Monochrom<\/li>\n<li>Optimierte Einzugswalze mit gegenl\u00e4ufige Rollertechnologie f\u00fcr sicheren Papierzufuhr<\/li>\n<li>USB 3.1 Schnittstelle<\/li>\n<li>Netzwerkanschluss (Ethernet)<\/li>\n<li>WiFi<\/li>\n<li>Ultraschall Mehrfacheinzugserkennung<\/li>\n<li>Umweltfreundliche LED Technologie<\/li>\n<li>Automatische Dokumentenzuf\u00fchrung f\u00fcr bis zu 100 Seiten<\/li>\n<li>Unterst\u00fctzt Papierformate bis zu 236\u201c (6000 mm, 200 dpi, duplex Farbausdruck)<\/li>\n<li>Automatische Ausschalteinstellung<\/li>\n<\/ul>\n<p>&nbsp;<\/p>\n<hr \/>\n<p>&nbsp;<\/p>\n<h3><span style=\"color: #0e3a65;\"><strong>\u258ePr\u00fcfzeichen<\/strong><\/span><\/h3>\n<div class=\"su-spoiler su-spoiler-style-default su-spoiler-icon-arrow-circle-1  su-spoiler-closed\" data-scroll-offset=\"0\" data-anchor-in-url=\"no\"><div class=\"su-spoiler-title\" tabindex=\"0\" role=\"button\"><span class=\"su-spoiler-icon\"><\/span>Weitere Informationen<\/div><div class=\"su-spoiler-content su-u-clearfix su-u-trim\">\n<table id=\"tbl\" border=\"1\" frame=\"void&quot;\">\n<tbody>\n<tr>\n<td bgcolor=\"white\" width=\"200px\"><span class=\"su-lightbox\" data-mfp-src=\"#my-custom-popup\" data-mfp-type=\"inline\" data-mobile=\"yes\">\n<img decoding=\"async\" loading=\"lazy\" class=\"wp-image-7528 aligncenter\" src=\"https:\/\/www.avision.com\/de\/wp-content\/uploads\/sites\/8\/2021\/09\/800px-Energy_Star_logo.svg-293x300.png\" alt=\"\" width=\"73\" height=\"75\" srcset=\"https:\/\/www.avision.com\/de\/wp-content\/uploads\/sites\/8\/2021\/09\/800px-Energy_Star_logo.svg-293x300.png 293w, https:\/\/www.avision.com\/de\/wp-content\/uploads\/sites\/8\/2021\/09\/800px-Energy_Star_logo.svg-768x786.png 768w, https:\/\/www.avision.com\/de\/wp-content\/uploads\/sites\/8\/2021\/09\/800px-Energy_Star_logo.svg-600x614.png 600w, https:\/\/www.avision.com\/de\/wp-content\/uploads\/sites\/8\/2021\/09\/800px-Energy_Star_logo.svg.png 800w\" sizes=\"(max-width: 73px) 100vw, 73px\" \/><\/span><\/td>\n<td bgcolor=\"white\" width=\"200px\"><img decoding=\"async\" loading=\"lazy\" class=\"size-full wp-image-11356 aligncenter\" src=\"https:\/\/www.avision.com\/de\/wp-content\/uploads\/sites\/8\/2021\/09\/win10.jpg\" alt=\"\" width=\"63\" height=\"78\" \/><\/td>\n<\/tr>\n<\/tbody>\n<\/table>\n<div class=\"su-lightbox-content su-u-trim \" id=\"my-custom-popup\" style=\"display:none;width:auto;min-width:none;max-width:600px;margin-top:40px;margin-bottom:40px;padding:40px;background:#FFFFFF;color:#333333;box-shadow:0px 0px 15px #333333;text-align:left\">\n<h1><span style=\"color: #0e3a65;\">ENERGY STAR<\/span><\/h1>\n<p>&nbsp;<\/p>\n<h2>ENERGY STAR Was ist ENERGY STAR?<\/h2>\n<p><a href=\"https:\/\/www.energystar.gov\/\"><img decoding=\"async\" loading=\"lazy\" class=\"size-medium wp-image-11921 aligncenter\" src=\"https:\/\/www.avision.com\/de\/wp-content\/uploads\/sites\/8\/2021\/09\/energy_star-2-300x243.jpg\" alt=\"\" width=\"300\" height=\"243\" srcset=\"https:\/\/www.avision.com\/de\/wp-content\/uploads\/sites\/8\/2021\/09\/energy_star-2-300x243.jpg 300w, https:\/\/www.avision.com\/de\/wp-content\/uploads\/sites\/8\/2021\/09\/energy_star-2.jpg 497w\" sizes=\"(max-width: 300px) 100vw, 300px\" \/><\/a><\/p>\n<p>ENERGY STAR ist ein gemeinsames Programm der U.S. Environmental Protection Agency und des U.S. Department of Energy, das uns allen hilft, durch energieeffiziente Produkte und Verfahren Geld zu sparen und die Umwelt zu sch\u00fctzen.<br \/>\nW\u00e4hlen Sie ENERGY STAR-zertifizierte Produkte ENERGY STAR-zertifizierte Produkte erf\u00fcllen die strengen Energieeffizienzrichtlinien der US-amerikanischen EPA und des US-Energieministeriums.<br \/>\nSie verbrauchen weniger Energie, sparen Geld und tragen zum Schutz der Umwelt bei.<\/p>\n<p><a href=\"https:\/\/www.avision.com\/de\/wp-content\/uploads\/sites\/8\/2022\/01\/EnergyStarQualificationList_Ver3-03-1_20220110.pdf\">*Liste der ENERGY STAR V3.0-zertifizierten Avision-Produkte<\/a><\/p>\n<\/div>\n<\/div><\/div>\n","protected":false},"excerpt":{"rendered":"<h3><span style=\"color: #0e3a65;\">Eine neue Generation Dokumentenscanner<\/span><\/h3>\n<p>Der 345FWN ist mit innovativen Funktionen ausgestattet und bietet einen hohen Durchsatz von 60 ppm und 120 ipm bei einer kompakten Gr\u00f6\u00dfe, die sowohl Platz und Budget spart. Im Gegensatz zu herk\u00f6mmlichen Dokumentenscannern verf\u00fcgt die AD345FNW-Serie einen angepassten ADF um auch unregelm\u00e4\u00dfige Papiergrammaturen einwandfrei einzuziehen und zu scannen.<\/p>\n<ul>\n<li>AD345FWN (USB 3.1 \/ WiFi \/ Netzwerkanschluss Ethernet)<\/li>\n<\/ul>\n","protected":false},"featured_media":11603,"template":"","meta":{"ocean_post_layout":"full-screen","ocean_both_sidebars_style":"","ocean_both_sidebars_content_width":0,"ocean_both_sidebars_sidebars_width":0,"ocean_sidebar":"0","ocean_second_sidebar":"0","ocean_disable_margins":"enable","ocean_add_body_class":"","ocean_shortcode_before_top_bar":"","ocean_shortcode_after_top_bar":"","ocean_shortcode_before_header":"","ocean_shortcode_after_header":"","ocean_has_shortcode":"","ocean_shortcode_after_title":"","ocean_shortcode_before_footer_widgets":"","ocean_shortcode_after_footer_widgets":"","ocean_shortcode_before_footer_bottom":"","ocean_shortcode_after_footer_bottom":"","ocean_display_top_bar":"default","ocean_display_header":"default","ocean_header_style":"","ocean_center_header_left_menu":"0","ocean_custom_header_template":"0","ocean_custom_logo":0,"ocean_custom_retina_logo":0,"ocean_custom_logo_max_width":0,"ocean_custom_logo_tablet_max_width":0,"ocean_custom_logo_mobile_max_width":0,"ocean_custom_logo_max_height":0,"ocean_custom_logo_tablet_max_height":0,"ocean_custom_logo_mobile_max_height":0,"ocean_header_custom_menu":"0","ocean_menu_typo_font_family":"0","ocean_menu_typo_font_subset":"","ocean_menu_typo_font_size":0,"ocean_menu_typo_font_size_tablet":0,"ocean_menu_typo_font_size_mobile":0,"ocean_menu_typo_font_size_unit":"px","ocean_menu_typo_font_weight":"","ocean_menu_typo_font_weight_tablet":"","ocean_menu_typo_font_weight_mobile":"","ocean_menu_typo_transform":"","ocean_menu_typo_transform_tablet":"","ocean_menu_typo_transform_mobile":"","ocean_menu_typo_line_height":0,"ocean_menu_typo_line_height_tablet":0,"ocean_menu_typo_line_height_mobile":0,"ocean_menu_typo_line_height_unit":"","ocean_menu_typo_spacing":0,"ocean_menu_typo_spacing_tablet":0,"ocean_menu_typo_spacing_mobile":0,"ocean_menu_typo_spacing_unit":"","ocean_menu_link_color":"","ocean_menu_link_color_hover":"","ocean_menu_link_color_active":"","ocean_menu_link_background":"","ocean_menu_link_hover_background":"","ocean_menu_link_active_background":"","ocean_menu_social_links_bg":"","ocean_menu_social_hover_links_bg":"","ocean_menu_social_links_color":"","ocean_menu_social_hover_links_color":"","ocean_disable_title":"on","ocean_disable_heading":"default","ocean_post_title":"","ocean_post_subheading":"","ocean_post_title_style":"","ocean_post_title_background_color":"","ocean_post_title_background":0,"ocean_post_title_bg_image_position":"","ocean_post_title_bg_image_attachment":"","ocean_post_title_bg_image_repeat":"","ocean_post_title_bg_image_size":"","ocean_post_title_height":0,"ocean_post_title_bg_overlay":0.5,"ocean_post_title_bg_overlay_color":"","ocean_disable_breadcrumbs":"default","ocean_breadcrumbs_color":"","ocean_breadcrumbs_separator_color":"","ocean_breadcrumbs_links_color":"","ocean_breadcrumbs_links_hover_color":"","ocean_display_footer_widgets":"default","ocean_display_footer_bottom":"on","ocean_custom_footer_template":"0"},"product_cat":[333,337],"product_tag":[],"_links":{"self":[{"href":"https:\/\/www.avision.com\/de\/wp-json\/wp\/v2\/product\/11595"}],"collection":[{"href":"https:\/\/www.avision.com\/de\/wp-json\/wp\/v2\/product"}],"about":[{"href":"https:\/\/www.avision.com\/de\/wp-json\/wp\/v2\/types\/product"}],"version-history":[{"count":11,"href":"https:\/\/www.avision.com\/de\/wp-json\/wp\/v2\/product\/11595\/revisions"}],"predecessor-version":[{"id":14017,"href":"https:\/\/www.avision.com\/de\/wp-json\/wp\/v2\/product\/11595\/revisions\/14017"}],"wp:featuredmedia":[{"embeddable":true,"href":"https:\/\/www.avision.com\/de\/wp-json\/wp\/v2\/media\/11603"}],"wp:attachment":[{"href":"https:\/\/www.avision.com\/de\/wp-json\/wp\/v2\/media?parent=11595"}],"wp:term":[{"taxonomy":"product_cat","embeddable":true,"href":"https:\/\/www.avision.com\/de\/wp-json\/wp\/v2\/product_cat?post=11595"},{"taxonomy":"product_tag","embeddable":true,"href":"https:\/\/www.avision.com\/de\/wp-json\/wp\/v2\/product_tag?post=11595"}],"curies":[{"name":"wp","href":"https:\/\/api.w.org\/{rel}","templated":true}]}}