{"id":11631,"date":"2022-02-01T08:45:16","date_gmt":"2022-02-01T08:45:16","guid":{"rendered":"https:\/\/www.avision.com\/de\/?post_type=product&#038;p=11631"},"modified":"2024-05-06T13:26:05","modified_gmt":"2024-05-06T13:26:05","slug":"ad345g","status":"publish","type":"product","link":"https:\/\/www.avision.com\/de\/shop\/document-scanner\/ad345g\/","title":{"rendered":"AD345G"},"content":{"rendered":"<p><img decoding=\"async\" loading=\"lazy\" class=\"alignnone size-full wp-image-7450 alignleft\" src=\"https:\/\/www.avision.com\/de\/wp-content\/uploads\/sites\/8\/2021\/09\/A4.png\" alt=\"\" width=\"73\" height=\"69\" \/> <img decoding=\"async\" loading=\"lazy\" class=\"alignnone size-full wp-image-7334 alignleft\" src=\"https:\/\/www.avision.com\/de\/wp-content\/uploads\/sites\/8\/2021\/09\/ADF100.png\" alt=\"\" width=\"74\" height=\"69\" \/> <img decoding=\"async\" loading=\"lazy\" class=\"alignnone size-full wp-image-7369 alignleft\" src=\"https:\/\/www.avision.com\/de\/wp-content\/uploads\/sites\/8\/2021\/09\/BW60p120i.png\" alt=\"\" width=\"73\" height=\"69\" \/> <img decoding=\"async\" loading=\"lazy\" class=\"alignnone size-full wp-image-7405 alignleft\" src=\"https:\/\/www.avision.com\/de\/wp-content\/uploads\/sites\/8\/2021\/09\/color60p120i.png\" alt=\"\" width=\"74\" height=\"69\" \/> <img decoding=\"async\" loading=\"lazy\" class=\"size-full wp-image-7844 alignleft\" src=\"https:\/\/www.avision.com\/de\/wp-content\/uploads\/sites\/8\/2021\/09\/240in.png\" alt=\"\" width=\"73\" height=\"68\" \/><img decoding=\"async\" loading=\"lazy\" class=\"alignnone size-full wp-image-7426 alignleft\" src=\"https:\/\/www.avision.com\/de\/wp-content\/uploads\/sites\/8\/2021\/09\/ID-card-scan.png\" alt=\"\" width=\"73\" height=\"69\" \/> <img decoding=\"async\" loading=\"lazy\" class=\"alignnone size-full wp-image-7431 alignleft\" src=\"https:\/\/www.avision.com\/de\/wp-content\/uploads\/sites\/8\/2021\/09\/Ultra1sensor.png\" alt=\"\" width=\"73\" height=\"69\" \/> <img decoding=\"async\" loading=\"lazy\" class=\"alignnone size-full wp-image-7410 alignleft\" src=\"https:\/\/www.avision.com\/de\/wp-content\/uploads\/sites\/8\/2021\/09\/duplex.png\" alt=\"\" width=\"74\" height=\"69\" \/><\/p>\n<p>&nbsp;<\/p>\n<p>&nbsp;<\/p>\n<div class=\"su-spacer\" style=\"height:25px\"><\/div>\n<hr \/>\n<div class=\"su-spacer\" style=\"height:25px\"><\/div>\n<h3><span style=\"color: #0e3a65\">\u258dFarb- und grafisches LCD-Display <\/span><\/h3>\n<p>Der AD345G ist \u00fcber das LCD-Display und die Tasten auf dem Bedienfeld einfach zu bedienen. Durch Auswahl des Ziels und Dr\u00fccken der Taste &#8220;Scannen&#8221; kann der Scanvorgang durchgef\u00fchrt und das gescannte Bild an die angegebene Zielanwendung wie E-Mail, Drucker oder Ihre bevorzugte Bildbearbeitungssoftware gesendet werden. Bis zu neun h\u00e4ufig verwendete Scaneinstellungen und -ziele k\u00f6nnen f\u00fcr unterschiedliche Scananforderungen voreingestellt werden.<\/p>\n<h3><span style=\"color: #0e3a65\">\u258dEin Duplex-Scanner, der f\u00fcr Dokumente und Karten geeignet ist<\/span><\/h3>\n<p>Dank des fortschrittlichen geraden Papierwegs und der Bildverarbeitungstechnologie k\u00f6nnen gemischte Stapel von Dokumenten mit unterschiedlichen Gr\u00f6\u00dfen und Gewichten gescannt, entsprechend zugeschnitten und geradeger\u00fcckt werden und sind sofort einsatzbereit. Das Scanformat reicht von Quittungen (2&#8243; x 2&#8243;) bis zu Gesch\u00e4ftsdokumenten (8,5 x 14 Zoll). Der automatische Dokumenteneinzug ist au\u00dferdem robust genug, um Papier mit einem Gewicht von bis zu 413 g\/m2 (110 lbs) und gepr\u00e4gte Hartkarten wie ID-Karten, Kreditkarten, F\u00fchrerscheine und Krankenversicherungskarten mit einer Dicke von bis zu 1,25 mm einzuziehen.<\/p>\n<h3><span style=\"color: #0e3a65\">\u258dUmkehrwalze erh\u00f6ht die Einzugszuverl\u00e4ssigkeit<\/span><\/h3>\n<p>Der AD345G verf\u00fcgt \u00fcber eine innovative Umkehrwalze f\u00fcr eine verbesserte Papiertrennung und bietet eine hervorragende Zuf\u00fchrungszuverl\u00e4ssigkeit und Betriebsproduktivit\u00e4t, indem er das Risiko eines Mehrfacheinzugs oder Papierstaus effektiv reduziert.<\/p>\n<h3><span style=\"color: #0e3a65\">\u258dUltraschall-Mehrfacheinzugserkennung<\/span><\/h3>\n<p>Mit der Ultraschall-Mehrfacheinzugserkennung erm\u00f6glicht der Scanner das Einlegen von \u00fcberlappendem Papier durch Erkennung der Papierst\u00e4rke zwischen den Dokumenten. Die Ultraschallfunktion kann ausgeschaltet werden, wenn Dokumente mit Etiketten, Haftnotizen oder aufgeklebten Belegen gescannt werden. Dieses innovative Design verhindert einen doppelten Einzug und scannt effektiv Dokumente mit unterschiedlichem Gewicht oder Dicke.<\/p>\n<h3><span style=\"color: #0e3a65\">\u258dKompaktes Design f\u00fcr mehr Platz<\/span><\/h3>\n<p>Der AD345G zeichnet sich durch ein einzigartiges und elegantes Design aus, da sowohl das Eingabe- als auch das Ausgabepapierfach bei Nichtgebrauch eingeklappt werden k\u00f6nnen. Das Papierfach sch\u00fctzt das Ger\u00e4t au\u00dferdem vor Staub. Im Gegensatz zu sperrigen konventionellen Scannern l\u00e4sst sich der schlanke AD345G leicht transportieren und auf dem Schreibtisch unterbringen, ohne viel Platz zu beanspruchen.<\/p>\n<h3><span style=\"color: #0e3a65\">\u258dLeistungsstarke Softwareanwendungen im Lieferumfang<\/span><\/h3>\n<p>Der AD345G wird mit TWAIN- und ISIS-Treibern geliefert und ist mit einer Reihe leistungsstarker Softwareanwendungen ausgestattet, darunter Avision Button Manager, AVScan und PaperPort. Mit Button Manager k\u00f6nnen Sie durchsuchbare PDFs erstellen, scannen und Bilder per Knopfdruck an E-Mail, Drucker oder Cloud-Server wie Google DriveTM oder Evernote\u00ae senden. AVScan und PaperPort sind hocheffektive Bildverarbeitungs- und Dokumentenverwaltungssoftware, die Ihnen hilft, Ihre Aufgaben effizienter zu gestalten.<\/p>\n<p>&nbsp;<\/p>\n<h3><span style=\"color: #0e3a65\">\u258dMerkmale<\/span><\/h3>\n<ul>\n<li>Schnelles Scannen mit 60 Seiten pro Minute\/120 Seiten pro Minute in Farbe, Graustufen und Schwarzwei\u00df (200 dpi)<\/li>\n<li>Schnelles Scannen mit 45 Seiten pro Minute\/90 Seiten pro Minute in Farbe (300 dpi)<\/li>\n<li>Automatisches Zuschneiden und Gerader\u00fccken eines Dokuments mit der fortschrittlichen, von Avision entwickelten Bildverarbeitungseinheit zur Erh\u00f6hung der Scangeschwindigkeit<\/li>\n<li>Unterst\u00fctzt Papierformate bis zu 8,5 x 14 Zoll.<\/li>\n<li>T\u00e4gliche Leistung von bis zu 10.000 Blatt<\/li>\n<li>Robuster automatischer Dokumenteneinzug f\u00fcr 100 Seiten (80 g\/m2, 20 lb)<\/li>\n<li>Die Umkehrwalzen-Technologie sorgt f\u00fcr eine hervorragende Einzugszuverl\u00e4ssigkeit<\/li>\n<li>Scannen von harten und gepr\u00e4gten Karten bis zu einer St\u00e4rke von 1,25 mm im Hoch- oder Querformat<\/li>\n<li>Drucken und Scannen zu Cloud-Servern \u00fcber die mitgelieferte Software Button Manager V2<\/li>\n<li>Umweltfreundliche LED-Technologie<\/li>\n<li>Scannen langer Seiten: 1500 mm (59&#8243;) (600 dpi,Farbe) \/ 5540 mm (218&#8243;) (300 dpi,Farbe) \/ 6096 mm (240&#8243;) (200 dpi,Farbe)<\/li>\n<li>Hardware JPEG-Kompression, TIFF-Kompression (JPEG(7), CCITT G4, LZW), PDF-Kompression<\/li>\n<li>Automatische Ausschaltfunktion<\/li>\n<\/ul>\n<p>&nbsp;<\/p>\n<hr \/>\n<h3><\/h3>\n<h3><span style=\"color: #0e3a65\"><strong>\u258e<\/strong><\/span><span style=\"color: #0e3a65\"><strong>Pr\u00fcfzeichen<\/strong><\/span><\/h3>\n<div class=\"su-spoiler su-spoiler-style-default su-spoiler-icon-arrow-circle-1  su-spoiler-closed\" data-scroll-offset=\"0\" data-anchor-in-url=\"no\"><div class=\"su-spoiler-title\" tabindex=\"0\" role=\"button\"><span class=\"su-spoiler-icon\"><\/span>Weitere Informationen<\/div><div class=\"su-spoiler-content su-u-clearfix su-u-trim\">\n<table id=\"tbl\" border=\"1\">\n<tbody>\n<tr>\n<td bgcolor=\"white\" width=\"200px\"><span class=\"su-lightbox\" data-mfp-src=\"#my-custom-popup\" data-mfp-type=\"inline\" data-mobile=\"yes\">\n<img decoding=\"async\" loading=\"lazy\" class=\"wp-image-7528 aligncenter\" src=\"https:\/\/www.avision.com\/de\/wp-content\/uploads\/sites\/8\/2021\/09\/800px-Energy_Star_logo.svg-293x300.png\" alt=\"\" width=\"73\" height=\"75\" srcset=\"https:\/\/www.avision.com\/de\/wp-content\/uploads\/sites\/8\/2021\/09\/800px-Energy_Star_logo.svg-293x300.png 293w, https:\/\/www.avision.com\/de\/wp-content\/uploads\/sites\/8\/2021\/09\/800px-Energy_Star_logo.svg-768x786.png 768w, https:\/\/www.avision.com\/de\/wp-content\/uploads\/sites\/8\/2021\/09\/800px-Energy_Star_logo.svg-600x614.png 600w, https:\/\/www.avision.com\/de\/wp-content\/uploads\/sites\/8\/2021\/09\/800px-Energy_Star_logo.svg.png 800w\" sizes=\"(max-width: 73px) 100vw, 73px\" \/><\/span><\/td>\n<td bgcolor=\"white\" width=\"200px\"><img decoding=\"async\" loading=\"lazy\" class=\"size-full wp-image-11356 aligncenter\" src=\"https:\/\/www.avision.com\/de\/wp-content\/uploads\/sites\/8\/2021\/09\/win10.jpg\" alt=\"\" width=\"63\" height=\"78\" \/><\/td>\n<\/tr>\n<\/tbody>\n<\/table>\n<div class=\"su-lightbox-content su-u-trim \" id=\"my-custom-popup\" style=\"display:none;width:auto;min-width:none;max-width:600px;margin-top:40px;margin-bottom:40px;padding:40px;background:#FFFFFF;color:#333333;box-shadow:0px 0px 15px #333333;text-align:left\">\n<h1><span style=\"color: #0e3a65\">ENERGY STAR<\/span><\/h1>\n<p>&nbsp;<\/p>\n<h2>ENERGY STAR Was ist ENERGY STAR?<\/h2>\n<p><a href=\"https:\/\/www.energystar.gov\/\"><img decoding=\"async\" loading=\"lazy\" class=\"size-medium wp-image-11921 aligncenter\" src=\"https:\/\/www.avision.com\/de\/wp-content\/uploads\/sites\/8\/2021\/09\/energy_star-2-300x243.jpg\" alt=\"\" width=\"300\" height=\"243\" srcset=\"https:\/\/www.avision.com\/de\/wp-content\/uploads\/sites\/8\/2021\/09\/energy_star-2-300x243.jpg 300w, https:\/\/www.avision.com\/de\/wp-content\/uploads\/sites\/8\/2021\/09\/energy_star-2.jpg 497w\" sizes=\"(max-width: 300px) 100vw, 300px\" \/><\/a><\/p>\n<p>ENERGY STAR ist ein gemeinsames Programm der U.S. Environmental Protection Agency und des U.S. Department of Energy, das uns allen hilft, durch energieeffiziente Produkte und Verfahren Geld zu sparen und die Umwelt zu sch\u00fctzen.<br \/>\nW\u00e4hlen Sie ENERGY STAR-zertifizierte Produkte ENERGY STAR-zertifizierte Produkte erf\u00fcllen die strengen Energieeffizienzrichtlinien der US-amerikanischen EPA und des US-Energieministeriums.<br \/>\nSie verbrauchen weniger Energie, sparen Geld und tragen zum Schutz der Umwelt bei.<\/p>\n<p><a href=\"https:\/\/www.avision.com\/de\/wp-content\/uploads\/sites\/8\/2022\/01\/EnergyStarQualificationList_Ver3-03-1_20220110.pdf\">*Liste der ENERGY STAR V3.0-zertifizierten Avision-Produkte<\/a><\/p>\n<\/div>\n<\/div><\/div>\n","protected":false},"excerpt":{"rendered":"<h3><span style=\"color: #0e3a65\"><strong>Ein schneller und erschwinglicher Scanner<\/strong><\/span><\/h3>\n<p>Der AD345G ist ein 60-Seiten-pro-Minute-Duplex-Scanner, der schnell, zuverl\u00e4ssig und erschwinglich f\u00fcr Unternehmen ist, die Plastikausweise, Visitenkarten, Dokumente oder anderes schweres Kartenmaterial scannen m\u00fcssen. Mit dem von Avision entwickelten Bildprozessor kann das gescannte Bild automatisch zugeschnitten, begradigt und optimiert werden, und das mit hoher Geschwindigkeit.<\/p>\n","protected":false},"featured_media":11637,"template":"","meta":{"ocean_post_layout":"full-screen","ocean_both_sidebars_style":"","ocean_both_sidebars_content_width":0,"ocean_both_sidebars_sidebars_width":0,"ocean_sidebar":"0","ocean_second_sidebar":"0","ocean_disable_margins":"enable","ocean_add_body_class":"","ocean_shortcode_before_top_bar":"","ocean_shortcode_after_top_bar":"","ocean_shortcode_before_header":"","ocean_shortcode_after_header":"","ocean_has_shortcode":"","ocean_shortcode_after_title":"","ocean_shortcode_before_footer_widgets":"","ocean_shortcode_after_footer_widgets":"","ocean_shortcode_before_footer_bottom":"","ocean_shortcode_after_footer_bottom":"","ocean_display_top_bar":"default","ocean_display_header":"default","ocean_header_style":"","ocean_center_header_left_menu":"0","ocean_custom_header_template":"0","ocean_custom_logo":0,"ocean_custom_retina_logo":0,"ocean_custom_logo_max_width":0,"ocean_custom_logo_tablet_max_width":0,"ocean_custom_logo_mobile_max_width":0,"ocean_custom_logo_max_height":0,"ocean_custom_logo_tablet_max_height":0,"ocean_custom_logo_mobile_max_height":0,"ocean_header_custom_menu":"0","ocean_menu_typo_font_family":"0","ocean_menu_typo_font_subset":"","ocean_menu_typo_font_size":0,"ocean_menu_typo_font_size_tablet":0,"ocean_menu_typo_font_size_mobile":0,"ocean_menu_typo_font_size_unit":"px","ocean_menu_typo_font_weight":"","ocean_menu_typo_font_weight_tablet":"","ocean_menu_typo_font_weight_mobile":"","ocean_menu_typo_transform":"","ocean_menu_typo_transform_tablet":"","ocean_menu_typo_transform_mobile":"","ocean_menu_typo_line_height":0,"ocean_menu_typo_line_height_tablet":0,"ocean_menu_typo_line_height_mobile":0,"ocean_menu_typo_line_height_unit":"","ocean_menu_typo_spacing":0,"ocean_menu_typo_spacing_tablet":0,"ocean_menu_typo_spacing_mobile":0,"ocean_menu_typo_spacing_unit":"","ocean_menu_link_color":"","ocean_menu_link_color_hover":"","ocean_menu_link_color_active":"","ocean_menu_link_background":"","ocean_menu_link_hover_background":"","ocean_menu_link_active_background":"","ocean_menu_social_links_bg":"","ocean_menu_social_hover_links_bg":"","ocean_menu_social_links_color":"","ocean_menu_social_hover_links_color":"","ocean_disable_title":"on","ocean_disable_heading":"default","ocean_post_title":"","ocean_post_subheading":"","ocean_post_title_style":"","ocean_post_title_background_color":"","ocean_post_title_background":0,"ocean_post_title_bg_image_position":"","ocean_post_title_bg_image_attachment":"","ocean_post_title_bg_image_repeat":"","ocean_post_title_bg_image_size":"","ocean_post_title_height":0,"ocean_post_title_bg_overlay":0.5,"ocean_post_title_bg_overlay_color":"","ocean_disable_breadcrumbs":"default","ocean_breadcrumbs_color":"","ocean_breadcrumbs_separator_color":"","ocean_breadcrumbs_links_color":"","ocean_breadcrumbs_links_hover_color":"","ocean_display_footer_widgets":"default","ocean_display_footer_bottom":"on","ocean_custom_footer_template":"0"},"product_cat":[333],"product_tag":[1323,1324,1325],"_links":{"self":[{"href":"https:\/\/www.avision.com\/de\/wp-json\/wp\/v2\/product\/11631"}],"collection":[{"href":"https:\/\/www.avision.com\/de\/wp-json\/wp\/v2\/product"}],"about":[{"href":"https:\/\/www.avision.com\/de\/wp-json\/wp\/v2\/types\/product"}],"version-history":[{"count":11,"href":"https:\/\/www.avision.com\/de\/wp-json\/wp\/v2\/product\/11631\/revisions"}],"predecessor-version":[{"id":14780,"href":"https:\/\/www.avision.com\/de\/wp-json\/wp\/v2\/product\/11631\/revisions\/14780"}],"wp:featuredmedia":[{"embeddable":true,"href":"https:\/\/www.avision.com\/de\/wp-json\/wp\/v2\/media\/11637"}],"wp:attachment":[{"href":"https:\/\/www.avision.com\/de\/wp-json\/wp\/v2\/media?parent=11631"}],"wp:term":[{"taxonomy":"product_cat","embeddable":true,"href":"https:\/\/www.avision.com\/de\/wp-json\/wp\/v2\/product_cat?post=11631"},{"taxonomy":"product_tag","embeddable":true,"href":"https:\/\/www.avision.com\/de\/wp-json\/wp\/v2\/product_tag?post=11631"}],"curies":[{"name":"wp","href":"https:\/\/api.w.org\/{rel}","templated":true}]}}