{"id":13855,"date":"2022-02-01T08:20:05","date_gmt":"2022-02-01T08:20:05","guid":{"rendered":"https:\/\/www.avision.com\/de\/?post_type=product&#038;p=13855"},"modified":"2023-10-20T08:04:12","modified_gmt":"2023-10-20T08:04:12","slug":"ad370f-series","status":"publish","type":"product","link":"https:\/\/www.avision.com\/de\/shop\/document-scanner\/ad370f-series\/","title":{"rendered":"AD370F series"},"content":{"rendered":"<p><img decoding=\"async\" loading=\"lazy\" class=\"alignnone size-full wp-image-7450 alignleft\" src=\"https:\/\/www.avision.com\/de\/wp-content\/uploads\/sites\/8\/2021\/09\/A4.png\" alt=\"\" width=\"73\" height=\"69\" \/> <img decoding=\"async\" loading=\"lazy\" class=\"alignnone size-full wp-image-7334 alignleft\" src=\"https:\/\/www.avision.com\/de\/wp-content\/uploads\/sites\/8\/2021\/09\/ADF100.png\" alt=\"\" width=\"74\" height=\"69\" \/><img decoding=\"async\" loading=\"lazy\" class=\"alignnone size-full wp-image-7369 alignleft\" src=\"https:\/\/www.avision.com\/de\/wp-content\/uploads\/sites\/8\/2021\/09\/BW60p120i.png\" alt=\"\" width=\"73\" height=\"69\" \/> <img decoding=\"async\" loading=\"lazy\" class=\"size-full wp-image-11542 alignleft\" src=\"https:\/\/www.avision.com\/de\/wp-content\/uploads\/sites\/8\/2021\/09\/color45p90i.png\" alt=\"\" width=\"73\" height=\"69\" \/><img decoding=\"async\" loading=\"lazy\" class=\"alignnone size-full wp-image-7433 alignleft\" src=\"https:\/\/www.avision.com\/de\/wp-content\/uploads\/sites\/8\/2021\/09\/Wi-Fi.png\" alt=\"\" width=\"73\" height=\"69\" \/><img decoding=\"async\" loading=\"lazy\" class=\"alignnone size-full wp-image-7447 alignleft\" src=\"https:\/\/www.avision.com\/de\/wp-content\/uploads\/sites\/8\/2021\/09\/236in.png\" alt=\"\" width=\"74\" height=\"69\" \/><img decoding=\"async\" loading=\"lazy\" class=\"alignnone size-full wp-image-7426 alignleft\" src=\"https:\/\/www.avision.com\/de\/wp-content\/uploads\/sites\/8\/2021\/09\/ID-card-scan.png\" alt=\"\" width=\"73\" height=\"69\" \/><img decoding=\"async\" loading=\"lazy\" class=\"alignnone size-full wp-image-7431 alignleft\" src=\"https:\/\/www.avision.com\/de\/wp-content\/uploads\/sites\/8\/2021\/09\/Ultra1sensor.png\" alt=\"\" width=\"73\" height=\"69\" \/><img decoding=\"async\" loading=\"lazy\" class=\"alignnone size-full wp-image-7410 alignleft\" src=\"https:\/\/www.avision.com\/de\/wp-content\/uploads\/sites\/8\/2021\/09\/duplex.png\" alt=\"\" width=\"74\" height=\"69\" \/><\/p>\n<p>&nbsp;<\/p>\n<p>&nbsp;<\/p>\n<div class=\"su-spacer\" style=\"height:25px\"><\/div>\n<hr \/>\n<div class=\"su-spacer\" style=\"height:25px\"><\/div>\n<h3><span style=\"color: #0e3a65;\">\u258dScannen bis zu 242 mm<\/span><\/h3>\n<p>Dank der fortschrittlichen Papierpfad- und Bildverarbeitungstechnologie k\u00f6nnen Papierstapel unterschiedlichster Grammatur gescannt, zugeschnitten und entzerrt werden. Die Papiergr\u00f6\u00dfe unterst\u00fctzt von 50x50mm bis hin zu 242 x 356 mm.<\/p>\n<h3><span style=\"color: #0e3a65;\">\u258dEin Duplex Scanner auch f\u00fcr Karten<\/span><\/h3>\n<p>Mit nur einer Taste verbessert der AD370F Ihre Gesch\u00e4ftseffizienz, indem er das Dokument scannt und an verschiedene Ziele versendet, darunter Email, Cloud-Server, ein freigegebener Ordner (SMB), ein FTP-Server und ein USB-Flash-Laufwerk. Die maximale Scangr\u00f6\u00dfe liegt bei 50 x 50 \/ 2 x 2 in. bis hin zu 242 x 356 mm\/ 9.5 x 14 in. Der automatische Dokumenteneinzug ist geeignet f\u00fcr Papierst\u00e4rken von 413g\/m\u00b2 (110 lb.) und f\u00fcr gepr\u00e4gte Karten (u.a. Krankenkassen oder Kreditkarten) mit einer max. St\u00e4rke von bis zu 1,25mm.<\/p>\n<h3><span style=\"color: #0e3a65;\">\u258dUmkehrwalztechnologie mit verbesserter Zufuhr<\/span><\/h3>\n<p>Mit der innovativen Umkehrwalze (gegenl\u00e4ufige Rollertechnik) f\u00fcr fortschrittliche Papiertrennfunktion wird effektiv das Risiko eines Mehrfacheinzugs oder eines Papierstaus\u00a0\u00a0verringert.<\/p>\n<h3><span style=\"color: #0e3a65;\">\u258dUltraschallsensor<\/span><\/h3>\n<p>Mit der Ultraschall-Mehrfacherkennung meldet der Einzugsscanner \u00fcberlappendes Papier mit unterschiedlichen Papierst\u00e4rken durch einen Warnzeichen. Beim Scannen von Dokumenten mit Haftnotizen und Aufkleber kann die Funktion ausgeschaltet werden. Das innovative Design sch\u00fctzt das Scannen vor grober Bedienung und vermeidet mehrfaches Papiereinziehen bei unterschiedlichen Papierst\u00e4rken.<\/p>\n<h3><span style=\"color: #0e3a65;\">\u258dEinfach zu bedienendes Display<\/span><\/h3>\n<p>Das LCD-Display erleichtert das Scannen und die Freigabe der Daten. Durch Voreinstellungen und \u201eScannen zu Zielen\u201c als Verkn\u00fcpfungen k\u00f6nnen Sie mit dem AD370F Ihren Arbeitsprozess mit wenigen Tasten erledigen.<\/p>\n<h3><span style=\"color: #0e3a65;\">\u258dMitgeliefertes Softwarepaket<\/span><\/h3>\n<p>Der AD370F wird mit einem TWAIN-Treiber geliefert und enth\u00e4lt eine Reihe leistungsstarker Softwareanwendungen, darunter Avision Button Manager V2, AVScan X und Nuance PaperPort SE 14.<\/p>\n<p>&nbsp;<\/p>\n<h3><span style=\"color: #0e3a65;\">\u258dEigenschaften<\/span><\/h3>\n<ul>\n<li>Scangeschwindigkeit 70ppm\/140ipm in Farbe, Graustufe und Monochrom (300 dpi)<\/li>\n<li>Integrierte Bildkomprimierungstechnologie (Avision VM3) f\u00fcr verbesserte Scangeschwindigkeit<\/li>\n<li>Max. Papierformat 242 x 356 mm (9.5 x 14 in.)<\/li>\n<li>Empfohlenes t\u00e4gliches Volumen bis zu 10.000 Seiten<\/li>\n<li>Robuster ADF f\u00fcr 100-Seiten Papiereinzug (A4, 80g\/m\u00b2 oder 20lb)<\/li>\n<li>Kompatibel f\u00fcr gepr\u00e4gte Karten bis zu 1.25 mm in Leserichtung<\/li>\n<li>Umkehrwalze (gegenl\u00e4ufige Rollertechnologie) sorgt f\u00fcr ausgezeichneten Papiereinzug<\/li>\n<li>Seitenscann bis zu 5540 mm (218\u201c)(&lt;300 dpi, simplex)\/6000 mm (236&#8243;)<\/li>\n<\/ul>\n<p>&nbsp;<\/p>\n<hr \/>\n<p>&nbsp;<\/p>\n<h3><span style=\"color: #0e3a65;\"><strong>\u258ePr\u00fcfzeichen<\/strong><\/span><\/h3>\n<div class=\"su-spoiler su-spoiler-style-default su-spoiler-icon-arrow-circle-1  su-spoiler-closed\" data-scroll-offset=\"0\" data-anchor-in-url=\"no\"><div class=\"su-spoiler-title\" tabindex=\"0\" role=\"button\"><span class=\"su-spoiler-icon\"><\/span>Weitere Informationen<\/div><div class=\"su-spoiler-content su-u-clearfix su-u-trim\">\n<table id=\"tbl\" border=\"1\" frame=\"void&quot;\">\n<tbody>\n<tr>\n<td bgcolor=\"white\" width=\"200px\"><span class=\"su-lightbox\" data-mfp-src=\"#my-custom-popup\" data-mfp-type=\"inline\" data-mobile=\"yes\">\n<img decoding=\"async\" loading=\"lazy\" class=\"wp-image-7528 aligncenter\" src=\"https:\/\/www.avision.com\/de\/wp-content\/uploads\/sites\/8\/2021\/09\/800px-Energy_Star_logo.svg-293x300.png\" alt=\"\" width=\"73\" height=\"75\" srcset=\"https:\/\/www.avision.com\/de\/wp-content\/uploads\/sites\/8\/2021\/09\/800px-Energy_Star_logo.svg-293x300.png 293w, https:\/\/www.avision.com\/de\/wp-content\/uploads\/sites\/8\/2021\/09\/800px-Energy_Star_logo.svg-768x786.png 768w, https:\/\/www.avision.com\/de\/wp-content\/uploads\/sites\/8\/2021\/09\/800px-Energy_Star_logo.svg-600x614.png 600w, https:\/\/www.avision.com\/de\/wp-content\/uploads\/sites\/8\/2021\/09\/800px-Energy_Star_logo.svg.png 800w\" sizes=\"(max-width: 73px) 100vw, 73px\" \/><\/span><\/td>\n<td bgcolor=\"white\" width=\"200px\"><img decoding=\"async\" loading=\"lazy\" class=\"size-full wp-image-11356 aligncenter\" src=\"https:\/\/www.avision.com\/de\/wp-content\/uploads\/sites\/8\/2021\/09\/win10.jpg\" alt=\"\" width=\"63\" height=\"78\" \/><\/td>\n<\/tr>\n<\/tbody>\n<\/table>\n<div class=\"su-lightbox-content su-u-trim \" id=\"my-custom-popup\" style=\"display:none;width:auto;min-width:none;max-width:600px;margin-top:40px;margin-bottom:40px;padding:40px;background:#FFFFFF;color:#333333;box-shadow:0px 0px 15px #333333;text-align:left\">\n<h1><span style=\"color: #0e3a65;\">ENERGY STAR<\/span><\/h1>\n<p>&nbsp;<\/p>\n<h2>ENERGY STAR Was ist ENERGY STAR?<\/h2>\n<p><a href=\"https:\/\/www.energystar.gov\/\"><img decoding=\"async\" loading=\"lazy\" class=\"size-medium wp-image-11921 aligncenter\" src=\"https:\/\/www.avision.com\/de\/wp-content\/uploads\/sites\/8\/2021\/09\/energy_star-2-300x243.jpg\" alt=\"\" width=\"300\" height=\"243\" srcset=\"https:\/\/www.avision.com\/de\/wp-content\/uploads\/sites\/8\/2021\/09\/energy_star-2-300x243.jpg 300w, https:\/\/www.avision.com\/de\/wp-content\/uploads\/sites\/8\/2021\/09\/energy_star-2.jpg 497w\" sizes=\"(max-width: 300px) 100vw, 300px\" \/><\/a><\/p>\n<p>ENERGY STAR ist ein gemeinsames Programm der U.S. Environmental Protection Agency und des U.S. Department of Energy, das uns allen hilft, durch energieeffiziente Produkte und Verfahren Geld zu sparen und die Umwelt zu sch\u00fctzen.<br \/>\nW\u00e4hlen Sie ENERGY STAR-zertifizierte Produkte ENERGY STAR-zertifizierte Produkte erf\u00fcllen die strengen Energieeffizienzrichtlinien der US-amerikanischen EPA und des US-Energieministeriums.<br \/>\nSie verbrauchen weniger Energie, sparen Geld und tragen zum Schutz der Umwelt bei.<\/p>\n<p><a href=\"https:\/\/www.avision.com\/de\/wp-content\/uploads\/sites\/8\/2022\/01\/EnergyStarQualificationList_Ver3-03-1_20220110.pdf\">*Liste der ENERGY STAR V3.0-zertifizierten Avision-Produkte<\/a><\/p>\n<\/div>\n<\/div><\/div>\n","protected":false},"excerpt":{"rendered":"<h3><span style=\"color: #0e3a65;\">Einzugscanner mit Flachbett!<\/span><\/h3>\n<p>Der AD370F ist ein 70-Seiten-pro-Minute Duplex- und Dokumentenscanner, der schnell, zuverl\u00e4ssig und kosteng\u00fcnstig f\u00fcr Unternehmen ist, bei denen das Scannen von ID-Karten, Visitenkarten, Dokumenten oder anderem schweren Kartengrammatur aus Kunststoff erforderlich ist. Eingebettet in einen von Avision entwickelten Bildverarbeitungsprozessor kann das gescannte Bild automatisch beschnitten, begradigt und mit h\u00f6herer Geschwindigkeit optimiert werden.<\/p>\n<ul>\n<li>AD370F (USB 3.1)<\/li>\n<li>AD370FN (USB 3.1 \/ Netzwerkanschluss Ethernet)<\/li>\n<li>AD370FNW (USB 3.1 \/ Netzwerkanschluss Ethernet \/ WiFi)<\/li>\n<\/ul>\n","protected":false},"featured_media":11596,"template":"","meta":{"ocean_post_layout":"full-screen","ocean_both_sidebars_style":"","ocean_both_sidebars_content_width":0,"ocean_both_sidebars_sidebars_width":0,"ocean_sidebar":"0","ocean_second_sidebar":"0","ocean_disable_margins":"enable","ocean_add_body_class":"","ocean_shortcode_before_top_bar":"","ocean_shortcode_after_top_bar":"","ocean_shortcode_before_header":"","ocean_shortcode_after_header":"","ocean_has_shortcode":"","ocean_shortcode_after_title":"","ocean_shortcode_before_footer_widgets":"","ocean_shortcode_after_footer_widgets":"","ocean_shortcode_before_footer_bottom":"","ocean_shortcode_after_footer_bottom":"","ocean_display_top_bar":"default","ocean_display_header":"default","ocean_header_style":"","ocean_center_header_left_menu":"0","ocean_custom_header_template":"0","ocean_custom_logo":0,"ocean_custom_retina_logo":0,"ocean_custom_logo_max_width":0,"ocean_custom_logo_tablet_max_width":0,"ocean_custom_logo_mobile_max_width":0,"ocean_custom_logo_max_height":0,"ocean_custom_logo_tablet_max_height":0,"ocean_custom_logo_mobile_max_height":0,"ocean_header_custom_menu":"0","ocean_menu_typo_font_family":"0","ocean_menu_typo_font_subset":"","ocean_menu_typo_font_size":0,"ocean_menu_typo_font_size_tablet":0,"ocean_menu_typo_font_size_mobile":0,"ocean_menu_typo_font_size_unit":"px","ocean_menu_typo_font_weight":"","ocean_menu_typo_font_weight_tablet":"","ocean_menu_typo_font_weight_mobile":"","ocean_menu_typo_transform":"","ocean_menu_typo_transform_tablet":"","ocean_menu_typo_transform_mobile":"","ocean_menu_typo_line_height":0,"ocean_menu_typo_line_height_tablet":0,"ocean_menu_typo_line_height_mobile":0,"ocean_menu_typo_line_height_unit":"","ocean_menu_typo_spacing":0,"ocean_menu_typo_spacing_tablet":0,"ocean_menu_typo_spacing_mobile":0,"ocean_menu_typo_spacing_unit":"","ocean_menu_link_color":"","ocean_menu_link_color_hover":"","ocean_menu_link_color_active":"","ocean_menu_link_background":"","ocean_menu_link_hover_background":"","ocean_menu_link_active_background":"","ocean_menu_social_links_bg":"","ocean_menu_social_hover_links_bg":"","ocean_menu_social_links_color":"","ocean_menu_social_hover_links_color":"","ocean_disable_title":"on","ocean_disable_heading":"default","ocean_post_title":"","ocean_post_subheading":"","ocean_post_title_style":"","ocean_post_title_background_color":"","ocean_post_title_background":0,"ocean_post_title_bg_image_position":"","ocean_post_title_bg_image_attachment":"","ocean_post_title_bg_image_repeat":"","ocean_post_title_bg_image_size":"","ocean_post_title_height":0,"ocean_post_title_bg_overlay":0.5,"ocean_post_title_bg_overlay_color":"","ocean_disable_breadcrumbs":"default","ocean_breadcrumbs_color":"","ocean_breadcrumbs_separator_color":"","ocean_breadcrumbs_links_color":"","ocean_breadcrumbs_links_hover_color":"","ocean_display_footer_widgets":"default","ocean_display_footer_bottom":"on","ocean_custom_footer_template":"0"},"product_cat":[333],"product_tag":[],"_links":{"self":[{"href":"https:\/\/www.avision.com\/de\/wp-json\/wp\/v2\/product\/13855"}],"collection":[{"href":"https:\/\/www.avision.com\/de\/wp-json\/wp\/v2\/product"}],"about":[{"href":"https:\/\/www.avision.com\/de\/wp-json\/wp\/v2\/types\/product"}],"version-history":[{"count":6,"href":"https:\/\/www.avision.com\/de\/wp-json\/wp\/v2\/product\/13855\/revisions"}],"predecessor-version":[{"id":13859,"href":"https:\/\/www.avision.com\/de\/wp-json\/wp\/v2\/product\/13855\/revisions\/13859"}],"wp:featuredmedia":[{"embeddable":true,"href":"https:\/\/www.avision.com\/de\/wp-json\/wp\/v2\/media\/11596"}],"wp:attachment":[{"href":"https:\/\/www.avision.com\/de\/wp-json\/wp\/v2\/media?parent=13855"}],"wp:term":[{"taxonomy":"product_cat","embeddable":true,"href":"https:\/\/www.avision.com\/de\/wp-json\/wp\/v2\/product_cat?post=13855"},{"taxonomy":"product_tag","embeddable":true,"href":"https:\/\/www.avision.com\/de\/wp-json\/wp\/v2\/product_tag?post=13855"}],"curies":[{"name":"wp","href":"https:\/\/api.w.org\/{rel}","templated":true}]}}