{"id":14867,"date":"2023-10-30T11:41:19","date_gmt":"2023-10-30T11:41:19","guid":{"rendered":"https:\/\/www.avision.com\/de\/?post_type=product&#038;p=14867"},"modified":"2023-10-30T12:43:11","modified_gmt":"2023-10-30T12:43:11","slug":"ad340gn","status":"publish","type":"product","link":"https:\/\/www.avision.com\/de\/shop\/document-scanner\/ad340gn\/","title":{"rendered":"AD340GN"},"content":{"rendered":"<p><img decoding=\"async\" loading=\"lazy\" class=\"alignnone size-full wp-image-7450 alignleft\" src=\"https:\/\/www.avision.com\/de\/wp-content\/uploads\/sites\/8\/2021\/09\/A4.png\" alt=\"\" width=\"73\" height=\"69\" \/> <img decoding=\"async\" loading=\"lazy\" class=\"alignnone size-full wp-image-7331 alignleft\" src=\"https:\/\/www.avision.com\/de\/wp-content\/uploads\/sites\/8\/2021\/09\/ADF50.png\" alt=\"\" width=\"73\" height=\"69\" \/> <img decoding=\"async\" loading=\"lazy\" class=\"alignnone size-full wp-image-7364 alignleft\" src=\"https:\/\/www.avision.com\/de\/wp-content\/uploads\/sites\/8\/2021\/09\/BW40p100i.png\" alt=\"\" width=\"74\" height=\"69\" \/> <img decoding=\"async\" loading=\"lazy\" class=\"alignnone size-full wp-image-7400 alignleft\" src=\"https:\/\/www.avision.com\/de\/wp-content\/uploads\/sites\/8\/2021\/09\/color40p80i.png\" alt=\"\" width=\"73\" height=\"69\" \/> <img decoding=\"async\" loading=\"lazy\" class=\"size-full wp-image-7844 alignleft\" src=\"https:\/\/www.avision.com\/de\/wp-content\/uploads\/sites\/8\/2021\/09\/240in.png\" alt=\"\" width=\"73\" height=\"68\" \/><img decoding=\"async\" loading=\"lazy\" class=\"alignnone size-full wp-image-7431 alignleft\" src=\"https:\/\/www.avision.com\/de\/wp-content\/uploads\/sites\/8\/2021\/09\/Ultra1sensor.png\" alt=\"\" width=\"73\" height=\"69\" \/> <img decoding=\"async\" loading=\"lazy\" class=\"alignnone size-full wp-image-7410 alignleft\" src=\"https:\/\/www.avision.com\/de\/wp-content\/uploads\/sites\/8\/2021\/09\/duplex.png\" alt=\"\" width=\"74\" height=\"69\" \/><\/p>\n<p>&nbsp;<\/p>\n<p>&nbsp;<\/p>\n<div class=\"su-spacer\" style=\"height:25px\"><\/div>\n<hr \/>\n<div class=\"su-spacer\" style=\"height:25px\"><\/div>\n<h3><span style=\"color: #0e3a65\">\u258dEin Netzwerk-Dokumentenscanner<\/span><\/h3>\n<p>Dank des Netzwerkanschlusses auf der R\u00fcckseite k\u00f6nnen Sie dieses Produkt als Netzwerkscanner verwenden. Das bedeutet, dass Benutzer in einer Intranet-Umgebung den Scanner gemeinsam nutzen und das gescannte Bild von ihrem individuellen Computer abrufen k\u00f6nnen. Das Beste ist, dass der Netzwerkscanner es Ihnen erm\u00f6glicht, zu anderen Computern im LAN zu wechseln. Die Benutzer im LAN k\u00f6nnen den Scan wirklich genie\u00dfen und das Bild von ihren eigenen Computern abholen!<\/p>\n<h3><span style=\"color: #0e3a65\">\u258dBequemes Scannen im Vorbeigehen<\/span><\/h3>\n<p>Ein USB-Flash-Laufwerk und eine Direktschnittstelle stehen zum Scannen von Dateien auf Ihr USB-Flash-Laufwerk zur Verf\u00fcgung.<\/p>\n<h3><span style=\"color: #0e3a65\">\u258dHohe optische Aufl\u00f6sung von 600 dpi<\/span><\/h3>\n<p>A flash USB drive and direct interface are available for scanning files to your USB flash memory drive.<\/p>\n<h3><span style=\"color: #0e3a65\">\u258dFarb- und grafisches LCD-Display<\/span><\/h3>\n<p>Dank der hohen optischen Aufl\u00f6sung von 600 dpi und der fortschrittlichen Bildverarbeitungstechnologie k\u00f6nnen Sie sicher sein, dass die Dokumente in h\u00f6chster Bildqualit\u00e4t konvertiert werden. Dank des integrierten CIS-Moduls (Contact Image Sensor) ben\u00f6tigen die Ger\u00e4te der AD340GWN-Serie au\u00dferdem keine Aufw\u00e4rmzeit.<\/p>\n<h3><span style=\"color: #0e3a65\">\u258d<strong><span lang=\"EN-US\">Color, and Graphical LCD Display<\/span><\/strong><\/span><\/h3>\n<p>Der AD340GN ist dank des \u00fcbersichtlichen, farbigen 1,77-Zoll-LCD-Displays und der Tasten auf dem Bedienfeld einfach zu bedienen. Durch Auswahl des Ziels und Dr\u00fccken der Taste &#8220;Scannen&#8221; kann der Scanvorgang durchgef\u00fchrt und das gescannte Bild an die angegebene Zielanwendung wie E-Mail, Drucker oder Ihre bevorzugte Bildbearbeitungssoftware gesendet werden. Bis zu neun h\u00e4ufig verwendete Scaneinstellungen und -ziele k\u00f6nnen f\u00fcr unterschiedliche Scananforderungen voreingestellt werden.<\/p>\n<h3><span style=\"color: #0e3a65\">\u258dFriktionswalze erh\u00f6ht die Einzugszuverl\u00e4ssigkeit<\/span><\/h3>\n<p>Der AD340GWN ist mit einer innovativen Friktionswalze ausgestattet, die f\u00fcr eine verbesserte Papiertrennung sorgt und so die Einzugszuverl\u00e4ssigkeit und Produktivit\u00e4t erh\u00f6ht, indem sie das Risiko eines Mehrfacheinzugs oder Papierstaus effektiv reduziert.<\/p>\n<h3><span style=\"color: #0e3a65\">\u258dUltraschall-Mehrfacheinzugserkennung<\/span><\/h3>\n<p>Mit der Ultraschall-Mehrfacheinzugserkennung erm\u00f6glicht der Scanner das Einlegen von \u00fcberlappendem Papier, indem er die Papierst\u00e4rke zwischen den Dokumenten erkennt. Die Ultraschallfunktion kann ausgeschaltet werden, wenn Dokumente mit Etiketten, Haftnotizen oder aufgeklebten Belegen gescannt werden. Dieses innovative Design verhindert einen doppelten Einzug und scannt effektiv Dokumente mit unterschiedlichem Gewicht oder Dicke.<\/p>\n<h3><span style=\"color: #0e3a65\">\u258dT\u00e4gliches hohes Scan-Volumen<\/span><\/h3>\n<p>Mit dem Scanner k\u00f6nnen bis zu 8.000 Seiten pro Tag \u00fcber den automatischen 50-Seiten-Dokumenteneinzug gescannt werden. Die Daten zeigen, dass dieser Scanner f\u00fcr alle Anwendungen geeignet ist, die h\u00e4ufiges Scannen von Dokumenten und Hardcards erfordern.<\/p>\n<h3><span style=\"color: #0e3a65\">\u258dInnovatives Design, das Platz spart<\/span><\/h3>\n<p>Der AD340GN zeichnet sich durch ein einzigartiges und elegantes Design aus, da sowohl das Eingabe- als auch das Ausgabepapierfach bei Nichtgebrauch eingeklappt werden k\u00f6nnen. Das Papierfach sch\u00fctzt das Ger\u00e4t au\u00dferdem vor Staub. Im Gegensatz zu sperrigen herk\u00f6mmlichen Scannern l\u00e4sst sich der schlanke AD340GN leicht transportieren und findet auf dem Schreibtisch Platz, ohne viel Platz zu beanspruchen.<\/p>\n<h3><span style=\"color: #0e3a65\">\u258dLeistungsstarke Softwareanwendung im Lieferumfang<\/span><\/h3>\n<p>Der AD340GN wird mit TWAIN- und ISIS-Treibern geliefert und ist mit einer Reihe leistungsf\u00e4higer Softwareanwendungen geb\u00fcndelt, darunter Avision Button Manager, AVScan und PaperPort. Mit Button Manager k\u00f6nnen Sie durchsuchbare PDFs erstellen, scannen und Bilder per Knopfdruck an E-Mail, Drucker oder Cloud-Server wie Google DriveTM, Dropbox oder Evernote\u00ae senden. AVScan und PaperPort sind hocheffektive Bildverarbeitungs- und Dokumentenverwaltungssoftware, die Ihnen hilft, Ihre Aufgaben effizienter zu gestalten.<\/p>\n<p>&nbsp;<\/p>\n<h3><span style=\"color: #0e3a65\">\u258dMerkmale<\/span><\/h3>\n<ul>\n<li>40 Seiten pro Minute\/80 Seiten pro Minute (A4, Farbe, 300 dpi)<\/li>\n<li>Leicht zu transportieren dank des schlanken Designs<\/li>\n<li>Unterst\u00fctzt gepr\u00e4gte Plastikkarten bis zu einer Dicke von 1,25 mm<\/li>\n<li>Ultraschall-Mehrfacheinzugserkennung<\/li>\n<li>Professionelle, geb\u00fcndelte Softwareanwendungen wie Avision Button Manager, AVScan, PaperPort<\/li>\n<li>Umweltfreundliche LED-Technologie<\/li>\n<li>Kompakter ADF fasst bis zu 50 Seiten<\/li>\n<li>Drucken und Scannen zu Cloud-Servern wie Google Drive, FTP, Evernote und Microsoft SharePoint \u00fcber Button Manager<\/li>\n<li>Automatisches Zuschneiden und Gerader\u00fccken eines Dokuments mit der fortschrittlichen, von Avision entwickelten Bildverarbeitungseinheit zur Erh\u00f6hung der Scangeschwindigkeit<\/li>\n<li>Scannen langer Seiten: 6096 mm (240&#8243;) (&lt;200 dpi, Farbe, Duplex)\/5540 mm (218&#8243;) (&lt;300 dpi, Farbe, Duplex)\/1500 mm (59&#8243;) (&lt;600 dpi, Farbe, Duplex)<\/li>\n<\/ul>\n<p>&nbsp;<\/p>\n<hr \/>\n<h3><\/h3>\n<h3><span style=\"color: #0e3a65\"><strong>\u258e<\/strong><\/span><span style=\"color: #0e3a65\"><strong>Pr\u00fcfzeichen<\/strong><\/span><\/h3>\n<div class=\"su-spoiler su-spoiler-style-default su-spoiler-icon-arrow-circle-1  su-spoiler-closed\" data-scroll-offset=\"0\" data-anchor-in-url=\"no\"><div class=\"su-spoiler-title\" tabindex=\"0\" role=\"button\"><span class=\"su-spoiler-icon\"><\/span>Weitere Informationen<\/div><div class=\"su-spoiler-content su-u-clearfix su-u-trim\">\n<table id=\"tbl\" border=\"1\">\n<tbody>\n<tr>\n<td bgcolor=\"white\" width=\"200px\"><span class=\"su-lightbox\" data-mfp-src=\"#my-custom-popup\" data-mfp-type=\"inline\" data-mobile=\"yes\">\n<img decoding=\"async\" loading=\"lazy\" class=\"wp-image-7528 aligncenter\" src=\"https:\/\/www.avision.com\/de\/wp-content\/uploads\/sites\/8\/2021\/09\/800px-Energy_Star_logo.svg-293x300.png\" alt=\"\" width=\"73\" height=\"75\" srcset=\"https:\/\/www.avision.com\/de\/wp-content\/uploads\/sites\/8\/2021\/09\/800px-Energy_Star_logo.svg-293x300.png 293w, https:\/\/www.avision.com\/de\/wp-content\/uploads\/sites\/8\/2021\/09\/800px-Energy_Star_logo.svg-768x786.png 768w, https:\/\/www.avision.com\/de\/wp-content\/uploads\/sites\/8\/2021\/09\/800px-Energy_Star_logo.svg-600x614.png 600w, https:\/\/www.avision.com\/de\/wp-content\/uploads\/sites\/8\/2021\/09\/800px-Energy_Star_logo.svg.png 800w\" sizes=\"(max-width: 73px) 100vw, 73px\" \/><\/span><\/td>\n<td bgcolor=\"white\" width=\"200px\"><span class=\"su-lightbox\" data-mfp-src=\"https:\/\/www.avision.com\/de\/smart-image\/\" data-mfp-type=\"iframe\" data-mobile=\"yes\"><img decoding=\"async\" loading=\"lazy\" class=\"wp-image-7531 aligncenter\" src=\"https:\/\/www.avision.com\/de\/wp-content\/uploads\/sites\/8\/2021\/09\/SmartImage.png\" alt=\"\" width=\"100\" height=\"70\" \/><br \/>\n<\/span><\/td>\n<\/tr>\n<\/tbody>\n<\/table>\n<div class=\"su-lightbox-content su-u-trim \" id=\"my-custom-popup\" style=\"display:none;width:auto;min-width:none;max-width:600px;margin-top:40px;margin-bottom:40px;padding:40px;background:#FFFFFF;color:#333333;box-shadow:0px 0px 15px #333333;text-align:left\">\n<h1><span style=\"color: #0e3a65\">ENERGY STAR<\/span><\/h1>\n<p>&nbsp;<\/p>\n<h2>ENERGY STAR Was ist ENERGY STAR?<\/h2>\n<p><a href=\"https:\/\/www.energystar.gov\/\"><img decoding=\"async\" loading=\"lazy\" class=\"size-medium wp-image-11921 aligncenter\" src=\"https:\/\/www.avision.com\/de\/wp-content\/uploads\/sites\/8\/2021\/09\/energy_star-2-300x243.jpg\" alt=\"\" width=\"300\" height=\"243\" srcset=\"https:\/\/www.avision.com\/de\/wp-content\/uploads\/sites\/8\/2021\/09\/energy_star-2-300x243.jpg 300w, https:\/\/www.avision.com\/de\/wp-content\/uploads\/sites\/8\/2021\/09\/energy_star-2.jpg 497w\" sizes=\"(max-width: 300px) 100vw, 300px\" \/><\/a><\/p>\n<p>ENERGY STAR ist ein gemeinsames Programm der U.S. Environmental Protection Agency und des U.S. Department of Energy, das uns allen hilft, durch energieeffiziente Produkte und Verfahren Geld zu sparen und die Umwelt zu sch\u00fctzen.<br \/>\nW\u00e4hlen Sie ENERGY STAR-zertifizierte Produkte ENERGY STAR-zertifizierte Produkte erf\u00fcllen die strengen Energieeffizienzrichtlinien der US-amerikanischen EPA und des US-Energieministeriums.<br \/>\nSie verbrauchen weniger Energie, sparen Geld und tragen zum Schutz der Umwelt bei.<\/p>\n<p><a href=\"https:\/\/www.avision.com\/de\/wp-content\/uploads\/sites\/8\/2022\/01\/EnergyStarQualificationList_Ver3-03-1_20220110.pdf\">*Liste der ENERGY STAR V3.0-zertifizierten Avision-Produkte<\/a><\/p>\n<\/div>\n<\/div><\/div>\n","protected":false},"excerpt":{"rendered":"<h3><span style=\"color: #0e3a65\">Ein kompakter und erschwinglicher Duplex-Scanner<\/span><\/h3>\n<p>Der AD340GN ist ein schneller, zuverl\u00e4ssiger und erschwinglicher Duplex-Bogenscanner mit einer Geschwindigkeit von 40 Seiten pro Minute und 80 Seiten pro Minute f\u00fcr Unternehmen, die Plastikausweise, Visitenkarten, Dokumente oder anderes schweres Kartenmaterial scannen m\u00fcssen. Mit dem von Avision entwickelten Bildprozessor k\u00f6nnen die gescannten Bilder automatisch beschnitten und begradigt werden und sind dann sofort einsatzbereit.<\/p>\n","protected":false},"featured_media":13006,"template":"","meta":{"ocean_post_layout":"full-screen","ocean_both_sidebars_style":"","ocean_both_sidebars_content_width":0,"ocean_both_sidebars_sidebars_width":0,"ocean_sidebar":"0","ocean_second_sidebar":"0","ocean_disable_margins":"enable","ocean_add_body_class":"","ocean_shortcode_before_top_bar":"","ocean_shortcode_after_top_bar":"","ocean_shortcode_before_header":"","ocean_shortcode_after_header":"","ocean_has_shortcode":"","ocean_shortcode_after_title":"","ocean_shortcode_before_footer_widgets":"","ocean_shortcode_after_footer_widgets":"","ocean_shortcode_before_footer_bottom":"","ocean_shortcode_after_footer_bottom":"","ocean_display_top_bar":"default","ocean_display_header":"default","ocean_header_style":"","ocean_center_header_left_menu":"0","ocean_custom_header_template":"0","ocean_custom_logo":0,"ocean_custom_retina_logo":0,"ocean_custom_logo_max_width":0,"ocean_custom_logo_tablet_max_width":0,"ocean_custom_logo_mobile_max_width":0,"ocean_custom_logo_max_height":0,"ocean_custom_logo_tablet_max_height":0,"ocean_custom_logo_mobile_max_height":0,"ocean_header_custom_menu":"0","ocean_menu_typo_font_family":"0","ocean_menu_typo_font_subset":"","ocean_menu_typo_font_size":0,"ocean_menu_typo_font_size_tablet":0,"ocean_menu_typo_font_size_mobile":0,"ocean_menu_typo_font_size_unit":"px","ocean_menu_typo_font_weight":"","ocean_menu_typo_font_weight_tablet":"","ocean_menu_typo_font_weight_mobile":"","ocean_menu_typo_transform":"","ocean_menu_typo_transform_tablet":"","ocean_menu_typo_transform_mobile":"","ocean_menu_typo_line_height":0,"ocean_menu_typo_line_height_tablet":0,"ocean_menu_typo_line_height_mobile":0,"ocean_menu_typo_line_height_unit":"","ocean_menu_typo_spacing":0,"ocean_menu_typo_spacing_tablet":0,"ocean_menu_typo_spacing_mobile":0,"ocean_menu_typo_spacing_unit":"","ocean_menu_link_color":"","ocean_menu_link_color_hover":"","ocean_menu_link_color_active":"","ocean_menu_link_background":"","ocean_menu_link_hover_background":"","ocean_menu_link_active_background":"","ocean_menu_social_links_bg":"","ocean_menu_social_hover_links_bg":"","ocean_menu_social_links_color":"","ocean_menu_social_hover_links_color":"","ocean_disable_title":"on","ocean_disable_heading":"default","ocean_post_title":"","ocean_post_subheading":"","ocean_post_title_style":"","ocean_post_title_background_color":"","ocean_post_title_background":0,"ocean_post_title_bg_image_position":"","ocean_post_title_bg_image_attachment":"","ocean_post_title_bg_image_repeat":"","ocean_post_title_bg_image_size":"","ocean_post_title_height":0,"ocean_post_title_bg_overlay":0.5,"ocean_post_title_bg_overlay_color":"","ocean_disable_breadcrumbs":"default","ocean_breadcrumbs_color":"","ocean_breadcrumbs_separator_color":"","ocean_breadcrumbs_links_color":"","ocean_breadcrumbs_links_hover_color":"","ocean_display_footer_widgets":"default","ocean_display_footer_bottom":"on","ocean_custom_footer_template":"0"},"product_cat":[333,337],"product_tag":[1404],"_links":{"self":[{"href":"https:\/\/www.avision.com\/de\/wp-json\/wp\/v2\/product\/14867"}],"collection":[{"href":"https:\/\/www.avision.com\/de\/wp-json\/wp\/v2\/product"}],"about":[{"href":"https:\/\/www.avision.com\/de\/wp-json\/wp\/v2\/types\/product"}],"version-history":[{"count":2,"href":"https:\/\/www.avision.com\/de\/wp-json\/wp\/v2\/product\/14867\/revisions"}],"predecessor-version":[{"id":14869,"href":"https:\/\/www.avision.com\/de\/wp-json\/wp\/v2\/product\/14867\/revisions\/14869"}],"wp:featuredmedia":[{"embeddable":true,"href":"https:\/\/www.avision.com\/de\/wp-json\/wp\/v2\/media\/13006"}],"wp:attachment":[{"href":"https:\/\/www.avision.com\/de\/wp-json\/wp\/v2\/media?parent=14867"}],"wp:term":[{"taxonomy":"product_cat","embeddable":true,"href":"https:\/\/www.avision.com\/de\/wp-json\/wp\/v2\/product_cat?post=14867"},{"taxonomy":"product_tag","embeddable":true,"href":"https:\/\/www.avision.com\/de\/wp-json\/wp\/v2\/product_tag?post=14867"}],"curies":[{"name":"wp","href":"https:\/\/api.w.org\/{rel}","templated":true}]}}