{"id":14914,"date":"2023-11-15T12:31:13","date_gmt":"2023-11-15T12:31:13","guid":{"rendered":"https:\/\/www.avision.com\/de\/?post_type=product&#038;p=14914"},"modified":"2025-07-31T08:32:41","modified_gmt":"2025-07-31T08:32:41","slug":"fb6380e","status":"publish","type":"product","link":"https:\/\/www.avision.com\/de\/shop\/flatbed-scanner\/fb6380e\/","title":{"rendered":"FB6380E"},"content":{"rendered":"<p><img decoding=\"async\" loading=\"lazy\" class=\"alignnone size-full wp-image-7449 alignleft\" src=\"https:\/\/www.avision.com\/de\/wp-content\/uploads\/sites\/8\/2021\/09\/A3.png\" alt=\"\" width=\"73\" height=\"69\" \/> <img decoding=\"async\" loading=\"lazy\" class=\"alignnone size-full wp-image-7426 alignleft\" src=\"https:\/\/www.avision.com\/de\/wp-content\/uploads\/sites\/8\/2021\/09\/ID-card-scan.png\" alt=\"\" width=\"73\" height=\"69\" \/><\/p>\n<p>&nbsp;<\/p>\n<p>&nbsp;<\/p>\n<div class=\"su-spacer\" style=\"height:25px\"><\/div>\n<hr \/>\n<div class=\"su-spacer\" style=\"height:25px\"><\/div>\n<h3><span style=\"color: #0e3a65\"><strong>\u258eDer Avision FB6380E ist die perfekte Wahl f\u00fcr das Scannen von A3 Vorlagen und von gro\u00dfformatigen B\u00fcchern.<\/strong><\/span><\/h3>\n<p>Mit der innovativen Scanner Oberfl\u00e4che mit der patentierten Buchkante des FB6380E kann der Benutzer den gesamten Inhalt eines Buches scannen, ohne dunkle und unscharfe Bereiche zwischen gegen\u00fcberliegenden Seiten zu erhalten.<\/p>\n<h3><span style=\"color: #0e3a65\"><strong>\u258eHochqualitative Scanl\u00f6sung<\/strong><\/span><\/h3>\n<p>Der FB6380E Bildverarbeitungsprozessor basiert auf der CCD Technologie mit 600dpi optischer Aufl\u00f6sung. Somit ist er liefert er perfekte Bildqualit\u00e4t im Zusammenspiel mit h\u00f6chst professionellen Anspr\u00fcchen.<\/p>\n<h3><span style=\"color: #0e3a65\"><strong>\u258eAutomatisches Zuschneiden<\/strong><\/span><\/h3>\n<p>Zus\u00e4tzlich hat der Scanner eine automatische Vorlagengr\u00f6\u00dfenerkennung. Mit Hilfe des Button Managers, k\u00f6nnen Dokumente wie B\u00fccher, Zeitschriften u.v.m. kontinuierlich und mit einem einfachen Tastendruck nach und nach gescannt werden. Dabei werden die unterschiedlichen Vorlagengr\u00f6\u00dfen in einem Scan automatisch erkannt und genau zugeschnitten.<\/p>\n<h3><span style=\"color: #0e3a65\"><strong>\u258eScannen mit nur einem Knopfdruck<\/strong><\/span><\/h3>\n<p>Mit Button Manager k\u00f6nnen neun verschiedene Anwendungen oder Scanziele eingebunden werden. Der Button Manager erm\u00f6glicht Kopieren, Versenden mit E-Mail, Simplex- oder Duplex-Scan, das alles mit einem Tastendruck. Au\u00dferdem k\u00f6nnen Sie Ihre Dokumente mit einem Tastendruck in durchsuchbare PDFs und andere Bildformate scannen und an voreingestellte Ziele speichern.<\/p>\n<h3><span style=\"color: #0e3a65\"><strong>\u258eMitgeliefertes Softwarepaket<\/strong><\/span><\/h3>\n<p>FB6380E enth\u00e4lt den neuesten TWAIN Treiber mit neuen Funktionen und Verbesserungen wie zum Beispiel der Einstellung der Empfindlichkeit des dynamischen Schwellenwertes (Dynamics Threshold), Dokumenten \/Foto Farbkorrektur, automatische Erkennung und Zuschneiden der Vorlagengr\u00f6\u00dfe (Auto Cropping), sowie die Reduzierung von Flecken. Wir sind bem\u00fcht den TWAIN Treiber kontinuierlich weiter zu verbessern um die besten Scanergebnisse zu erzielen.<\/p>\n<p>&nbsp;<\/p>\n<hr \/>\n<h3><\/h3>\n<h3><span style=\"color: #0e3a65\"><strong>\u258ePr\u00fcfzeichen<\/strong><\/span><\/h3>\n<div class=\"su-spoiler su-spoiler-style-default su-spoiler-icon-arrow-circle-1  su-spoiler-closed\" data-scroll-offset=\"0\" data-anchor-in-url=\"no\"><div class=\"su-spoiler-title\" tabindex=\"0\" role=\"button\"><span class=\"su-spoiler-icon\"><\/span>Weitere Informationen<\/div><div class=\"su-spoiler-content su-u-clearfix su-u-trim\">\n<div style=\"padding: 5px;border: 3px solid #ffffff\">\n<table id=\"tbl\" border=\"1\">\n<tbody>\n<tr>\n<td bgcolor=\"white\" width=\"200px\"><span class=\"su-lightbox\" data-mfp-src=\"#my-custom-popup\" data-mfp-type=\"inline\" data-mobile=\"yes\"><img decoding=\"async\" loading=\"lazy\" class=\"wp-image-7528 aligncenter\" src=\"https:\/\/www.avision.com\/de\/wp-content\/uploads\/sites\/8\/2021\/09\/800px-Energy_Star_logo.svg-293x300.png\" alt=\"\" width=\"73\" height=\"75\" srcset=\"https:\/\/www.avision.com\/de\/wp-content\/uploads\/sites\/8\/2021\/09\/800px-Energy_Star_logo.svg-293x300.png 293w, https:\/\/www.avision.com\/de\/wp-content\/uploads\/sites\/8\/2021\/09\/800px-Energy_Star_logo.svg-768x786.png 768w, https:\/\/www.avision.com\/de\/wp-content\/uploads\/sites\/8\/2021\/09\/800px-Energy_Star_logo.svg-600x614.png 600w, https:\/\/www.avision.com\/de\/wp-content\/uploads\/sites\/8\/2021\/09\/800px-Energy_Star_logo.svg.png 800w\" sizes=\"(max-width: 73px) 100vw, 73px\" \/><\/span><\/td>\n<td bgcolor=\"white\" width=\"200px\"><span class=\"su-lightbox\" data-mfp-src=\"https:\/\/www.avision.com\/de\/smart-image\/\" data-mfp-type=\"iframe\" data-mobile=\"yes\"><img decoding=\"async\" loading=\"lazy\" class=\"wp-image-7531 aligncenter\" src=\"https:\/\/www.avision.com\/de\/wp-content\/uploads\/sites\/8\/2021\/09\/SmartImage.png\" alt=\"\" width=\"100\" height=\"70\" \/><br \/>\n<\/span><\/td>\n<td bgcolor=\"white\" width=\"200px\"><a href=\"https:\/\/www.usb.org\/\"><img decoding=\"async\" loading=\"lazy\" class=\" wp-image-7829 aligncenter\" src=\"https:\/\/www.avision.com\/de\/wp-content\/uploads\/sites\/8\/2021\/09\/USB3.0.png\" alt=\"\" width=\"121\" height=\"56\" \/><\/a><\/td>\n<td bgcolor=\"white\" width=\"200px\"><img decoding=\"async\" loading=\"lazy\" class=\" wp-image-11353 aligncenter\" src=\"https:\/\/www.avision.com\/de\/wp-content\/uploads\/sites\/8\/2021\/09\/vista-212x300.png\" alt=\"\" width=\"63\" height=\"88\" srcset=\"https:\/\/www.avision.com\/de\/wp-content\/uploads\/sites\/8\/2021\/09\/vista-212x300.png 212w, https:\/\/www.avision.com\/de\/wp-content\/uploads\/sites\/8\/2021\/09\/vista.png 266w\" sizes=\"(max-width: 63px) 100vw, 63px\" \/><\/td>\n<td bgcolor=\"white\" width=\"200px\"><img decoding=\"async\" loading=\"lazy\" class=\" wp-image-11354 aligncenter\" src=\"https:\/\/www.avision.com\/de\/wp-content\/uploads\/sites\/8\/2021\/09\/win7.png\" alt=\"\" width=\"62\" height=\"74\" \/><\/td>\n<\/tr>\n<\/tbody>\n<\/table>\n<div class=\"su-lightbox-content su-u-trim \" id=\"my-custom-popup\" style=\"display:none;width:auto;min-width:none;max-width:600px;margin-top:40px;margin-bottom:40px;padding:40px;background:#FFFFFF;color:#333333;box-shadow:0px 0px 15px #333333;text-align:left\">\n<h1><span style=\"color: #0e3a65\">ENERGY STAR<\/span><\/h1>\n<p>&nbsp;<\/p>\n<h2>ENERGY STAR Was ist ENERGY STAR?<\/h2>\n<p><a href=\"https:\/\/www.energystar.gov\/\"><img decoding=\"async\" loading=\"lazy\" class=\"size-medium wp-image-11921 aligncenter\" src=\"https:\/\/www.avision.com\/de\/wp-content\/uploads\/sites\/8\/2021\/09\/energy_star-2-300x243.jpg\" alt=\"\" width=\"300\" height=\"243\" srcset=\"https:\/\/www.avision.com\/de\/wp-content\/uploads\/sites\/8\/2021\/09\/energy_star-2-300x243.jpg 300w, https:\/\/www.avision.com\/de\/wp-content\/uploads\/sites\/8\/2021\/09\/energy_star-2.jpg 497w\" sizes=\"(max-width: 300px) 100vw, 300px\" \/><\/a><\/p>\n<p>ENERGY STAR ist ein gemeinsames Programm der U.S. Environmental Protection Agency und des U.S. Department of Energy, das uns allen hilft, durch energieeffiziente Produkte und Verfahren Geld zu sparen und die Umwelt zu sch\u00fctzen.<br \/>\nW\u00e4hlen Sie ENERGY STAR-zertifizierte Produkte ENERGY STAR-zertifizierte Produkte erf\u00fcllen die strengen Energieeffizienzrichtlinien der US-amerikanischen EPA und des US-Energieministeriums.<br \/>\nSie verbrauchen weniger Energie, sparen Geld und tragen zum Schutz der Umwelt bei.<\/p>\n<p><a href=\"https:\/\/www.avision.com\/de\/wp-content\/uploads\/sites\/8\/2022\/01\/EnergyStarQualificationList_Ver3-03-1_20220110.pdf\">*Liste der ENERGY STAR V3.0-zertifizierten Avision-Produkte<\/a><\/p>\n<\/div><\/div><\/div>\n<\/div>\n","protected":false},"excerpt":{"rendered":"<h3><span style=\"color: #0e3a65\">FB6380E A3 Buchscanner<\/span><\/h3>\n<p>Der Avision FB6380E ist die perfekte Wahl f\u00fcr das Scannen von A3 Vorlagen und besonders f\u00fcr das Scannen von gro\u00dfformatigen B\u00fcchern. Mit der innovativen Scanner Oberfl\u00e4che mit der patentierten Buchkante des FB6380E kann der Benutzer den gesamten Inhalt eines Buches scannen, ohne dunkle und unscharfe Bereiche zwischen gegen\u00fcberliegenden Seiten zu erhalten.<\/p>\n<p>Mit Hilfe des Button Managers, k\u00f6nnen Dokumente wie B\u00fccher, Zeitschriften u.v.m. kontinuierlich und mit einem einfachen Tastendruck nach und nach gescannt werden. Unsere spezielle Funktion zum Scannen von B\u00fcchern dreht die abwechselnd auf den kopfstehenden Seiten automatisch 180 Grad. Am Ende erhalten Sie so eine perfekte Archivierungsdatei.<\/p>\n<p>Der Avision FB6380E ist die ideale Wahl f\u00fcr den Gesch\u00e4ftsmann, der gro\u00dfe Dokumente scannen m\u00f6chte. Der FB6380E findet au\u00dferdem seinen Einsatz bei K\u00fcnstlern, Maschinenbauern und anderen, bei dem gro\u00dfformatige Zeichnungen zum Alltag geh\u00f6ren.<\/p>\n<p>Hochgeschwindigkeitsscan, 300dpi, Farbe A3 in weniger als 4 Sekunden!<\/p>\n","protected":false},"featured_media":14918,"template":"","meta":{"ocean_post_layout":"","ocean_both_sidebars_style":"","ocean_both_sidebars_content_width":0,"ocean_both_sidebars_sidebars_width":0,"ocean_sidebar":"0","ocean_second_sidebar":"0","ocean_disable_margins":"enable","ocean_add_body_class":"","ocean_shortcode_before_top_bar":"","ocean_shortcode_after_top_bar":"","ocean_shortcode_before_header":"","ocean_shortcode_after_header":"","ocean_has_shortcode":"","ocean_shortcode_after_title":"","ocean_shortcode_before_footer_widgets":"","ocean_shortcode_after_footer_widgets":"","ocean_shortcode_before_footer_bottom":"","ocean_shortcode_after_footer_bottom":"","ocean_display_top_bar":"default","ocean_display_header":"default","ocean_header_style":"","ocean_center_header_left_menu":"0","ocean_custom_header_template":"0","ocean_custom_logo":0,"ocean_custom_retina_logo":0,"ocean_custom_logo_max_width":0,"ocean_custom_logo_tablet_max_width":0,"ocean_custom_logo_mobile_max_width":0,"ocean_custom_logo_max_height":0,"ocean_custom_logo_tablet_max_height":0,"ocean_custom_logo_mobile_max_height":0,"ocean_header_custom_menu":"0","ocean_menu_typo_font_family":"0","ocean_menu_typo_font_subset":"","ocean_menu_typo_font_size":0,"ocean_menu_typo_font_size_tablet":0,"ocean_menu_typo_font_size_mobile":0,"ocean_menu_typo_font_size_unit":"px","ocean_menu_typo_font_weight":"","ocean_menu_typo_font_weight_tablet":"","ocean_menu_typo_font_weight_mobile":"","ocean_menu_typo_transform":"","ocean_menu_typo_transform_tablet":"","ocean_menu_typo_transform_mobile":"","ocean_menu_typo_line_height":0,"ocean_menu_typo_line_height_tablet":0,"ocean_menu_typo_line_height_mobile":0,"ocean_menu_typo_line_height_unit":"","ocean_menu_typo_spacing":0,"ocean_menu_typo_spacing_tablet":0,"ocean_menu_typo_spacing_mobile":0,"ocean_menu_typo_spacing_unit":"","ocean_menu_link_color":"","ocean_menu_link_color_hover":"","ocean_menu_link_color_active":"","ocean_menu_link_background":"","ocean_menu_link_hover_background":"","ocean_menu_link_active_background":"","ocean_menu_social_links_bg":"","ocean_menu_social_hover_links_bg":"","ocean_menu_social_links_color":"","ocean_menu_social_hover_links_color":"","ocean_disable_title":"default","ocean_disable_heading":"default","ocean_post_title":"","ocean_post_subheading":"","ocean_post_title_style":"","ocean_post_title_background_color":"","ocean_post_title_background":0,"ocean_post_title_bg_image_position":"","ocean_post_title_bg_image_attachment":"","ocean_post_title_bg_image_repeat":"","ocean_post_title_bg_image_size":"","ocean_post_title_height":0,"ocean_post_title_bg_overlay":0.5,"ocean_post_title_bg_overlay_color":"","ocean_disable_breadcrumbs":"default","ocean_breadcrumbs_color":"","ocean_breadcrumbs_separator_color":"","ocean_breadcrumbs_links_color":"","ocean_breadcrumbs_links_hover_color":"","ocean_display_footer_widgets":"default","ocean_display_footer_bottom":"default","ocean_custom_footer_template":"0"},"product_cat":[332],"product_tag":[1421],"_links":{"self":[{"href":"https:\/\/www.avision.com\/de\/wp-json\/wp\/v2\/product\/14914"}],"collection":[{"href":"https:\/\/www.avision.com\/de\/wp-json\/wp\/v2\/product"}],"about":[{"href":"https:\/\/www.avision.com\/de\/wp-json\/wp\/v2\/types\/product"}],"version-history":[{"count":2,"href":"https:\/\/www.avision.com\/de\/wp-json\/wp\/v2\/product\/14914\/revisions"}],"predecessor-version":[{"id":14919,"href":"https:\/\/www.avision.com\/de\/wp-json\/wp\/v2\/product\/14914\/revisions\/14919"}],"wp:featuredmedia":[{"embeddable":true,"href":"https:\/\/www.avision.com\/de\/wp-json\/wp\/v2\/media\/14918"}],"wp:attachment":[{"href":"https:\/\/www.avision.com\/de\/wp-json\/wp\/v2\/media?parent=14914"}],"wp:term":[{"taxonomy":"product_cat","embeddable":true,"href":"https:\/\/www.avision.com\/de\/wp-json\/wp\/v2\/product_cat?post=14914"},{"taxonomy":"product_tag","embeddable":true,"href":"https:\/\/www.avision.com\/de\/wp-json\/wp\/v2\/product_tag?post=14914"}],"curies":[{"name":"wp","href":"https:\/\/api.w.org\/{rel}","templated":true}]}}