{"id":15100,"date":"2024-05-13T10:23:22","date_gmt":"2024-05-13T10:23:22","guid":{"rendered":"https:\/\/www.avision.com\/de\/?post_type=product&#038;p=15100"},"modified":"2024-10-22T06:39:25","modified_gmt":"2024-10-22T06:39:25","slug":"ap40","status":"publish","type":"product","link":"https:\/\/www.avision.com\/de\/shop\/printer-mfp\/ap40\/","title":{"rendered":"AP40"},"content":{"rendered":"<p style=\"text-align: left;\"><img decoding=\"async\" loading=\"lazy\" class=\"alignnone size-full wp-image-7450 alignleft\" src=\"https:\/\/www.avision.com\/de\/wp-content\/uploads\/sites\/8\/2021\/09\/A4.png\" alt=\"\" width=\"73\" height=\"69\" \/> <img decoding=\"async\" loading=\"lazy\" class=\"alignnone size-full wp-image-7410 alignleft\" src=\"https:\/\/www.avision.com\/de\/wp-content\/uploads\/sites\/8\/2021\/09\/duplex.png\" alt=\"\" width=\"74\" height=\"69\" \/> <img decoding=\"async\" loading=\"lazy\" class=\"alignnone size-full wp-image-15107 alignleft\" src=\"https:\/\/www.avision.com\/de\/wp-content\/uploads\/sites\/8\/2024\/05\/print_40ppm.png\" alt=\"\" width=\"73\" height=\"69\" \/> <img decoding=\"async\" loading=\"lazy\" class=\"size-full wp-image-15108 alignnone\" src=\"https:\/\/www.avision.com\/de\/wp-content\/uploads\/sites\/8\/2024\/05\/250pages.png\" alt=\"\" width=\"73\" height=\"68\" \/><\/p>\n<table>\n<tbody>\n<tr>\n<td style=\"background-color: #fff;\" valign=\"middle\" width=\"50%\">\n<h3><span style=\"color: #0e3a65;\"><span style=\"vertical-align: inherit;\">\u258dSchneller, hochwertiger Druck<\/span><\/span><\/h3>\n<p>Erstellen Sie professionelle Schwarzwei\u00dfausgaben mit beeindruckenden Druckgeschwindigkeiten von bis zu 40~42 Seiten pro Minute.<\/p>\n<h3><span style=\"color: #0e3a65;\"><span style=\"vertical-align: inherit;\">\u258dDie erste Seite in 5,9 Sekunden<\/span><\/span><\/h3>\n<p>Erledigen Sie Ihre Arbeit in k\u00fcrzerer Zeit mit diesem ultraschnellen und effizienten Drucker, der die erste Seite in nur 5,9 Sekunden ausgibt.<\/p>\n<h3><span style=\"color: #0e3a65;\"><span style=\"vertical-align: inherit;\">\u258dIntegrierte Duplex-Druckeinheit<\/span><\/span><\/h3>\n<p>Nutzen Sie die automatische Duplexdruckfunktion, um Papier zu sparen und Kosten zu senken.<\/td>\n<td style=\"background-color: #fff;\" valign=\"middle\" width=\"50%\"><img decoding=\"async\" loading=\"lazy\" class=\"aligncenter\" src=\"https:\/\/www.avision.com\/tw\/wp-content\/uploads\/sites\/2\/2023\/11\/AP40Q_P1.jpg\" width=\"498\" height=\"348\" \/><\/td>\n<\/tr>\n<\/tbody>\n<\/table>\n<h3><span style=\"color: #0e3a65;\">\u258dKlarer, benutzerfreundlicher LCD-Bildschirm<\/span><\/h3>\n<p>Der 1,7 Zoll gro\u00dfe, helle Farb-LCD-Bildschirm ist leicht zu lesen und zu navigieren und f\u00fchrt Sie selbst durch die komplexesten Vorg\u00e4nge. Dr\u00fccken Sie einfach ein paar Mal auf das Bedienfeld, und Ihr Dokument kann innerhalb von Sekunden digitalisiert und verteilt werden.<\/p>\n<table>\n<tbody>\n<tr>\n<td style=\"background-color: #fff;\" valign=\"middle\" width=\"50%\"><img decoding=\"async\" loading=\"lazy\" class=\"alignleft\" src=\"https:\/\/www.avision.com\/en\/wp-content\/uploads\/2023\/11\/AP40Q_P2.jpg\" width=\"400\" height=\"349\" \/><\/td>\n<td style=\"background-color: #fff;\" valign=\"middle\" width=\"50%\">\n<h3><span style=\"color: #0e3a65;\"><span style=\"vertical-align: inherit;\">\u258dBequemes mobiles Drucken (optional)<\/span><\/span><\/h3>\n<p>Das Produkt kann drahtlos eine Verbindung zu Ihren Mobilger\u00e4ten herstellen und unterst\u00fctzt Android Mopria oder iOS AirPrint. Laden Sie einfach die entsprechende App herunter, Sie k\u00f6nnen den Druckvorgang \u00fcber Ihre Mobilger\u00e4te abschlie\u00dfen und den Komfort und die Vorteile der drahtlosen \u00dcbertragung genie\u00dfen!<\/td>\n<\/tr>\n<\/tbody>\n<\/table>\n<h3><span style=\"color: #0e3a65;\">\u258dRemote-Ger\u00e4teverwaltung \u00fcber die eingebettete Webseite<\/span><\/h3>\n<p>Das Produkt bietet eine bequeme M\u00f6glichkeit, den Verbrauchsmaterialstatus, die Anzahl der Scans und Kopien anzuzeigen, um Ihnen bei der ordnungsgem\u00e4\u00dfen Wartung des Produkts zu helfen. Geben Sie einfach die IP-Adresse des Ger\u00e4ts in das URL-Feld Ihres Browsers ein, um die eingebettete Webseite des Produkts aufzurufen.<\/p>\n","protected":false},"excerpt":{"rendered":"<h3><span style=\"color: #0e3a65;\">Hohe Geschwindigkeit und h\u00f6chste Effizienz<\/span><\/h3>\n<p style=\"text-align: left;\">Der AP40 ist der hochmoderne Drucker von Avision, der f\u00fcr lokales Drucken, kabelgebundenes und kabelloses Netzwerkdrucken bis zur Legal-Gr\u00f6\u00dfe (216 x 356 mm, 8,5 x 14 Zoll) verwendet werden kann. Der AP40 steigert Ihre Effizienz durch eine schnelle Druckgeschwindigkeit von bis zu 40 Seiten pro Minute (A4). Der Drucker bietet verschiedene Funktionen, um einen effizienten und effektiven Ausdruck zu gew\u00e4hrleisten, darunter Netzwerkdruck, beidseitiges Drucken, Sortieren (Sortieren der gedruckten Seiten), Drucken mehrerer Seiten auf einem einzigen Blatt, Hinzuf\u00fcgen von Wasserzeichen im Hintergrund und vieles mehr. Mit einem benutzerfreundlichen Bedienfeld macht der AP40 Ihre Bedienung zum Kinderspiel.<\/p>\n<p style=\"text-align: left;\">\n","protected":false},"featured_media":15102,"template":"","meta":{"ocean_post_layout":"","ocean_both_sidebars_style":"","ocean_both_sidebars_content_width":0,"ocean_both_sidebars_sidebars_width":0,"ocean_sidebar":"0","ocean_second_sidebar":"0","ocean_disable_margins":"enable","ocean_add_body_class":"","ocean_shortcode_before_top_bar":"","ocean_shortcode_after_top_bar":"","ocean_shortcode_before_header":"","ocean_shortcode_after_header":"","ocean_has_shortcode":"","ocean_shortcode_after_title":"","ocean_shortcode_before_footer_widgets":"","ocean_shortcode_after_footer_widgets":"","ocean_shortcode_before_footer_bottom":"","ocean_shortcode_after_footer_bottom":"","ocean_display_top_bar":"default","ocean_display_header":"default","ocean_header_style":"","ocean_center_header_left_menu":"0","ocean_custom_header_template":"0","ocean_custom_logo":0,"ocean_custom_retina_logo":0,"ocean_custom_logo_max_width":0,"ocean_custom_logo_tablet_max_width":0,"ocean_custom_logo_mobile_max_width":0,"ocean_custom_logo_max_height":0,"ocean_custom_logo_tablet_max_height":0,"ocean_custom_logo_mobile_max_height":0,"ocean_header_custom_menu":"0","ocean_menu_typo_font_family":"0","ocean_menu_typo_font_subset":"","ocean_menu_typo_font_size":0,"ocean_menu_typo_font_size_tablet":0,"ocean_menu_typo_font_size_mobile":0,"ocean_menu_typo_font_size_unit":"px","ocean_menu_typo_font_weight":"","ocean_menu_typo_font_weight_tablet":"","ocean_menu_typo_font_weight_mobile":"","ocean_menu_typo_transform":"","ocean_menu_typo_transform_tablet":"","ocean_menu_typo_transform_mobile":"","ocean_menu_typo_line_height":0,"ocean_menu_typo_line_height_tablet":0,"ocean_menu_typo_line_height_mobile":0,"ocean_menu_typo_line_height_unit":"","ocean_menu_typo_spacing":0,"ocean_menu_typo_spacing_tablet":0,"ocean_menu_typo_spacing_mobile":0,"ocean_menu_typo_spacing_unit":"","ocean_menu_link_color":"","ocean_menu_link_color_hover":"","ocean_menu_link_color_active":"","ocean_menu_link_background":"","ocean_menu_link_hover_background":"","ocean_menu_link_active_background":"","ocean_menu_social_links_bg":"","ocean_menu_social_hover_links_bg":"","ocean_menu_social_links_color":"","ocean_menu_social_hover_links_color":"","ocean_disable_title":"default","ocean_disable_heading":"default","ocean_post_title":"","ocean_post_subheading":"","ocean_post_title_style":"","ocean_post_title_background_color":"","ocean_post_title_background":0,"ocean_post_title_bg_image_position":"","ocean_post_title_bg_image_attachment":"","ocean_post_title_bg_image_repeat":"","ocean_post_title_bg_image_size":"","ocean_post_title_height":0,"ocean_post_title_bg_overlay":0.5,"ocean_post_title_bg_overlay_color":"","ocean_disable_breadcrumbs":"default","ocean_breadcrumbs_color":"","ocean_breadcrumbs_separator_color":"","ocean_breadcrumbs_links_color":"","ocean_breadcrumbs_links_hover_color":"","ocean_display_footer_widgets":"default","ocean_display_footer_bottom":"default","ocean_custom_footer_template":"0"},"product_cat":[335],"product_tag":[1458],"_links":{"self":[{"href":"https:\/\/www.avision.com\/de\/wp-json\/wp\/v2\/product\/15100"}],"collection":[{"href":"https:\/\/www.avision.com\/de\/wp-json\/wp\/v2\/product"}],"about":[{"href":"https:\/\/www.avision.com\/de\/wp-json\/wp\/v2\/types\/product"}],"version-history":[{"count":12,"href":"https:\/\/www.avision.com\/de\/wp-json\/wp\/v2\/product\/15100\/revisions"}],"predecessor-version":[{"id":15463,"href":"https:\/\/www.avision.com\/de\/wp-json\/wp\/v2\/product\/15100\/revisions\/15463"}],"wp:featuredmedia":[{"embeddable":true,"href":"https:\/\/www.avision.com\/de\/wp-json\/wp\/v2\/media\/15102"}],"wp:attachment":[{"href":"https:\/\/www.avision.com\/de\/wp-json\/wp\/v2\/media?parent=15100"}],"wp:term":[{"taxonomy":"product_cat","embeddable":true,"href":"https:\/\/www.avision.com\/de\/wp-json\/wp\/v2\/product_cat?post=15100"},{"taxonomy":"product_tag","embeddable":true,"href":"https:\/\/www.avision.com\/de\/wp-json\/wp\/v2\/product_tag?post=15100"}],"curies":[{"name":"wp","href":"https:\/\/api.w.org\/{rel}","templated":true}]}}