{"id":15111,"date":"2024-05-13T14:48:36","date_gmt":"2024-05-13T14:48:36","guid":{"rendered":"https:\/\/www.avision.com\/de\/?post_type=product&#038;p=15111"},"modified":"2024-10-22T06:36:41","modified_gmt":"2024-10-22T06:36:41","slug":"am40q","status":"publish","type":"product","link":"https:\/\/www.avision.com\/de\/shop\/printer-mfp\/am40q\/","title":{"rendered":"AM40Q"},"content":{"rendered":"<p style=\"text-align: left;\"><img decoding=\"async\" loading=\"lazy\" class=\"alignnone size-full wp-image-7450 alignleft\" src=\"https:\/\/www.avision.com\/de\/wp-content\/uploads\/sites\/8\/2021\/09\/A4.png\" alt=\"\" width=\"73\" height=\"69\" \/><img decoding=\"async\" loading=\"lazy\" class=\"alignnone size-full wp-image-15107 alignleft\" src=\"https:\/\/www.avision.com\/de\/wp-content\/uploads\/sites\/8\/2024\/05\/print_40ppm.png\" alt=\"\" width=\"73\" height=\"69\" \/> <img decoding=\"async\" loading=\"lazy\" class=\"size-full wp-image-15108 alignnone\" src=\"https:\/\/www.avision.com\/de\/wp-content\/uploads\/sites\/8\/2024\/05\/250pages.png\" alt=\"\" width=\"73\" height=\"68\" \/><\/p>\n<p>&nbsp;<\/p>\n<table>\n<tbody>\n<tr>\n<td style=\"background-color: #fff;\" valign=\"middle\" width=\"50%\"><img decoding=\"async\" loading=\"lazy\" class=\"aligncenter\" src=\"https:\/\/www.avision.com\/en\/wp-content\/uploads\/2023\/11\/AM40Q_P3.png\" width=\"324\" height=\"259\" \/><\/td>\n<td style=\"background-color: #fff;\" valign=\"middle\" width=\"50%\">\n<h3><span style=\"color: #0e3a65;\"><span style=\"vertical-align: inherit;\">\u258dSchnelles Drucken und Kopieren in hoher Qualit\u00e4t<\/span><\/span><\/h3>\n<p>Erstellen Sie professionelle Schwarzwei\u00dfausgaben mit beeindruckenden Kopiergeschwindigkeiten von bis zu 40 Seiten pro Minute. Und drucken Sie bis zu 40 Seiten pro Minute.<\/p>\n<h3><span style=\"color: #0e3a65;\"><span style=\"vertical-align: inherit;\">\u258dDie erste Seite in 5,9 Sekunden<\/span><\/span><\/h3>\n<p>Erledigen Sie Ihre Arbeit in k\u00fcrzerer Zeit mit diesem ultraschnellen und effizienten Drucker, der die erste Seite in nur 5,9 Sekunden ausgibt.<\/td>\n<\/tr>\n<\/tbody>\n<\/table>\n<h3><span style=\"color: #0e3a65;\">\u258dKlarer, benutzerfreundlicher LCD-Bildschirm<\/span><\/h3>\n<p>Der 1,7 Zoll gro\u00dfe, helle Farb-LCD-Bildschirm ist leicht zu lesen und zu navigieren und f\u00fchrt Sie selbst durch die komplexesten Vorg\u00e4nge. Dr\u00fccken Sie einfach ein paar Mal auf das Bedienfeld, und Ihr Dokument kann innerhalb von Sekunden digitalisiert und verteilt werden.<\/p>\n<table>\n<tbody>\n<tr>\n<td style=\"background-color: #fff;\" valign=\"middle\" width=\"50%\">\n<h3><span style=\"color: #0e3a65;\"><span style=\"vertical-align: inherit;\">\u258dAutomatischer 75-Blatt-Dokumenteneinzug<\/span><\/span><\/h3>\n<p>Mit dem automatischen Dokumenteneinzug f\u00fcr 75 Seiten erfasst das Produkt einseitige Dokumente in einem Durchgang mit einer Geschwindigkeit von bis zu 40 Seiten pro Minute und eignet sich somit perfekt zum Scannen und Kopieren mehrseitiger, einseitiger Gesch\u00e4ftsdokumente.<\/td>\n<td style=\"background-color: #fff;\" valign=\"middle\" width=\"50%\"><img decoding=\"async\" loading=\"lazy\" class=\"aligncenter\" src=\"https:\/\/www.avision.com\/en\/wp-content\/uploads\/2023\/11\/AM40_p2.png\" width=\"315\" height=\"180\" \/><\/td>\n<\/tr>\n<\/tbody>\n<\/table>\n<p>&nbsp;<\/p>\n<table>\n<tbody>\n<tr>\n<td style=\"background-color: #fff;\" valign=\"middle\" width=\"50%\"><img decoding=\"async\" loading=\"lazy\" class=\"aligncenter\" src=\"https:\/\/www.avision.com\/en\/wp-content\/uploads\/2023\/11\/AM40Q_P1.png\" width=\"315\" height=\"180\" \/><\/td>\n<td style=\"background-color: #fff;\" valign=\"middle\" width=\"50%\">\n<h3><span style=\"color: #0e3a65;\"><span style=\"vertical-align: inherit;\">\u258dErweiterte Scanfunktionen<\/span><\/span><\/h3>\n<p>Mit dem Produkt k\u00f6nnen Sie papierbasierte Dokumente in Vollfarbe im PDF-, JPEG- oder TIFF-Dateiformat scannen und an verschiedene Ziele wie E-Mail, FTP, USB und Netzwerkordner (SMB) senden.<\/td>\n<\/tr>\n<\/tbody>\n<\/table>\n<p>&nbsp;<\/p>\n<table>\n<tbody>\n<tr>\n<td style=\"background-color: #fff;\" valign=\"middle\" width=\"50%\">\n<h3><span style=\"color: #0e3a65;\"><span style=\"vertical-align: inherit;\">\u258dBequemes mobiles Drucken<\/span><\/span><\/h3>\n<p>Das Produkt kann drahtlos eine Verbindung zu Ihren Mobilger\u00e4ten herstellen und unterst\u00fctzt Android Mopria oder iOS AirPrint. Laden Sie einfach die entsprechende App herunter, Sie k\u00f6nnen den Druckvorgang \u00fcber Ihre Mobilger\u00e4te abschlie\u00dfen und den Komfort und die Vorteile der drahtlosen \u00dcbertragung genie\u00dfen!<\/td>\n<td style=\"background-color: #fff;\" valign=\"middle\" width=\"50%\"><img decoding=\"async\" loading=\"lazy\" class=\"aligncenter\" src=\"https:\/\/www.avision.com\/en\/wp-content\/uploads\/2023\/11\/AM40Q_P2.png\" width=\"315\" height=\"180\" \/><\/td>\n<\/tr>\n<\/tbody>\n<\/table>\n<table>\n<tbody>\n<tr>\n<td style=\"background-color: #fff;\" valign=\"middle\" width=\"50%\"><img decoding=\"async\" loading=\"lazy\" class=\"aligncenter\" src=\"https:\/\/www.avision.com\/en\/wp-content\/uploads\/2023\/11\/AM76_S8.png\" width=\"519\" height=\"221\" \/><\/td>\n<td style=\"background-color: #fff;\" valign=\"middle\" width=\"50%\">\n<h3><span style=\"color: #0e3a65;\"><span style=\"vertical-align: inherit;\">\u258dFern-Ger\u00e4teverwaltung \u00fcber eingebettete Webseite<\/span><\/span><\/h3>\n<p>Das Produkt bietet eine bequeme M\u00f6glichkeit, den Verbrauchsmaterialstatus der Druckerpatrone, die Anzahl der Scans und die Anzahl der Kopien anzuzeigen, um Ihnen bei der ordnungsgem\u00e4\u00dfen Wartung des Produkts zu helfen. Geben Sie einfach die IP-Adresse des Ger\u00e4ts in das URL-Feld Ihres Browsers ein, um die eingebettete Webseite des Produkts aufzurufen.<\/td>\n<\/tr>\n<\/tbody>\n<\/table>\n<h3><span style=\"color: #0e3a65;\">\u258dMerkmale<\/span><\/h3>\n<ul>\n<li>Duplex-Vielseitigkeit: beidseitiges Drucken und Kopieren<\/li>\n<li>Drucken und kopieren Sie mit bis zu 40 Kopien pro Minute (A4 LEF) in Schwarzwei\u00df<\/li>\n<li>Ausgabezeit des ersten Drucks\/Kopierens &lt; 5,9 Sekunden<\/li>\n<li>Scannen Sie in Farbe mit einer optischen Aufl\u00f6sung von bis zu 1200 dpi<\/li>\n<li>Das Vorlagenglas im A4-Format erm\u00f6glicht das problemlose Scannen von Dokumenten im A4-Format<\/li>\n<li>Scannen Sie Dateien unterwegs auf USB und drucken Sie sie von dort aus<\/li>\n<li>250-Blatt-Standardfach oder optionales Fach plus 50-Blatt-Mehrzweckfach<\/li>\n<li>Fern-Ger\u00e4teverwaltung \u00fcber eingebettete Webseite<\/li>\n<li>Benutzerfreundlicher 1,7-Zoll-FLF-LCD-Bildschirm f\u00fcr einfache Bedienung<\/li>\n<li>Der automatische 75-Blatt-Duplex-Dokumenteneinzug scannt einseitige Dokumente in Gr\u00f6\u00dfen bis zum Legal-Format<\/li>\n<\/ul>\n","protected":false},"excerpt":{"rendered":"<h3>Drucken, kopieren, per E-Mail versenden und scannen mit dem Avision AM40Q MFP<\/h3>\n<p style=\"text-align: left;\">Wir haben die b\u00fcro-kritischen Funktionen unserer Abteilungs-MFPs \u00fcbernommen und sie in diesen \u00e4u\u00dferst produktiven Drucker im LEGAL-Format gepackt. Es integriert nahtlos Druck-, Scan-, E-Mail- und Kopierfunktionen. Dar\u00fcber hinaus kann das Produkt \u00fcber ein kabelgebundenes oder kabelloses Netzwerk mit dem Computer verbunden werden. Alle diese Funktionen werden \u00fcber einen klaren und gro\u00dfen LCD-Bildschirm bedient, um die Arbeit in gesch\u00e4ftigen B\u00fcros mit hohem Dokumentenverteilungsaufkommen zu vereinfachen.<\/p>\n<p>&nbsp;<\/p>\n<p>&nbsp;<\/p>\n","protected":false},"featured_media":15112,"template":"","meta":{"ocean_post_layout":"","ocean_both_sidebars_style":"","ocean_both_sidebars_content_width":0,"ocean_both_sidebars_sidebars_width":0,"ocean_sidebar":"0","ocean_second_sidebar":"0","ocean_disable_margins":"enable","ocean_add_body_class":"","ocean_shortcode_before_top_bar":"","ocean_shortcode_after_top_bar":"","ocean_shortcode_before_header":"","ocean_shortcode_after_header":"","ocean_has_shortcode":"","ocean_shortcode_after_title":"","ocean_shortcode_before_footer_widgets":"","ocean_shortcode_after_footer_widgets":"","ocean_shortcode_before_footer_bottom":"","ocean_shortcode_after_footer_bottom":"","ocean_display_top_bar":"default","ocean_display_header":"default","ocean_header_style":"","ocean_center_header_left_menu":"0","ocean_custom_header_template":"0","ocean_custom_logo":0,"ocean_custom_retina_logo":0,"ocean_custom_logo_max_width":0,"ocean_custom_logo_tablet_max_width":0,"ocean_custom_logo_mobile_max_width":0,"ocean_custom_logo_max_height":0,"ocean_custom_logo_tablet_max_height":0,"ocean_custom_logo_mobile_max_height":0,"ocean_header_custom_menu":"0","ocean_menu_typo_font_family":"0","ocean_menu_typo_font_subset":"","ocean_menu_typo_font_size":0,"ocean_menu_typo_font_size_tablet":0,"ocean_menu_typo_font_size_mobile":0,"ocean_menu_typo_font_size_unit":"px","ocean_menu_typo_font_weight":"","ocean_menu_typo_font_weight_tablet":"","ocean_menu_typo_font_weight_mobile":"","ocean_menu_typo_transform":"","ocean_menu_typo_transform_tablet":"","ocean_menu_typo_transform_mobile":"","ocean_menu_typo_line_height":0,"ocean_menu_typo_line_height_tablet":0,"ocean_menu_typo_line_height_mobile":0,"ocean_menu_typo_line_height_unit":"","ocean_menu_typo_spacing":0,"ocean_menu_typo_spacing_tablet":0,"ocean_menu_typo_spacing_mobile":0,"ocean_menu_typo_spacing_unit":"","ocean_menu_link_color":"","ocean_menu_link_color_hover":"","ocean_menu_link_color_active":"","ocean_menu_link_background":"","ocean_menu_link_hover_background":"","ocean_menu_link_active_background":"","ocean_menu_social_links_bg":"","ocean_menu_social_hover_links_bg":"","ocean_menu_social_links_color":"","ocean_menu_social_hover_links_color":"","ocean_disable_title":"default","ocean_disable_heading":"default","ocean_post_title":"","ocean_post_subheading":"","ocean_post_title_style":"","ocean_post_title_background_color":"","ocean_post_title_background":0,"ocean_post_title_bg_image_position":"","ocean_post_title_bg_image_attachment":"","ocean_post_title_bg_image_repeat":"","ocean_post_title_bg_image_size":"","ocean_post_title_height":0,"ocean_post_title_bg_overlay":0.5,"ocean_post_title_bg_overlay_color":"","ocean_disable_breadcrumbs":"default","ocean_breadcrumbs_color":"","ocean_breadcrumbs_separator_color":"","ocean_breadcrumbs_links_color":"","ocean_breadcrumbs_links_hover_color":"","ocean_display_footer_widgets":"default","ocean_display_footer_bottom":"default","ocean_custom_footer_template":"0"},"product_cat":[335],"product_tag":[1460],"_links":{"self":[{"href":"https:\/\/www.avision.com\/de\/wp-json\/wp\/v2\/product\/15111"}],"collection":[{"href":"https:\/\/www.avision.com\/de\/wp-json\/wp\/v2\/product"}],"about":[{"href":"https:\/\/www.avision.com\/de\/wp-json\/wp\/v2\/types\/product"}],"version-history":[{"count":4,"href":"https:\/\/www.avision.com\/de\/wp-json\/wp\/v2\/product\/15111\/revisions"}],"predecessor-version":[{"id":15341,"href":"https:\/\/www.avision.com\/de\/wp-json\/wp\/v2\/product\/15111\/revisions\/15341"}],"wp:featuredmedia":[{"embeddable":true,"href":"https:\/\/www.avision.com\/de\/wp-json\/wp\/v2\/media\/15112"}],"wp:attachment":[{"href":"https:\/\/www.avision.com\/de\/wp-json\/wp\/v2\/media?parent=15111"}],"wp:term":[{"taxonomy":"product_cat","embeddable":true,"href":"https:\/\/www.avision.com\/de\/wp-json\/wp\/v2\/product_cat?post=15111"},{"taxonomy":"product_tag","embeddable":true,"href":"https:\/\/www.avision.com\/de\/wp-json\/wp\/v2\/product_tag?post=15111"}],"curies":[{"name":"wp","href":"https:\/\/api.w.org\/{rel}","templated":true}]}}