{"id":15150,"date":"2024-07-17T12:48:04","date_gmt":"2024-07-17T12:48:04","guid":{"rendered":"https:\/\/www.avision.com\/de\/?post_type=product&#038;p=15150"},"modified":"2025-08-05T10:27:52","modified_gmt":"2025-08-05T10:27:52","slug":"ad5800n","status":"publish","type":"product","link":"https:\/\/www.avision.com\/de\/shop\/document-scanner\/ad5800n\/","title":{"rendered":"AD5800N"},"content":{"rendered":"<p><img decoding=\"async\" loading=\"lazy\" class=\"alignnone size-full wp-image-7449 alignleft\" src=\"https:\/\/www.avision.com\/de\/wp-content\/uploads\/sites\/8\/2021\/09\/A3.png\" alt=\"\" width=\"73\" height=\"69\" \/> <img decoding=\"async\" loading=\"lazy\" class=\"alignnone size-full wp-image-7409 alignleft\" src=\"https:\/\/www.avision.com\/de\/wp-content\/uploads\/sites\/8\/2021\/09\/color80p160i.png\" alt=\"\" width=\"74\" height=\"69\" \/><img decoding=\"async\" loading=\"lazy\" class=\"alignnone size-full wp-image-7334 alignleft\" src=\"https:\/\/www.avision.com\/de\/wp-content\/uploads\/sites\/8\/2021\/09\/ADF100.png\" alt=\"\" width=\"74\" height=\"69\" \/> <img decoding=\"async\" loading=\"lazy\" class=\"size-full wp-image-15310 alignleft\" src=\"https:\/\/www.avision.com\/de\/wp-content\/uploads\/sites\/8\/2024\/08\/240in.png\" alt=\"\" width=\"73\" height=\"68\" \/><img decoding=\"async\" loading=\"lazy\" class=\"alignnone size-full wp-image-7431 alignleft\" src=\"https:\/\/www.avision.com\/de\/wp-content\/uploads\/sites\/8\/2021\/09\/Ultra1sensor.png\" alt=\"\" width=\"73\" height=\"69\" \/> <img decoding=\"async\" loading=\"lazy\" class=\"alignnone size-full wp-image-7410 alignleft\" src=\"https:\/\/www.avision.com\/de\/wp-content\/uploads\/sites\/8\/2021\/09\/duplex.png\" alt=\"\" width=\"74\" height=\"69\" \/><span style=\"vertical-align: inherit\"><div class=\"su-spacer\" style=\"height:25px\"><\/div><\/span><\/p>\n<p>&nbsp;<\/p>\n<hr \/>\n<table>\n<tbody>\n<tr>\n<td style=\"background-color: #fff\" valign=\"middle\" width=\"50%\">\n<h3><span style=\"color: #0e3a65\"><span style=\"vertical-align: inherit\">\u258dScannen langer Dokumente<\/span><\/span><\/h3>\n<p>Der AD5800N bietet Ihnen eine praktische Funktion zum Scannen langer Dokumente mit einer L\u00e4nge von bis zu 609,6 cm. Dies ist eine kosten- und zeitsparende L\u00f6sung f\u00fcr Versicherungsunternehmen und Gesundheitseinrichtungen, die Versicherungsrechnungen und Patientenakten digitalisieren m\u00fcssen.<\/td>\n<td style=\"background-color: #fff\" valign=\"middle\" width=\"50%\"><img decoding=\"async\" loading=\"lazy\" class=\"alignnone wp-image-15148\" src=\"https:\/\/www.avision.com\/de\/wp-content\/uploads\/sites\/8\/2024\/01\/AD5800EN_P1_DE-300x63.png\" alt=\"\" width=\"605\" height=\"127\" srcset=\"https:\/\/www.avision.com\/de\/wp-content\/uploads\/sites\/8\/2024\/01\/AD5800EN_P1_DE-300x63.png 300w, https:\/\/www.avision.com\/de\/wp-content\/uploads\/sites\/8\/2024\/01\/AD5800EN_P1_DE-1024x216.png 1024w, https:\/\/www.avision.com\/de\/wp-content\/uploads\/sites\/8\/2024\/01\/AD5800EN_P1_DE-768x162.png 768w, https:\/\/www.avision.com\/de\/wp-content\/uploads\/sites\/8\/2024\/01\/AD5800EN_P1_DE-600x127.png 600w, https:\/\/www.avision.com\/de\/wp-content\/uploads\/sites\/8\/2024\/01\/AD5800EN_P1_DE.png 1042w\" sizes=\"(max-width: 605px) 100vw, 605px\" \/><\/td>\n<\/tr>\n<tr>\n<td style=\"background-color: #fff\" valign=\"middle\" width=\"50%\"><img decoding=\"async\" class=\"aligncenter\" src=\"https:\/\/www.avision.com\/tw\/wp-content\/uploads\/sites\/2\/2023\/11\/AD5800_P2.png\" \/><\/td>\n<td style=\"background-color: #fff\" valign=\"middle\" width=\"50%\"><span style=\"vertical-align: inherit\"><div class=\"su-spacer\" style=\"height:25px\"><\/div><\/span><\/p>\n<h3><span style=\"color: #0e3a65\"><span style=\"vertical-align: inherit\">\u258dLED Display<\/span><\/span><\/h3>\n<p>Der AD5800N ist durch das \u00fcbersichtliche 4,5cm LCD-Display einfach zu bedienen. Durch Auswahl Ihres Ziels und Dr\u00fccken der Schaltfl\u00e4che \u201eScannen\u201c kann der Scan durchgef\u00fchrt und das gescannte Bild an die von Ihnen angegebene Zielanwendung wie E-Mail, Drucker oder Ihre bevorzugte Bildbearbeitungssoftware gesendet werden. Bis zu neun h\u00e4ufig verwendete Scan-Einstellungsziele k\u00f6nnen f\u00fcr unterschiedliche Scananforderungen voreingestellt werden.<\/td>\n<\/tr>\n<tr>\n<td style=\"background-color: #fff\" valign=\"middle\" width=\"50%\"><span style=\"vertical-align: inherit\"><div class=\"su-spacer\" style=\"height:25px\"><\/div><\/span><\/p>\n<h3><span style=\"color: #0e3a65\"><span style=\"vertical-align: inherit\">\u258dZwei Leseeinheiten sparen doppelte Arbeitszeit<\/span><\/span><\/h3>\n<p>Mit zwei Lesek\u00f6pfen ist das Produkt in der Lage, in einem Scan beidseitig (Vorderseite und Leseseite) zu scannen, was bedeutet, dass die Seite nicht zweimal durch den Einzug laufen muss, was Ihre Arbeitszeit spart.<\/td>\n<td style=\"background-color: #fff\" valign=\"middle\" width=\"50%\"><img decoding=\"async\" loading=\"lazy\" class=\"alignnone wp-image-15151\" src=\"https:\/\/www.avision.com\/de\/wp-content\/uploads\/sites\/8\/2024\/07\/AD5800EN_P3_DE-300x155.png\" alt=\"\" width=\"418\" height=\"216\" srcset=\"https:\/\/www.avision.com\/de\/wp-content\/uploads\/sites\/8\/2024\/07\/AD5800EN_P3_DE-300x155.png 300w, https:\/\/www.avision.com\/de\/wp-content\/uploads\/sites\/8\/2024\/07\/AD5800EN_P3_DE-1024x529.png 1024w, https:\/\/www.avision.com\/de\/wp-content\/uploads\/sites\/8\/2024\/07\/AD5800EN_P3_DE-768x397.png 768w, https:\/\/www.avision.com\/de\/wp-content\/uploads\/sites\/8\/2024\/07\/AD5800EN_P3_DE-600x310.png 600w, https:\/\/www.avision.com\/de\/wp-content\/uploads\/sites\/8\/2024\/07\/AD5800EN_P3_DE.png 1042w\" sizes=\"(max-width: 418px) 100vw, 418px\" \/><\/td>\n<\/tr>\n<tr>\n<td style=\"background-color: #fff\" valign=\"middle\" width=\"50%\"><img decoding=\"async\" class=\"aligncenter\" src=\"https:\/\/www.avision.com\/tw\/wp-content\/uploads\/sites\/2\/2023\/11\/AD5800_P4.png\" \/><\/td>\n<td style=\"background-color: #fff\" valign=\"middle\" width=\"50%\"><span style=\"vertical-align: inherit\"><div class=\"su-spacer\" style=\"height:25px\"><\/div><\/span><\/p>\n<h3><span style=\"color: #0e3a65\"><span style=\"vertical-align: inherit\">\u258dMit Button Manager V2 in Clouds scannen<\/span><\/span><\/h3>\n<p>Mit der mitgelieferten Software Button Manager V2 k\u00f6nnen Sie die Bilder scannen und an beliebte Cloud-Server wie Google Drive, Evernote, Dropbox und SharePoint senden, um Ihre Dokumente schnell und einfach zu teilen.<\/td>\n<\/tr>\n<\/tbody>\n<\/table>\n<h3><span style=\"color: #0e3a65\"><span style=\"vertical-align: inherit\">\u258dKomplette geb\u00fcndelte Softwareanwendungen<\/span><\/span><\/h3>\n<p>Der AD5800N wird mit TWAIN- und ISIS-Treibern geliefert und ist mit einer Reihe leistungsstarker Softwareanwendungen geb\u00fcndelt, darunter Avision Button Manager V2, AvScan 5.0 und ScanSoft PaperPort 11SE. Mit Button Manager V2 k\u00f6nnen Sie in durchsuchbare PDF-, JPEG-, BMP- oder GIF-Dateiformate scannen, in einem Ordner auf Ihrem Computer speichern und in eine E-Mail, ein Bildbearbeitungsprogramm oder eine Cloud-Anwendung wie Google Docs oder Microsoft SharePoint scannen mit einem Knopfdruck. AVScan V5 und ScanSoft PaperPort sind hochwirksame Bildverarbeitungs- und Dokumentenverwaltungssoftware, mit der Sie Ihre Aufgaben effizienter erledigen k\u00f6nnen.<\/p>\n<h3><span style=\"color: #0e3a65\"><span style=\"vertical-align: inherit\">\u258dFeatures<\/span><\/span><\/h3>\n<ul>\n<li>Schnelles Scannen mit 80 Seiten pro Minute \/ 160 Bildern pro Minute in Farbe, Graustufen und Schwarzwei\u00df (300 dpi)<\/li>\n<li>Vorlagen bis zur Gr\u00f6\u00dfe A3 (308 x 432 mm)<\/li>\n<li>Robuster automatischer Dokumenteneinzug f\u00fcr 100 Seiten<\/li>\n<li>T\u00e4gliche Kapazit\u00e4t von bis zu 15.000 Blatt<\/li>\n<li>Automatisches Zuschneiden und Geradeausrichten eines Dokuments mit der fortschrittlichen Bildverarbeitungseinheit, um die Scangeschwindigkeit zu erh\u00f6hen<\/li>\n<li>Dr\u00fccken Sie und scannen Sie \u00fcber die mitgelieferte Software Button Manager V2 auf Cloud-Server<\/li>\n<li>Umweltfreundliche LED-Technologie<\/li>\n<li>USB and Ethernet 10\/100\/1000 Mb ports<\/li>\n<li>Scannen langer Seiten bis zu 6096 mm (240 Zoll)<\/li>\n<\/ul>\n<p>&nbsp;<\/p>\n<hr \/>\n<h3><\/h3>\n<h3><span style=\"color: #0e3a65\">\u258e<\/span><span style=\"color: #0e3a65\"><strong>Certification mark<\/strong><\/span><\/h3>\n<div class=\"su-spoiler su-spoiler-style-default su-spoiler-icon-arrow-circle-1  su-spoiler-closed\" data-scroll-offset=\"0\" data-anchor-in-url=\"no\"><div class=\"su-spoiler-title\" tabindex=\"0\" role=\"button\"><span class=\"su-spoiler-icon\"><\/span>Learn more<\/div><div class=\"su-spoiler-content su-u-clearfix su-u-trim\">\n<table id=\"tbl\" border=\"1\">\n<tbody>\n<tr>\n<td bgcolor=\"white\" width=\"200px\"><span class=\"su-lightbox\" data-mfp-src=\"#my-custom-popup\" data-mfp-type=\"inline\" data-mobile=\"yes\"><img decoding=\"async\" loading=\"lazy\" class=\"wp-image-7528 aligncenter\" src=\"https:\/\/www.avision.com\/de\/wp-content\/uploads\/sites\/8\/2021\/09\/800px-Energy_Star_logo.svg-293x300.png\" alt=\"\" width=\"73\" height=\"75\" srcset=\"https:\/\/www.avision.com\/de\/wp-content\/uploads\/sites\/8\/2021\/09\/800px-Energy_Star_logo.svg-293x300.png 293w, https:\/\/www.avision.com\/de\/wp-content\/uploads\/sites\/8\/2021\/09\/800px-Energy_Star_logo.svg-768x786.png 768w, https:\/\/www.avision.com\/de\/wp-content\/uploads\/sites\/8\/2021\/09\/800px-Energy_Star_logo.svg-600x614.png 600w, https:\/\/www.avision.com\/de\/wp-content\/uploads\/sites\/8\/2021\/09\/800px-Energy_Star_logo.svg.png 800w\" sizes=\"(max-width: 73px) 100vw, 73px\" \/><\/span><\/td>\n<td bgcolor=\"white\" width=\"200px\"><span class=\"su-lightbox\" data-mfp-src=\"https:\/\/www.avision.com\/de\/smart-image\/\" data-mfp-type=\"iframe\" data-mobile=\"yes\"><img decoding=\"async\" loading=\"lazy\" class=\"wp-image-7531 aligncenter\" src=\"https:\/\/www.avision.com\/de\/wp-content\/uploads\/sites\/8\/2021\/09\/SmartImage.png\" alt=\"\" width=\"100\" height=\"70\" \/><br \/>\n<\/span><\/td>\n<td bgcolor=\"white\" width=\"200px\"><img decoding=\"async\" loading=\"lazy\" class=\" wp-image-11125 aligncenter\" src=\"https:\/\/www.avision.com\/de\/wp-content\/uploads\/sites\/8\/2021\/09\/0_GREEN-184x300.png\" alt=\"\" width=\"59\" height=\"97\" srcset=\"https:\/\/www.avision.com\/de\/wp-content\/uploads\/sites\/8\/2021\/09\/0_GREEN-184x300.png 184w, https:\/\/www.avision.com\/de\/wp-content\/uploads\/sites\/8\/2021\/09\/0_GREEN.png 265w\" sizes=\"(max-width: 59px) 100vw, 59px\" \/><\/td>\n<td bgcolor=\"white\" width=\"200px\"><\/td>\n<td bgcolor=\"white\" width=\"200px\"><\/td>\n<\/tr>\n<\/tbody>\n<\/table>\n<div class=\"su-lightbox-content su-u-trim \" id=\"my-custom-popup\" style=\"display:none;width:auto;min-width:none;max-width:600px;margin-top:40px;margin-bottom:40px;padding:40px;background:#FFFFFF;color:#333333;box-shadow:0px 0px 15px #333333;text-align:left\">\n<h1><span style=\"color: #0e3a65\">ENERGY STARR<\/span><\/h1>\n<p>&nbsp;<\/p>\n<h2>What is ENERGY STAR?<\/h2>\n<p><a href=\"https:\/\/www.energystar.gov\/\"><img decoding=\"async\" loading=\"lazy\" class=\"size-medium wp-image-11921 aligncenter\" src=\"https:\/\/www.avision.com\/de\/wp-content\/uploads\/sites\/8\/2021\/09\/energy_star-2-300x243.jpg\" alt=\"\" width=\"300\" height=\"243\" srcset=\"https:\/\/www.avision.com\/de\/wp-content\/uploads\/sites\/8\/2021\/09\/energy_star-2-300x243.jpg 300w, https:\/\/www.avision.com\/de\/wp-content\/uploads\/sites\/8\/2021\/09\/energy_star-2.jpg 497w\" sizes=\"(max-width: 300px) 100vw, 300px\" \/><\/a><\/p>\n<p>ENERGY STAR is a joint program of the U.S. Environmental Protection Agency and the U.S. Department of Energy helping us all save money and protect the environment through energy efficient products and practices.<\/p>\n<h2>Choose ENERGY STAR Qualified Products<\/h2>\n<p>ENERGY STAR qualified products meet strict energy efficiency guidelines set by the U.S. EPA and U.S. Department of Energy. They use less energy, save money, and help protect the environment.<\/p>\n<p><a href=\"https:\/\/www.avision.com\/de\/wp-content\/uploads\/sites\/8\/2021\/09\/energy_star-2.jpg\" target=\"_blank\" rel=\"noopener\">Lists of ENERGY STAR V2.0 qualified Avision products<\/a><\/div>\n<\/div><\/div>\n","protected":false},"excerpt":{"rendered":"<h3><span style=\"color: #0e3a65\">A3 Documentenscanner &#8211; AD5800N mit Netzwerkanschluss<\/span><\/h3>\n<p style=\"text-align: left\">Avision freut sich, die Ver\u00f6ffentlichung des Hochleistungsdokumentenscanners mit einem robusten automatischen Dokumenteneinzug f\u00fcr 100 Seiten und einer rasanten Scangeschwindigkeit von bis zu 80 Seiten pro Minute in Farbe, Graustufen und Schwarzwei\u00df bekannt zu geben. Durch die Kombination der Ultraschall-Doppeleinzugserkennung bietet der AD5800N eine au\u00dfergew\u00f6hnliche Zufuhrzuverl\u00e4ssigkeit, um Ihre Scanproduktivit\u00e4t in einer kleinen Einheit zu maximieren.<\/p>\n","protected":false},"featured_media":14984,"template":"","meta":{"ocean_post_layout":"","ocean_both_sidebars_style":"","ocean_both_sidebars_content_width":0,"ocean_both_sidebars_sidebars_width":0,"ocean_sidebar":"0","ocean_second_sidebar":"0","ocean_disable_margins":"enable","ocean_add_body_class":"","ocean_shortcode_before_top_bar":"","ocean_shortcode_after_top_bar":"","ocean_shortcode_before_header":"","ocean_shortcode_after_header":"","ocean_has_shortcode":"","ocean_shortcode_after_title":"","ocean_shortcode_before_footer_widgets":"","ocean_shortcode_after_footer_widgets":"","ocean_shortcode_before_footer_bottom":"","ocean_shortcode_after_footer_bottom":"","ocean_display_top_bar":"default","ocean_display_header":"default","ocean_header_style":"","ocean_center_header_left_menu":"0","ocean_custom_header_template":"0","ocean_custom_logo":0,"ocean_custom_retina_logo":0,"ocean_custom_logo_max_width":0,"ocean_custom_logo_tablet_max_width":0,"ocean_custom_logo_mobile_max_width":0,"ocean_custom_logo_max_height":0,"ocean_custom_logo_tablet_max_height":0,"ocean_custom_logo_mobile_max_height":0,"ocean_header_custom_menu":"0","ocean_menu_typo_font_family":"0","ocean_menu_typo_font_subset":"","ocean_menu_typo_font_size":0,"ocean_menu_typo_font_size_tablet":0,"ocean_menu_typo_font_size_mobile":0,"ocean_menu_typo_font_size_unit":"px","ocean_menu_typo_font_weight":"","ocean_menu_typo_font_weight_tablet":"","ocean_menu_typo_font_weight_mobile":"","ocean_menu_typo_transform":"","ocean_menu_typo_transform_tablet":"","ocean_menu_typo_transform_mobile":"","ocean_menu_typo_line_height":0,"ocean_menu_typo_line_height_tablet":0,"ocean_menu_typo_line_height_mobile":0,"ocean_menu_typo_line_height_unit":"","ocean_menu_typo_spacing":0,"ocean_menu_typo_spacing_tablet":0,"ocean_menu_typo_spacing_mobile":0,"ocean_menu_typo_spacing_unit":"","ocean_menu_link_color":"","ocean_menu_link_color_hover":"","ocean_menu_link_color_active":"","ocean_menu_link_background":"","ocean_menu_link_hover_background":"","ocean_menu_link_active_background":"","ocean_menu_social_links_bg":"","ocean_menu_social_hover_links_bg":"","ocean_menu_social_links_color":"","ocean_menu_social_hover_links_color":"","ocean_disable_title":"default","ocean_disable_heading":"default","ocean_post_title":"","ocean_post_subheading":"","ocean_post_title_style":"","ocean_post_title_background_color":"","ocean_post_title_background":0,"ocean_post_title_bg_image_position":"","ocean_post_title_bg_image_attachment":"","ocean_post_title_bg_image_repeat":"","ocean_post_title_bg_image_size":"","ocean_post_title_height":0,"ocean_post_title_bg_overlay":0.5,"ocean_post_title_bg_overlay_color":"","ocean_disable_breadcrumbs":"default","ocean_breadcrumbs_color":"","ocean_breadcrumbs_separator_color":"","ocean_breadcrumbs_links_color":"","ocean_breadcrumbs_links_hover_color":"","ocean_display_footer_widgets":"default","ocean_display_footer_bottom":"default","ocean_custom_footer_template":"0"},"product_cat":[333],"product_tag":[1467],"_links":{"self":[{"href":"https:\/\/www.avision.com\/de\/wp-json\/wp\/v2\/product\/15150"}],"collection":[{"href":"https:\/\/www.avision.com\/de\/wp-json\/wp\/v2\/product"}],"about":[{"href":"https:\/\/www.avision.com\/de\/wp-json\/wp\/v2\/types\/product"}],"version-history":[{"count":7,"href":"https:\/\/www.avision.com\/de\/wp-json\/wp\/v2\/product\/15150\/revisions"}],"predecessor-version":[{"id":15623,"href":"https:\/\/www.avision.com\/de\/wp-json\/wp\/v2\/product\/15150\/revisions\/15623"}],"wp:featuredmedia":[{"embeddable":true,"href":"https:\/\/www.avision.com\/de\/wp-json\/wp\/v2\/media\/14984"}],"wp:attachment":[{"href":"https:\/\/www.avision.com\/de\/wp-json\/wp\/v2\/media?parent=15150"}],"wp:term":[{"taxonomy":"product_cat","embeddable":true,"href":"https:\/\/www.avision.com\/de\/wp-json\/wp\/v2\/product_cat?post=15150"},{"taxonomy":"product_tag","embeddable":true,"href":"https:\/\/www.avision.com\/de\/wp-json\/wp\/v2\/product_tag?post=15150"}],"curies":[{"name":"wp","href":"https:\/\/api.w.org\/{rel}","templated":true}]}}