{"id":15484,"date":"2024-12-03T12:51:42","date_gmt":"2024-12-03T12:51:42","guid":{"rendered":"https:\/\/www.avision.com\/de\/?post_type=product&#038;p=15484"},"modified":"2025-09-24T11:13:56","modified_gmt":"2025-09-24T11:13:56","slug":"fb2380e","status":"publish","type":"product","link":"https:\/\/www.avision.com\/de\/shop\/flatbed-scanner\/fb2380e\/","title":{"rendered":"FB2380E"},"content":{"rendered":"<p><img decoding=\"async\" loading=\"lazy\" class=\"alignnone size-full wp-image-7450 alignleft\" src=\"https:\/\/www.avision.com\/de\/wp-content\/uploads\/sites\/8\/2021\/09\/A4.png\" alt=\"\" width=\"73\" height=\"69\" \/> <img decoding=\"async\" loading=\"lazy\" class=\"alignnone size-full wp-image-7426 alignleft\" src=\"https:\/\/www.avision.com\/de\/wp-content\/uploads\/sites\/8\/2021\/09\/ID-card-scan.png\" alt=\"\" width=\"73\" height=\"69\" \/><\/p>\n<p>&nbsp;<\/p>\n<p>&nbsp;<\/p>\n<div class=\"su-spacer\" style=\"height:25px\"><\/div>\n<hr \/>\n<div class=\"su-spacer\" style=\"height:25px\"><\/div>\n<h3><span style=\"color: #0e3a65\"><strong>\u258eDie geneigte Frontplattform macht das Scannen von B\u00fcchern zum Kinderspiel<\/strong><\/span><\/h3>\n<p>Mit der innovativen und patentierten Frontplattform erm\u00f6glicht der Avision FB2380E das einfache Scannen von B\u00fcchern und liefert klare Bilder bis auf 2 mm an den Buchr\u00fccken heran. Schatten und Textverzerrungen, die bei B\u00fcchern, die mit herk\u00f6mmlichen Scannern gescannt werden, h\u00e4ufig auftreten, gibt es nicht mehr.<\/p>\n<h3><span style=\"color: #0e3a65\"><strong>\u258eHochwertige Scanning-L\u00f6sung<\/strong><\/span><\/h3>\n<p>Die zentralen Bildverarbeitungskomponenten der FB2380E basieren auf einem CCD-Sensor mit einer optischen Aufl\u00f6sung von 600 dpi und erm\u00f6glichen eine perfekte Bildqualit\u00e4t, die auch den strengsten Anforderungen von Gesch\u00e4ftsleuten gerecht wird.<\/p>\n<h3><span style=\"color: #0e3a65\"><strong>\u258eAutomatisches Zuschneiden mehrerer Bilder<\/strong><\/span><\/h3>\n<p>Dar\u00fcber hinaus verf\u00fcgt der Scanner \u00fcber die praktische Funktion des Zuschneidens mehrerer Bilder. Mit dieser Funktion k\u00f6nnen Dokumente unterschiedlicher Gr\u00f6\u00dfe wie Fotos, Ausweise oder Visitenkarten auf das Flachbett gelegt werden, und der Scanner ist in der Lage, mehrere Bilder entsprechend der Originalgr\u00f6\u00dfe der Dokumente in einem einzigen Scanvorgang zuzuschneiden und zu erstellen.<\/p>\n<h3><span style=\"color: #0e3a65\"><strong>\u258eAutomatisches Zuschneiden, Entzerren und Schwellenwertberechnung zur Bildverbesserung<\/strong><\/span><\/h3>\n<p>Der FB2380E enth\u00e4lt den neuesten TWAIN-Treiber mit neuen Funktionen und Verbesserungen, wie z. B. die M\u00f6glichkeit, die Empfindlichkeit des dynamischen Schwellenwerts, die Farbanpassung von Dokumenten und Fotos, die benutzerdefinierte Farbausblendung, den automatischen Mehrfachausschnitt und die Reduzierung der Fleckenbildung anzupassen. Wir sind bestrebt, den TWAIN-Treiber kontinuierlich zu verbessern, um Ihr Scan-Erlebnis so angenehm wie nie zuvor zu gestalten.<\/p>\n<h3><span style=\"color: #0e3a65\"><strong>\u258eEinfach zu scannen mit -auto Scan<\/strong><\/span><\/h3>\n<p>Wenn die Option [Automatischer Scan vom Flachbett] aktiviert ist, wird der Scanvorgang nach dem Schlie\u00dfen des Dokumentendeckels automatisch \u00fcber den Button Manager gestartet und das gescannte Bild an das von Ihnen angegebene Ziel gesendet. So einfach ist es, einen Scanvorgang abzuschlie\u00dfen, ohne eine Taste zu dr\u00fccken!<\/p>\n<h3><span style=\"color: #0e3a65\"><strong>\u258eScannen in Clouds \u00fcber Button Manager<\/strong><\/span><\/h3>\n<p>Mit der mitgelieferten Avision Software -Button Manager V2 k\u00f6nnen Sie scannen und die Bilder an g\u00e4ngige Cloud-Server wie Google Drive, Evernote, Dropbox und SharePoint senden, um Ihre Dokumente schnell und einfach zu teilen.<\/p>\n<h3><span style=\"color: #0e3a65\"><strong>\u258eMerkmale<\/strong><\/span><\/h3>\n<ul>\n<li>die leicht angewinkelte vordere Plattform macht das Scannen von B\u00fcchern zu einem Kinderspiel<\/li>\n<li>Helligkeits- und Kontrastregler zur Anpassung der Farbausgabe f\u00fcr bestimmte Anwendungen<\/li>\n<li>\u00a0professionelle Software wie Avision Button Manager, Avision AVScan und Nuance PaperPort im Lieferumfang enthalten<\/li>\n<li>schnelle 3.2 Gen 1\u00d71 Schnittstelle<\/li>\n<li>enth\u00e4lt TWAIN- und ISIS-Treiber<\/li>\n<li>eine Tastenfunktionalit\u00e4t erm\u00f6glicht die Zuweisung von bis zu neun Scananwendungen und deren Ausf\u00fchrung per Tastendruck<\/li>\n<li>Einfaches Scannen mit &#8211; auto Scan<\/li>\n<\/ul>\n<hr \/>\n<h3><\/h3>\n<h3><span style=\"color: #0e3a65\"><strong>\u258ePr\u00fcfzeichen<\/strong><\/span><\/h3>\n<div class=\"su-spoiler su-spoiler-style-default su-spoiler-icon-arrow-circle-1  su-spoiler-closed\" data-scroll-offset=\"0\" data-anchor-in-url=\"no\"><div class=\"su-spoiler-title\" tabindex=\"0\" role=\"button\"><span class=\"su-spoiler-icon\"><\/span>Learn more<\/div><div class=\"su-spoiler-content su-u-clearfix su-u-trim\">\n<div style=\"padding: 5px;border: 3px solid #ffffff\">\n<table id=\"tbl\" border=\"1\">\n<tbody>\n<tr>\n<td bgcolor=\"white\" width=\"200px\"><span class=\"su-lightbox\" data-mfp-src=\"#my-custom-popup\" data-mfp-type=\"inline\" data-mobile=\"yes\"><img decoding=\"async\" loading=\"lazy\" class=\"wp-image-7528 aligncenter\" src=\"https:\/\/www.avision.com\/de\/wp-content\/uploads\/sites\/8\/2021\/09\/800px-Energy_Star_logo.svg-293x300.png\" alt=\"\" width=\"73\" height=\"75\" srcset=\"https:\/\/www.avision.com\/de\/wp-content\/uploads\/sites\/8\/2021\/09\/800px-Energy_Star_logo.svg-293x300.png 293w, https:\/\/www.avision.com\/de\/wp-content\/uploads\/sites\/8\/2021\/09\/800px-Energy_Star_logo.svg-768x786.png 768w, https:\/\/www.avision.com\/de\/wp-content\/uploads\/sites\/8\/2021\/09\/800px-Energy_Star_logo.svg-600x614.png 600w, https:\/\/www.avision.com\/de\/wp-content\/uploads\/sites\/8\/2021\/09\/800px-Energy_Star_logo.svg.png 800w\" sizes=\"(max-width: 73px) 100vw, 73px\" \/><\/span><\/td>\n<td bgcolor=\"white\" width=\"200px\"><span class=\"su-lightbox\" data-mfp-src=\"https:\/\/www.avision.com\/de\/smart-image\/\" data-mfp-type=\"iframe\" data-mobile=\"yes\"><img decoding=\"async\" loading=\"lazy\" class=\"wp-image-7531 aligncenter\" src=\"https:\/\/www.avision.com\/de\/wp-content\/uploads\/sites\/8\/2021\/09\/SmartImage.png\" alt=\"\" width=\"100\" height=\"70\" \/><br \/>\n<\/span><\/td>\n<td bgcolor=\"white\" width=\"200px\"><span class=\"su-lightbox\" data-mfp-src=\"https:\/\/www.avision.com\/en\/about-avision\/why-avision\/core-image-scanning-technology\/\" data-mfp-type=\"iframe\" data-mobile=\"yes\"><img decoding=\"async\" loading=\"lazy\" class=\"size-full wp-image-15489 aligncenter\" src=\"https:\/\/www.avision.com\/de\/wp-content\/uploads\/sites\/8\/2024\/12\/twain.jpg\" alt=\"\" width=\"76\" height=\"80\" \/><\/span><\/td>\n<td bgcolor=\"white\" width=\"200px\"><\/td>\n<td bgcolor=\"white\" width=\"200px\"><\/td>\n<\/tr>\n<\/tbody>\n<\/table>\n<p><span style=\"vertical-align: inherit\"><div class=\"su-lightbox-content su-u-trim \" id=\"my-custom-popup\" style=\"display:none;width:auto;min-width:none;max-width:600px;margin-top:40px;margin-bottom:40px;padding:40px;background:#FFFFFF;color:#333333;box-shadow:0px 0px 15px #333333;text-align:left\"><\/span><\/p>\n<h1><span style=\"color: #0e3a65\">ENERGY STAR<\/span><\/h1>\n<p>&nbsp;<\/p>\n<h2>What is ENERGY STAR?<\/h2>\n<p><a href=\"https:\/\/www.energystar.gov\/\"><img decoding=\"async\" loading=\"lazy\" class=\"size-medium wp-image-11921 aligncenter\" src=\"https:\/\/www.avision.com\/de\/wp-content\/uploads\/sites\/8\/2021\/09\/energy_star-2-300x243.jpg\" alt=\"\" width=\"300\" height=\"243\" srcset=\"https:\/\/www.avision.com\/de\/wp-content\/uploads\/sites\/8\/2021\/09\/energy_star-2-300x243.jpg 300w, https:\/\/www.avision.com\/de\/wp-content\/uploads\/sites\/8\/2021\/09\/energy_star-2.jpg 497w\" sizes=\"(max-width: 300px) 100vw, 300px\" \/><\/a><\/p>\n<p>ENERGY STAR is a joint program of the U.S. Environmental Protection Agency and the U.S. Department of Energy helping us all save money and protect the environment through energy efficient products and practices.<\/p>\n<h2>Choose ENERGY STAR Qualified Products<\/h2>\n<p>ENERGY STAR qualified products meet strict energy efficiency guidelines set by the U.S. EPA and U.S. Department of Energy. They use less energy, save money, and help protect the environment.<\/p>\n<p><a href=\"https:\/\/www.avision.com\/de\/wp-content\/uploads\/sites\/8\/2021\/09\/energy_star-2.jpg\" target=\"_blank\" rel=\"noopener\">Lists of ENERGY STAR V2.0 qualified Avision products<\/a><\/div>\n<\/div><\/div>\n<\/div>\n","protected":false},"excerpt":{"rendered":"<h3>F\u00fchrend beim Scannen von B\u00fcchern<\/h3>\n<p>Die Buchkanten-Scanner von Avision verf\u00fcgen \u00fcber eine einzigartige, innovative Flachbett-Plattform mit einer abgeschr\u00e4gten Vorderkante, die so konstruiert ist, dass sie B\u00fccher so aufnimmt, dass der dunkle, schattige Bereich in der N\u00e4he des Buchr\u00fcckens nicht erscheint. Gew\u00f6lbter Text, der oft in der Mitte des Buches zu sehen ist, wird ebenfalls eliminiert, da dieses spezielle Design daf\u00fcr sorgt, dass die Seiten flach auf dem Scanner liegen. Nie wieder m\u00fcssen Sie das Buch gegen den Scanner dr\u00fccken, wodurch das gescannte Bild verzerrt und das Buch m\u00f6glicherweise besch\u00e4digt wird.<\/p>\n<p>Der Avision FB2380E ist von Grund auf f\u00fcr das Scannen von B\u00fcchern konzipiert. Ausgestattet mit CCD-Sensoren und einer optischen Aufl\u00f6sung von 600 dpi kann er qualitativ hochwertige A4-Scans in 2 Sekunden bei 300 dpi in Schwarzwei\u00df\/Farbe erstellen.<\/p>\n","protected":false},"featured_media":11378,"template":"","meta":{"ocean_post_layout":"","ocean_both_sidebars_style":"","ocean_both_sidebars_content_width":0,"ocean_both_sidebars_sidebars_width":0,"ocean_sidebar":"0","ocean_second_sidebar":"0","ocean_disable_margins":"enable","ocean_add_body_class":"","ocean_shortcode_before_top_bar":"","ocean_shortcode_after_top_bar":"","ocean_shortcode_before_header":"","ocean_shortcode_after_header":"","ocean_has_shortcode":"","ocean_shortcode_after_title":"","ocean_shortcode_before_footer_widgets":"","ocean_shortcode_after_footer_widgets":"","ocean_shortcode_before_footer_bottom":"","ocean_shortcode_after_footer_bottom":"","ocean_display_top_bar":"default","ocean_display_header":"default","ocean_header_style":"","ocean_center_header_left_menu":"0","ocean_custom_header_template":"0","ocean_custom_logo":0,"ocean_custom_retina_logo":0,"ocean_custom_logo_max_width":0,"ocean_custom_logo_tablet_max_width":0,"ocean_custom_logo_mobile_max_width":0,"ocean_custom_logo_max_height":0,"ocean_custom_logo_tablet_max_height":0,"ocean_custom_logo_mobile_max_height":0,"ocean_header_custom_menu":"0","ocean_menu_typo_font_family":"0","ocean_menu_typo_font_subset":"","ocean_menu_typo_font_size":0,"ocean_menu_typo_font_size_tablet":0,"ocean_menu_typo_font_size_mobile":0,"ocean_menu_typo_font_size_unit":"px","ocean_menu_typo_font_weight":"","ocean_menu_typo_font_weight_tablet":"","ocean_menu_typo_font_weight_mobile":"","ocean_menu_typo_transform":"","ocean_menu_typo_transform_tablet":"","ocean_menu_typo_transform_mobile":"","ocean_menu_typo_line_height":0,"ocean_menu_typo_line_height_tablet":0,"ocean_menu_typo_line_height_mobile":0,"ocean_menu_typo_line_height_unit":"","ocean_menu_typo_spacing":0,"ocean_menu_typo_spacing_tablet":0,"ocean_menu_typo_spacing_mobile":0,"ocean_menu_typo_spacing_unit":"","ocean_menu_link_color":"","ocean_menu_link_color_hover":"","ocean_menu_link_color_active":"","ocean_menu_link_background":"","ocean_menu_link_hover_background":"","ocean_menu_link_active_background":"","ocean_menu_social_links_bg":"","ocean_menu_social_hover_links_bg":"","ocean_menu_social_links_color":"","ocean_menu_social_hover_links_color":"","ocean_disable_title":"default","ocean_disable_heading":"default","ocean_post_title":"","ocean_post_subheading":"","ocean_post_title_style":"","ocean_post_title_background_color":"","ocean_post_title_background":0,"ocean_post_title_bg_image_position":"","ocean_post_title_bg_image_attachment":"","ocean_post_title_bg_image_repeat":"","ocean_post_title_bg_image_size":"","ocean_post_title_height":0,"ocean_post_title_bg_overlay":0.5,"ocean_post_title_bg_overlay_color":"","ocean_disable_breadcrumbs":"default","ocean_breadcrumbs_color":"","ocean_breadcrumbs_separator_color":"","ocean_breadcrumbs_links_color":"","ocean_breadcrumbs_links_hover_color":"","ocean_display_footer_widgets":"default","ocean_display_footer_bottom":"default","ocean_custom_footer_template":"0"},"product_cat":[332],"product_tag":[1549],"_links":{"self":[{"href":"https:\/\/www.avision.com\/de\/wp-json\/wp\/v2\/product\/15484"}],"collection":[{"href":"https:\/\/www.avision.com\/de\/wp-json\/wp\/v2\/product"}],"about":[{"href":"https:\/\/www.avision.com\/de\/wp-json\/wp\/v2\/types\/product"}],"version-history":[{"count":7,"href":"https:\/\/www.avision.com\/de\/wp-json\/wp\/v2\/product\/15484\/revisions"}],"predecessor-version":[{"id":15492,"href":"https:\/\/www.avision.com\/de\/wp-json\/wp\/v2\/product\/15484\/revisions\/15492"}],"wp:featuredmedia":[{"embeddable":true,"href":"https:\/\/www.avision.com\/de\/wp-json\/wp\/v2\/media\/11378"}],"wp:attachment":[{"href":"https:\/\/www.avision.com\/de\/wp-json\/wp\/v2\/media?parent=15484"}],"wp:term":[{"taxonomy":"product_cat","embeddable":true,"href":"https:\/\/www.avision.com\/de\/wp-json\/wp\/v2\/product_cat?post=15484"},{"taxonomy":"product_tag","embeddable":true,"href":"https:\/\/www.avision.com\/de\/wp-json\/wp\/v2\/product_tag?post=15484"}],"curies":[{"name":"wp","href":"https:\/\/api.w.org\/{rel}","templated":true}]}}