{"id":15561,"date":"2025-02-20T14:13:01","date_gmt":"2025-02-20T14:13:01","guid":{"rendered":"https:\/\/www.avision.com\/de\/?post_type=product&#038;p=15561"},"modified":"2025-02-21T11:16:37","modified_gmt":"2025-02-21T11:16:37","slug":"ad3100f","status":"publish","type":"product","link":"https:\/\/www.avision.com\/de\/shop\/document-scanner\/ad3100f\/","title":{"rendered":"AD3100F"},"content":{"rendered":"<p><img decoding=\"async\" loading=\"lazy\" class=\"alignnone size-full wp-image-7450 alignleft\" src=\"https:\/\/www.avision.com\/de\/wp-content\/uploads\/sites\/8\/2021\/09\/A4.png\" alt=\"\" width=\"73\" height=\"69\" \/> <img decoding=\"async\" loading=\"lazy\" class=\"wp-image-11583 size-full alignleft\" src=\"https:\/\/www.avision.com\/de\/wp-content\/uploads\/sites\/8\/2021\/09\/0_color100p200i.png\" alt=\"\" width=\"73\" height=\"69\" \/><img decoding=\"async\" loading=\"lazy\" class=\"wp-image-15547 size-full alignleft\" src=\"https:\/\/www.avision.com\/de\/wp-content\/uploads\/sites\/8\/2025\/02\/0_BW100p200i.png\" alt=\"\" width=\"73\" height=\"69\" \/><img decoding=\"async\" loading=\"lazy\" class=\"alignnone size-full wp-image-7334 alignleft\" src=\"https:\/\/www.avision.com\/de\/wp-content\/uploads\/sites\/8\/2021\/09\/ADF100.png\" alt=\"\" width=\"74\" height=\"69\" \/> <img decoding=\"async\" loading=\"lazy\" class=\"wp-image-15310 size-full alignleft\" src=\"https:\/\/www.avision.com\/de\/wp-content\/uploads\/sites\/8\/2024\/08\/240in.png\" alt=\"\" width=\"73\" height=\"68\" \/><img decoding=\"async\" loading=\"lazy\" class=\"alignnone size-full wp-image-7426 alignleft\" src=\"https:\/\/www.avision.com\/de\/wp-content\/uploads\/sites\/8\/2021\/09\/ID-card-scan.png\" alt=\"\" width=\"73\" height=\"69\" \/><img decoding=\"async\" loading=\"lazy\" class=\"alignnone size-full wp-image-7431 alignleft\" src=\"https:\/\/www.avision.com\/de\/wp-content\/uploads\/sites\/8\/2021\/09\/Ultra1sensor.png\" alt=\"\" width=\"73\" height=\"69\" \/><img decoding=\"async\" loading=\"lazy\" class=\"alignnone size-full wp-image-7410 alignleft\" src=\"https:\/\/www.avision.com\/de\/wp-content\/uploads\/sites\/8\/2021\/09\/duplex.png\" alt=\"\" width=\"74\" height=\"69\" \/><\/p>\n<p>&nbsp;<\/p>\n<p>&nbsp;<\/p>\n<div class=\"su-spacer\" style=\"height:25px\"><\/div>\n<hr \/>\n<div class=\"su-spacer\" style=\"height:25px\"><\/div>\n<h3><span style=\"color: #0e3a65\">\u258dEingebauter fortschrittlicher Bildprozessor<\/span><\/h3>\n<p>Mit dem von Avision entwickelten Bildprozessor kann das gescannte Bild automatisch zugeschnitten, begradigt und mit erh\u00f6hter Geschwindigkeit optimiert werden.<\/p>\n<h3><span style=\"color: #0e3a65\">\u258dUnterst\u00fctzt Formulardokumente bis zu 242 x 356 mm (9.5 x 14 in.)<\/span><\/h3>\n<p>Der AD3100F zeichnet sich im Vergleich zu seinen Vorg\u00e4ngern durch ein einzigartiges und innovatives Design aus &#8211; er kann Formulardokumente bis zu einer Gr\u00f6\u00dfe von 242 x 356 mm (9.5 x 14 in.) verarbeiten. Die erweiterte Dokumentenbreite von standardm\u00e4\u00dfig 216 mm (8,5 Zoll) auf 242 mm (9,5 Zoll) macht den AD3100F wettbewerbsf\u00e4higer f\u00fcr ein breiteres Spektrum von Dokumenten.<\/p>\n<h3><span style=\"color: #0e3a65\">\u258dUmkehrwalze erh\u00f6ht die Zuf\u00fchrungszuverl\u00e4ssigkeit<\/span><\/h3>\n<p>Der AD3100F ist mit einer innovativen Umkehrwalze ausgestattet, die eine verbesserte Papierseparierung erm\u00f6glicht. Sie bietet eine herausragende Zuf\u00fchrungszuverl\u00e4ssigkeit und Betriebsproduktivit\u00e4t, indem sie das Risiko eines Mehrfacheinzugs oder eines Papierstaus effektiv reduziert.<\/p>\n<h3><span style=\"color: #0e3a65\">\u258dPapierschutz-Technologie<\/span><\/h3>\n<p>Die fortschrittliche Papierschutztechnologie sch\u00fctzt wertvolles Papier vor Knicken oder Rissen, indem sie den Scanvorgang unterbricht, sobald eine schiefe Seite erkannt wird.<\/p>\n<h3><span style=\"color: #0e3a65\">\u258dEin Duplex-Scanner, der f\u00fcr Dokumente und Karten geeignet ist<\/span><\/h3>\n<p>Dank des fortschrittlichen geraden Papierwegs und der Bildverarbeitungstechnologie k\u00f6nnen gemischte Stapel von Dokumenten mit unterschiedlichen Gr\u00f6\u00dfen und Gewichten gescannt, entsprechend zugeschnitten, geradeger\u00fcckt und sofort verwendet werden. Das Scanformat reicht von 50 x 50 mm gro\u00dfen Belegen bis zu 242 x 356 mm gro\u00dfen Gesch\u00e4ftsdokumenten. Der automatische Dokumenteneinzug ist robust genug, um Papier mit einem Gewicht von bis zu 400 g\/m2 und gepr\u00e4gte Hartkarten wie Ausweise, Kreditkarten, F\u00fchrerscheine und Krankenversicherungskarten mit einer Dicke von bis zu 1,25 mm einzuziehen.<\/p>\n<h3><span style=\"color: #0e3a65\">\u258dAutomatisches Zuschneiden mehrerer Bilder<\/span><\/h3>\n<p>Dar\u00fcber hinaus verf\u00fcgt der Scanner \u00fcber eine praktische Funktion zum Zuschneiden mehrerer Bilder. Mit dieser Funktion k\u00f6nnen Dokumente unterschiedlicher Gr\u00f6\u00dfe wie Fotos, Ausweise oder Visitenkarten auf das Flachbett gelegt werden, und der Scanner ist in der Lage, mehrere Bilder entsprechend der Originalgr\u00f6\u00dfe der Dokumente in einem einzigen Scanvorgang zuzuschneiden und zu erstellen.<\/p>\n<h3><span style=\"color: #0e3a65\">\u258dUmweltfreundliche LED-Technologie<\/span><\/h3>\n<p>Der AD3100F bietet einen hohen Durchsatz und eine hervorragende Leistung. Gleichzeitig ist er aber auch umweltfreundlich. Die LED-Technologie erfordert keine Aufw\u00e4rmzeit und verbraucht weniger Strom, ohne Quecksilberdampf zu erzeugen als andere herk\u00f6mmliche Scanner mit CCFL-Technologie (Kaltkathoden-Leuchtstofflampen).<\/p>\n<h3><span style=\"color: #0e3a65\">\u258dHohe t\u00e4gliche Auslastung<br \/>\n<\/span><\/h3>\n<p>Mit dem Scanner k\u00f6nnen bis zu 15.000 Seiten pro Tag \u00fcber den automatischen 100-Seiten-Dokumenteneinzug gescannt werden. Die Daten zeigen, dass dieser Scanner f\u00fcr alle Anwendungen geeignet ist, die h\u00e4ufiges Scannen von Dokumenten und Hardcards erfordern.<\/p>\n<h3><span style=\"color: #0e3a65\">\u258dLeistungsstarke Softwareanwendungen im Lieferumfang<br \/>\n<\/span><\/h3>\n<p>Der AD3100F wird mit TWAIN- und ISIS-Treibern geliefert und ist mit einer Reihe von leistungsstarken Softwareanwendungen ausgestattet, darunter Avision Button Manager , AVScan und PaperPort . Mit Button Manager k\u00f6nnen Sie in durchsuchbare PDF-, JPEG-, BMP- oder GIF-Dateiformate scannen, in einem Ordner auf Ihrem Computer speichern und mit einem Tastendruck in eine E-Mail, eine Bildbearbeitungsanwendung oder sogar eine Cloud-Anwendung wie Google Drive oder Microsoft SharePoint scannen. AVScan und PaperPort sind hocheffektive Bildverarbeitungs- und Dokumentenverwaltungssoftware, die Ihnen hilft, Ihre Aufgaben effizienter zu gestalten.<\/p>\n<p>&nbsp;<\/p>\n<h3><span style=\"color: #0e3a65\">\u258dEigenschaften<\/span><\/h3>\n<ul>\n<li>Schnelle Scanrate von bis zu 100 Seiten pro Minute und 200 Bildern pro Minute bei 300 dpi im Grau- oder Schwarzwei\u00dfmodus<\/li>\n<li>Automatisches Zuschneiden und Gerader\u00fccken eines Dokuments mit der fortschrittlichen, von Avision entwickelten Bildverarbeitungseinheit zur Erh\u00f6hung der Scangeschwindigkeit<\/li>\n<li>Automatischer Dokumenteneinzug f\u00fcr 100 Seiten (80 g\/m2)<\/li>\n<li>Die Reverse-Roller-Technologie bietet eine hervorragende Zuf\u00fchrungszuverl\u00e4ssigkeit<\/li>\n<li>USB 3.1 f\u00fcr Hochgeschwindigkeits\u00fcbertragung<\/li>\n<li>Ultraschall-Mehrfachzuf\u00fchrungserkennung<\/li>\n<li>Umweltfreundliche LED-Technologie<\/li>\n<li>Kompakter automatischer Dokumenteneinzug f\u00fcr Dokumente bis zu 100 Seiten<\/li>\n<li>Einfaches Scannen per Knopfdruck<\/li>\n<li>Unterst\u00fctzt das Scannen von 240\u201c (6000 mm, 200 dpi, Farbduplex) langen Seiten<\/li>\n<li>Automatische Abschaltfunktion<\/li>\n<\/ul>\n<p>&nbsp;<\/p>\n<hr \/>\n<p>&nbsp;<\/p>\n<h3><span style=\"color: #0e3a65\"><strong>\u258ePr\u00fcfzeichen<\/strong><\/span><\/h3>\n<div class=\"su-spoiler su-spoiler-style-default su-spoiler-icon-arrow-circle-1  su-spoiler-closed\" data-scroll-offset=\"0\" data-anchor-in-url=\"no\"><div class=\"su-spoiler-title\" tabindex=\"0\" role=\"button\"><span class=\"su-spoiler-icon\"><\/span>Weitere Informationen<\/div><div class=\"su-spoiler-content su-u-clearfix su-u-trim\">\n<table id=\"tbl\" border=\"1\">\n<tbody>\n<tr>\n<td bgcolor=\"white\" width=\"200px\"><img decoding=\"async\" loading=\"lazy\" class=\"wp-image-7828 aligncenter\" src=\"https:\/\/www.avision.com\/en\/wp-content\/uploads\/2021\/09\/USB_10_Gbps-300x158.png\" alt=\"\" width=\"131\" height=\"69\" srcset=\"https:\/\/www.avision.com\/de\/wp-content\/uploads\/sites\/8\/2021\/09\/USB_10_Gbps-300x158.png 300w, https:\/\/www.avision.com\/de\/wp-content\/uploads\/sites\/8\/2021\/09\/USB_10_Gbps-1024x538.png 1024w, https:\/\/www.avision.com\/de\/wp-content\/uploads\/sites\/8\/2021\/09\/USB_10_Gbps-768x403.png 768w, https:\/\/www.avision.com\/de\/wp-content\/uploads\/sites\/8\/2021\/09\/USB_10_Gbps-600x315.png 600w, https:\/\/www.avision.com\/de\/wp-content\/uploads\/sites\/8\/2021\/09\/USB_10_Gbps.png 1200w\" sizes=\"(max-width: 131px) 100vw, 131px\" \/><\/td>\n<td bgcolor=\"white\" width=\"200px\"><a class=\"no-lightbox\" href=\"https:\/\/www.avision.com\/en\/about-avision\/why-avision\/core-image-scanning-technology\/\"><img decoding=\"async\" loading=\"lazy\" class=\"aligncenter wp-image-14997 size-full\" src=\"https:\/\/www.avision.com\/en\/wp-content\/uploads\/2021\/09\/twain.jpg\" alt=\"\" width=\"76\" height=\"80\" \/><\/a><\/td>\n<td bgcolor=\"white\" width=\"200px\"><img decoding=\"async\" loading=\"lazy\" class=\" wp-image-11125 aligncenter\" src=\"https:\/\/www.avision.com\/en\/wp-content\/uploads\/2021\/09\/0_GREEN-184x300.png\" alt=\"\" width=\"55\" height=\"90\" srcset=\"https:\/\/www.avision.com\/de\/wp-content\/uploads\/sites\/8\/2021\/09\/0_GREEN-184x300.png 184w, https:\/\/www.avision.com\/de\/wp-content\/uploads\/sites\/8\/2021\/09\/0_GREEN.png 265w\" sizes=\"(max-width: 55px) 100vw, 55px\" \/><\/td>\n<td bgcolor=\"white\" width=\"200px\"><span class=\"su-lightbox\" data-mfp-src=\"#my-custom-popup\" data-mfp-type=\"inline\" data-mobile=\"yes\"><img decoding=\"async\" loading=\"lazy\" class=\"wp-image-7528 aligncenter\" src=\"https:\/\/www.avision.com\/en\/wp-content\/uploads\/2021\/09\/800px-Energy_Star_logo.svg-293x300.png\" alt=\"\" width=\"73\" height=\"75\" srcset=\"https:\/\/www.avision.com\/de\/wp-content\/uploads\/sites\/8\/2021\/09\/800px-Energy_Star_logo.svg-293x300.png 293w, https:\/\/www.avision.com\/de\/wp-content\/uploads\/sites\/8\/2021\/09\/800px-Energy_Star_logo.svg-768x786.png 768w, https:\/\/www.avision.com\/de\/wp-content\/uploads\/sites\/8\/2021\/09\/800px-Energy_Star_logo.svg-600x614.png 600w, https:\/\/www.avision.com\/de\/wp-content\/uploads\/sites\/8\/2021\/09\/800px-Energy_Star_logo.svg.png 800w\" sizes=\"(max-width: 73px) 100vw, 73px\" \/><\/span><\/td>\n<\/tr>\n<\/tbody>\n<\/table>\n<div class=\"su-lightbox-content su-u-trim \" id=\"my-custom-popup\" style=\"display:none;width:auto;min-width:none;max-width:600px;margin-top:40px;margin-bottom:40px;padding:40px;background:#FFFFFF;color:#333333;box-shadow:0px 0px 15px #333333;text-align:left\">\n<h1><span style=\"color: #0e3a65\">ENERGY STAR<\/span><\/h1>\n<p>&nbsp;<\/p>\n<h2>ENERGY STAR Was ist ENERGY STAR?<\/h2>\n<p><a href=\"https:\/\/www.energystar.gov\/\"><img decoding=\"async\" loading=\"lazy\" class=\"size-medium wp-image-11921 aligncenter\" src=\"https:\/\/www.avision.com\/de\/wp-content\/uploads\/sites\/8\/2021\/09\/energy_star-2-300x243.jpg\" alt=\"\" width=\"300\" height=\"243\" srcset=\"https:\/\/www.avision.com\/de\/wp-content\/uploads\/sites\/8\/2021\/09\/energy_star-2-300x243.jpg 300w, https:\/\/www.avision.com\/de\/wp-content\/uploads\/sites\/8\/2021\/09\/energy_star-2.jpg 497w\" sizes=\"(max-width: 300px) 100vw, 300px\" \/><\/a><\/p>\n<p>ENERGY STAR ist ein gemeinsames Programm der U.S. Environmental Protection Agency und des U.S. Department of Energy, das uns allen hilft, durch energieeffiziente Produkte und Verfahren Geld zu sparen und die Umwelt zu sch\u00fctzen.<br \/>\nW\u00e4hlen Sie ENERGY STAR-zertifizierte Produkte ENERGY STAR-zertifizierte Produkte erf\u00fcllen die strengen Energieeffizienzrichtlinien der US-amerikanischen EPA und des US-Energieministeriums.<br \/>\nSie verbrauchen weniger Energie, sparen Geld und tragen zum Schutz der Umwelt bei.<\/p>\n<p><a href=\"https:\/\/www.avision.com\/de\/wp-content\/uploads\/sites\/8\/2022\/01\/EnergyStarQualificationList_Ver3-03-1_20220110.pdf\">*Liste der ENERGY STAR V3.0-zertifizierten Avision-Produkte<\/a><\/p>\n<\/div>\n<\/div><\/div>\n","protected":false},"excerpt":{"rendered":"<h3>AD3100F Professioneller Dokumenten-Flachbettscanner<\/h3>\n<p>Eine neue Generation von Dokumentenscannern<br \/>\nDer mit innovativen Funktionen ausgestattete Avision AD3100F bietet einen hohen Durchsatz von 100 Seiten\/Min. und 200 Bildern\/Min. bei kompakten Abmessungen, die sowohl den Platz als auch das Budget schonen. Im Gegensatz zu herk\u00f6mmlichen Einzelblattscannern, die nur \u00fcber einen automatischen Dokumenteneinzug verf\u00fcgen und keine unregelm\u00e4\u00dfigen Papierformate und -gewichte verarbeiten k\u00f6nnen, kombiniert der AD3100F harmonisch die Vorteile der schnellen Scangeschwindigkeit des automatischen Dokumenteneinzugs (ADF) mit dem Komfort der Flachbetteinheit, um die unterschiedlichen Anforderungen der Kunden zu erf\u00fcllen.<\/p>\n","protected":false},"featured_media":15562,"template":"","meta":{"ocean_post_layout":"full-screen","ocean_both_sidebars_style":"","ocean_both_sidebars_content_width":0,"ocean_both_sidebars_sidebars_width":0,"ocean_sidebar":"0","ocean_second_sidebar":"0","ocean_disable_margins":"enable","ocean_add_body_class":"","ocean_shortcode_before_top_bar":"","ocean_shortcode_after_top_bar":"","ocean_shortcode_before_header":"","ocean_shortcode_after_header":"","ocean_has_shortcode":"","ocean_shortcode_after_title":"","ocean_shortcode_before_footer_widgets":"","ocean_shortcode_after_footer_widgets":"","ocean_shortcode_before_footer_bottom":"","ocean_shortcode_after_footer_bottom":"","ocean_display_top_bar":"default","ocean_display_header":"default","ocean_header_style":"","ocean_center_header_left_menu":"0","ocean_custom_header_template":"0","ocean_custom_logo":0,"ocean_custom_retina_logo":0,"ocean_custom_logo_max_width":0,"ocean_custom_logo_tablet_max_width":0,"ocean_custom_logo_mobile_max_width":0,"ocean_custom_logo_max_height":0,"ocean_custom_logo_tablet_max_height":0,"ocean_custom_logo_mobile_max_height":0,"ocean_header_custom_menu":"0","ocean_menu_typo_font_family":"0","ocean_menu_typo_font_subset":"","ocean_menu_typo_font_size":0,"ocean_menu_typo_font_size_tablet":0,"ocean_menu_typo_font_size_mobile":0,"ocean_menu_typo_font_size_unit":"px","ocean_menu_typo_font_weight":"","ocean_menu_typo_font_weight_tablet":"","ocean_menu_typo_font_weight_mobile":"","ocean_menu_typo_transform":"","ocean_menu_typo_transform_tablet":"","ocean_menu_typo_transform_mobile":"","ocean_menu_typo_line_height":0,"ocean_menu_typo_line_height_tablet":0,"ocean_menu_typo_line_height_mobile":0,"ocean_menu_typo_line_height_unit":"","ocean_menu_typo_spacing":0,"ocean_menu_typo_spacing_tablet":0,"ocean_menu_typo_spacing_mobile":0,"ocean_menu_typo_spacing_unit":"","ocean_menu_link_color":"","ocean_menu_link_color_hover":"","ocean_menu_link_color_active":"","ocean_menu_link_background":"","ocean_menu_link_hover_background":"","ocean_menu_link_active_background":"","ocean_menu_social_links_bg":"","ocean_menu_social_hover_links_bg":"","ocean_menu_social_links_color":"","ocean_menu_social_hover_links_color":"","ocean_disable_title":"on","ocean_disable_heading":"default","ocean_post_title":"","ocean_post_subheading":"","ocean_post_title_style":"","ocean_post_title_background_color":"","ocean_post_title_background":0,"ocean_post_title_bg_image_position":"","ocean_post_title_bg_image_attachment":"","ocean_post_title_bg_image_repeat":"","ocean_post_title_bg_image_size":"","ocean_post_title_height":0,"ocean_post_title_bg_overlay":0.5,"ocean_post_title_bg_overlay_color":"","ocean_disable_breadcrumbs":"default","ocean_breadcrumbs_color":"","ocean_breadcrumbs_separator_color":"","ocean_breadcrumbs_links_color":"","ocean_breadcrumbs_links_hover_color":"","ocean_display_footer_widgets":"default","ocean_display_footer_bottom":"on","ocean_custom_footer_template":"0"},"product_cat":[333],"product_tag":[1580],"_links":{"self":[{"href":"https:\/\/www.avision.com\/de\/wp-json\/wp\/v2\/product\/15561"}],"collection":[{"href":"https:\/\/www.avision.com\/de\/wp-json\/wp\/v2\/product"}],"about":[{"href":"https:\/\/www.avision.com\/de\/wp-json\/wp\/v2\/types\/product"}],"version-history":[{"count":3,"href":"https:\/\/www.avision.com\/de\/wp-json\/wp\/v2\/product\/15561\/revisions"}],"predecessor-version":[{"id":15568,"href":"https:\/\/www.avision.com\/de\/wp-json\/wp\/v2\/product\/15561\/revisions\/15568"}],"wp:featuredmedia":[{"embeddable":true,"href":"https:\/\/www.avision.com\/de\/wp-json\/wp\/v2\/media\/15562"}],"wp:attachment":[{"href":"https:\/\/www.avision.com\/de\/wp-json\/wp\/v2\/media?parent=15561"}],"wp:term":[{"taxonomy":"product_cat","embeddable":true,"href":"https:\/\/www.avision.com\/de\/wp-json\/wp\/v2\/product_cat?post=15561"},{"taxonomy":"product_tag","embeddable":true,"href":"https:\/\/www.avision.com\/de\/wp-json\/wp\/v2\/product_tag?post=15561"}],"curies":[{"name":"wp","href":"https:\/\/api.w.org\/{rel}","templated":true}]}}