{"id":15572,"date":"2025-04-17T13:10:10","date_gmt":"2025-04-17T13:10:10","guid":{"rendered":"https:\/\/www.avision.com\/de\/?post_type=product&#038;p=15572"},"modified":"2025-05-21T13:37:44","modified_gmt":"2025-05-21T13:37:44","slug":"ai350","status":"publish","type":"product","link":"https:\/\/www.avision.com\/de\/shop\/network-scanner\/ai350\/","title":{"rendered":"AI350"},"content":{"rendered":"<p><img decoding=\"async\" loading=\"lazy\" class=\"alignnone size-full wp-image-7450 alignleft\" src=\"https:\/\/www.avision.com\/de\/wp-content\/uploads\/sites\/8\/2021\/09\/A4.png\" alt=\"\" width=\"73\" height=\"69\" \/> <img decoding=\"async\" loading=\"lazy\" class=\"alignnone size-full wp-image-7334 alignleft\" src=\"https:\/\/www.avision.com\/de\/wp-content\/uploads\/sites\/8\/2021\/09\/ADF100.png\" alt=\"\" width=\"74\" height=\"69\" \/><img decoding=\"async\" loading=\"lazy\" class=\"size-full wp-image-7426 alignleft\" src=\"https:\/\/www.avision.com\/de\/wp-content\/uploads\/sites\/8\/2021\/09\/ID-card-scan.png\" alt=\"\" width=\"73\" height=\"69\" \/><img decoding=\"async\" loading=\"lazy\" class=\"wp-image-7367 size-full alignleft\" src=\"https:\/\/www.avision.com\/de\/wp-content\/uploads\/sites\/8\/2021\/09\/BW50p100i.png\" alt=\"\" width=\"74\" height=\"69\" \/><img decoding=\"async\" loading=\"lazy\" class=\"wp-image-7403 size-full alignleft\" src=\"https:\/\/www.avision.com\/de\/wp-content\/uploads\/sites\/8\/2021\/09\/color50p100i.png\" alt=\"\" width=\"74\" height=\"68\" \/><img decoding=\"async\" loading=\"lazy\" class=\"wp-image-15310 size-full alignleft\" src=\"https:\/\/www.avision.com\/de\/wp-content\/uploads\/sites\/8\/2024\/08\/240in.png\" alt=\"\" width=\"73\" height=\"68\" \/><img decoding=\"async\" loading=\"lazy\" class=\"wp-image-7433 size-full alignleft\" src=\"https:\/\/www.avision.com\/de\/wp-content\/uploads\/sites\/8\/2021\/09\/Wi-Fi.png\" alt=\"\" width=\"73\" height=\"69\" \/><img decoding=\"async\" loading=\"lazy\" class=\"alignnone size-full wp-image-7431 alignleft\" src=\"https:\/\/www.avision.com\/de\/wp-content\/uploads\/sites\/8\/2021\/09\/Ultra1sensor.png\" alt=\"\" width=\"73\" height=\"69\" \/><img decoding=\"async\" loading=\"lazy\" class=\"alignnone size-full wp-image-7410 alignleft\" src=\"https:\/\/www.avision.com\/de\/wp-content\/uploads\/sites\/8\/2021\/09\/duplex.png\" alt=\"\" width=\"74\" height=\"69\" \/><\/p>\n<p>&nbsp;<\/p>\n<p>&nbsp;<\/p>\n<div class=\"su-spacer\" style=\"height:25px\"><\/div>\n<hr \/>\n<div class=\"su-spacer\" style=\"height:25px\"><\/div>\n<table>\n<tbody>\n<tr>\n<td width=\"50%\">\n<h3><\/h3>\n<h3><span style=\"color: #0e3a65\">\u258dEinfach zu bedienender 8-Zoll-LCD Touchscreen<\/span><\/h3>\n<p>Der gro\u00dfe 8-Zoll-LCD-Touchscreen macht das Scannen und die gemeinsame Nutzung f\u00fcr jeden einfach. Indem Sie h\u00e4ufig verwendete Einstellungen und Scan-Ziele als Shortcuts zuweisen, k\u00f6nnen Sie mit dem AI350 Ihre Arbeitsabl\u00e4ufe straffen und Ihre Scan-Aufgaben in einem Schritt erledigen. Die Konfiguration und Verwaltung des Scanners kann auch \u00fcber den LCD-Touchscreen erfolgen.<\/td>\n<td><img decoding=\"async\" loading=\"lazy\" class=\"wp-image-32677 aligncenter\" src=\"https:\/\/www.avision.com\/en\/wp-content\/uploads\/2025\/04\/AI360_Screen-600x384-1.png\" alt=\"\" width=\"436\" height=\"279\" \/><\/td>\n<\/tr>\n<tr>\n<td><img decoding=\"async\" loading=\"lazy\" class=\"wp-image-32673 aligncenter\" src=\"https:\/\/www.avision.com\/en\/wp-content\/uploads\/2025\/04\/AI360_Document-600x338-1.png\" alt=\"\" width=\"446\" height=\"251\" \/><\/td>\n<td>\n<h3><\/h3>\n<h3><span style=\"color: #0e3a65\">\u258dUnterst\u00fctzt Formulardokumente bis zu 242 x 356 mm (9,5 x 14 Zoll)<\/span><\/h3>\n<p>Der AI350 zeichnet sich im Vergleich zu seinen Vorg\u00e4ngern durch ein einzigartiges und innovatives Design aus &#8211; er kann Formulardokumente bis zu 242 x 356 mm (9,5 x 14 Zoll) aufnehmen. Die erweiterte Dokumentenbreite von standardm\u00e4\u00dfig 216 mm (8,5 Zoll) auf 242 mm (9,5 Zoll) macht den AI360 wettbewerbsf\u00e4higer f\u00fcr eine breitere Palette von Dokumenten.<\/p>\n<p>&nbsp;<\/td>\n<\/tr>\n<tr>\n<td colspan=\"2\">\n<h3><\/h3>\n<h3><span style=\"color: #0e3a65\">\u258dEin Duplex-Scanner, geeignet f\u00fcr Dokumente und Karten<\/span><\/h3>\n<p>Dank des fortschrittlichen geraden Papierwegs und der Bildverarbeitungstechnologie k\u00f6nnen gemischte Stapel von Dokumenten mit unterschiedlichen Gr\u00f6\u00dfen und Gewichten gescannt, entsprechend zugeschnitten, geradeger\u00fcckt und sofort verwendet werden. Das Scanformat reicht von Quittungen (50 x 50 mm\/2\u201e x 2\u201c) bis zu Gesch\u00e4ftsdokumenten (242 x 356 mm\/9,5 x14 Zoll). Der automatische Dokumenteneinzug ist au\u00dferdem robust genug, um Papier bis zu 413 g\/m2 (110 lbs) und gepr\u00e4gte Hartkarten wie Ausweise, Kreditkarten, F\u00fchrerscheine und Krankenversicherungskarten mit einer Dicke von bis zu 1,25 mm einzuziehen.<\/td>\n<\/tr>\n<tr>\n<td>\n<h3><\/h3>\n<h3><\/h3>\n<h3><span style=\"color: #0e3a65\">\u258dUmkehrwalze erh\u00f6ht die Einzugszuverl\u00e4ssigkeit<\/span><\/h3>\n<p>Der AI350 ist mit einer innovativen Umkehrwalze ausgestattet, die eine verbesserte Papiertrennung erm\u00f6glicht. Sie sorgt f\u00fcr eine herausragende Zuf\u00fchrungszuverl\u00e4ssigkeit und Betriebsproduktivit\u00e4t, indem sie das Risiko eines Mehrfacheinzugs oder Papierstaus effektiv reduziert.<\/p>\n<p>&nbsp;<\/td>\n<td><img decoding=\"async\" loading=\"lazy\" class=\" wp-image-32678 aligncenter\" src=\"https:\/\/www.avision.com\/en\/wp-content\/uploads\/2025\/04\/AI360_Reverse-Roller-600x384-1.png\" alt=\"\" width=\"442\" height=\"283\" \/><\/td>\n<\/tr>\n<tr>\n<td><img decoding=\"async\" loading=\"lazy\" class=\" wp-image-32675 aligncenter\" src=\"https:\/\/www.avision.com\/en\/wp-content\/uploads\/2025\/04\/AI360_Ultrasonic-600x338-1.png\" alt=\"\" width=\"450\" height=\"253\" \/><\/td>\n<td>\n<h3><\/h3>\n<h3><span style=\"color: #0e3a65\">\u258dUltraschall-Mehrfacheinzug-Erkennung<\/span><\/h3>\n<p>Mit der Ultraschall-Mehrfacheinzugserkennung erm\u00f6glicht der Scanner das Einlegen von \u00fcberlappendem Papier durch Erkennung der Papierst\u00e4rke zwischen den Dokumenten. Die Ultraschallfunktion kann beim Scannen von Dokumenten mit Etiketten, Haftnotizen oder Kassenzetteln ausgeschaltet werden. Dieses innovative Design verhindert einen doppelten Einzug und scannt effektiv Dokumente mit unterschiedlichem Gewicht oder Dicke.<\/p>\n<p>&nbsp;<\/td>\n<\/tr>\n<tr>\n<td colspan=\"2\">\n<h3><\/h3>\n<h3><span style=\"color: #0e3a65\">\u258dEin kompaktes Design, das Platz spart<\/span><\/h3>\n<p>Mit seinem eleganten Design und den kompakten Ma\u00dfen von 316 x 207 x 178 mm (B x T x H) passt der AI350 perfekt auf jeden Schreibtisch in jeder Arbeitsumgebung.<\/p>\n<p>Durch den integrierten <strong>Mini DisplayPort (MiniDP)<\/strong> kann ein Monitor direkt angeschlossen werden. Erg\u00e4nzend erm\u00f6glichen integrierte USB-Ports den Anschluss von Tastatur und Maus \u2013 so wird der Scanner im Handumdrehen zu einen kompakten, voll ausgestatteten Workstation.<\/p>\n<p>&nbsp;<\/td>\n<\/tr>\n<\/tbody>\n<\/table>\n<p>&nbsp;<\/p>\n<h3><span style=\"color: #0e3a65\">\u258dEigenschaften<\/span><\/h3>\n<ul>\n<li>Schnelles Scannen mit 50 Seiten pro Minute \/ 100 Seiten pro Minute in Farbe, Graustufen und Schwarzwei\u00df (300 dpi, Farbe)<\/li>\n<li>Unterst\u00fctzt Formularpapier bis zu 242 x 356 mm (9,5 x 14 Zoll)<\/li>\n<li>T\u00e4gliche Einschaltdauer bis zu 6.000 Blatt<\/li>\n<li>Robuster automatischer 100-Seiten-Dokumenteneinzug (75 g\/m2, 20 lb)<\/li>\n<li>Automatisches Zuschneiden und Gerader\u00fccken eines Dokuments mit der fortschrittlichen Bildverarbeitungseinheit zur Steigerung der Scangeschwindigkeit<\/li>\n<li>Die Reverse-Roller-Technologie bietet eine hervorragende Zuf\u00fchrungszuverl\u00e4ssigkeit<\/li>\n<li>Scannen von harten und gepr\u00e4gten Karten bis zu einer St\u00e4rke von 1,25 mm im Hoch- oder Querformat<\/li>\n<li>Umweltfreundliche LED-Technologie<\/li>\n<li>Scannen langer Seiten: 1500 mm (59\u2033) (&lt;600 dpi, duplex)\/5540 mm (&lt;300 dpi, duplex)\/6096 mm (240&#8243;) (&lt;200 dpi, duplex)<\/li>\n<li>Ein Scan-Arbeitsplatz mit vorinstalliertem Windows-System<\/li>\n<\/ul>\n<p>&nbsp;<\/p>\n<hr \/>\n<p>&nbsp;<\/p>\n<h3><span style=\"color: #0e3a65\"><strong>\u258eCertification mark<\/strong><\/span><\/h3>\n<div class=\"su-spoiler su-spoiler-style-default su-spoiler-icon-arrow-circle-1  su-spoiler-closed\" data-scroll-offset=\"0\" data-anchor-in-url=\"no\"><div class=\"su-spoiler-title\" tabindex=\"0\" role=\"button\"><span class=\"su-spoiler-icon\"><\/span>Learn more<\/div><div class=\"su-spoiler-content su-u-clearfix su-u-trim\">\n<table id=\"tbl\" border=\"1\">\n<tbody>\n<tr>\n<td bgcolor=\"white\" width=\"200px\"><img decoding=\"async\" loading=\"lazy\" class=\"wp-image-7828 aligncenter\" src=\"https:\/\/www.avision.com\/en\/wp-content\/uploads\/2021\/09\/USB_10_Gbps-300x158.png\" alt=\"\" width=\"131\" height=\"69\" srcset=\"https:\/\/www.avision.com\/de\/wp-content\/uploads\/sites\/8\/2021\/09\/USB_10_Gbps-300x158.png 300w, https:\/\/www.avision.com\/de\/wp-content\/uploads\/sites\/8\/2021\/09\/USB_10_Gbps-1024x538.png 1024w, https:\/\/www.avision.com\/de\/wp-content\/uploads\/sites\/8\/2021\/09\/USB_10_Gbps-768x403.png 768w, https:\/\/www.avision.com\/de\/wp-content\/uploads\/sites\/8\/2021\/09\/USB_10_Gbps-600x315.png 600w, https:\/\/www.avision.com\/de\/wp-content\/uploads\/sites\/8\/2021\/09\/USB_10_Gbps.png 1200w\" sizes=\"(max-width: 131px) 100vw, 131px\" \/><\/td>\n<td bgcolor=\"white\" width=\"200px\"><a class=\"no-lightbox\" href=\"https:\/\/www.avision.com\/en\/about-avision\/why-avision\/core-image-scanning-technology\/\" target=\"_blank\" rel=\"noopener\"><img decoding=\"async\" loading=\"lazy\" class=\"size-full wp-image-14997 aligncenter\" src=\"https:\/\/www.avision.com\/en\/wp-content\/uploads\/2021\/09\/twain.jpg\" alt=\"\" width=\"76\" height=\"80\" \/><\/a><\/td>\n<td bgcolor=\"white\" width=\"200px\"><\/td>\n<td bgcolor=\"white\" width=\"200px\"><span class=\"su-lightbox\" data-mfp-src=\"#my-custom-popup\" data-mfp-type=\"inline\" data-mobile=\"yes\">\u00a0<\/span><\/td>\n<\/tr>\n<\/tbody>\n<\/table>\n<div class=\"su-lightbox-content su-u-trim \" id=\"my-custom-popup\" style=\"display:none;width:auto;min-width:none;max-width:600px;margin-top:40px;margin-bottom:40px;padding:40px;background:#FFFFFF;color:#333333;box-shadow:0px 0px 15px #333333;text-align:left\">\n<h1><span style=\"color: #0e3a65\">ENERGY STAR<\/span><\/h1>\n<p>&nbsp;<\/p>\n<h2>ENERGY STAR Was ist ENERGY STAR?<\/h2>\n<p><a href=\"https:\/\/www.energystar.gov\/\"><img decoding=\"async\" loading=\"lazy\" class=\"size-medium wp-image-11921 aligncenter\" src=\"https:\/\/www.avision.com\/de\/wp-content\/uploads\/sites\/8\/2021\/09\/energy_star-2-300x243.jpg\" alt=\"\" width=\"300\" height=\"243\" srcset=\"https:\/\/www.avision.com\/de\/wp-content\/uploads\/sites\/8\/2021\/09\/energy_star-2-300x243.jpg 300w, https:\/\/www.avision.com\/de\/wp-content\/uploads\/sites\/8\/2021\/09\/energy_star-2.jpg 497w\" sizes=\"(max-width: 300px) 100vw, 300px\" \/><\/a><\/p>\n<p>ENERGY STAR ist ein gemeinsames Programm der U.S. Environmental Protection Agency und des U.S. Department of Energy, das uns allen hilft, durch energieeffiziente Produkte und Verfahren Geld zu sparen und die Umwelt zu sch\u00fctzen.<br \/>\nW\u00e4hlen Sie ENERGY STAR-zertifizierte Produkte ENERGY STAR-zertifizierte Produkte erf\u00fcllen die strengen Energieeffizienzrichtlinien der US-amerikanischen EPA und des US-Energieministeriums.<br \/>\nSie verbrauchen weniger Energie, sparen Geld und tragen zum Schutz der Umwelt bei.<\/p>\n<p><a href=\"https:\/\/www.avision.com\/de\/wp-content\/uploads\/sites\/8\/2022\/01\/EnergyStarQualificationList_Ver3-03-1_20220110.pdf\">*Liste der ENERGY STAR V3.0-zertifizierten Avision-Produkte<\/a><\/p>\n<\/div>\n<\/div><\/div>\n","protected":false},"excerpt":{"rendered":"<h3><span style=\"color: #0e3a65\">AI350 &#8211; Ein schneller, erschwinglicher Netzwerk-Scanner<\/span><\/h3>\n<p>Der AI350 ist ein 50-Seiten-pro-Minute-, Duplex- und Netzwerkscanner, der schnell, zuverl\u00e4ssig und erschwinglich f\u00fcr Unternehmen ist, die Plastikausweise, Visitenkarten, Dokumente oder anderes schweres Kartenmaterial scannen m\u00fcssen.<\/p>\n","protected":false},"featured_media":15584,"template":"","meta":{"ocean_post_layout":"full-screen","ocean_both_sidebars_style":"","ocean_both_sidebars_content_width":0,"ocean_both_sidebars_sidebars_width":0,"ocean_sidebar":"0","ocean_second_sidebar":"0","ocean_disable_margins":"enable","ocean_add_body_class":"","ocean_shortcode_before_top_bar":"","ocean_shortcode_after_top_bar":"","ocean_shortcode_before_header":"","ocean_shortcode_after_header":"","ocean_has_shortcode":"","ocean_shortcode_after_title":"","ocean_shortcode_before_footer_widgets":"","ocean_shortcode_after_footer_widgets":"","ocean_shortcode_before_footer_bottom":"","ocean_shortcode_after_footer_bottom":"","ocean_display_top_bar":"default","ocean_display_header":"default","ocean_header_style":"","ocean_center_header_left_menu":"0","ocean_custom_header_template":"0","ocean_custom_logo":0,"ocean_custom_retina_logo":0,"ocean_custom_logo_max_width":0,"ocean_custom_logo_tablet_max_width":0,"ocean_custom_logo_mobile_max_width":0,"ocean_custom_logo_max_height":0,"ocean_custom_logo_tablet_max_height":0,"ocean_custom_logo_mobile_max_height":0,"ocean_header_custom_menu":"0","ocean_menu_typo_font_family":"0","ocean_menu_typo_font_subset":"","ocean_menu_typo_font_size":0,"ocean_menu_typo_font_size_tablet":0,"ocean_menu_typo_font_size_mobile":0,"ocean_menu_typo_font_size_unit":"px","ocean_menu_typo_font_weight":"","ocean_menu_typo_font_weight_tablet":"","ocean_menu_typo_font_weight_mobile":"","ocean_menu_typo_transform":"","ocean_menu_typo_transform_tablet":"","ocean_menu_typo_transform_mobile":"","ocean_menu_typo_line_height":0,"ocean_menu_typo_line_height_tablet":0,"ocean_menu_typo_line_height_mobile":0,"ocean_menu_typo_line_height_unit":"","ocean_menu_typo_spacing":0,"ocean_menu_typo_spacing_tablet":0,"ocean_menu_typo_spacing_mobile":0,"ocean_menu_typo_spacing_unit":"","ocean_menu_link_color":"","ocean_menu_link_color_hover":"","ocean_menu_link_color_active":"","ocean_menu_link_background":"","ocean_menu_link_hover_background":"","ocean_menu_link_active_background":"","ocean_menu_social_links_bg":"","ocean_menu_social_hover_links_bg":"","ocean_menu_social_links_color":"","ocean_menu_social_hover_links_color":"","ocean_disable_title":"on","ocean_disable_heading":"default","ocean_post_title":"","ocean_post_subheading":"","ocean_post_title_style":"","ocean_post_title_background_color":"","ocean_post_title_background":0,"ocean_post_title_bg_image_position":"","ocean_post_title_bg_image_attachment":"","ocean_post_title_bg_image_repeat":"","ocean_post_title_bg_image_size":"","ocean_post_title_height":0,"ocean_post_title_bg_overlay":0.5,"ocean_post_title_bg_overlay_color":"","ocean_disable_breadcrumbs":"default","ocean_breadcrumbs_color":"","ocean_breadcrumbs_separator_color":"","ocean_breadcrumbs_links_color":"","ocean_breadcrumbs_links_hover_color":"","ocean_display_footer_widgets":"default","ocean_display_footer_bottom":"on","ocean_custom_footer_template":"0"},"product_cat":[337],"product_tag":[1586],"_links":{"self":[{"href":"https:\/\/www.avision.com\/de\/wp-json\/wp\/v2\/product\/15572"}],"collection":[{"href":"https:\/\/www.avision.com\/de\/wp-json\/wp\/v2\/product"}],"about":[{"href":"https:\/\/www.avision.com\/de\/wp-json\/wp\/v2\/types\/product"}],"version-history":[{"count":11,"href":"https:\/\/www.avision.com\/de\/wp-json\/wp\/v2\/product\/15572\/revisions"}],"predecessor-version":[{"id":15597,"href":"https:\/\/www.avision.com\/de\/wp-json\/wp\/v2\/product\/15572\/revisions\/15597"}],"wp:featuredmedia":[{"embeddable":true,"href":"https:\/\/www.avision.com\/de\/wp-json\/wp\/v2\/media\/15584"}],"wp:attachment":[{"href":"https:\/\/www.avision.com\/de\/wp-json\/wp\/v2\/media?parent=15572"}],"wp:term":[{"taxonomy":"product_cat","embeddable":true,"href":"https:\/\/www.avision.com\/de\/wp-json\/wp\/v2\/product_cat?post=15572"},{"taxonomy":"product_tag","embeddable":true,"href":"https:\/\/www.avision.com\/de\/wp-json\/wp\/v2\/product_tag?post=15572"}],"curies":[{"name":"wp","href":"https:\/\/api.w.org\/{rel}","templated":true}]}}