{"id":7159,"date":"2021-09-13T03:17:20","date_gmt":"2021-09-13T03:17:20","guid":{"rendered":"https:\/\/www.avision.com\/es\/?page_id=7159"},"modified":"2022-11-14T03:22:30","modified_gmt":"2022-11-14T03:22:30","slug":"corporate-profile","status":"publish","type":"page","link":"https:\/\/www.avision.com\/es\/about-avision\/corporate-profile\/","title":{"rendered":"Corporate Profile"},"content":{"rendered":"\t\t<div data-elementor-type=\"wp-page\" data-elementor-id=\"7159\" class=\"elementor elementor-7159\">\n\t\t\t\t\t\t\t\t\t<section class=\"elementor-section elementor-top-section elementor-element elementor-element-2a5c17e elementor-section-height-min-height elementor-hidden-tablet elementor-hidden-mobile elementor-section-boxed elementor-section-height-default elementor-section-items-middle\" data-id=\"2a5c17e\" data-element_type=\"section\" data-settings=\"{&quot;background_background&quot;:&quot;classic&quot;}\">\n\t\t\t\t\t\t\t<div class=\"elementor-background-overlay\"><\/div>\n\t\t\t\t\t\t\t<div class=\"elementor-container elementor-column-gap-default\">\n\t\t\t\t\t<div class=\"elementor-column elementor-col-100 elementor-top-column elementor-element elementor-element-9da0a0b elementor-invisible\" data-id=\"9da0a0b\" data-element_type=\"column\" data-settings=\"{&quot;animation&quot;:&quot;fadeInUp&quot;}\">\n\t\t\t<div class=\"elementor-widget-wrap elementor-element-populated\">\n\t\t\t\t\t\t\t\t<div class=\"elementor-element elementor-element-1ad3e97 elementor-widget elementor-widget-heading\" data-id=\"1ad3e97\" data-element_type=\"widget\" data-widget_type=\"heading.default\">\n\t\t\t\t<div class=\"elementor-widget-container\">\n\t\t\t<h2 class=\"elementor-heading-title elementor-size-default\">Sobre Avision<\/h2>\t\t<\/div>\n\t\t\t\t<\/div>\n\t\t\t\t<div class=\"elementor-element elementor-element-1c32eb5 elementor-widget elementor-widget-heading\" data-id=\"1c32eb5\" data-element_type=\"widget\" data-widget_type=\"heading.default\">\n\t\t\t\t<div class=\"elementor-widget-container\">\n\t\t\t<h1 class=\"elementor-heading-title elementor-size-xl\">Perfil Corporativo<\/h1>\t\t<\/div>\n\t\t\t\t<\/div>\n\t\t\t\t\t<\/div>\n\t\t<\/div>\n\t\t\t\t\t\t\t<\/div>\n\t\t<\/section>\n\t\t\t\t<section class=\"elementor-section elementor-top-section elementor-element elementor-element-ea9d7c2 elementor-hidden-tablet elementor-hidden-mobile elementor-section-boxed elementor-section-height-default elementor-section-height-default elementor-invisible\" data-id=\"ea9d7c2\" data-element_type=\"section\" data-settings=\"{&quot;background_background&quot;:&quot;classic&quot;,&quot;animation&quot;:&quot;fadeInDown&quot;}\">\n\t\t\t\t\t\t<div class=\"elementor-container elementor-column-gap-default\">\n\t\t\t\t\t<div class=\"elementor-column elementor-col-100 elementor-top-column elementor-element elementor-element-ea1aacb\" data-id=\"ea1aacb\" data-element_type=\"column\">\n\t\t\t<div class=\"elementor-widget-wrap elementor-element-populated\">\n\t\t\t\t\t\t\t\t<div class=\"elementor-element elementor-element-f9cb8df elementor-nav-menu__align-center elementor-nav-menu--dropdown-tablet elementor-nav-menu__text-align-aside elementor-nav-menu--toggle elementor-nav-menu--burger elementor-widget elementor-widget-nav-menu\" data-id=\"f9cb8df\" data-element_type=\"widget\" data-settings=\"{&quot;layout&quot;:&quot;horizontal&quot;,&quot;submenu_icon&quot;:{&quot;value&quot;:&quot;&lt;i class=\\&quot;fas fa-caret-down\\&quot;&gt;&lt;\\\/i&gt;&quot;,&quot;library&quot;:&quot;fa-solid&quot;},&quot;toggle&quot;:&quot;burger&quot;}\" data-widget_type=\"nav-menu.default\">\n\t\t\t\t<div class=\"elementor-widget-container\">\n\t\t\t\t\t\t<nav migration_allowed=\"1\" migrated=\"0\" role=\"navigation\" class=\"elementor-nav-menu--main elementor-nav-menu__container elementor-nav-menu--layout-horizontal e--pointer-underline e--animation-fade\">\n\t\t\t\t<ul id=\"menu-1-f9cb8df\" class=\"elementor-nav-menu\"><li class=\"menu-item menu-item-type-post_type menu-item-object-page menu-item-7791\"><a href=\"https:\/\/www.avision.com\/es\/about-avision\/\" class=\"elementor-item\">Fondo<\/a><\/li>\n<li class=\"menu-item menu-item-type-post_type menu-item-object-page menu-item-12985\"><a href=\"https:\/\/www.avision.com\/es\/why-avision\/\" class=\"elementor-item\">Porque Avision<\/a><\/li>\n<li class=\"menu-item menu-item-type-post_type menu-item-object-page menu-item-7198\"><a href=\"https:\/\/www.avision.com\/es\/about-avision\/corporate-profile\/\" class=\"elementor-item\">Perfil Corporativo<\/a><\/li>\n<li class=\"menu-item menu-item-type-post_type menu-item-object-page menu-item-7197\"><a href=\"https:\/\/www.avision.com\/es\/about-avision\/crs\/\" class=\"elementor-item\">CSR<\/a><\/li>\n<\/ul>\t\t\t<\/nav>\n\t\t\t\t\t<div class=\"elementor-menu-toggle\" role=\"button\" tabindex=\"0\" aria-label=\"Alternar men\u00fa\" aria-expanded=\"false\">\n\t\t\t<i aria-hidden=\"true\" role=\"presentation\" class=\"elementor-menu-toggle__icon--open eicon-menu-bar\"><\/i><i aria-hidden=\"true\" role=\"presentation\" class=\"elementor-menu-toggle__icon--close eicon-close\"><\/i>\t\t\t<span class=\"elementor-screen-only\">Men\u00fa<\/span>\n\t\t<\/div>\n\t\t\t<nav class=\"elementor-nav-menu--dropdown elementor-nav-menu__container\" role=\"navigation\" aria-hidden=\"true\">\n\t\t\t\t<ul id=\"menu-2-f9cb8df\" class=\"elementor-nav-menu\"><li class=\"menu-item menu-item-type-post_type menu-item-object-page menu-item-7791\"><a href=\"https:\/\/www.avision.com\/es\/about-avision\/\" class=\"elementor-item\" tabindex=\"-1\">Fondo<\/a><\/li>\n<li class=\"menu-item menu-item-type-post_type menu-item-object-page menu-item-12985\"><a href=\"https:\/\/www.avision.com\/es\/why-avision\/\" class=\"elementor-item\" tabindex=\"-1\">Porque Avision<\/a><\/li>\n<li class=\"menu-item menu-item-type-post_type menu-item-object-page menu-item-7198\"><a href=\"https:\/\/www.avision.com\/es\/about-avision\/corporate-profile\/\" class=\"elementor-item\" tabindex=\"-1\">Perfil Corporativo<\/a><\/li>\n<li class=\"menu-item menu-item-type-post_type menu-item-object-page menu-item-7197\"><a href=\"https:\/\/www.avision.com\/es\/about-avision\/crs\/\" class=\"elementor-item\" tabindex=\"-1\">CSR<\/a><\/li>\n<\/ul>\t\t\t<\/nav>\n\t\t\t\t<\/div>\n\t\t\t\t<\/div>\n\t\t\t\t\t<\/div>\n\t\t<\/div>\n\t\t\t\t\t\t\t<\/div>\n\t\t<\/section>\n\t\t\t\t<section class=\"elementor-section elementor-top-section elementor-element elementor-element-e34cadc elementor-section-full_width elementor-section-height-min-height elementor-section-height-default elementor-section-items-middle\" data-id=\"e34cadc\" data-element_type=\"section\" data-settings=\"{&quot;background_background&quot;:&quot;classic&quot;}\">\n\t\t\t\t\t\t\t<div class=\"elementor-background-overlay\"><\/div>\n\t\t\t\t\t\t\t<div class=\"elementor-container elementor-column-gap-no\">\n\t\t\t\t\t<div class=\"elementor-column elementor-col-100 elementor-top-column elementor-element elementor-element-907b258 elementor-invisible\" data-id=\"907b258\" data-element_type=\"column\" data-settings=\"{&quot;animation&quot;:&quot;fadeInUp&quot;}\">\n\t\t\t<div class=\"elementor-widget-wrap elementor-element-populated\">\n\t\t\t\t\t\t\t\t<div class=\"elementor-element elementor-element-a441ba4 elementor-widget elementor-widget-spacer\" data-id=\"a441ba4\" data-element_type=\"widget\" data-widget_type=\"spacer.default\">\n\t\t\t\t<div class=\"elementor-widget-container\">\n\t\t\t\t\t<div class=\"elementor-spacer\">\n\t\t\t<div class=\"elementor-spacer-inner\"><\/div>\n\t\t<\/div>\n\t\t\t\t<\/div>\n\t\t\t\t<\/div>\n\t\t\t\t<div class=\"elementor-element elementor-element-47e9fab elementor-widget elementor-widget-heading\" data-id=\"47e9fab\" data-element_type=\"widget\" data-widget_type=\"heading.default\">\n\t\t\t\t<div class=\"elementor-widget-container\">\n\t\t\t<h1 class=\"elementor-heading-title elementor-size-default\">Organizaci\u00f3n mundial<\/h1>\t\t<\/div>\n\t\t\t\t<\/div>\n\t\t\t\t<div class=\"elementor-element elementor-element-1fb311b elementor-widget elementor-widget-spacer\" data-id=\"1fb311b\" data-element_type=\"widget\" data-widget_type=\"spacer.default\">\n\t\t\t\t<div class=\"elementor-widget-container\">\n\t\t\t\t\t<div class=\"elementor-spacer\">\n\t\t\t<div class=\"elementor-spacer-inner\"><\/div>\n\t\t<\/div>\n\t\t\t\t<\/div>\n\t\t\t\t<\/div>\n\t\t\t\t<div class=\"elementor-element elementor-element-2ddcb5f elementor-widget elementor-widget-image\" data-id=\"2ddcb5f\" data-element_type=\"widget\" data-settings=\"{&quot;_animation&quot;:&quot;none&quot;}\" data-widget_type=\"image.default\">\n\t\t\t\t<div class=\"elementor-widget-container\">\n\t\t\t\t\t\t\t\t\t\t\t\t\t\t\t<img decoding=\"async\" loading=\"lazy\" width=\"1024\" height=\"525\" src=\"https:\/\/www.avision.com\/es\/wp-content\/uploads\/sites\/4\/2022\/04\/Worldwide-Organization_MAP-1024x525.png\" class=\"attachment-large size-large wp-image-14300\" alt=\"\" srcset=\"https:\/\/www.avision.com\/es\/wp-content\/uploads\/sites\/4\/2022\/04\/Worldwide-Organization_MAP-1024x525.png 1024w, https:\/\/www.avision.com\/es\/wp-content\/uploads\/sites\/4\/2022\/04\/Worldwide-Organization_MAP-300x154.png 300w, https:\/\/www.avision.com\/es\/wp-content\/uploads\/sites\/4\/2022\/04\/Worldwide-Organization_MAP-768x394.png 768w, https:\/\/www.avision.com\/es\/wp-content\/uploads\/sites\/4\/2022\/04\/Worldwide-Organization_MAP-1536x788.png 1536w, https:\/\/www.avision.com\/es\/wp-content\/uploads\/sites\/4\/2022\/04\/Worldwide-Organization_MAP-1320x677.png 1320w, https:\/\/www.avision.com\/es\/wp-content\/uploads\/sites\/4\/2022\/04\/Worldwide-Organization_MAP-600x308.png 600w, https:\/\/www.avision.com\/es\/wp-content\/uploads\/sites\/4\/2022\/04\/Worldwide-Organization_MAP.png 1934w\" sizes=\"(max-width: 1024px) 100vw, 1024px\" \/>\t\t\t\t\t\t\t\t\t\t\t\t\t\t\t<\/div>\n\t\t\t\t<\/div>\n\t\t\t\t<div class=\"elementor-element elementor-element-84fd7e3 elementor-widget elementor-widget-spacer\" data-id=\"84fd7e3\" data-element_type=\"widget\" data-widget_type=\"spacer.default\">\n\t\t\t\t<div class=\"elementor-widget-container\">\n\t\t\t\t\t<div class=\"elementor-spacer\">\n\t\t\t<div class=\"elementor-spacer-inner\"><\/div>\n\t\t<\/div>\n\t\t\t\t<\/div>\n\t\t\t\t<\/div>\n\t\t\t\t\t<\/div>\n\t\t<\/div>\n\t\t\t\t\t\t\t<\/div>\n\t\t<\/section>\n\t\t\t\t<section class=\"elementor-section elementor-top-section elementor-element elementor-element-0e08307 elementor-section-boxed elementor-section-height-default elementor-section-height-default\" data-id=\"0e08307\" data-element_type=\"section\">\n\t\t\t\t\t\t<div class=\"elementor-container elementor-column-gap-default\">\n\t\t\t\t\t<div class=\"elementor-column elementor-col-100 elementor-top-column elementor-element elementor-element-572c2e0\" data-id=\"572c2e0\" data-element_type=\"column\">\n\t\t\t<div class=\"elementor-widget-wrap elementor-element-populated\">\n\t\t\t\t\t\t\t\t<div class=\"elementor-element elementor-element-31bced0 elementor-widget elementor-widget-spacer\" data-id=\"31bced0\" data-element_type=\"widget\" data-widget_type=\"spacer.default\">\n\t\t\t\t<div class=\"elementor-widget-container\">\n\t\t\t\t\t<div class=\"elementor-spacer\">\n\t\t\t<div class=\"elementor-spacer-inner\"><\/div>\n\t\t<\/div>\n\t\t\t\t<\/div>\n\t\t\t\t<\/div>\n\t\t\t\t<div class=\"elementor-element elementor-element-1ade4dc elementor-widget elementor-widget-heading\" data-id=\"1ade4dc\" data-element_type=\"widget\" data-widget_type=\"heading.default\">\n\t\t\t\t<div class=\"elementor-widget-container\">\n\t\t\t<h2 class=\"elementor-heading-title elementor-size-default\">\u258eGr\u00e1fico de organizaciones (AVI)<\/h2>\t\t<\/div>\n\t\t\t\t<\/div>\n\t\t\t\t<div class=\"elementor-element elementor-element-a95be5e elementor-widget elementor-widget-image\" data-id=\"a95be5e\" data-element_type=\"widget\" data-widget_type=\"image.default\">\n\t\t\t\t<div class=\"elementor-widget-container\">\n\t\t\t\t\t\t\t\t\t\t\t\t\t\t\t<img decoding=\"async\" loading=\"lazy\" width=\"718\" height=\"432\" src=\"https:\/\/www.avision.com\/es\/wp-content\/uploads\/sites\/4\/2021\/09\/Organization-Chart.jpg\" class=\"attachment-large size-large wp-image-7164\" alt=\"\" srcset=\"https:\/\/www.avision.com\/es\/wp-content\/uploads\/sites\/4\/2021\/09\/Organization-Chart.jpg 718w, https:\/\/www.avision.com\/es\/wp-content\/uploads\/sites\/4\/2021\/09\/Organization-Chart-300x181.jpg 300w, https:\/\/www.avision.com\/es\/wp-content\/uploads\/sites\/4\/2021\/09\/Organization-Chart-600x361.jpg 600w\" sizes=\"(max-width: 718px) 100vw, 718px\" \/>\t\t\t\t\t\t\t\t\t\t\t\t\t\t\t<\/div>\n\t\t\t\t<\/div>\n\t\t\t\t\t<\/div>\n\t\t<\/div>\n\t\t\t\t\t\t\t<\/div>\n\t\t<\/section>\n\t\t\t\t<section class=\"elementor-section elementor-top-section elementor-element elementor-element-7cf3063 elementor-section-boxed elementor-section-height-default elementor-section-height-default\" data-id=\"7cf3063\" data-element_type=\"section\" data-settings=\"{&quot;background_background&quot;:&quot;classic&quot;}\">\n\t\t\t\t\t\t<div class=\"elementor-container elementor-column-gap-default\">\n\t\t\t\t\t<div class=\"elementor-column elementor-col-100 elementor-top-column elementor-element elementor-element-fb2c579\" data-id=\"fb2c579\" data-element_type=\"column\">\n\t\t\t<div class=\"elementor-widget-wrap elementor-element-populated\">\n\t\t\t\t\t\t\t\t<div class=\"elementor-element elementor-element-6ab8512 elementor-widget elementor-widget-spacer\" data-id=\"6ab8512\" data-element_type=\"widget\" data-widget_type=\"spacer.default\">\n\t\t\t\t<div class=\"elementor-widget-container\">\n\t\t\t\t\t<div class=\"elementor-spacer\">\n\t\t\t<div class=\"elementor-spacer-inner\"><\/div>\n\t\t<\/div>\n\t\t\t\t<\/div>\n\t\t\t\t<\/div>\n\t\t\t\t<div class=\"elementor-element elementor-element-16c3563 elementor-widget elementor-widget-heading\" data-id=\"16c3563\" data-element_type=\"widget\" data-widget_type=\"heading.default\">\n\t\t\t\t<div class=\"elementor-widget-container\">\n\t\t\t<h2 class=\"elementor-heading-title elementor-size-default\">\u258eDescripci\u00f3n del trabajo<\/h2>\t\t<\/div>\n\t\t\t\t<\/div>\n\t\t\t\t<div class=\"elementor-element elementor-element-f4ee64e elementor-widget elementor-widget-html\" data-id=\"f4ee64e\" data-element_type=\"widget\" data-widget_type=\"html.default\">\n\t\t\t\t<div class=\"elementor-widget-container\">\n\t\t\t<table>\r\n    <tbody>\r\n    <tr>\r\n        <th>Nombre del departamento<\/th>\r\n        <th>Descripci\u00f3n del trabajo<\/th>\r\n    <\/tr>\r\n    <tr>\r\n        <th>GERENTE GENERAL<\/th>\r\n        <td>Ejecutar las resoluciones de los directores de la Junta y administrar el negocio de la compa\u00f1\u00eda.<\/td>\r\n    <\/tr>\r\n    <tr>\r\n        <th>Oficina de auditor\u00eda<\/th>\r\n        <td>Revise los asuntos de auditor\u00eda y la planificaci\u00f3n de la compa\u00f1\u00eda, supervisi\u00f3n, ejecuci\u00f3n y seguimiento de los asuntos de auditor\u00eda interna de la compa\u00f1\u00eda<\/td>\r\n    <\/tr>\r\n    <tr>\r\n        <th>I + D I<\/th>\r\n        <td>1. Desarrollo, dise\u00f1o, verificaci\u00f3n, verificaci\u00f3n, an\u00e1lisis de problemas y soluci\u00f3n de soluciones.<br>\r\n            2. Producci\u00f3n de motas, desarrollo de herramientas, prueba, reparaci\u00f3n y aceptaci\u00f3n.<br>\r\n            3. Pruebas y verificaci\u00f3n de integraci\u00f3n de sistemas. <\/td>\r\n    <\/tr> \r\n    <tr>\r\n        <th>I + D II<\/th>\r\n        <td>1. Desarrollo, dise\u00f1o, verificaci\u00f3n, verificaci\u00f3n, an\u00e1lisis de problemas y aplicaci\u00f3n de problemas.<br>\r\n            2.El software y desarrollo de firmware y verificaci\u00f3n de la impresora \/ MFP.<br>\r\n            3.Nuevo planificaci\u00f3n de productos de desarrollo, definici\u00f3n de especificaci\u00f3n y gesti\u00f3n de costos.<\/td>\r\n    <\/tr> \r\n    <tr>\r\n        <th>Ventas y Marketing, Gesti\u00f3n de proyectos CENTE<\/th>\r\n        <td>1.Marketing\/Customer en desarrollo, planificaci\u00f3n de exposiciones y ejecuci\u00f3n.<br>\r\n            2. Previsi\u00f3n por aleros, ejecuci\u00f3n de pedidos y seguimiento de pago de pedidos.<br>\r\n            3. Despu\u00e9s del servicio de ventas y el soporte t\u00e9cnico del producto.<br>\r\n            4. Gesti\u00f3n de proyectos.<br>\r\n            5. Dise\u00f1o y planificaci\u00f3n del paquete del producto.<br>\r\n            6. Planning y redacci\u00f3n de gu\u00edas y manual de mantenimiento del usuario.<\/td>\r\n    <\/tr> \r\n    <tr>\r\n        <th>Depto derecho legal e inteligente.<\/th>\r\n        <td>1.Drafting, revisando, revisando y consultando contratos y diversos documentos legales.<br>\r\n            2. Seguro corporativo, documento con firma oficial, litigios corporativos y manejo de asuntos de negocios. Solicitud de patente, mantenimiento, consulta t\u00e9cnica.<br>\r\n            3. Aplicaci\u00f3n de transmisi\u00f3n, mantenimiento, investigaci\u00f3n e investigaci\u00f3n.<\/td>\r\n    <\/tr> \r\n    <tr>\r\n        <th>Seguridad y salud ocupacional.<\/th>\r\n        <td>1. Planning, ejecuci\u00f3n, mantenimiento y gesti\u00f3n de asuntos de seguridad laboral y de salud y protecci\u00f3n del medio ambiente.<\/td>\r\n    <\/tr> \r\n    <tr>\r\n        <th>OFICINA DE ADMINISTRACI\u00d3N<\/th>\r\n        <td>1.El departamento de finanzas a cargo de los asuntos relacionados con el control financiero y la utilizaci\u00f3n de la empresa y las acciones.<br>\r\n            2.El Ministerio de Asuntos P\u00fablicos a cargo de la planificaci\u00f3n, ejecuci\u00f3n, mantenimiento y gesti\u00f3n de los Asuntos P\u00fablicos de la Compa\u00f1\u00eda (Asuntos Generales, Instalaciones de F\u00e1brica, etc.) y Asuntos de Protecci\u00f3n Ambiental.<br>\r\n            3. La Divisi\u00f3n de Recursos Humanos responsable de la contrataci\u00f3n \/ selecci\u00f3n \/ Educaci\u00f3n \/ Uso \/ Retenci\u00f3n de Recursos Humanos y otras cinco PLANIFICACI\u00d3N DE DESARROLLO DE TALENTOS Y EJECUCI\u00d3N.<\/td>\r\n    <\/tr> \r\n    <tr>\r\n        <th>TECNOLOG\u00cdAS DE LA INFORMACI\u00d3N<\/th>\r\n        <td>1. El departamento de compras a cargo del desarrollo y gesti\u00f3n del proveedor, la adquisici\u00f3n, la consulta de precios y el an\u00e1lisis de costos.<br>\r\n            2. El Departamento de Control de Producto y Gesti\u00f3n de Materiales est\u00e1 a cargo de la administraci\u00f3n e inventario de env\u00edos, inventario y contabilidad; Planificaci\u00f3n de la producci\u00f3n y control de progreso, tareas adheridas y cotizaciones relacionadas con la importaci\u00f3n y exportaci\u00f3n y la confirmaci\u00f3n del contrato.<br>\r\n            3.El jefe del departamento de fabricaci\u00f3n ejecuta el programa de producci\u00f3n, controle el progreso de la producci\u00f3n y el control de calidad; Quema el F \/ W, HD, Flash y CPU requerido por cada modelo; Monitoreando las actividades y mejoras de 5S.<\/td>\r\n    <\/tr> \r\n    <tr>\r\n        <th>Regulaci\u00f3n de seguridad y centro de control de documentos.<\/th>\r\n        <td>1.Introducci\u00f3n de productos de prueba de nuevos productos, an\u00e1lisis y soluci\u00f3n de problemas de ingenier\u00eda.<br>\r\n            2.Design, producci\u00f3n, pruebas y mantenimiento de abrazaderas y accesorios de producci\u00f3n.<br>\r\n            3. Redacci\u00f3n de PCA y mejora del proceso PCBA para varios modelos.<br>\r\n            4. La mayor producci\u00f3n de gr\u00e1ficos, subcontrataci\u00f3n y verificaci\u00f3n.<\/td>\r\n    <\/tr> \r\n    <tr>\r\n        <th>SEGURO DE CALIDAD<\/th>\r\n        <td>1. con la gesti\u00f3n del sistema de calidad como el eje principal, mantener \/ mejorar la integridad y la suavidad de los procesos de la compa\u00f1\u00eda, confirma la efectividad de las medidas correctivas y preventivas; Aseg\u00farese de que los instrumentos utilizados en la f\u00e1brica cumplan con los requisitos de administraci\u00f3n.<br>\r\n            2. Con la fiabilidad del sistema como el eje principal, asistir a la investigaci\u00f3n y el desarrollo, la demanda de marketing y el desarrollo de nuevos productos completos. Responsable de la inspecci\u00f3n de dibujo y especificaci\u00f3n de materias primas, ingenier\u00eda de calidad y auditor\u00eda de materias primas \/ productos terminados.<\/td>\r\n    <\/tr>     \r\n<\/tbody>\r\n<\/table>\t\t<\/div>\n\t\t\t\t<\/div>\n\t\t\t\t<div class=\"elementor-element elementor-element-fe22d67 elementor-widget elementor-widget-spacer\" data-id=\"fe22d67\" data-element_type=\"widget\" data-widget_type=\"spacer.default\">\n\t\t\t\t<div class=\"elementor-widget-container\">\n\t\t\t\t\t<div class=\"elementor-spacer\">\n\t\t\t<div class=\"elementor-spacer-inner\"><\/div>\n\t\t<\/div>\n\t\t\t\t<\/div>\n\t\t\t\t<\/div>\n\t\t\t\t\t<\/div>\n\t\t<\/div>\n\t\t\t\t\t\t\t<\/div>\n\t\t<\/section>\n\t\t\t\t\t\t\t<\/div>\n\t\t","protected":false},"excerpt":{"rendered":"<p>Sobre Avision Perfil Corporativo Organizaci\u00f3n mundial \u258eGr\u00e1fico de organizaciones (AVI) \u258eDescripci\u00f3n del trabajo Nombre del departamento Descripci\u00f3n del trabajo GERENTE GENERAL Ejecutar las resoluciones de los directores de la Junta y administrar el negocio de la compa\u00f1\u00eda. Oficina de auditor\u00eda Revise los asuntos de auditor\u00eda y la planificaci\u00f3n de la compa\u00f1\u00eda, supervisi\u00f3n, ejecuci\u00f3n y seguimiento [&hellip;]<\/p>\n","protected":false},"author":2,"featured_media":0,"parent":7074,"menu_order":0,"comment_status":"closed","ping_status":"closed","template":"","meta":{"ocean_post_layout":"full-screen","ocean_both_sidebars_style":"","ocean_both_sidebars_content_width":0,"ocean_both_sidebars_sidebars_width":0,"ocean_sidebar":"0","ocean_second_sidebar":"0","ocean_disable_margins":"enable","ocean_add_body_class":"","ocean_shortcode_before_top_bar":"","ocean_shortcode_after_top_bar":"","ocean_shortcode_before_header":"","ocean_shortcode_after_header":"","ocean_has_shortcode":"","ocean_shortcode_after_title":"","ocean_shortcode_before_footer_widgets":"","ocean_shortcode_after_footer_widgets":"","ocean_shortcode_before_footer_bottom":"","ocean_shortcode_after_footer_bottom":"","ocean_display_top_bar":"default","ocean_display_header":"default","ocean_header_style":"","ocean_center_header_left_menu":"0","ocean_custom_header_template":"0","ocean_custom_logo":0,"ocean_custom_retina_logo":0,"ocean_custom_logo_max_width":0,"ocean_custom_logo_tablet_max_width":0,"ocean_custom_logo_mobile_max_width":0,"ocean_custom_logo_max_height":0,"ocean_custom_logo_tablet_max_height":0,"ocean_custom_logo_mobile_max_height":0,"ocean_header_custom_menu":"0","ocean_menu_typo_font_family":"0","ocean_menu_typo_font_subset":"","ocean_menu_typo_font_size":0,"ocean_menu_typo_font_size_tablet":0,"ocean_menu_typo_font_size_mobile":0,"ocean_menu_typo_font_size_unit":"px","ocean_menu_typo_font_weight":"","ocean_menu_typo_font_weight_tablet":"","ocean_menu_typo_font_weight_mobile":"","ocean_menu_typo_transform":"","ocean_menu_typo_transform_tablet":"","ocean_menu_typo_transform_mobile":"","ocean_menu_typo_line_height":0,"ocean_menu_typo_line_height_tablet":0,"ocean_menu_typo_line_height_mobile":0,"ocean_menu_typo_line_height_unit":"","ocean_menu_typo_spacing":0,"ocean_menu_typo_spacing_tablet":0,"ocean_menu_typo_spacing_mobile":0,"ocean_menu_typo_spacing_unit":"","ocean_menu_link_color":"","ocean_menu_link_color_hover":"","ocean_menu_link_color_active":"","ocean_menu_link_background":"","ocean_menu_link_hover_background":"","ocean_menu_link_active_background":"","ocean_menu_social_links_bg":"","ocean_menu_social_hover_links_bg":"","ocean_menu_social_links_color":"","ocean_menu_social_hover_links_color":"","ocean_disable_title":"on","ocean_disable_heading":"default","ocean_post_title":"","ocean_post_subheading":"","ocean_post_title_style":"","ocean_post_title_background_color":"","ocean_post_title_background":0,"ocean_post_title_bg_image_position":"","ocean_post_title_bg_image_attachment":"","ocean_post_title_bg_image_repeat":"","ocean_post_title_bg_image_size":"","ocean_post_title_height":0,"ocean_post_title_bg_overlay":0.5,"ocean_post_title_bg_overlay_color":"","ocean_disable_breadcrumbs":"default","ocean_breadcrumbs_color":"","ocean_breadcrumbs_separator_color":"","ocean_breadcrumbs_links_color":"","ocean_breadcrumbs_links_hover_color":"","ocean_display_footer_widgets":"default","ocean_display_footer_bottom":"on","ocean_custom_footer_template":"0","footnotes":""},"_links":{"self":[{"href":"https:\/\/www.avision.com\/es\/wp-json\/wp\/v2\/pages\/7159"}],"collection":[{"href":"https:\/\/www.avision.com\/es\/wp-json\/wp\/v2\/pages"}],"about":[{"href":"https:\/\/www.avision.com\/es\/wp-json\/wp\/v2\/types\/page"}],"author":[{"embeddable":true,"href":"https:\/\/www.avision.com\/es\/wp-json\/wp\/v2\/users\/2"}],"replies":[{"embeddable":true,"href":"https:\/\/www.avision.com\/es\/wp-json\/wp\/v2\/comments?post=7159"}],"version-history":[{"count":43,"href":"https:\/\/www.avision.com\/es\/wp-json\/wp\/v2\/pages\/7159\/revisions"}],"predecessor-version":[{"id":14438,"href":"https:\/\/www.avision.com\/es\/wp-json\/wp\/v2\/pages\/7159\/revisions\/14438"}],"up":[{"embeddable":true,"href":"https:\/\/www.avision.com\/es\/wp-json\/wp\/v2\/pages\/7074"}],"wp:attachment":[{"href":"https:\/\/www.avision.com\/es\/wp-json\/wp\/v2\/media?parent=7159"}],"curies":[{"name":"wp","href":"https:\/\/api.w.org\/{rel}","templated":true}]}}