{"id":11576,"date":"2022-01-12T02:50:27","date_gmt":"2022-01-12T02:50:27","guid":{"rendered":"https:\/\/www.avision.com\/es\/?post_type=product&#038;p=11576"},"modified":"2024-10-09T07:59:14","modified_gmt":"2024-10-09T07:59:14","slug":"ad8120","status":"publish","type":"product","link":"https:\/\/www.avision.com\/es\/shop\/document-scanner\/ad8120\/","title":{"rendered":"AD8120"},"content":{"rendered":"<p><img decoding=\"async\" loading=\"lazy\" class=\"alignnone size-full wp-image-7449 alignleft\" src=\"https:\/\/www.avision.com\/es\/wp-content\/uploads\/sites\/4\/2021\/09\/A3.png\" alt=\"\" width=\"73\" height=\"69\" \/> <img decoding=\"async\" loading=\"lazy\" class=\"size-full wp-image-7447 alignleft\" src=\"https:\/\/www.avision.com\/es\/wp-content\/uploads\/sites\/4\/2021\/09\/236in.png\" alt=\"\" width=\"74\" height=\"69\" \/><img decoding=\"async\" loading=\"lazy\" class=\"alignnone size-full wp-image-7410 alignleft\" src=\"https:\/\/www.avision.com\/es\/wp-content\/uploads\/sites\/4\/2021\/09\/duplex.png\" alt=\"\" width=\"74\" height=\"69\" \/> <img decoding=\"async\" loading=\"lazy\" class=\"alignnone size-full wp-image-11566 alignleft\" src=\"https:\/\/www.avision.com\/es\/wp-content\/uploads\/sites\/4\/2021\/09\/0_ADF500.png\" alt=\"\" width=\"73\" height=\"69\" \/> <img decoding=\"async\" loading=\"lazy\" class=\"alignnone size-full wp-image-11564 alignleft\" src=\"https:\/\/www.avision.com\/es\/wp-content\/uploads\/sites\/4\/2021\/09\/0_BW120p240i.png\" alt=\"\" width=\"73\" height=\"68\" \/> <img decoding=\"async\" loading=\"lazy\" class=\"alignnone size-full wp-image-11565 alignleft\" src=\"https:\/\/www.avision.com\/es\/wp-content\/uploads\/sites\/4\/2021\/09\/0_color120p240i.png\" alt=\"\" width=\"73\" height=\"69\" \/> <img decoding=\"async\" loading=\"lazy\" class=\"alignnone size-full wp-image-7432 alignleft\" src=\"https:\/\/www.avision.com\/es\/wp-content\/uploads\/sites\/4\/2021\/09\/Ultra3sensor.png\" alt=\"\" width=\"74\" height=\"69\" \/> <img decoding=\"async\" loading=\"lazy\" class=\"alignnone size-full wp-image-7430 alignleft\" src=\"https:\/\/www.avision.com\/es\/wp-content\/uploads\/sites\/4\/2021\/09\/Staples_detection.png\" alt=\"\" width=\"74\" height=\"68\" \/><\/p>\n<p>&nbsp;<\/p>\n<div class=\"su-spacer\" style=\"height:50px\"><\/div>\n<hr \/>\n<div class=\"su-spacer\" style=\"height:50px\"><\/div>\n<h3><span style=\"color: #0e3a65;\">\u258dCiclo Diaria de Alto Volumen<\/span><\/h3>\n<p style=\"font-weight: 400;\"><span style=\"font-style: inherit; font-weight: inherit;\">El esc\u00e1ner se puede usar para escanear hasta 60,000 p\u00e1ginas por d\u00eda a trav\u00e9s del alimentador autom\u00e1tico de documentos de 500 p\u00e1ginas. Los datos indican que el esc\u00e1ner est\u00e1 dise\u00f1ado para escanear documentos en cualquier aplicaci\u00f3n que requiera escaneo frecuente de documentos y tarjetas duras.<\/span><\/p>\n<h3><span style=\"color: #0e3a65;\">\u258dDise\u00f1o de l\u00e1mpara doble para manejar documentos arrugados<\/span><\/h3>\n<p>Dise\u00f1ado para manejar incluso aplicaciones extremas, el esc\u00e1ner AD8120 est\u00e1 integrado con dos l\u00e1mparas de larga duraci\u00f3n. Estas l\u00e1mparas sin mercurio le brindan la m\u00e1xima iluminaci\u00f3n para ayudar a eliminar las sombras de los documentos arrugados.<\/p>\n<h3><span style=\"color: #0e3a65;\">\u258dSensores ultras\u00f3nicos triples para detectar el papel superpuesto<\/span><\/h3>\n<p>Tres sensores ultras\u00f3nicos proporcionan protecci\u00f3n contra alimentaciones dobles mediante la detecci\u00f3n y la prevenci\u00f3n de p\u00e1ginas superpuestas de ser alimentada en el esc\u00e1ner al mismo tiempo. Cada sensor se puede configurar para ignorar o detectar zonas especificadas de un documento para acomodar p\u00e1ginas con etiquetas o archivos adjuntos.<\/p>\n<h3><span style=\"color: #0e3a65;\">\u258dTecnolog\u00eda de detecci\u00f3n de grapas<\/span><\/h3>\n<p>La funci\u00f3n de detecci\u00f3n de grapas de Avision detiene autom\u00e1ticamente el proceso de escaneo cuando se detecta una grapa no retirada. Si no se detectan, las grapas podr\u00edan causar errores que comprometan el documento, causen atascos o da\u00f1ar el dispositivo.<\/p>\n<h3><span style=\"color: #0e3a65;\">\u258dTarjeta de pl\u00e1stico o tarjeta de identificaci\u00f3n utiliza la ruta de papel recta<\/span><\/h3>\n<p>Para proporcionar a los usuarios del esc\u00e1ner los entornos de escaneo m\u00e1s vers\u00e1tiles, el usuario tiene la opci\u00f3n de utilizar una &#8220;Ruta de papel curva o recta&#8221;. Al abrir la cubierta posterior, los usuarios pueden usar la ruta recta para transportar papel a la parte posterior de la unidad. Utilizaci\u00f3n de la ruta de papel recta garantiza una alta fiabilidad con tarjeta de pl\u00e1stico, tarjeta de identificaci\u00f3n, papel grueso, largo o documentos m\u00e1s fr\u00e1giles.<\/p>\n<h3><span style=\"color: #0e3a65;\">\u258dUn esc\u00e1ner de documentos con una impresora (opcional)<\/span><\/h3>\n<p>La combinaci\u00f3n singular permite a los usuarios imprimir un n\u00famero de secuencia o caracteres f\u00edsicamente en la parte posterior de cada p\u00e1gina que se est\u00e1 escaneando. Al imprimir los n\u00fameros de serie, los datos escaneados pueden rastrearse, combinarse y \/ O indexado con el documento original.<\/p>\n<h3><span style=\"color: #0e3a65;\">\u258dTecnolog\u00eda de protecci\u00f3n del papel<\/span><\/h3>\n<p>La avanzada tecnolog\u00eda de protecci\u00f3n del papel evita que el papel valioso se arrugue o desgarre al detener el proceso de escaneo una vez que se detecta una p\u00e1gina sesgada.<\/p>\n<h3><span style=\"color: #0e3a65;\">\u258dUna gran pantalla LCD<\/span><\/h3>\n<p>El AD8120 es f\u00e1cil de usar a trav\u00e9s de la clara de 1,8 &#8220;pantalla LCD. Al seleccionar su destino y pulsando el bot\u00f3n&#8221; Scan&#8221;, la exploraci\u00f3n se puede hacer y la imagen escaneada se puede enviar a su aplicaci\u00f3n de destino especificado como el correo electr\u00f3nico, impresora o su favorable aplicaci\u00f3n de software de edici\u00f3n de im\u00e1genes. Se pueden preconfigurar hasta nueve ajustes de escaneo y destinos utilizados con frecuencia para diferentes necesidades de escaneo.<\/p>\n<h3><span style=\"color: #0e3a65;\">\u258dEscanear a la nube con Buttoner Manager V2<\/span><\/h3>\n<p>El AD8120 vienen con controladores TWAIN e ISIS, y se suministra con un conjunto de aplicaciones de software de gran alcance que incluyen Avision Button Manager V2, avscan X, y ScanSoft PaperPort 14SE. Con Button Manager V2, puede completar una exploraci\u00f3n y enviar la imagen directamente a servidores de la nube como Google Drive, Dropbox, Evernote, Facebook o Microsoft SharePoint con s\u00f3lo pulsar un bot\u00f3n. tambi\u00e9n puede guardar la imagen en PDF de b\u00fasqueda, JPEG, BMP o GIF, y escanear a e-mail, o Aplicaci\u00f3n de edici\u00f3n de im\u00e1genes. Adem\u00e1s, las aplicaciones de software incluidas tambi\u00e9n incluyen AVScan X y Nuance PaperPort, que son un software de administraci\u00f3n de documentos altamente eficaz para agilizar su tarea de manera m\u00e1s eficiente.<\/p>\n<h3><span style=\"color: #0e3a65;\">\u258dUn esc\u00e1ner de documentos con una impresora (opcional)<\/span><\/h3>\n<p>El esc\u00e1ner de producci\u00f3n AD8120 puede estar integrado con una impresora opcional. La combinaci\u00f3n innovadora permite a los usuarios imprimir un n\u00famero de secuencia o personajes f\u00edsicamente en el lado posterior de cada p\u00e1gina que se est\u00e1 escaneando. Al imprimir n\u00fameros de serie, los datos escaneados se pueden rastrear, emparejados Y \/ o indexado con el documento original.<\/p>\n<p>&nbsp;<\/p>\n<h3><span style=\"color: #0e3a65;\">\u258dCaracter\u00edsticas<\/span><\/h3>\n<ul>\n<li><span style=\"font-style: inherit; font-weight: inherit;\">Escaneo r<\/span><span style=\"font-style: inherit; font-weight: inherit;\">\u00e1pido, escaneo de 120 ppm \/ 240 ipm en color, escala de grises y monocromo\u00a0\u00a0\u00a0(200 dpi)<\/span><\/li>\n<li><span style=\"font-style: inherit; font-weight: inherit;\">Documento de formulario de soporte de hasta 297 x 432 mm (A3)<\/span><\/li>\n<li><span style=\"font-style: inherit; font-weight: inherit;\">Robusto alimentador autom<\/span><span style=\"font-style: inherit; font-weight: inherit;\">\u00e1tico de documentos de 500 p\u00e1ginas<\/span><\/li>\n<li><span style=\"font-style: inherit; font-weight: inherit;\">ciclo de trabajo diario de hasta 60,000 hojas<\/span><\/li>\n<li><span style=\"font-style: inherit; font-weight: inherit;\">Tres sensores ultras<\/span><span style=\"font-style: inherit; font-weight: inherit;\">\u00f3nicos para habilitar o deshabilitar la detecci\u00f3n en diferentes\u00a0\u00e1reas de\u00a0Documento<\/span><\/li>\n<li><span style=\"font-style: inherit; font-weight: inherit;\">Caracter<\/span><span style=\"font-style: inherit; font-weight: inherit;\">\u00edstica de detecci\u00f3n de grapas<\/span><\/li>\n<li><span style=\"font-style: inherit; font-weight: inherit;\">Camino de papel curvo o recto<\/span><\/li>\n<li><span style=\"font-style: inherit; font-weight: inherit;\">Recortar autom<\/span><span style=\"font-style: inherit; font-weight: inherit;\">\u00e1ticamente y alinear un documento con la unidad avanzada de procesamiento de im\u00e1genes<\/span><\/li>\n<li><span style=\"font-style: inherit; font-weight: inherit;\">Para mejorar la velocidad de escaneo <\/span><span style=\"font-style: inherit; font-weight: inherit;\">\u00faltima conectividad USB 3.0 para una velocidad de transmisi\u00f3n m\u00e1s r\u00e1pida<\/span><\/li>\n<li><span style=\"font-style: inherit; font-weight: inherit;\">La tecnolog<\/span><span style=\"font-style: inherit; font-weight: inherit;\">\u00eda de rodillos inversos ofrece una excelente fiabilidad de alimentaci\u00f3n<\/span><\/li>\n<li><span style=\"font-style: inherit; font-weight: inherit;\">Escaneo de tarjetas duras y en relieve de hasta 1.25 mm de grosor en el paisaje Alimentando<\/span><\/li>\n<li><span style=\"font-style: inherit; font-weight: inherit;\">Presione y escanee a servidores en la nube a trav<\/span><span style=\"font-style: inherit; font-weight: inherit;\">\u00e9s del software incluido Button Manager V2<\/span><\/li>\n<li><span style=\"font-style: inherit; font-weight: inherit;\">Tecnolog<\/span><span style=\"font-style: inherit; font-weight: inherit;\">\u00eda LED amigable con la Tierra<\/span><\/li>\n<li><span style=\"font-style: inherit; font-weight: inherit;\">Escaneo de p<\/span><span style=\"font-style: inherit; font-weight: inherit;\">\u00e1ginas largas de hasta 6000 mm (236 &#8220;)<\/span><\/li>\n<li><span style=\"font-style: inherit; font-weight: inherit;\">Configuraci<\/span><span style=\"font-style: inherit; font-weight: inherit;\">\u00f3n de apagado autom\u00e1tico<\/span><\/li>\n<\/ul>\n<p>&nbsp;<\/p>\n<hr \/>\n<h3><\/h3>\n<h3><span style=\"color: #0e3a65;\"><strong>\u258eCertificacion<\/strong><\/span><\/h3>\n<table id=\"tbl\" border=\"1\" frame=\"void&quot;\">\n<tbody>\n<tr>\n<td bgcolor=\"white\" width=\"200px\"><img decoding=\"async\" loading=\"lazy\" class=\" wp-image-7828 aligncenter\" src=\"https:\/\/www.avision.com\/es\/wp-content\/uploads\/sites\/4\/2021\/09\/USB_10_Gbps-300x158.png\" alt=\"\" width=\"126\" height=\"67\" srcset=\"https:\/\/www.avision.com\/es\/wp-content\/uploads\/sites\/4\/2021\/09\/USB_10_Gbps-300x158.png 300w, https:\/\/www.avision.com\/es\/wp-content\/uploads\/sites\/4\/2021\/09\/USB_10_Gbps-1024x538.png 1024w, https:\/\/www.avision.com\/es\/wp-content\/uploads\/sites\/4\/2021\/09\/USB_10_Gbps-768x403.png 768w, https:\/\/www.avision.com\/es\/wp-content\/uploads\/sites\/4\/2021\/09\/USB_10_Gbps-600x315.png 600w, https:\/\/www.avision.com\/es\/wp-content\/uploads\/sites\/4\/2021\/09\/USB_10_Gbps.png 1200w\" sizes=\"(max-width: 126px) 100vw, 126px\" \/><\/td>\n<td bgcolor=\"white\" width=\"200px\"><a href=\"https:\/\/support.microsoft.com\/EN-US\/windows?ui=zh-TW&amp;rs=zh-TW&amp;ad=TW#WindowsVersion=Windows_10\"><img decoding=\"async\" loading=\"lazy\" class=\"size-full wp-image-11356 aligncenter\" src=\"https:\/\/www.avision.com\/es\/wp-content\/uploads\/sites\/4\/2021\/09\/win10.jpg\" alt=\"\" width=\"63\" height=\"78\" \/><\/a><\/td>\n<\/tr>\n<\/tbody>\n<\/table>\n<p>&nbsp;<\/p>\n","protected":false},"excerpt":{"rendered":"<h3><span style=\"color: #0e3a65;\">AD8120 Un esc\u00e1ner de producci\u00f3n de alto volumen d\u00faplex<\/span><\/h3>\n<p>Avision se complace en anunciar el lanzamiento del esc\u00e1ner de producci\u00f3n de gran volumen con un robusto alimentador autom\u00e1tico de documentos de 500 p\u00e1ginas y una velocidad de escaneo de hasta 120 ppm \/ 240 ipm en Color, Escala de grises y Monocromo. Combinando la tecnolog\u00eda de protecci\u00f3n del papel y la triple capacidad de detecci\u00f3n ultras\u00f3nica de doble alimentaci\u00f3n, la AD8120 ofrece una confiabilidad de alimentaci\u00f3n excepcional para maximizar la productividad de escaneo en una unidad peque\u00f1a.<\/p>\n","protected":false},"featured_media":11577,"template":"","meta":{"ocean_post_layout":"full-screen","ocean_both_sidebars_style":"","ocean_both_sidebars_content_width":0,"ocean_both_sidebars_sidebars_width":0,"ocean_sidebar":"0","ocean_second_sidebar":"0","ocean_disable_margins":"enable","ocean_add_body_class":"","ocean_shortcode_before_top_bar":"","ocean_shortcode_after_top_bar":"","ocean_shortcode_before_header":"","ocean_shortcode_after_header":"","ocean_has_shortcode":"","ocean_shortcode_after_title":"","ocean_shortcode_before_footer_widgets":"","ocean_shortcode_after_footer_widgets":"","ocean_shortcode_before_footer_bottom":"","ocean_shortcode_after_footer_bottom":"","ocean_display_top_bar":"default","ocean_display_header":"default","ocean_header_style":"","ocean_center_header_left_menu":"0","ocean_custom_header_template":"0","ocean_custom_logo":0,"ocean_custom_retina_logo":0,"ocean_custom_logo_max_width":0,"ocean_custom_logo_tablet_max_width":0,"ocean_custom_logo_mobile_max_width":0,"ocean_custom_logo_max_height":0,"ocean_custom_logo_tablet_max_height":0,"ocean_custom_logo_mobile_max_height":0,"ocean_header_custom_menu":"0","ocean_menu_typo_font_family":"0","ocean_menu_typo_font_subset":"","ocean_menu_typo_font_size":0,"ocean_menu_typo_font_size_tablet":0,"ocean_menu_typo_font_size_mobile":0,"ocean_menu_typo_font_size_unit":"px","ocean_menu_typo_font_weight":"","ocean_menu_typo_font_weight_tablet":"","ocean_menu_typo_font_weight_mobile":"","ocean_menu_typo_transform":"","ocean_menu_typo_transform_tablet":"","ocean_menu_typo_transform_mobile":"","ocean_menu_typo_line_height":0,"ocean_menu_typo_line_height_tablet":0,"ocean_menu_typo_line_height_mobile":0,"ocean_menu_typo_line_height_unit":"","ocean_menu_typo_spacing":0,"ocean_menu_typo_spacing_tablet":0,"ocean_menu_typo_spacing_mobile":0,"ocean_menu_typo_spacing_unit":"","ocean_menu_link_color":"","ocean_menu_link_color_hover":"","ocean_menu_link_color_active":"","ocean_menu_link_background":"","ocean_menu_link_hover_background":"","ocean_menu_link_active_background":"","ocean_menu_social_links_bg":"","ocean_menu_social_hover_links_bg":"","ocean_menu_social_links_color":"","ocean_menu_social_hover_links_color":"","ocean_disable_title":"on","ocean_disable_heading":"default","ocean_post_title":"","ocean_post_subheading":"","ocean_post_title_style":"","ocean_post_title_background_color":"","ocean_post_title_background":0,"ocean_post_title_bg_image_position":"","ocean_post_title_bg_image_attachment":"","ocean_post_title_bg_image_repeat":"","ocean_post_title_bg_image_size":"","ocean_post_title_height":0,"ocean_post_title_bg_overlay":0.5,"ocean_post_title_bg_overlay_color":"","ocean_disable_breadcrumbs":"default","ocean_breadcrumbs_color":"","ocean_breadcrumbs_separator_color":"","ocean_breadcrumbs_links_color":"","ocean_breadcrumbs_links_hover_color":"","ocean_display_footer_widgets":"default","ocean_display_footer_bottom":"on","ocean_custom_footer_template":"0"},"product_cat":[333],"product_tag":[],"_links":{"self":[{"href":"https:\/\/www.avision.com\/es\/wp-json\/wp\/v2\/product\/11576"}],"collection":[{"href":"https:\/\/www.avision.com\/es\/wp-json\/wp\/v2\/product"}],"about":[{"href":"https:\/\/www.avision.com\/es\/wp-json\/wp\/v2\/types\/product"}],"version-history":[{"count":7,"href":"https:\/\/www.avision.com\/es\/wp-json\/wp\/v2\/product\/11576\/revisions"}],"predecessor-version":[{"id":11944,"href":"https:\/\/www.avision.com\/es\/wp-json\/wp\/v2\/product\/11576\/revisions\/11944"}],"wp:featuredmedia":[{"embeddable":true,"href":"https:\/\/www.avision.com\/es\/wp-json\/wp\/v2\/media\/11577"}],"wp:attachment":[{"href":"https:\/\/www.avision.com\/es\/wp-json\/wp\/v2\/media?parent=11576"}],"wp:term":[{"taxonomy":"product_cat","embeddable":true,"href":"https:\/\/www.avision.com\/es\/wp-json\/wp\/v2\/product_cat?post=11576"},{"taxonomy":"product_tag","embeddable":true,"href":"https:\/\/www.avision.com\/es\/wp-json\/wp\/v2\/product_tag?post=11576"}],"curies":[{"name":"wp","href":"https:\/\/api.w.org\/{rel}","templated":true}]}}