{"id":11703,"date":"2021-09-29T03:39:56","date_gmt":"2021-09-29T03:39:56","guid":{"rendered":"https:\/\/www.avision.com\/es\/?post_type=product&#038;p=11703"},"modified":"2022-04-08T08:55:03","modified_gmt":"2022-04-08T08:55:03","slug":"micube","status":"publish","type":"product","link":"https:\/\/www.avision.com\/es\/shop\/mobile-scanner\/micube\/","title":{"rendered":"MiCube"},"content":{"rendered":"<p><img decoding=\"async\" loading=\"lazy\" class=\"alignnone size-full wp-image-7450 alignleft\" src=\"https:\/\/www.avision.com\/es\/wp-content\/uploads\/sites\/4\/2021\/09\/A4.png\" alt=\"\" width=\"73\" height=\"69\" \/>\u00a0\u00a0<img decoding=\"async\" loading=\"lazy\" class=\"alignnone size-full wp-image-7453 alignleft\" src=\"https:\/\/www.avision.com\/es\/wp-content\/uploads\/sites\/4\/2021\/09\/ADF8.png\" alt=\"\" width=\"73\" height=\"69\" \/> <img decoding=\"async\" loading=\"lazy\" class=\"alignnone size-full wp-image-7378 alignleft\" src=\"https:\/\/www.avision.com\/es\/wp-content\/uploads\/sites\/4\/2021\/09\/color8ppm.png\" alt=\"\" width=\"73\" height=\"69\" \/> <img decoding=\"async\" loading=\"lazy\" class=\"alignnone size-full wp-image-7339 alignleft\" src=\"https:\/\/www.avision.com\/es\/wp-content\/uploads\/sites\/4\/2021\/09\/BW8ppm.png\" alt=\"\" width=\"73\" height=\"69\" \/><img decoding=\"async\" loading=\"lazy\" class=\"alignnone size-full wp-image-7338 alignleft\" src=\"https:\/\/www.avision.com\/es\/wp-content\/uploads\/sites\/4\/2021\/09\/Battery-included.png\" alt=\"\" width=\"74\" height=\"69\" \/><img decoding=\"async\" loading=\"lazy\" class=\"alignnone size-full wp-image-7429 alignleft\" src=\"https:\/\/www.avision.com\/es\/wp-content\/uploads\/sites\/4\/2021\/09\/s-pdf.png\" alt=\"\" width=\"74\" height=\"69\" \/><img decoding=\"async\" loading=\"lazy\" class=\"alignnone size-full wp-image-7440 alignleft\" src=\"https:\/\/www.avision.com\/es\/wp-content\/uploads\/sites\/4\/2021\/09\/14inch.png\" alt=\"\" width=\"74\" height=\"69\" \/><\/p>\n<p>&nbsp;<\/p>\n<p><span style=\"vertical-align: inherit;\"><div class=\"su-spacer\" style=\"height:25px\"><\/div><\/span><\/p>\n<hr \/>\n<p><span style=\"vertical-align: inherit;\"><div class=\"su-spacer\" style=\"height:25px\"><\/div><\/span><\/p>\n<h3><span style=\"color: #0e3a65;\">\u258dF\u00e1cil de usar<\/span><\/h3>\n<p><span lang=\"ES-CL\">Adem\u00e1s de su portabilidad, la serie MiCube facilita el escaneo con el panel de f\u00e1cil uso y lo m\u00e1s importante sin necesidad de una computadora o cualquier aplicaci\u00f3n de software.\u00a0Simplemente inserte su documento y pulse el bot\u00f3n Scan, el escaneo se inicia y la imagen se guarda en una tarjeta microSD en la configuraci\u00f3n por defecto &#8211; 300 dpi, color y formato de archivo JPEG.\u00a0Cambie a 600 ppp, modo blanco y negro, o formato de archivo PDF con un simple toque en los botones del panel \u00a1S\u00f3lo tiene que pulsar y empezar!\u00a0No se requiere ning\u00fan aprendizaje adicional.\u00a0<\/span><span lang=\"ES-CL\"><br \/>\n<\/span><span lang=\"ES-CL\">Para ver o descargar la imagen escaneada, retire la tarjeta micro SD\u2122 y conectarlo a un lector de tarjetas o conecte el esc\u00e1ner a la computadora mediante el cable USB suministrado.<\/span><\/p>\n<h3><span style=\"color: #0e3a65;\">\u258dProductiva y flexible<\/span><\/h3>\n<p>Las series MiCube son productivas a una velocidad de escaneado de hasta 8 p\u00e1ginas por minuto a trav\u00e9s del alimentador autom\u00e1tico de documentos de 8 p\u00e1ginas incorporado y acomodan documentos de hasta 14&#8243;.\u00a0\u00a1Adem\u00e1s, la bater\u00eda de iones de litio dura hasta 200 p\u00e1ginas de escaneo (A4, modo de color a 300 ppp)!\u00a0Para capturar im\u00e1genes de tarjetas de alta calidad, la serie MiCube tambi\u00e9n incluye una ranura de alimentaci\u00f3n especial en la parte posterior del esc\u00e1ner para manejar tarjetas de identificaci\u00f3n pl\u00e1sticas, licencias de conductor e incluso tarjetas en relieve de hasta 0,76 mm.<\/p>\n<p>&nbsp;<\/p>\n<h3><span style=\"color: #0e3a65;\">\u258dCaracter\u00edsticas<\/span><\/h3>\n<ul>\n<li style=\"font-weight: 400;\"><span style=\"font-style: inherit; font-weight: inherit;\">Alimentador autom\u00e1tico de documentos de 8 paginas<\/span><\/li>\n<li><span style=\"font-style: inherit; font-weight: inherit;\">Velocidad de escaneo de hasta 8 p\u00e1ginas por minuto<\/span><\/li>\n<li><span style=\"font-style: inherit; font-weight: inherit;\">Guarda las im\u00e1genes digitalizadas entarjeta microSD\u00a0<sup>TM<\/sup>\u00a0 en formato JPEG o PDF<\/span><\/li>\n<li><span style=\"font-style: inherit; font-weight: inherit;\">Documentos de hasta tama\u00f1o legal (8.5&#8243;x 14&#8243;)<\/span><\/li>\n<li><span style=\"font-style: inherit; font-weight: inherit;\">Resoluci\u00f3n seleccionable de 300 y 600 ppp<\/span><\/li>\n<li><span style=\"font-style: inherit; font-weight: inherit;\">Duraci\u00f3n de la bater\u00eda: 200 p\u00e1ginas (A4, 300 ppp, color, escaneado sin parar)<\/span><\/li>\n<li><span style=\"font-style: inherit; font-weight: inherit;\">Soporte de escaneado de tarjetas en relieve en la parte posterior del esc\u00e1ner<\/span><\/li>\n<li><span style=\"font-style: inherit; font-weight: inherit;\">Apagado autom\u00e1tico: 3 minutos<\/span><\/li>\n<\/ul>\n","protected":false},"excerpt":{"rendered":"<h3><span style=\"color: #0e3a65;\">Compacto y port\u00e1tile<\/span><\/h3>\n<p>Con 11,6 pulgadas de largo y un peso de s\u00f3lo 800 gramos, los esc\u00e1neres MiCube incorporan un alimentador autom\u00e1tico de documentos (ADF) y esc\u00e1ner de tarjetas en un dise\u00f1o compacto.Alimentado por una bater\u00eda de iones de litio recargable a trav\u00e9s del cable USB, es f\u00e1cil viajar con la serie MiCubey as\u00ed llevar la productividad de los escaneados enlotes a cualquier lugar de trabajo.<\/p>\n","protected":false},"featured_media":13120,"template":"","meta":{"ocean_post_layout":"","ocean_both_sidebars_style":"","ocean_both_sidebars_content_width":0,"ocean_both_sidebars_sidebars_width":0,"ocean_sidebar":"0","ocean_second_sidebar":"0","ocean_disable_margins":"enable","ocean_add_body_class":"","ocean_shortcode_before_top_bar":"","ocean_shortcode_after_top_bar":"","ocean_shortcode_before_header":"","ocean_shortcode_after_header":"","ocean_has_shortcode":"","ocean_shortcode_after_title":"","ocean_shortcode_before_footer_widgets":"","ocean_shortcode_after_footer_widgets":"","ocean_shortcode_before_footer_bottom":"","ocean_shortcode_after_footer_bottom":"","ocean_display_top_bar":"default","ocean_display_header":"default","ocean_header_style":"","ocean_center_header_left_menu":"0","ocean_custom_header_template":"0","ocean_custom_logo":0,"ocean_custom_retina_logo":0,"ocean_custom_logo_max_width":0,"ocean_custom_logo_tablet_max_width":0,"ocean_custom_logo_mobile_max_width":0,"ocean_custom_logo_max_height":0,"ocean_custom_logo_tablet_max_height":0,"ocean_custom_logo_mobile_max_height":0,"ocean_header_custom_menu":"0","ocean_menu_typo_font_family":"0","ocean_menu_typo_font_subset":"","ocean_menu_typo_font_size":0,"ocean_menu_typo_font_size_tablet":0,"ocean_menu_typo_font_size_mobile":0,"ocean_menu_typo_font_size_unit":"px","ocean_menu_typo_font_weight":"","ocean_menu_typo_font_weight_tablet":"","ocean_menu_typo_font_weight_mobile":"","ocean_menu_typo_transform":"","ocean_menu_typo_transform_tablet":"","ocean_menu_typo_transform_mobile":"","ocean_menu_typo_line_height":0,"ocean_menu_typo_line_height_tablet":0,"ocean_menu_typo_line_height_mobile":0,"ocean_menu_typo_line_height_unit":"","ocean_menu_typo_spacing":0,"ocean_menu_typo_spacing_tablet":0,"ocean_menu_typo_spacing_mobile":0,"ocean_menu_typo_spacing_unit":"","ocean_menu_link_color":"","ocean_menu_link_color_hover":"","ocean_menu_link_color_active":"","ocean_menu_link_background":"","ocean_menu_link_hover_background":"","ocean_menu_link_active_background":"","ocean_menu_social_links_bg":"","ocean_menu_social_hover_links_bg":"","ocean_menu_social_links_color":"","ocean_menu_social_hover_links_color":"","ocean_disable_title":"default","ocean_disable_heading":"default","ocean_post_title":"","ocean_post_subheading":"","ocean_post_title_style":"","ocean_post_title_background_color":"","ocean_post_title_background":0,"ocean_post_title_bg_image_position":"","ocean_post_title_bg_image_attachment":"","ocean_post_title_bg_image_repeat":"","ocean_post_title_bg_image_size":"","ocean_post_title_height":0,"ocean_post_title_bg_overlay":0.5,"ocean_post_title_bg_overlay_color":"","ocean_disable_breadcrumbs":"default","ocean_breadcrumbs_color":"","ocean_breadcrumbs_separator_color":"","ocean_breadcrumbs_links_color":"","ocean_breadcrumbs_links_hover_color":"","ocean_display_footer_widgets":"default","ocean_display_footer_bottom":"default","ocean_custom_footer_template":"0"},"product_cat":[331],"product_tag":[],"_links":{"self":[{"href":"https:\/\/www.avision.com\/es\/wp-json\/wp\/v2\/product\/11703"}],"collection":[{"href":"https:\/\/www.avision.com\/es\/wp-json\/wp\/v2\/product"}],"about":[{"href":"https:\/\/www.avision.com\/es\/wp-json\/wp\/v2\/types\/product"}],"version-history":[{"count":6,"href":"https:\/\/www.avision.com\/es\/wp-json\/wp\/v2\/product\/11703\/revisions"}],"predecessor-version":[{"id":13850,"href":"https:\/\/www.avision.com\/es\/wp-json\/wp\/v2\/product\/11703\/revisions\/13850"}],"wp:featuredmedia":[{"embeddable":true,"href":"https:\/\/www.avision.com\/es\/wp-json\/wp\/v2\/media\/13120"}],"wp:attachment":[{"href":"https:\/\/www.avision.com\/es\/wp-json\/wp\/v2\/media?parent=11703"}],"wp:term":[{"taxonomy":"product_cat","embeddable":true,"href":"https:\/\/www.avision.com\/es\/wp-json\/wp\/v2\/product_cat?post=11703"},{"taxonomy":"product_tag","embeddable":true,"href":"https:\/\/www.avision.com\/es\/wp-json\/wp\/v2\/product_tag?post=11703"}],"curies":[{"name":"wp","href":"https:\/\/api.w.org\/{rel}","templated":true}]}}