{"id":11788,"date":"2021-09-29T08:39:46","date_gmt":"2021-09-29T08:39:46","guid":{"rendered":"https:\/\/www.avision.com\/es\/?post_type=product&#038;p=11788"},"modified":"2022-04-08T08:57:09","modified_gmt":"2022-04-08T08:57:09","slug":"miwand-2l","status":"publish","type":"product","link":"https:\/\/www.avision.com\/es\/shop\/mobile-scanner\/miwand-2l\/","title":{"rendered":"MiWand 2L"},"content":{"rendered":"<p><img decoding=\"async\" loading=\"lazy\" class=\"alignnone size-full wp-image-7450 alignleft\" src=\"https:\/\/www.avision.com\/es\/wp-content\/uploads\/sites\/4\/2021\/09\/A4.png\" alt=\"\" width=\"73\" height=\"69\" \/> <img decoding=\"async\" loading=\"lazy\" class=\"size-full wp-image-7445 alignleft\" src=\"https:\/\/www.avision.com\/es\/wp-content\/uploads\/sites\/4\/2021\/09\/36in.png\" alt=\"\" width=\"74\" height=\"69\" \/><img decoding=\"async\" loading=\"lazy\" class=\"alignnone size-full wp-image-7429 alignleft\" src=\"https:\/\/www.avision.com\/es\/wp-content\/uploads\/sites\/4\/2021\/09\/s-pdf.png\" alt=\"\" width=\"74\" height=\"69\" \/> <img decoding=\"async\" loading=\"lazy\" class=\"size-full wp-image-7440 alignleft\" src=\"https:\/\/www.avision.com\/es\/wp-content\/uploads\/sites\/4\/2021\/09\/14inch.png\" alt=\"\" width=\"74\" height=\"69\" \/><img decoding=\"async\" loading=\"lazy\" class=\"alignnone size-full wp-image-7438 alignleft\" src=\"https:\/\/www.avision.com\/es\/wp-content\/uploads\/sites\/4\/2021\/09\/1.6sec.png\" alt=\"\" width=\"74\" height=\"69\" \/> <img decoding=\"async\" loading=\"lazy\" class=\"alignnone size-full wp-image-7437 alignleft\" src=\"https:\/\/www.avision.com\/es\/wp-content\/uploads\/sites\/4\/2021\/09\/0.6sec.png\" alt=\"\" width=\"74\" height=\"70\" \/> <img decoding=\"async\" loading=\"lazy\" class=\"size-full wp-image-7448 alignleft\" src=\"https:\/\/www.avision.com\/es\/wp-content\/uploads\/sites\/4\/2021\/09\/1200dpi.png\" alt=\"\" width=\"74\" height=\"69\" \/><img decoding=\"async\" loading=\"lazy\" class=\"alignnone size-full wp-image-7444 alignleft\" src=\"https:\/\/www.avision.com\/es\/wp-content\/uploads\/sites\/4\/2021\/09\/32G.png\" alt=\"\" width=\"74\" height=\"69\" \/><\/p>\n<p>&nbsp;<\/p>\n<p>&nbsp;<\/p>\n<p><span style=\"vertical-align: inherit;\"><div class=\"su-spacer\" style=\"height:25px\"><\/div><\/span><\/p>\n<hr \/>\n<p><span style=\"vertical-align: inherit;\"><div class=\"su-spacer\" style=\"height:25px\"><\/div><\/span><\/p>\n<h3><span style=\"color: #0e3a65;\">\u258dUn esc\u00e1ner r\u00e1pido y de alto rendimiento<\/span><\/h3>\n<p>El esc\u00e1ner es peque\u00f1o y port\u00e1til.\u00a0Sin embargo, elMiWand 2 Lite ofrece un rendimiento excepcional.\u00a0Al mover el esc\u00e1ner a trav\u00e9s de un \u00e1rea tan grande como 8&#8243;x 14&#8243;, su sensible sensor de imagen color escanea a alta (1200 dpi) o est\u00e1ndar (300 ppp) definici\u00f3n en color verdadero de 24 bits.\u00a0Las im\u00e1genes de alta calidad se guardan en formato JPEG o PDF en la tarjeta micro SD.\u00a0Lo que es mejor, el MiWand 2 Lite tarda s\u00f3lo 1,6 segundos para escanear una p\u00e1gina completa a 300 ppp en color y puede escanear 200 p\u00e1ginas (A4, color, 300 ppp) por cada carga bater\u00eda.<\/p>\n<p>&nbsp;<\/p>\n<h3><span style=\"color: #0e3a65;\">\u258dF\u00e1cil de usar<\/span><\/h3>\n<p style=\"font-weight: 400;\"><span style=\"font-style: inherit; font-weight: inherit;\">En el esc\u00e1ner est\u00e1 integrado una pantalla clara y una luz LED que muestra el estado de escaneado y el tipo de imagen seleccionado, resoluci\u00f3n, formato de archivo, nivel de la bater\u00eda, y la velocidad de escaneo.\u00a0Simplemente encienda el esc\u00e1ner, pulse el bot\u00f3n Escanear y mueva el esc\u00e1ner sobre una p\u00e1gina, una pared o una caja y vuelva a pulsar el bot\u00f3n Escanear para detener el escaneo.\u00a0Suescaneo ha sido completado. Adem\u00e1s, se implementa una alerta de exceso de velocidad para controlar la velocidad de escaneado.<\/span><\/p>\n<p style=\"font-weight: 400;\"><span style=\"font-style: inherit; font-weight: inherit;\">Para ver o descargar las im\u00e1genes en su computadora, puede sacar la tarjeta Micro SD y conectarla a un lector de tarjetas, o conecte el esc\u00e1ner a su computadora a trav\u00e9s de un cable USB y arrastre y suelte los archivos seg\u00fan sea necesario.<\/span><\/p>\n<p>&nbsp;<\/p>\n<h3><span style=\"color: #0e3a65;\">\u258dCaracteristicas <\/span><\/h3>\n<ul>\n<li><span style=\"font-style: inherit; font-weight: inherit;\">Peso ligero, f\u00e1cil de llevar<\/span><\/li>\n<li><span style=\"font-style: inherit; font-weight: inherit;\">Alimentado por bater\u00edas AA<\/span><\/li>\n<li><span style=\"font-style: inherit; font-weight: inherit;\">Escanea a la tarjeta micro SD<\/span><\/li>\n<li><span style=\"font-style: inherit; font-weight: inherit;\">No requiere computadora para escanear<\/span><\/li>\n<li><span style=\"font-style: inherit; font-weight: inherit;\">Resoluci\u00f3n de escaneado: 300\/600\/1200 ppp<\/span><\/li>\n<li><span style=\"font-style: inherit; font-weight: inherit;\">Max. Tama\u00f1o del papel: 8 &#8220;x 14&#8221;<\/span><\/li>\n<li><span style=\"font-style: inherit; font-weight: inherit;\">Formato de archivo compatible: JPEG, PDF<\/span><\/li>\n<li><span style=\"font-style: inherit; font-weight: inherit;\">Escaneado por carga: 200 p\u00e1ginas (pilas secas) \/ 1000 p\u00e1ginas (pilas alcalinas) (A4 300dpi Color)<\/span><\/li>\n<li><span style=\"font-style: inherit; font-weight: inherit;\">Tecnolog\u00eda LED: No requiere tiempo de calentamiento<\/span><\/li>\n<li><span style=\"font-style: inherit; font-weight: inherit;\">Apagado autom\u00e1tico: 3 minutos<\/span><\/li>\n<\/ul>\n<p>&nbsp;<\/p>\n","protected":false},"excerpt":{"rendered":"<h3><span style=\"color: #0e3a65;\">Un esc\u00e1ner m\u00f3vil que escanea en cualquier lugar, en cualquier momento<\/span><\/h3>\n<p>Experimente la eficiencia y la comodidad de un esc\u00e1ner m\u00f3vil de verdad.\u00a0Alimentado por bater\u00edas AA, elAvisionMiWand 2 Lite es un esc\u00e1ner m\u00f3vil que le permite escanear sin necesidad de ordenador o software.\u00a0Simplemente desliza el esc\u00e1ner sobre la superficie de una p\u00e1gina y la exploraci\u00f3n se realiza.\u00a0Las im\u00e1genes se guardan en una tarjeta MicroSD de hasta 32G.<\/p>\n<p>&nbsp;<\/p>\n","protected":false},"featured_media":11869,"template":"","meta":{"ocean_post_layout":"","ocean_both_sidebars_style":"","ocean_both_sidebars_content_width":0,"ocean_both_sidebars_sidebars_width":0,"ocean_sidebar":"0","ocean_second_sidebar":"0","ocean_disable_margins":"enable","ocean_add_body_class":"","ocean_shortcode_before_top_bar":"","ocean_shortcode_after_top_bar":"","ocean_shortcode_before_header":"","ocean_shortcode_after_header":"","ocean_has_shortcode":"","ocean_shortcode_after_title":"","ocean_shortcode_before_footer_widgets":"","ocean_shortcode_after_footer_widgets":"","ocean_shortcode_before_footer_bottom":"","ocean_shortcode_after_footer_bottom":"","ocean_display_top_bar":"default","ocean_display_header":"default","ocean_header_style":"","ocean_center_header_left_menu":"0","ocean_custom_header_template":"0","ocean_custom_logo":0,"ocean_custom_retina_logo":0,"ocean_custom_logo_max_width":0,"ocean_custom_logo_tablet_max_width":0,"ocean_custom_logo_mobile_max_width":0,"ocean_custom_logo_max_height":0,"ocean_custom_logo_tablet_max_height":0,"ocean_custom_logo_mobile_max_height":0,"ocean_header_custom_menu":"0","ocean_menu_typo_font_family":"0","ocean_menu_typo_font_subset":"","ocean_menu_typo_font_size":0,"ocean_menu_typo_font_size_tablet":0,"ocean_menu_typo_font_size_mobile":0,"ocean_menu_typo_font_size_unit":"px","ocean_menu_typo_font_weight":"","ocean_menu_typo_font_weight_tablet":"","ocean_menu_typo_font_weight_mobile":"","ocean_menu_typo_transform":"","ocean_menu_typo_transform_tablet":"","ocean_menu_typo_transform_mobile":"","ocean_menu_typo_line_height":0,"ocean_menu_typo_line_height_tablet":0,"ocean_menu_typo_line_height_mobile":0,"ocean_menu_typo_line_height_unit":"","ocean_menu_typo_spacing":0,"ocean_menu_typo_spacing_tablet":0,"ocean_menu_typo_spacing_mobile":0,"ocean_menu_typo_spacing_unit":"","ocean_menu_link_color":"","ocean_menu_link_color_hover":"","ocean_menu_link_color_active":"","ocean_menu_link_background":"","ocean_menu_link_hover_background":"","ocean_menu_link_active_background":"","ocean_menu_social_links_bg":"","ocean_menu_social_hover_links_bg":"","ocean_menu_social_links_color":"","ocean_menu_social_hover_links_color":"","ocean_disable_title":"default","ocean_disable_heading":"default","ocean_post_title":"","ocean_post_subheading":"","ocean_post_title_style":"","ocean_post_title_background_color":"","ocean_post_title_background":0,"ocean_post_title_bg_image_position":"","ocean_post_title_bg_image_attachment":"","ocean_post_title_bg_image_repeat":"","ocean_post_title_bg_image_size":"","ocean_post_title_height":0,"ocean_post_title_bg_overlay":0.5,"ocean_post_title_bg_overlay_color":"","ocean_disable_breadcrumbs":"default","ocean_breadcrumbs_color":"","ocean_breadcrumbs_separator_color":"","ocean_breadcrumbs_links_color":"","ocean_breadcrumbs_links_hover_color":"","ocean_display_footer_widgets":"default","ocean_display_footer_bottom":"default","ocean_custom_footer_template":"0"},"product_cat":[331],"product_tag":[],"_links":{"self":[{"href":"https:\/\/www.avision.com\/es\/wp-json\/wp\/v2\/product\/11788"}],"collection":[{"href":"https:\/\/www.avision.com\/es\/wp-json\/wp\/v2\/product"}],"about":[{"href":"https:\/\/www.avision.com\/es\/wp-json\/wp\/v2\/types\/product"}],"version-history":[{"count":10,"href":"https:\/\/www.avision.com\/es\/wp-json\/wp\/v2\/product\/11788\/revisions"}],"predecessor-version":[{"id":14290,"href":"https:\/\/www.avision.com\/es\/wp-json\/wp\/v2\/product\/11788\/revisions\/14290"}],"wp:featuredmedia":[{"embeddable":true,"href":"https:\/\/www.avision.com\/es\/wp-json\/wp\/v2\/media\/11869"}],"wp:attachment":[{"href":"https:\/\/www.avision.com\/es\/wp-json\/wp\/v2\/media?parent=11788"}],"wp:term":[{"taxonomy":"product_cat","embeddable":true,"href":"https:\/\/www.avision.com\/es\/wp-json\/wp\/v2\/product_cat?post=11788"},{"taxonomy":"product_tag","embeddable":true,"href":"https:\/\/www.avision.com\/es\/wp-json\/wp\/v2\/product_tag?post=11788"}],"curies":[{"name":"wp","href":"https:\/\/api.w.org\/{rel}","templated":true}]}}