{"id":13037,"date":"2022-01-13T08:00:28","date_gmt":"2022-01-13T08:00:28","guid":{"rendered":"https:\/\/www.avision.com\/es\/?post_type=product&#038;p=13037"},"modified":"2022-03-23T08:45:26","modified_gmt":"2022-03-23T08:45:26","slug":"an240w","status":"publish","type":"product","link":"https:\/\/www.avision.com\/es\/shop\/network-scanner\/an240w\/","title":{"rendered":"AN240W"},"content":{"rendered":"<p><img decoding=\"async\" loading=\"lazy\" class=\"alignnone size-full wp-image-7450 alignleft\" src=\"https:\/\/www.avision.com\/es\/wp-content\/uploads\/sites\/4\/2021\/09\/A4.png\" alt=\"\" width=\"73\" height=\"69\" \/> <img decoding=\"async\" loading=\"lazy\" class=\"alignnone size-full wp-image-7333 alignleft\" src=\"https:\/\/www.avision.com\/es\/wp-content\/uploads\/sites\/4\/2021\/09\/ADF80.png\" alt=\"\" width=\"73\" height=\"69\" \/> <img decoding=\"async\" loading=\"lazy\" class=\"alignnone size-full wp-image-7364 alignleft\" src=\"https:\/\/www.avision.com\/es\/wp-content\/uploads\/sites\/4\/2021\/09\/BW40p100i.png\" alt=\"\" width=\"74\" height=\"69\" \/> <img decoding=\"async\" loading=\"lazy\" class=\"alignnone size-full wp-image-7424 alignleft\" src=\"https:\/\/www.avision.com\/es\/wp-content\/uploads\/sites\/4\/2021\/09\/Fcolor40p80i.png\" alt=\"\" width=\"73\" height=\"69\" \/> <img decoding=\"async\" loading=\"lazy\" class=\"alignnone size-full wp-image-7429 alignleft\" src=\"https:\/\/www.avision.com\/es\/wp-content\/uploads\/sites\/4\/2021\/09\/s-pdf.png\" alt=\"\" width=\"74\" height=\"69\" \/> <img decoding=\"async\" loading=\"lazy\" class=\"size-full wp-image-13831 alignleft\" src=\"https:\/\/www.avision.com\/es\/wp-content\/uploads\/sites\/4\/2022\/01\/36inch.png\" alt=\"\" width=\"74\" height=\"69\" \/><img decoding=\"async\" loading=\"lazy\" class=\"alignnone size-full wp-image-7440 alignleft\" src=\"https:\/\/www.avision.com\/es\/wp-content\/uploads\/sites\/4\/2021\/09\/14inch.png\" alt=\"\" width=\"74\" height=\"69\" \/> <img decoding=\"async\" loading=\"lazy\" class=\"alignnone size-full wp-image-7426 alignleft\" src=\"https:\/\/www.avision.com\/es\/wp-content\/uploads\/sites\/4\/2021\/09\/ID-card-scan.png\" alt=\"\" width=\"73\" height=\"69\" \/> <img decoding=\"async\" loading=\"lazy\" class=\"alignnone size-full wp-image-7431 alignleft\" src=\"https:\/\/www.avision.com\/es\/wp-content\/uploads\/sites\/4\/2021\/09\/Ultra1sensor.png\" alt=\"\" width=\"73\" height=\"69\" \/> <img decoding=\"async\" loading=\"lazy\" class=\"alignnone size-full wp-image-7410 alignleft\" src=\"https:\/\/www.avision.com\/es\/wp-content\/uploads\/sites\/4\/2021\/09\/duplex.png\" alt=\"\" width=\"74\" height=\"69\" \/> <img decoding=\"async\" loading=\"lazy\" class=\"alignnone size-full wp-image-7447 alignleft\" src=\"https:\/\/www.avision.com\/es\/wp-content\/uploads\/sites\/4\/2021\/09\/236in.png\" alt=\"\" width=\"74\" height=\"69\" \/><\/p>\n<p>&nbsp;<\/p>\n<p>&nbsp;<\/p>\n<p><span style=\"vertical-align: inherit;\"><div class=\"su-spacer\" style=\"height:25px\"><\/div><\/span><\/p>\n<hr \/>\n<p><span style=\"vertical-align: inherit;\"><div class=\"su-spacer\" style=\"height:25px\"><\/div><\/span><\/p>\n<h3><span style=\"color: #0e3a65;\">\u258dPantalla t\u00e1ctil LCDde 8&#8243;\u00a0f\u00e1cil de operar<\/span><\/h3>\n<p>La gran pantalla t\u00e1ctil LCD de 8&#8243; facilita a todos a escanear y compartir.\u00a0Al asignar los ajustes utilizados frecuentemente y escanear a destinos como atajos, el AN240W le permite optimizar el flujo de trabajo y completar la tarea de escaneo en un solo paso.\u00a0Configuraci\u00f3n y gesti\u00f3n del esc\u00e1ner tambi\u00e9n se puede realizar a trav\u00e9s de la pantalla t\u00e1ctil LCD.<\/p>\n<h3><span style=\"color: #0e3a65;\">\u258dConveniente digitalizaci\u00f3n m\u00f3vil<\/span><\/h3>\n<p>Incorporado con un dispositivo de seguridad Wi-Fi, el AN240W puede funcionar como un dispositivo inal\u00e1mbrico para escanear y recibir im\u00e1genes directamente desde sus dispositivos m\u00f3viles a trav\u00e9s de aplicaciones de Avision.<\/p>\n<h3><span style=\"color: #0e3a65;\">\u258dDocumento de soporte de hasta 242 x 356 mm (9,5 x 14 pulg.)<\/span><\/h3>\n<p>El AN240W\u00a0cuenta con un dise\u00f1o \u00fanico e innovador\u00a0en comparaci\u00f3n con sus predecesores &#8211; la capacidad de acomodar documento de formulario de hasta 242 x 356 mm\u00a0(9,5 x 14 pulgadas). El ancho extendido del documento de 216 mm\u00a0(8,5\u201d) est\u00e1ndar a\u00a0242 mm\u00a0(9,5\u201d) Hace que el AN240Wsea m\u00e1s competitivo para adaptarse a una gama m\u00e1s amplia de documentos.<\/p>\n<h3><span style=\"color: #0e3a65;\">\u258dEscaneo al paso<\/span><\/h3>\n<p>Una interfaz directa USB est\u00e1 disponible para la digitalizaci\u00f3n de archivos a su unidad de memoria flash USB.<\/p>\n<h3><span style=\"color: #0e3a65;\">\u258dUn esc\u00e1ner d\u00faplex Adecuado para documentos y tarjetas<\/span><\/h3>\n<p>Gracias a la avanzada tecnolog\u00eda de guiado de papel y procesamiento de im\u00e1genes, lotes mixtos de documentos de variados tama\u00f1os y pesos pueden ser digitalizados, debidamente recortado, enderezados, y listo para usar.\u00a0Los tama\u00f1os de escaneado aceptan papel de recibos (50 x 50 mm \/ 2&#8243; x 2&#8243;) hasta documentos empresariales (242 x 256 mm \/ 9,5&#8243;x 14&#8243;).\u00a0El alimentador autom\u00e1tico de documentos tambi\u00e9n es lo suficientemente robusta como para alimentar papel de hasta 413 g \/ m2 (110 libras) y tarjetas duras con relieves, tales como tarjetas de identificaci\u00f3n, tarjetas de cr\u00e9dito, licencia de conducir y tarjeta de seguro m\u00e9dico hasta 1,25 mm de espesor.<\/p>\n<h3><span style=\"color: #0e3a65;\">\u258dRodillo inversor Mejora la confiabilidad de alimentaci\u00f3n<\/span><\/h3>\n<p>Dise\u00f1ado con el innovador rodillo de inversi\u00f3n, para una capacidad avanzada de separaci\u00f3n de papel, el AN240Wentrega una sobresaliente fiabilidad en la alimentaci\u00f3n y productividad operativa al reducir eficazmente el riesgo de una alimentaci\u00f3n m\u00faltiple o atascos de papel.<\/p>\n<h3><span style=\"color: #0e3a65;\">\u258d<span lang=\"ES-CL\">La detecci\u00f3n ultras\u00f3nica de alimentaci\u00f3n m\u00faltiple<\/span><span lang=\"ES-CL\">\u00a0<\/span><\/span><\/h3>\n<p>Con la capacidad de detecci\u00f3n ultras\u00f3nica de alimentaci\u00f3n m\u00faltiple, el esc\u00e1ner le permite determinarla superposici\u00f3n de papel detectando el grosor del papel entre los documentos.\u00a0La funci\u00f3n ultras\u00f3nica se puede apagar cuando se digitalizan documentos con etiquetas, notas adhesivas, o recibos grabadas.\u00a0Este innovador dise\u00f1o evita la doble alimentaci\u00f3n y escanea con eficacia documentos de distinto peso o grosor.<\/p>\n<h3><span style=\"color: #0e3a65;\">\u258dUn dise\u00f1o compacto para ahorrar espacio<\/span><\/h3>\n<p>Con un dise\u00f1o elegante y un tama\u00f1o compacto de 12,4 x 8,1 x\u00a07 pulgadas\u00a0(316 x 207 x178 mm) (W x D x H), el AN240W puede estar en forma perfectamente en un escritorio en cualquier entorno de trabajo.<\/p>\n<h3><span style=\"color: #0e3a65;\">\u258dPotentes aplicaciones de software incluido<\/span><\/h3>\n<p>El AN240W vienen con controladores TWAIN e ISIS, e incluye un conjunto de potentes aplicaciones de software como AvisionButton Manager, AVScan X, y NuancePaperPort SE 14. Con el administrador de botones, puede crear archivos PDF buscable, digitalizar y enviar im\u00e1genes a un correo electr\u00f3nico, una impresora, o servidores de nubes como Google Drive\u2122, Facebook o Evernote\u00ae con una simple pulsaci\u00f3n de un bot\u00f3n.\u00a0El AVScan X y NuancePaperPort son software de procesamiento de im\u00e1genes y gesti\u00f3n de documentos altamente efectivo que le ayuda a optimizar su tarea de manera m\u00e1s eficiente.<\/p>\n<h3><\/h3>\n<h3><span style=\"color: #0e3a65;\"><span style=\"vertical-align: inherit;\">\u258dCaracter\u00edsticas<\/span><\/span><\/h3>\n<ul>\n<li style=\"font-weight: 400;\"><span style=\"font-style: inherit; font-weight: inherit;\">R\u00e1pido, 40 ppm \/ 80 ipm escaneado en color, escala de grises y monocromo (300 dpi, color)<\/span><\/li>\n<li><span style=\"font-style: inherit; font-weight: inherit;\">Escaneado y env\u00edo de im\u00e1genes al correo electr\u00f3nico, una carpeta compartida (CIFS), una carpeta FTP, servidores en la nube (Google Drive, Dropbox, Evernote), una unidad flash USB y la memoria del producto<\/span><\/li>\n<li><span style=\"font-style: inherit; font-weight: inherit;\">Soporte de papel de hasta 242 x 356 mm (9,5 x 14 pulg.)<\/span><\/li>\n<li><span style=\"font-style: inherit; font-weight: inherit;\">Ofrece funci\u00f3n de vista previa para ver el resultado de la imagen antes de distribuir<\/span><\/li>\n<li><span style=\"font-style: inherit; font-weight: inherit;\">C<\/span><span style=\"font-style: inherit; font-weight: inherit;\">iclo de trabajo diario de hasta 6.000 hojas.<\/span><\/li>\n<li><span style=\"font-style: inherit; font-weight: inherit;\">R<\/span><span style=\"font-style: inherit; font-weight: inherit;\">obusto alimentador autom\u00e1tico de documentos de 80 p\u00e1ginas (75 g \/ m2, 20 lb).<\/span><\/li>\n<li><span style=\"font-style: inherit; font-weight: inherit;\">Recorte y enderezado autom\u00e1tico de documento con la unidad de procesamiento de im\u00e1genes avanzado mejorar la velocidad de digitalizaci\u00f3n.<\/span><\/li>\n<li><span style=\"font-style: inherit; font-weight: inherit;\">Tecnolog\u00eda de rodillos inversor entrega una sobresaliente confiabilidad de alimentaci\u00f3n.<\/span><\/li>\n<li><span style=\"font-style: inherit; font-weight: inherit;\">D<\/span><span style=\"font-style: inherit; font-weight: inherit;\">igitalizaci\u00f3n de tarjetas duras con relieve hasta 1,25 mm de espesor con alimentaci\u00f3n vertical u horizontal.<\/span><\/li>\n<li><span style=\"font-style: inherit; font-weight: inherit;\">Env\u00ede su digitalizaci\u00f3n al servidor de nubes con el software Button Manager V2 presionando un bot\u00f3n.<\/span><\/li>\n<li><span style=\"font-style: inherit; font-weight: inherit;\">Tecnolog\u00eda LED amigable con el planeta.<\/span><\/li>\n<li><span style=\"font-style: inherit; font-weight: inherit;\">Escaneo de p\u00e1ginas largas<\/span><span style=\"font-style: inherit; font-weight: inherit;\">: 5540 mm (218 &#8220;) (&lt;300 ppp, duplex) \/6000 mm (236 &#8220;) (&lt;200 ppp, duplex)<\/span><\/li>\n<li><span style=\"font-style: inherit; font-weight: inherit;\">A<\/span><span style=\"font-style: inherit; font-weight: inherit;\">juste de apagado autom\u00e1tico.<\/span><\/li>\n<\/ul>\n<p>&nbsp;<\/p>\n<hr \/>\n<div class=\"su-spacer\" style=\"height:50px\"><\/div>\n<h3><span style=\"color: #0e3a65;\">\u258eCertificacion<\/span><\/h3>\n<div class=\"su-spoiler su-spoiler-style-default su-spoiler-icon-arrow-circle-1  su-spoiler-closed\" data-scroll-offset=\"0\" data-anchor-in-url=\"no\"><div class=\"su-spoiler-title\" tabindex=\"0\" role=\"button\"><span class=\"su-spoiler-icon\"><\/span>Aprende m\u00e1s<\/div><div class=\"su-spoiler-content su-u-clearfix su-u-trim\">\n<table id=\"tbl\" border=\"1\" frame=\"void&quot;\">\n<tbody>\n<tr>\n<td bgcolor=\"white\" width=\"200px\"><a href=\"https:\/\/www.avision.com\/es\/why-avision\/core-image-scanning-technology\/\"><img decoding=\"async\" loading=\"lazy\" class=\" wp-image-13806 aligncenter\" src=\"https:\/\/www.avision.com\/es\/wp-content\/uploads\/sites\/4\/2022\/01\/TWAIN_logo.png\" alt=\"\" width=\"88\" height=\"90\" \/><\/a><\/td>\n<td bgcolor=\"white\" width=\"200px\"><img decoding=\"async\" loading=\"lazy\" class=\"size-full wp-image-11356 aligncenter\" src=\"https:\/\/www.avision.com\/es\/wp-content\/uploads\/sites\/4\/2021\/09\/win10.jpg\" alt=\"\" width=\"63\" height=\"78\" \/><\/td>\n<td bgcolor=\"white\" width=\"200px\"><img decoding=\"async\" loading=\"lazy\" class=\" wp-image-7829 aligncenter\" src=\"https:\/\/www.avision.com\/es\/wp-content\/uploads\/sites\/4\/2021\/09\/USB3.0.png\" alt=\"\" width=\"126\" height=\"58\" \/><\/td>\n<\/tr>\n<\/tbody>\n<\/table>\n<\/div><\/div>\n","protected":false},"excerpt":{"rendered":"<h3><span style=\"color: #0e3a65;\">AN240W un Esc\u00e1ner de red r\u00e1pido y asequible<\/span><\/h3>\n<p>El AN240W es un esc\u00e1ner d\u00faplex de 40 p\u00e1ginas por minuto, es r\u00e1pido, fiable y asequible para los negocios donde la digitalizaci\u00f3n de las tarjetas de identificaci\u00f3n, tarjetas de visita, documentos u otros papeles gruesos son necesarios. Con s\u00f3lo un bot\u00f3n, el AN240W mejora la eficiencia de su negocio mediante la digitalizaci\u00f3n y env\u00edodel documento a varios destinos, incluyendo correo electr\u00f3nico, servidores de la nube, una carpeta compartida (CIFS), un servidor FTP, o una unidad flash USB.Adem\u00e1s, con la capacidad de red inal\u00e1mbrica, el AN240W ofrece escaneo m\u00f3vil a trav\u00e9s de la aplicaci\u00f3n de Avision.<\/p>\n","protected":false},"featured_media":13039,"template":"","meta":{"ocean_post_layout":"","ocean_both_sidebars_style":"","ocean_both_sidebars_content_width":0,"ocean_both_sidebars_sidebars_width":0,"ocean_sidebar":"0","ocean_second_sidebar":"0","ocean_disable_margins":"enable","ocean_add_body_class":"","ocean_shortcode_before_top_bar":"","ocean_shortcode_after_top_bar":"","ocean_shortcode_before_header":"","ocean_shortcode_after_header":"","ocean_has_shortcode":"","ocean_shortcode_after_title":"","ocean_shortcode_before_footer_widgets":"","ocean_shortcode_after_footer_widgets":"","ocean_shortcode_before_footer_bottom":"","ocean_shortcode_after_footer_bottom":"","ocean_display_top_bar":"default","ocean_display_header":"default","ocean_header_style":"","ocean_center_header_left_menu":"0","ocean_custom_header_template":"0","ocean_custom_logo":0,"ocean_custom_retina_logo":0,"ocean_custom_logo_max_width":0,"ocean_custom_logo_tablet_max_width":0,"ocean_custom_logo_mobile_max_width":0,"ocean_custom_logo_max_height":0,"ocean_custom_logo_tablet_max_height":0,"ocean_custom_logo_mobile_max_height":0,"ocean_header_custom_menu":"0","ocean_menu_typo_font_family":"0","ocean_menu_typo_font_subset":"","ocean_menu_typo_font_size":0,"ocean_menu_typo_font_size_tablet":0,"ocean_menu_typo_font_size_mobile":0,"ocean_menu_typo_font_size_unit":"px","ocean_menu_typo_font_weight":"","ocean_menu_typo_font_weight_tablet":"","ocean_menu_typo_font_weight_mobile":"","ocean_menu_typo_transform":"","ocean_menu_typo_transform_tablet":"","ocean_menu_typo_transform_mobile":"","ocean_menu_typo_line_height":0,"ocean_menu_typo_line_height_tablet":0,"ocean_menu_typo_line_height_mobile":0,"ocean_menu_typo_line_height_unit":"","ocean_menu_typo_spacing":0,"ocean_menu_typo_spacing_tablet":0,"ocean_menu_typo_spacing_mobile":0,"ocean_menu_typo_spacing_unit":"","ocean_menu_link_color":"","ocean_menu_link_color_hover":"","ocean_menu_link_color_active":"","ocean_menu_link_background":"","ocean_menu_link_hover_background":"","ocean_menu_link_active_background":"","ocean_menu_social_links_bg":"","ocean_menu_social_hover_links_bg":"","ocean_menu_social_links_color":"","ocean_menu_social_hover_links_color":"","ocean_disable_title":"default","ocean_disable_heading":"default","ocean_post_title":"","ocean_post_subheading":"","ocean_post_title_style":"","ocean_post_title_background_color":"","ocean_post_title_background":0,"ocean_post_title_bg_image_position":"","ocean_post_title_bg_image_attachment":"","ocean_post_title_bg_image_repeat":"","ocean_post_title_bg_image_size":"","ocean_post_title_height":0,"ocean_post_title_bg_overlay":0.5,"ocean_post_title_bg_overlay_color":"","ocean_disable_breadcrumbs":"default","ocean_breadcrumbs_color":"","ocean_breadcrumbs_separator_color":"","ocean_breadcrumbs_links_color":"","ocean_breadcrumbs_links_hover_color":"","ocean_display_footer_widgets":"default","ocean_display_footer_bottom":"default","ocean_custom_footer_template":"0"},"product_cat":[337],"product_tag":[],"_links":{"self":[{"href":"https:\/\/www.avision.com\/es\/wp-json\/wp\/v2\/product\/13037"}],"collection":[{"href":"https:\/\/www.avision.com\/es\/wp-json\/wp\/v2\/product"}],"about":[{"href":"https:\/\/www.avision.com\/es\/wp-json\/wp\/v2\/types\/product"}],"version-history":[{"count":4,"href":"https:\/\/www.avision.com\/es\/wp-json\/wp\/v2\/product\/13037\/revisions"}],"predecessor-version":[{"id":14128,"href":"https:\/\/www.avision.com\/es\/wp-json\/wp\/v2\/product\/13037\/revisions\/14128"}],"wp:featuredmedia":[{"embeddable":true,"href":"https:\/\/www.avision.com\/es\/wp-json\/wp\/v2\/media\/13039"}],"wp:attachment":[{"href":"https:\/\/www.avision.com\/es\/wp-json\/wp\/v2\/media?parent=13037"}],"wp:term":[{"taxonomy":"product_cat","embeddable":true,"href":"https:\/\/www.avision.com\/es\/wp-json\/wp\/v2\/product_cat?post=13037"},{"taxonomy":"product_tag","embeddable":true,"href":"https:\/\/www.avision.com\/es\/wp-json\/wp\/v2\/product_tag?post=13037"}],"curies":[{"name":"wp","href":"https:\/\/api.w.org\/{rel}","templated":true}]}}