{"id":13093,"date":"2021-11-18T07:30:29","date_gmt":"2021-11-18T07:30:29","guid":{"rendered":"https:\/\/www.avision.com\/es\/?post_type=product&#038;p=13093"},"modified":"2022-04-08T08:59:08","modified_gmt":"2022-04-08T08:59:08","slug":"miwand-2l-pro","status":"publish","type":"product","link":"https:\/\/www.avision.com\/es\/shop\/mobile-scanner\/miwand-2l-pro\/","title":{"rendered":"MiWand 2L PRO"},"content":{"rendered":"<p><img decoding=\"async\" loading=\"lazy\" class=\"alignnone size-full wp-image-7450 alignleft\" src=\"https:\/\/www.avision.com\/es\/wp-content\/uploads\/sites\/4\/2021\/09\/A4.png\" alt=\"\" width=\"73\" height=\"69\" \/> \u00a0<img decoding=\"async\" loading=\"lazy\" class=\"alignnone size-full wp-image-7338 alignleft\" src=\"https:\/\/www.avision.com\/es\/wp-content\/uploads\/sites\/4\/2021\/09\/Battery-included.png\" alt=\"\" width=\"74\" height=\"69\" \/><img decoding=\"async\" loading=\"lazy\" class=\"alignnone size-full wp-image-7429 alignleft\" src=\"https:\/\/www.avision.com\/es\/wp-content\/uploads\/sites\/4\/2021\/09\/s-pdf.png\" alt=\"\" width=\"74\" height=\"69\" \/><img decoding=\"async\" loading=\"lazy\" class=\"size-full wp-image-7448 alignleft\" src=\"https:\/\/www.avision.com\/es\/wp-content\/uploads\/sites\/4\/2021\/09\/1200dpi.png\" alt=\"\" width=\"74\" height=\"69\" \/><img decoding=\"async\" loading=\"lazy\" class=\"alignnone size-full wp-image-7444 alignleft\" src=\"https:\/\/www.avision.com\/es\/wp-content\/uploads\/sites\/4\/2021\/09\/32G.png\" alt=\"\" width=\"74\" height=\"69\" \/><\/p>\n<p>&nbsp;<\/p>\n<p><span style=\"vertical-align: inherit;\"><div class=\"su-spacer\" style=\"height:25px\"><\/div><\/span><\/p>\n<hr \/>\n<p><span style=\"vertical-align: inherit;\"><div class=\"su-spacer\" style=\"height:25px\"><\/div><\/span><\/p>\n<h3><span style=\"color: #0e3a65;\">\u258d3 colores para su selecci\u00f3n<\/span><\/h3>\n<table bgcolor=\"white\">\n<tbody>\n<tr>\n<td bgcolor=\"white\"><img decoding=\"async\" loading=\"lazy\" class=\"alignnone size-medium wp-image-11861 alignleft\" src=\"https:\/\/www.avision.com\/es\/wp-content\/uploads\/sites\/4\/2021\/09\/1-1-300x158.png\" alt=\"\" width=\"300\" height=\"158\" srcset=\"https:\/\/www.avision.com\/es\/wp-content\/uploads\/sites\/4\/2021\/09\/1-1-300x158.png 300w, https:\/\/www.avision.com\/es\/wp-content\/uploads\/sites\/4\/2021\/09\/1-1-1024x538.png 1024w, https:\/\/www.avision.com\/es\/wp-content\/uploads\/sites\/4\/2021\/09\/1-1-768x404.png 768w, https:\/\/www.avision.com\/es\/wp-content\/uploads\/sites\/4\/2021\/09\/1-1-600x315.png 600w, https:\/\/www.avision.com\/es\/wp-content\/uploads\/sites\/4\/2021\/09\/1-1.png 1181w\" sizes=\"(max-width: 300px) 100vw, 300px\" \/><\/td>\n<td bgcolor=\"white\"><img decoding=\"async\" loading=\"lazy\" class=\"alignnone size-medium wp-image-11862 alignleft\" src=\"https:\/\/www.avision.com\/es\/wp-content\/uploads\/sites\/4\/2021\/09\/2-300x158.png\" alt=\"\" width=\"300\" height=\"158\" srcset=\"https:\/\/www.avision.com\/es\/wp-content\/uploads\/sites\/4\/2021\/09\/2-300x158.png 300w, https:\/\/www.avision.com\/es\/wp-content\/uploads\/sites\/4\/2021\/09\/2-1024x538.png 1024w, https:\/\/www.avision.com\/es\/wp-content\/uploads\/sites\/4\/2021\/09\/2-768x404.png 768w, https:\/\/www.avision.com\/es\/wp-content\/uploads\/sites\/4\/2021\/09\/2-600x315.png 600w, https:\/\/www.avision.com\/es\/wp-content\/uploads\/sites\/4\/2021\/09\/2.png 1181w\" sizes=\"(max-width: 300px) 100vw, 300px\" \/><\/td>\n<td bgcolor=\"white\"><img decoding=\"async\" loading=\"lazy\" class=\"alignnone size-medium wp-image-11863 alignleft\" src=\"https:\/\/www.avision.com\/es\/wp-content\/uploads\/sites\/4\/2021\/09\/3-300x158.png\" alt=\"\" width=\"300\" height=\"158\" srcset=\"https:\/\/www.avision.com\/es\/wp-content\/uploads\/sites\/4\/2021\/09\/3-300x158.png 300w, https:\/\/www.avision.com\/es\/wp-content\/uploads\/sites\/4\/2021\/09\/3-1024x538.png 1024w, https:\/\/www.avision.com\/es\/wp-content\/uploads\/sites\/4\/2021\/09\/3-768x404.png 768w, https:\/\/www.avision.com\/es\/wp-content\/uploads\/sites\/4\/2021\/09\/3-600x315.png 600w, https:\/\/www.avision.com\/es\/wp-content\/uploads\/sites\/4\/2021\/09\/3.png 1181w\" sizes=\"(max-width: 300px) 100vw, 300px\" \/><\/td>\n<\/tr>\n<\/tbody>\n<\/table>\n<h3><span style=\"color: #0e3a65;\">\u258dDise\u00f1o inal\u00e1mbrico, escanea im\u00e1genes en cualquier lugar<\/span><\/h3>\n<p>El nuevo esc\u00e1ner port\u00e1til puede ser operado con una sola mano \u00a1Alimentado por una bater\u00eda de litio, usted no necesita llevar un adaptador de corriente pesado o salir a cazar una toma corriente!\u00a0\u00a1Dado que no requiere ninguna computadora para iniciar un escaneo, puede llevarlo a cualquier lugar, en cualquier momento!\u00a0\u00a1En la carretera, en un avi\u00f3n, un coche o un caf\u00e9, se puede digitalizar casi todo de inmediato!\u00a0Ya sea de pie o sentado, puede completar su digitalizaci\u00f3n simplemente desliz\u00e1ndolo sobre una superficie.Incluso los carteles en la pared o una hermosa caja de cart\u00f3n pueden digitalizarse f\u00e1cilmente!<\/p>\n<table bgcolor=\"white\">\n<tbody>\n<tr>\n<td bgcolor=\"white\"><img decoding=\"async\" loading=\"lazy\" class=\"alignnone wp-image-11864 alignleft\" src=\"https:\/\/www.avision.com\/es\/wp-content\/uploads\/sites\/4\/2021\/09\/4-300x152.png\" alt=\"\" width=\"451\" height=\"228\" srcset=\"https:\/\/www.avision.com\/es\/wp-content\/uploads\/sites\/4\/2021\/09\/4-300x152.png 300w, https:\/\/www.avision.com\/es\/wp-content\/uploads\/sites\/4\/2021\/09\/4-600x303.png 600w, https:\/\/www.avision.com\/es\/wp-content\/uploads\/sites\/4\/2021\/09\/4.png 754w\" sizes=\"(max-width: 451px) 100vw, 451px\" \/><\/td>\n<td bgcolor=\"white\"><img decoding=\"async\" loading=\"lazy\" class=\"alignnone size-medium wp-image-11868 alignleft\" src=\"https:\/\/www.avision.com\/es\/wp-content\/uploads\/sites\/4\/2021\/09\/8-300x234.png\" alt=\"MiWand 2L\" width=\"300\" height=\"234\" srcset=\"https:\/\/www.avision.com\/es\/wp-content\/uploads\/sites\/4\/2021\/09\/8-300x234.png 300w, https:\/\/www.avision.com\/es\/wp-content\/uploads\/sites\/4\/2021\/09\/8.png 537w\" sizes=\"(max-width: 300px) 100vw, 300px\" \/><\/td>\n<\/tr>\n<\/tbody>\n<\/table>\n<h3><span style=\"color: #0e3a65;\">\u258dVista previa de im\u00e1genes en un &#8220;LCD a color de 1,8\u201d<\/span><\/h3>\n<p>la funci\u00f3n de vista previa le permite ver su imagen JPEG en la pantalla LCD en color por 2 segundos inmediatamente despu\u00e9s de un escaneo para confirmar las im\u00e1genes que acaba de capturar.\u00a0Adem\u00e1s, tambi\u00e9n se pueden ver todas las im\u00e1genes individualmente o como una presentaci\u00f3n de diapositivas.<br \/>\n<img decoding=\"async\" loading=\"lazy\" class=\"alignnone wp-image-11865\" src=\"https:\/\/www.avision.com\/es\/wp-content\/uploads\/sites\/4\/2021\/09\/5-300x100.png\" alt=\"\" width=\"402\" height=\"134\" srcset=\"https:\/\/www.avision.com\/es\/wp-content\/uploads\/sites\/4\/2021\/09\/5-300x100.png 300w, https:\/\/www.avision.com\/es\/wp-content\/uploads\/sites\/4\/2021\/09\/5-1024x340.png 1024w, https:\/\/www.avision.com\/es\/wp-content\/uploads\/sites\/4\/2021\/09\/5-768x255.png 768w, https:\/\/www.avision.com\/es\/wp-content\/uploads\/sites\/4\/2021\/09\/5-1536x510.png 1536w, https:\/\/www.avision.com\/es\/wp-content\/uploads\/sites\/4\/2021\/09\/5-2048x680.png 2048w, https:\/\/www.avision.com\/es\/wp-content\/uploads\/sites\/4\/2021\/09\/5-1320x438.png 1320w, https:\/\/www.avision.com\/es\/wp-content\/uploads\/sites\/4\/2021\/09\/5-600x199.png 600w\" sizes=\"(max-width: 402px) 100vw, 402px\" \/><\/p>\n<h3><span style=\"color: #0e3a65;\">\u258dVea las im\u00e1genes en el iPad<\/span><\/h3>\n<p>a trav\u00e9s del puerto micro USB, los documentos escaneados se pueden transferir f\u00e1cilmente a iPad (iPad con Camera Kit adicional) o cualquier tel\u00e9fono inteligente que soporta USB Host o la capacidad de OTG.<\/p>\n<p><img decoding=\"async\" loading=\"lazy\" class=\"alignnone wp-image-11866\" src=\"https:\/\/www.avision.com\/es\/wp-content\/uploads\/sites\/4\/2021\/09\/6-300x113.png\" alt=\"\" width=\"401\" height=\"151\" srcset=\"https:\/\/www.avision.com\/es\/wp-content\/uploads\/sites\/4\/2021\/09\/6-300x113.png 300w, https:\/\/www.avision.com\/es\/wp-content\/uploads\/sites\/4\/2021\/09\/6-768x288.png 768w, https:\/\/www.avision.com\/es\/wp-content\/uploads\/sites\/4\/2021\/09\/6-600x225.png 600w, https:\/\/www.avision.com\/es\/wp-content\/uploads\/sites\/4\/2021\/09\/6.png 800w\" sizes=\"(max-width: 401px) 100vw, 401px\" \/><\/p>\n<h3><span style=\"color: #0e3a65;\">\u258dDise\u00f1o patentado de doble rodillo y lomo de libro<\/span><\/h3>\n<p>La innovadora tecnolog\u00eda de doble rodillo de alimentaci\u00f3n proporciona una confiabilidad excepcional y una calidad de imagen al reducir significativamente el riesgo de sesgar y distorsionar.\u00a0El dise\u00f1o lomo de libro hace digitalizaci\u00f3n de libros r\u00e1pido y f\u00e1cil.<\/p>\n<p><img decoding=\"async\" loading=\"lazy\" class=\"alignnone wp-image-11867\" src=\"https:\/\/www.avision.com\/es\/wp-content\/uploads\/sites\/4\/2021\/09\/7-300x140.png\" alt=\"\" width=\"416\" height=\"194\" srcset=\"https:\/\/www.avision.com\/es\/wp-content\/uploads\/sites\/4\/2021\/09\/7-300x140.png 300w, https:\/\/www.avision.com\/es\/wp-content\/uploads\/sites\/4\/2021\/09\/7.png 400w\" sizes=\"(max-width: 416px) 100vw, 416px\" \/><\/p>\n<p>&nbsp;<\/p>\n<p>&nbsp;<\/p>\n","protected":false},"excerpt":{"rendered":"<h3><span style=\"color: #0e3a65;\">Un esc\u00e1ner m\u00f3vil que escanea en cualquier lugar, en cualquier momento<\/span><\/h3>\n<p>\u00a1Experimente la eficiencia y la comodidad de un esc\u00e1ner m\u00f3vil de verdad! Energizado con bater\u00eda de litio, el MiWand 2L PRO es un esc\u00e1ner m\u00f3vil que le permite escanear sin necesidad de computadora o software. Simplemente deslice el esc\u00e1ner sobre la superficie de una p\u00e1gina y el escaneo est\u00e1 hecho. Las im\u00e1genes se guardan en una tarjeta micro SD de hasta 32G.<\/p>\n","protected":false},"featured_media":13095,"template":"","meta":{"ocean_post_layout":"","ocean_both_sidebars_style":"","ocean_both_sidebars_content_width":0,"ocean_both_sidebars_sidebars_width":0,"ocean_sidebar":"0","ocean_second_sidebar":"0","ocean_disable_margins":"enable","ocean_add_body_class":"","ocean_shortcode_before_top_bar":"","ocean_shortcode_after_top_bar":"","ocean_shortcode_before_header":"","ocean_shortcode_after_header":"","ocean_has_shortcode":"","ocean_shortcode_after_title":"","ocean_shortcode_before_footer_widgets":"","ocean_shortcode_after_footer_widgets":"","ocean_shortcode_before_footer_bottom":"","ocean_shortcode_after_footer_bottom":"","ocean_display_top_bar":"default","ocean_display_header":"default","ocean_header_style":"","ocean_center_header_left_menu":"0","ocean_custom_header_template":"0","ocean_custom_logo":0,"ocean_custom_retina_logo":0,"ocean_custom_logo_max_width":0,"ocean_custom_logo_tablet_max_width":0,"ocean_custom_logo_mobile_max_width":0,"ocean_custom_logo_max_height":0,"ocean_custom_logo_tablet_max_height":0,"ocean_custom_logo_mobile_max_height":0,"ocean_header_custom_menu":"0","ocean_menu_typo_font_family":"0","ocean_menu_typo_font_subset":"","ocean_menu_typo_font_size":0,"ocean_menu_typo_font_size_tablet":0,"ocean_menu_typo_font_size_mobile":0,"ocean_menu_typo_font_size_unit":"px","ocean_menu_typo_font_weight":"","ocean_menu_typo_font_weight_tablet":"","ocean_menu_typo_font_weight_mobile":"","ocean_menu_typo_transform":"","ocean_menu_typo_transform_tablet":"","ocean_menu_typo_transform_mobile":"","ocean_menu_typo_line_height":0,"ocean_menu_typo_line_height_tablet":0,"ocean_menu_typo_line_height_mobile":0,"ocean_menu_typo_line_height_unit":"","ocean_menu_typo_spacing":0,"ocean_menu_typo_spacing_tablet":0,"ocean_menu_typo_spacing_mobile":0,"ocean_menu_typo_spacing_unit":"","ocean_menu_link_color":"","ocean_menu_link_color_hover":"","ocean_menu_link_color_active":"","ocean_menu_link_background":"","ocean_menu_link_hover_background":"","ocean_menu_link_active_background":"","ocean_menu_social_links_bg":"","ocean_menu_social_hover_links_bg":"","ocean_menu_social_links_color":"","ocean_menu_social_hover_links_color":"","ocean_disable_title":"default","ocean_disable_heading":"default","ocean_post_title":"","ocean_post_subheading":"","ocean_post_title_style":"","ocean_post_title_background_color":"","ocean_post_title_background":0,"ocean_post_title_bg_image_position":"","ocean_post_title_bg_image_attachment":"","ocean_post_title_bg_image_repeat":"","ocean_post_title_bg_image_size":"","ocean_post_title_height":0,"ocean_post_title_bg_overlay":0.5,"ocean_post_title_bg_overlay_color":"","ocean_disable_breadcrumbs":"default","ocean_breadcrumbs_color":"","ocean_breadcrumbs_separator_color":"","ocean_breadcrumbs_links_color":"","ocean_breadcrumbs_links_hover_color":"","ocean_display_footer_widgets":"default","ocean_display_footer_bottom":"default","ocean_custom_footer_template":"0"},"product_cat":[331],"product_tag":[],"_links":{"self":[{"href":"https:\/\/www.avision.com\/es\/wp-json\/wp\/v2\/product\/13093"}],"collection":[{"href":"https:\/\/www.avision.com\/es\/wp-json\/wp\/v2\/product"}],"about":[{"href":"https:\/\/www.avision.com\/es\/wp-json\/wp\/v2\/types\/product"}],"version-history":[{"count":3,"href":"https:\/\/www.avision.com\/es\/wp-json\/wp\/v2\/product\/13093\/revisions"}],"predecessor-version":[{"id":13848,"href":"https:\/\/www.avision.com\/es\/wp-json\/wp\/v2\/product\/13093\/revisions\/13848"}],"wp:featuredmedia":[{"embeddable":true,"href":"https:\/\/www.avision.com\/es\/wp-json\/wp\/v2\/media\/13095"}],"wp:attachment":[{"href":"https:\/\/www.avision.com\/es\/wp-json\/wp\/v2\/media?parent=13093"}],"wp:term":[{"taxonomy":"product_cat","embeddable":true,"href":"https:\/\/www.avision.com\/es\/wp-json\/wp\/v2\/product_cat?post=13093"},{"taxonomy":"product_tag","embeddable":true,"href":"https:\/\/www.avision.com\/es\/wp-json\/wp\/v2\/product_tag?post=13093"}],"curies":[{"name":"wp","href":"https:\/\/api.w.org\/{rel}","templated":true}]}}