{"id":13107,"date":"2021-11-18T08:25:04","date_gmt":"2021-11-18T08:25:04","guid":{"rendered":"https:\/\/www.avision.com\/es\/?post_type=product&#038;p=13107"},"modified":"2022-04-08T09:06:37","modified_gmt":"2022-04-08T09:06:37","slug":"miwand-2-wi-fi-pro","status":"publish","type":"product","link":"https:\/\/www.avision.com\/es\/shop\/mobile-scanner\/miwand-2-wi-fi-pro\/","title":{"rendered":"MiWand 2 Wi-Fi PRO"},"content":{"rendered":"<p><img decoding=\"async\" loading=\"lazy\" class=\"alignnone size-full wp-image-7450 alignleft\" src=\"https:\/\/www.avision.com\/es\/wp-content\/uploads\/sites\/4\/2021\/09\/A4.png\" alt=\"\" width=\"73\" height=\"69\" \/> \u00a0<img decoding=\"async\" loading=\"lazy\" class=\"alignnone size-full wp-image-7338 alignleft\" src=\"https:\/\/www.avision.com\/es\/wp-content\/uploads\/sites\/4\/2021\/09\/Battery-included.png\" alt=\"\" width=\"74\" height=\"69\" \/><img decoding=\"async\" loading=\"lazy\" class=\"alignnone size-full wp-image-7429 alignleft\" src=\"https:\/\/www.avision.com\/es\/wp-content\/uploads\/sites\/4\/2021\/09\/s-pdf.png\" alt=\"\" width=\"74\" height=\"69\" \/> <img decoding=\"async\" loading=\"lazy\" class=\"alignnone size-full wp-image-7440 alignleft\" src=\"https:\/\/www.avision.com\/es\/wp-content\/uploads\/sites\/4\/2021\/09\/14inch.png\" alt=\"\" width=\"74\" height=\"69\" \/><img decoding=\"async\" loading=\"lazy\" class=\"alignnone size-full wp-image-7448 alignleft\" src=\"https:\/\/www.avision.com\/es\/wp-content\/uploads\/sites\/4\/2021\/09\/1200dpi.png\" alt=\"\" width=\"74\" height=\"69\" \/><img decoding=\"async\" loading=\"lazy\" class=\"alignnone size-full wp-image-7428 alignleft\" src=\"https:\/\/www.avision.com\/es\/wp-content\/uploads\/sites\/4\/2021\/09\/MicroSDCard.png\" alt=\"\" width=\"74\" height=\"69\" \/><img decoding=\"async\" loading=\"lazy\" class=\"alignnone size-full wp-image-7433 alignleft\" src=\"https:\/\/www.avision.com\/es\/wp-content\/uploads\/sites\/4\/2021\/09\/Wi-Fi.png\" alt=\"\" width=\"73\" height=\"69\" \/><img decoding=\"async\" loading=\"lazy\" class=\"alignnone size-full wp-image-7444 alignleft\" src=\"https:\/\/www.avision.com\/es\/wp-content\/uploads\/sites\/4\/2021\/09\/32G.png\" alt=\"\" width=\"74\" height=\"69\" \/><\/p>\n<p>&nbsp;<\/p>\n<p><span style=\"vertical-align: inherit;\">\u00a0<div class=\"su-spacer\" style=\"height:25px\"><\/div><\/span><\/p>\n<hr \/>\n<p><span style=\"vertical-align: inherit;\"><div class=\"su-spacer\" style=\"height:25px\"><\/div><\/span><\/p>\n<h3><span style=\"color: #0e3a65;\">\u258dDise\u00f1o inal\u00e1mbrico, escanea im\u00e1genes en cualquier lugar\u00a0<\/span><\/h3>\n<p>El nuevo esc\u00e1ner port\u00e1til puede ser operado con una sola mano \u00a1Alimentado por una bater\u00eda de litio, usted no necesita llevar un adaptador de corriente pesado o salir a cazar una toma corriente!\u00a0\u00a1Dado que no requiere ninguna computadora para iniciar un escaneo, puede llevarlo a cualquier lugar, en cualquier momento!\u00a0\u00a1En la carretera, en un avi\u00f3n, un coche o un caf\u00e9, se puede digitalizar casi todo de inmediato!\u00a0Ya sea de pie o sentado, puede completar su digitalizaci\u00f3n simplemente desliz\u00e1ndolo sobre una superficie.Incluso los carteles en la pared o una hermosa caja de cart\u00f3n pueden digitalizarse f\u00e1cilmente!<\/p>\n<table bgcolor=\"white\">\n<tbody>\n<tr>\n<td bgcolor=\"white\">\n<h3><span style=\"color: #0e3a65;\"><img decoding=\"async\" loading=\"lazy\" class=\"alignnone size-medium wp-image-13100 aligncenter\" style=\"color: #333333; font-size: 16px;\" src=\"https:\/\/www.avision.com\/es\/wp-content\/uploads\/sites\/4\/2021\/11\/miwand2_1-300x234.jpg\" alt=\"\" width=\"300\" height=\"234\" srcset=\"https:\/\/www.avision.com\/es\/wp-content\/uploads\/sites\/4\/2021\/11\/miwand2_1-300x234.jpg 300w, https:\/\/www.avision.com\/es\/wp-content\/uploads\/sites\/4\/2021\/11\/miwand2_1.jpg 537w\" sizes=\"(max-width: 300px) 100vw, 300px\" \/><\/span><\/h3>\n<\/td>\n<td style=\"text-align: center;\" bgcolor=\"white\"><span style=\"vertical-align: inherit;\"><img decoding=\"async\" loading=\"lazy\" class=\"alignnone size-full wp-image-13101\" src=\"https:\/\/www.avision.com\/es\/wp-content\/uploads\/sites\/4\/2021\/11\/miwand2_2.jpg\" alt=\"\" width=\"300\" height=\"189\" \/><\/span><\/td>\n<\/tr>\n<\/tbody>\n<\/table>\n<h3><span style=\"color: #0e3a65;\">\u258d<span lang=\"ES-CL\">Vista previa de im\u00e1genes en un &#8220;LCD a color de 1,8\u201d<\/span><span lang=\"ES-CL\">\u00a0<\/span><span lang=\"ES-CL\">\u00a0<\/span><\/span><\/h3>\n<p>la funci\u00f3n de vista previa le permite ver su imagen JPEG en la pantalla LCD en color por 2 segundos inmediatamente despu\u00e9s de un escaneo para confirmar las im\u00e1genes que acaba de capturar.\u00a0Adem\u00e1s, tambi\u00e9n se pueden ver todas las im\u00e1genes individualmente o como una presentaci\u00f3n de diapositivas.<\/p>\n<p><img decoding=\"async\" loading=\"lazy\" class=\"alignnone wp-image-13099\" src=\"https:\/\/www.avision.com\/es\/wp-content\/uploads\/sites\/4\/2021\/11\/miwand2_5-300x88.jpg\" alt=\"\" width=\"389\" height=\"114\" srcset=\"https:\/\/www.avision.com\/es\/wp-content\/uploads\/sites\/4\/2021\/11\/miwand2_5-300x88.jpg 300w, https:\/\/www.avision.com\/es\/wp-content\/uploads\/sites\/4\/2021\/11\/miwand2_5-768x226.jpg 768w, https:\/\/www.avision.com\/es\/wp-content\/uploads\/sites\/4\/2021\/11\/miwand2_5-600x177.jpg 600w, https:\/\/www.avision.com\/es\/wp-content\/uploads\/sites\/4\/2021\/11\/miwand2_5.jpg 988w\" sizes=\"(max-width: 389px) 100vw, 389px\" \/><\/p>\n<p>&nbsp;<\/p>\n<h3><span style=\"color: #0e3a65;\">\u258dIniciar escaneo instant\u00e1neo con la base alimentadora<\/span><\/h3>\n<p>Cuando el esc\u00e1ner est\u00e1 conectado a la base alimentadora, AvisionMiWand 2 Wi-Fi PRO le permite iniciar &#8220;escaneo inmediato&#8221; tan pronto como una p\u00e1gina se introduce en la ranura del alimentador.\u00a0El escaneo se iniciar\u00e1 autom\u00e1ticamente y la imagen se guarda en una tarjeta de memoria con un modo de imagen y resoluci\u00f3n predefinido.\u00a0Por otra parte, la unidad completa le permite escanear papeles hasta tama\u00f1o legal (216 x 355 mm o 8.5 x 14 pulgadas).<\/p>\n<h3><span style=\"color: #0e3a65;\">\u258d<span lang=\"ES-CL\">Vea las im\u00e1genes en el iPad<\/span><span lang=\"ES-CL\">\u00a0<\/span><\/span><\/h3>\n<p>a trav\u00e9s del puerto micro USB, los documentos escaneados se pueden transferir f\u00e1cilmente a iPad (iPad con Camera Kit adicional) o cualquier tel\u00e9fono inteligente que soporta USB Host o la capacidad de OTG.<\/p>\n<p><img decoding=\"async\" loading=\"lazy\" class=\"alignnone wp-image-13102\" src=\"https:\/\/www.avision.com\/es\/wp-content\/uploads\/sites\/4\/2021\/11\/miwand2_3i-300x113.jpg\" alt=\"\" width=\"403\" height=\"152\" srcset=\"https:\/\/www.avision.com\/es\/wp-content\/uploads\/sites\/4\/2021\/11\/miwand2_3i-300x113.jpg 300w, https:\/\/www.avision.com\/es\/wp-content\/uploads\/sites\/4\/2021\/11\/miwand2_3i-768x288.jpg 768w, https:\/\/www.avision.com\/es\/wp-content\/uploads\/sites\/4\/2021\/11\/miwand2_3i-600x225.jpg 600w, https:\/\/www.avision.com\/es\/wp-content\/uploads\/sites\/4\/2021\/11\/miwand2_3i.jpg 800w\" sizes=\"(max-width: 403px) 100vw, 403px\" \/><\/p>\n<h3><span style=\"color: #0e3a65;\">\u258dDise\u00f1o patentado de doble rodillo y lomo de libro<\/span><\/h3>\n<p>La innovadora tecnolog\u00eda de doble rodillo de alimentaci\u00f3n proporciona una confiabilidad excepcional y una calidad de imagen al reducir significativamente el riesgo de sesgar y distorsionar.\u00a0El dise\u00f1o lomo de libro hace digitalizaci\u00f3n de libros r\u00e1pido y f\u00e1cil.<\/p>\n<p><img decoding=\"async\" loading=\"lazy\" class=\"alignnone wp-image-11867\" src=\"https:\/\/www.avision.com\/es\/wp-content\/uploads\/sites\/4\/2021\/09\/7-300x140.png\" alt=\"\" width=\"416\" height=\"194\" srcset=\"https:\/\/www.avision.com\/es\/wp-content\/uploads\/sites\/4\/2021\/09\/7-300x140.png 300w, https:\/\/www.avision.com\/es\/wp-content\/uploads\/sites\/4\/2021\/09\/7.png 400w\" sizes=\"(max-width: 416px) 100vw, 416px\" \/><\/p>\n<p>&nbsp;<\/p>\n<p>&nbsp;<\/p>\n<hr \/>\n<h3><\/h3>\n<h3><span style=\"color: #0e3a65;\"><strong>\u258eCertificacion<\/strong><\/span><\/h3>\n<div class=\"su-spoiler su-spoiler-style-default su-spoiler-icon-arrow-circle-1  su-spoiler-closed\" data-scroll-offset=\"0\" data-anchor-in-url=\"no\"><div class=\"su-spoiler-title\" tabindex=\"0\" role=\"button\"><span class=\"su-spoiler-icon\"><\/span>Aprende m\u00e1s<\/div><div class=\"su-spoiler-content su-u-clearfix su-u-trim\">\n<p><img decoding=\"async\" loading=\"lazy\" class=\"wp-image-13088 alignleft\" src=\"https:\/\/www.avision.com\/es\/wp-content\/uploads\/sites\/4\/2021\/11\/Taiwanexcellence2013-300x113.png\" alt=\"\" width=\"125\" height=\"47\" srcset=\"https:\/\/www.avision.com\/es\/wp-content\/uploads\/sites\/4\/2021\/11\/Taiwanexcellence2013-300x113.png 300w, https:\/\/www.avision.com\/es\/wp-content\/uploads\/sites\/4\/2021\/11\/Taiwanexcellence2013-1024x384.png 1024w, https:\/\/www.avision.com\/es\/wp-content\/uploads\/sites\/4\/2021\/11\/Taiwanexcellence2013-768x288.png 768w, https:\/\/www.avision.com\/es\/wp-content\/uploads\/sites\/4\/2021\/11\/Taiwanexcellence2013-1320x495.png 1320w, https:\/\/www.avision.com\/es\/wp-content\/uploads\/sites\/4\/2021\/11\/Taiwanexcellence2013-600x225.png 600w, https:\/\/www.avision.com\/es\/wp-content\/uploads\/sites\/4\/2021\/11\/Taiwanexcellence2013.png 1400w\" sizes=\"(max-width: 125px) 100vw, 125px\" \/><\/p>\n<p>&nbsp;<\/p>\n<p>&nbsp;<\/p>\n<\/div><\/div>\n","protected":false},"excerpt":{"rendered":"<h3><span style=\"color: #0e3a65;\">Un esc\u00e1ner m\u00f3vil que escanea en cualquier lugar, en cualquier momento<\/span><\/h3>\n<p>\u00a1Experimente la eficiencia y la comodidad de un esc\u00e1ner m\u00f3vil de verdad! Energizado con bater\u00eda de litio, el MiWand 2 Wi-Fi PRO es un esc\u00e1ner m\u00f3vil que le permite escanear sin necesidad de computadora o software. Simplemente deslice el esc\u00e1ner sobre la superficie de una p\u00e1gina y el escaneo est\u00e1 hecho. Las im\u00e1genes se guardan en una tarjeta micro SD de hasta 32G.<\/p>\n","protected":false},"featured_media":13096,"template":"","meta":{"ocean_post_layout":"","ocean_both_sidebars_style":"","ocean_both_sidebars_content_width":0,"ocean_both_sidebars_sidebars_width":0,"ocean_sidebar":"0","ocean_second_sidebar":"0","ocean_disable_margins":"enable","ocean_add_body_class":"","ocean_shortcode_before_top_bar":"","ocean_shortcode_after_top_bar":"","ocean_shortcode_before_header":"","ocean_shortcode_after_header":"","ocean_has_shortcode":"","ocean_shortcode_after_title":"","ocean_shortcode_before_footer_widgets":"","ocean_shortcode_after_footer_widgets":"","ocean_shortcode_before_footer_bottom":"","ocean_shortcode_after_footer_bottom":"","ocean_display_top_bar":"default","ocean_display_header":"default","ocean_header_style":"","ocean_center_header_left_menu":"0","ocean_custom_header_template":"0","ocean_custom_logo":0,"ocean_custom_retina_logo":0,"ocean_custom_logo_max_width":0,"ocean_custom_logo_tablet_max_width":0,"ocean_custom_logo_mobile_max_width":0,"ocean_custom_logo_max_height":0,"ocean_custom_logo_tablet_max_height":0,"ocean_custom_logo_mobile_max_height":0,"ocean_header_custom_menu":"0","ocean_menu_typo_font_family":"0","ocean_menu_typo_font_subset":"","ocean_menu_typo_font_size":0,"ocean_menu_typo_font_size_tablet":0,"ocean_menu_typo_font_size_mobile":0,"ocean_menu_typo_font_size_unit":"px","ocean_menu_typo_font_weight":"","ocean_menu_typo_font_weight_tablet":"","ocean_menu_typo_font_weight_mobile":"","ocean_menu_typo_transform":"","ocean_menu_typo_transform_tablet":"","ocean_menu_typo_transform_mobile":"","ocean_menu_typo_line_height":0,"ocean_menu_typo_line_height_tablet":0,"ocean_menu_typo_line_height_mobile":0,"ocean_menu_typo_line_height_unit":"","ocean_menu_typo_spacing":0,"ocean_menu_typo_spacing_tablet":0,"ocean_menu_typo_spacing_mobile":0,"ocean_menu_typo_spacing_unit":"","ocean_menu_link_color":"","ocean_menu_link_color_hover":"","ocean_menu_link_color_active":"","ocean_menu_link_background":"","ocean_menu_link_hover_background":"","ocean_menu_link_active_background":"","ocean_menu_social_links_bg":"","ocean_menu_social_hover_links_bg":"","ocean_menu_social_links_color":"","ocean_menu_social_hover_links_color":"","ocean_disable_title":"default","ocean_disable_heading":"default","ocean_post_title":"","ocean_post_subheading":"","ocean_post_title_style":"","ocean_post_title_background_color":"","ocean_post_title_background":0,"ocean_post_title_bg_image_position":"","ocean_post_title_bg_image_attachment":"","ocean_post_title_bg_image_repeat":"","ocean_post_title_bg_image_size":"","ocean_post_title_height":0,"ocean_post_title_bg_overlay":0.5,"ocean_post_title_bg_overlay_color":"","ocean_disable_breadcrumbs":"default","ocean_breadcrumbs_color":"","ocean_breadcrumbs_separator_color":"","ocean_breadcrumbs_links_color":"","ocean_breadcrumbs_links_hover_color":"","ocean_display_footer_widgets":"default","ocean_display_footer_bottom":"default","ocean_custom_footer_template":"0"},"product_cat":[331],"product_tag":[],"_links":{"self":[{"href":"https:\/\/www.avision.com\/es\/wp-json\/wp\/v2\/product\/13107"}],"collection":[{"href":"https:\/\/www.avision.com\/es\/wp-json\/wp\/v2\/product"}],"about":[{"href":"https:\/\/www.avision.com\/es\/wp-json\/wp\/v2\/types\/product"}],"version-history":[{"count":5,"href":"https:\/\/www.avision.com\/es\/wp-json\/wp\/v2\/product\/13107\/revisions"}],"predecessor-version":[{"id":14291,"href":"https:\/\/www.avision.com\/es\/wp-json\/wp\/v2\/product\/13107\/revisions\/14291"}],"wp:featuredmedia":[{"embeddable":true,"href":"https:\/\/www.avision.com\/es\/wp-json\/wp\/v2\/media\/13096"}],"wp:attachment":[{"href":"https:\/\/www.avision.com\/es\/wp-json\/wp\/v2\/media?parent=13107"}],"wp:term":[{"taxonomy":"product_cat","embeddable":true,"href":"https:\/\/www.avision.com\/es\/wp-json\/wp\/v2\/product_cat?post=13107"},{"taxonomy":"product_tag","embeddable":true,"href":"https:\/\/www.avision.com\/es\/wp-json\/wp\/v2\/product_tag?post=13107"}],"curies":[{"name":"wp","href":"https:\/\/api.w.org\/{rel}","templated":true}]}}