{"id":13110,"date":"2021-11-18T08:37:07","date_gmt":"2021-11-18T08:37:07","guid":{"rendered":"https:\/\/www.avision.com\/es\/?post_type=product&#038;p=13110"},"modified":"2022-01-14T06:27:33","modified_gmt":"2022-01-14T06:27:33","slug":"scanq","status":"publish","type":"product","link":"https:\/\/www.avision.com\/es\/shop\/mobile-scanner\/scanq\/","title":{"rendered":"ScanQ"},"content":{"rendered":"<p><img decoding=\"async\" loading=\"lazy\" class=\"alignnone size-full wp-image-7450 alignleft\" src=\"https:\/\/www.avision.com\/es\/wp-content\/uploads\/sites\/4\/2021\/09\/A4.png\" alt=\"\" width=\"73\" height=\"69\" \/> <img decoding=\"async\" loading=\"lazy\" class=\"alignnone size-full wp-image-7426 alignleft\" src=\"https:\/\/www.avision.com\/es\/wp-content\/uploads\/sites\/4\/2021\/09\/ID-card-scan.png\" alt=\"\" width=\"73\" height=\"69\" \/> <img decoding=\"async\" loading=\"lazy\" class=\"alignnone size-full wp-image-7445 alignleft\" src=\"https:\/\/www.avision.com\/es\/wp-content\/uploads\/sites\/4\/2021\/09\/36in.png\" alt=\"\" width=\"74\" height=\"69\" \/> <img decoding=\"async\" loading=\"lazy\" class=\"alignnone size-full wp-image-7338 alignleft\" src=\"https:\/\/www.avision.com\/es\/wp-content\/uploads\/sites\/4\/2021\/09\/Battery-included.png\" alt=\"\" width=\"74\" height=\"69\" \/> \u00a0<img decoding=\"async\" loading=\"lazy\" class=\"alignnone size-full wp-image-7428 alignleft\" src=\"https:\/\/www.avision.com\/es\/wp-content\/uploads\/sites\/4\/2021\/09\/MicroSDCard.png\" alt=\"\" width=\"74\" height=\"69\" \/><img decoding=\"async\" loading=\"lazy\" class=\"alignnone size-full wp-image-7429 alignleft\" src=\"https:\/\/www.avision.com\/es\/wp-content\/uploads\/sites\/4\/2021\/09\/s-pdf.png\" alt=\"\" width=\"74\" height=\"69\" \/><img decoding=\"async\" loading=\"lazy\" class=\"alignnone size-full wp-image-7440 alignleft\" src=\"https:\/\/www.avision.com\/es\/wp-content\/uploads\/sites\/4\/2021\/09\/14inch.png\" alt=\"\" width=\"74\" height=\"69\" \/><\/p>\n<p>&nbsp;<\/p>\n<p><span style=\"vertical-align: inherit;\"><div class=\"su-spacer\" style=\"height:25px\"><\/div><\/span><\/p>\n<hr \/>\n<p><span style=\"vertical-align: inherit;\"><div class=\"su-spacer\" style=\"height:25px\"><\/div><\/span><\/p>\n<h3><span style=\"color: #0e3a65;\">\u258dInicie el escaneo ni bien inserte una foto<\/span><\/h3>\n<p>Con la capacidad de escaneoinstant\u00e1neo de avanzada, la serie ScanQ son f\u00e1ciles de usar, sin necesidad de una computadora.\u00a0Basta con insertar una p\u00e1gina de hasta 14&#8243;de longitud o una tarjeta de pl\u00e1stico de hasta 0,8 mm de espesor, el escaneo se inicia inmediatamente, y la imagen se guarda en 128M de memoria incorporado o en una tarjeta microSD.\u00a0Usted estar\u00e1 encantado de encontrar las im\u00e1genes escaneadas en modo color y formato de archivo jpeg o PDF debidamente recortado y listo para su uso! \u00a1Adem\u00e1s, la bater\u00eda de iones de litio incluida le permite escanear hasta 200 p\u00e1ginas para el modo de color a 300 ppp!\u00a0Para ver o descargar la imagen escaneada, basta con conectar el esc\u00e1ner a la computadora mediante un cable USB suministrado.\u00a0Haga clic en el disco extra\u00edble para guardar las im\u00e1genes en la computadora para su posterior edici\u00f3n.<\/p>\n<h3><span style=\"color: #0e3a65;\">\u258dProporcionar una resoluci\u00f3n m\u00e1s alta, hasta 1200 ppp<\/span><\/h3>\n<p>La serie ScanQ es ligera y f\u00e1cil de usar. Sin embargo, su rendimiento no se ve comprometida. Se ofrecen resoluciones \u00f3pticas superiores de 600 ppp y 1200 ppp, indicadas por el color del bot\u00f3n de encendido.\u00a0La luz verde indica 300 dpi, resoluci\u00f3n normalpor defecto.\u00a0La luz naranja indica 600 ppp, mientras que la luz roja indica la resoluci\u00f3n m\u00e1xima de 1200 ppp.Para cambiar a una resoluci\u00f3n diferente, s\u00f3lo tiene que pulsar el bot\u00f3n de encendido en repetidas ocasiones.<\/p>\n<h3><span style=\"color: #0e3a65;\">\u258dTecnolog\u00eda LED amigable con el planeta<\/span><\/h3>\n<p>La serie ScanQ ofrecer un rendimiento excepcional.\u00a0Sin embargo, es amigable con el planeta al mismo tiempo.\u00a0La tecnolog\u00eda LED no requiere tiempo de calentamiento y de menor consumo de energ\u00eda.\u00a0Adem\u00e1s, las series ScanQ permite el apagado autom\u00e1tico despu\u00e9s de 3 minutos de inactividad para ahorrar su energ\u00eda.<\/p>\n<p>&nbsp;<\/p>\n<h3><span style=\"color: #0e3a65;\">\u258dCaracter\u00edsticas<\/span><\/h3>\n<ul>\n<li style=\"font-weight: 400;\"><span style=\"font-style: inherit; font-weight: inherit;\">Escanear documentos hasta el tama\u00f1o Legal (8.5 &#8220;x 14&#8221;)<\/span><\/li>\n<li><span style=\"font-style: inherit; font-weight: inherit;\">Escanea todos los documentos en modo de color<\/span><\/li>\n<li><span style=\"font-style: inherit; font-weight: inherit;\">Guarda im\u00e1genes en formato de archivo JPEG o PDF<\/span><\/li>\n<li><span style=\"font-style: inherit; font-weight: inherit;\">Soporta escaneado de p\u00e1ginas largas de hasta 36 &#8220;(916 mm) para 300 dpi<\/span><\/li>\n<li><span style=\"font-style: inherit; font-weight: inherit;\">La fuente de luz LED no requiere tiempo de calentamiento<\/span><\/li>\n<li><span style=\"font-style: inherit; font-weight: inherit;\">Escanea documentos (60 ~ 107 g \/ m2, 16 ~ 28 libras) y tarjetas de pl\u00e1stico (hasta 0,8 mm)<\/span><\/li>\n<li><span style=\"font-style: inherit; font-weight: inherit;\">Apagado autom\u00e1tico despu\u00e9s de inactividad\u00a0de 3 minutos<\/span><\/li>\n<\/ul>\n","protected":false},"excerpt":{"rendered":"<h3><span style=\"color: #0e3a65;\">Su soluci\u00f3n de escaneo port\u00e1til de hasta tama\u00f1o oficio<\/span><\/h3>\n<p>Medir solamente 11.4 &#8220;x 2&#8221; x 1.4 &#8220;y pesando solamente 400 gramos, la serie ScanQ empuja los l\u00edmites de tama\u00f1o y peso para la movilidad extrema al tiempo que ofrece la digitalizaci\u00f3n de documentos de p\u00e1gina completa sin problemas. Alimentado por una bater\u00eda de iones de litio recargable a trav\u00e9s del cable USB, la serie ScanQ son lo suficientemente peque\u00f1os para ser embalado con su computadora port\u00e1til y compartir sus documentos desde cualquier lugar, en cualquier momento.<\/p>\n","protected":false},"featured_media":13111,"template":"","meta":{"ocean_post_layout":"","ocean_both_sidebars_style":"","ocean_both_sidebars_content_width":0,"ocean_both_sidebars_sidebars_width":0,"ocean_sidebar":"0","ocean_second_sidebar":"0","ocean_disable_margins":"enable","ocean_add_body_class":"","ocean_shortcode_before_top_bar":"","ocean_shortcode_after_top_bar":"","ocean_shortcode_before_header":"","ocean_shortcode_after_header":"","ocean_has_shortcode":"","ocean_shortcode_after_title":"","ocean_shortcode_before_footer_widgets":"","ocean_shortcode_after_footer_widgets":"","ocean_shortcode_before_footer_bottom":"","ocean_shortcode_after_footer_bottom":"","ocean_display_top_bar":"default","ocean_display_header":"default","ocean_header_style":"","ocean_center_header_left_menu":"0","ocean_custom_header_template":"0","ocean_custom_logo":0,"ocean_custom_retina_logo":0,"ocean_custom_logo_max_width":0,"ocean_custom_logo_tablet_max_width":0,"ocean_custom_logo_mobile_max_width":0,"ocean_custom_logo_max_height":0,"ocean_custom_logo_tablet_max_height":0,"ocean_custom_logo_mobile_max_height":0,"ocean_header_custom_menu":"0","ocean_menu_typo_font_family":"0","ocean_menu_typo_font_subset":"","ocean_menu_typo_font_size":0,"ocean_menu_typo_font_size_tablet":0,"ocean_menu_typo_font_size_mobile":0,"ocean_menu_typo_font_size_unit":"px","ocean_menu_typo_font_weight":"","ocean_menu_typo_font_weight_tablet":"","ocean_menu_typo_font_weight_mobile":"","ocean_menu_typo_transform":"","ocean_menu_typo_transform_tablet":"","ocean_menu_typo_transform_mobile":"","ocean_menu_typo_line_height":0,"ocean_menu_typo_line_height_tablet":0,"ocean_menu_typo_line_height_mobile":0,"ocean_menu_typo_line_height_unit":"","ocean_menu_typo_spacing":0,"ocean_menu_typo_spacing_tablet":0,"ocean_menu_typo_spacing_mobile":0,"ocean_menu_typo_spacing_unit":"","ocean_menu_link_color":"","ocean_menu_link_color_hover":"","ocean_menu_link_color_active":"","ocean_menu_link_background":"","ocean_menu_link_hover_background":"","ocean_menu_link_active_background":"","ocean_menu_social_links_bg":"","ocean_menu_social_hover_links_bg":"","ocean_menu_social_links_color":"","ocean_menu_social_hover_links_color":"","ocean_disable_title":"default","ocean_disable_heading":"default","ocean_post_title":"","ocean_post_subheading":"","ocean_post_title_style":"","ocean_post_title_background_color":"","ocean_post_title_background":0,"ocean_post_title_bg_image_position":"","ocean_post_title_bg_image_attachment":"","ocean_post_title_bg_image_repeat":"","ocean_post_title_bg_image_size":"","ocean_post_title_height":0,"ocean_post_title_bg_overlay":0.5,"ocean_post_title_bg_overlay_color":"","ocean_disable_breadcrumbs":"default","ocean_breadcrumbs_color":"","ocean_breadcrumbs_separator_color":"","ocean_breadcrumbs_links_color":"","ocean_breadcrumbs_links_hover_color":"","ocean_display_footer_widgets":"default","ocean_display_footer_bottom":"default","ocean_custom_footer_template":"0"},"product_cat":[331],"product_tag":[],"_links":{"self":[{"href":"https:\/\/www.avision.com\/es\/wp-json\/wp\/v2\/product\/13110"}],"collection":[{"href":"https:\/\/www.avision.com\/es\/wp-json\/wp\/v2\/product"}],"about":[{"href":"https:\/\/www.avision.com\/es\/wp-json\/wp\/v2\/types\/product"}],"version-history":[{"count":3,"href":"https:\/\/www.avision.com\/es\/wp-json\/wp\/v2\/product\/13110\/revisions"}],"predecessor-version":[{"id":13844,"href":"https:\/\/www.avision.com\/es\/wp-json\/wp\/v2\/product\/13110\/revisions\/13844"}],"wp:featuredmedia":[{"embeddable":true,"href":"https:\/\/www.avision.com\/es\/wp-json\/wp\/v2\/media\/13111"}],"wp:attachment":[{"href":"https:\/\/www.avision.com\/es\/wp-json\/wp\/v2\/media?parent=13110"}],"wp:term":[{"taxonomy":"product_cat","embeddable":true,"href":"https:\/\/www.avision.com\/es\/wp-json\/wp\/v2\/product_cat?post=13110"},{"taxonomy":"product_tag","embeddable":true,"href":"https:\/\/www.avision.com\/es\/wp-json\/wp\/v2\/product_tag?post=13110"}],"curies":[{"name":"wp","href":"https:\/\/api.w.org\/{rel}","templated":true}]}}