{"id":13804,"date":"2021-09-27T01:00:18","date_gmt":"2021-09-27T01:00:18","guid":{"rendered":"https:\/\/www.avision.com\/es\/?post_type=product&#038;p=13804"},"modified":"2024-10-09T07:27:27","modified_gmt":"2024-10-09T07:27:27","slug":"av176ub","status":"publish","type":"product","link":"https:\/\/www.avision.com\/es\/shop\/document-scanner\/av176ub\/","title":{"rendered":"AV176UB"},"content":{"rendered":"<p><img decoding=\"async\" loading=\"lazy\" class=\"alignnone size-full wp-image-7450 alignleft\" src=\"https:\/\/www.avision.com\/es\/wp-content\/uploads\/sites\/4\/2021\/09\/A4.png\" alt=\"\" width=\"73\" height=\"69\" \/> <img decoding=\"async\" loading=\"lazy\" class=\"alignnone size-full wp-image-7331 alignleft\" src=\"https:\/\/www.avision.com\/es\/wp-content\/uploads\/sites\/4\/2021\/09\/ADF50.png\" alt=\"\" width=\"73\" height=\"69\" \/> <img decoding=\"async\" loading=\"lazy\" class=\"alignnone size-full wp-image-7358 alignleft\" src=\"https:\/\/www.avision.com\/es\/wp-content\/uploads\/sites\/4\/2021\/09\/BW30p60i_1.png\" alt=\"\" width=\"74\" height=\"69\" \/> <img decoding=\"async\" loading=\"lazy\" class=\"alignnone size-full wp-image-7389 alignleft\" src=\"https:\/\/www.avision.com\/es\/wp-content\/uploads\/sites\/4\/2021\/09\/color20p40i.png\" alt=\"\" width=\"74\" height=\"69\" \/><img decoding=\"async\" loading=\"lazy\" class=\"alignnone size-full wp-image-7390 alignleft\" src=\"https:\/\/www.avision.com\/es\/wp-content\/uploads\/sites\/4\/2021\/09\/color20ppm.png\" alt=\"\" width=\"74\" height=\"69\" \/><img decoding=\"async\" loading=\"lazy\" class=\"alignnone size-full wp-image-7359 alignleft\" src=\"https:\/\/www.avision.com\/es\/wp-content\/uploads\/sites\/4\/2021\/09\/BW30ppm.png\" alt=\"\" width=\"74\" height=\"68\" \/><img decoding=\"async\" loading=\"lazy\" class=\"alignnone size-full wp-image-7445 alignleft\" src=\"https:\/\/www.avision.com\/es\/wp-content\/uploads\/sites\/4\/2021\/09\/36in.png\" alt=\"\" width=\"74\" height=\"69\" \/> <img decoding=\"async\" loading=\"lazy\" class=\"alignnone size-full wp-image-7446 alignleft\" src=\"https:\/\/www.avision.com\/es\/wp-content\/uploads\/sites\/4\/2021\/09\/118in.png\" alt=\"\" width=\"74\" height=\"69\" \/><img decoding=\"async\" loading=\"lazy\" class=\"alignnone size-full wp-image-7429 alignleft\" src=\"https:\/\/www.avision.com\/es\/wp-content\/uploads\/sites\/4\/2021\/09\/s-pdf.png\" alt=\"\" width=\"74\" height=\"69\" \/><img decoding=\"async\" loading=\"lazy\" class=\"alignnone size-full wp-image-7440 alignleft\" src=\"https:\/\/www.avision.com\/es\/wp-content\/uploads\/sites\/4\/2021\/09\/14inch.png\" alt=\"\" width=\"74\" height=\"69\" \/> <img decoding=\"async\" loading=\"lazy\" class=\"alignnone size-full wp-image-7426 alignleft\" src=\"https:\/\/www.avision.com\/es\/wp-content\/uploads\/sites\/4\/2021\/09\/ID-card-scan.png\" alt=\"\" width=\"73\" height=\"69\" \/> <img decoding=\"async\" loading=\"lazy\" class=\"alignnone size-full wp-image-7410 alignleft\" src=\"https:\/\/www.avision.com\/es\/wp-content\/uploads\/sites\/4\/2021\/09\/duplex.png\" alt=\"\" width=\"74\" height=\"69\" \/><\/p>\n<p>&nbsp;<\/p>\n<p>&nbsp;<\/p>\n<p>&nbsp;<\/p>\n<p>&nbsp;<\/p>\n<div class=\"su-spacer\" style=\"height:25px\"><\/div>\n<hr \/>\n<div class=\"su-spacer\" style=\"height:25px\"><\/div>\n<h3><span style=\"color: #0e3a65;\">\u258d<strong>AV176UB, un esc\u00e1ner d\u00faplex compacto y asequible<\/strong><\/span><\/h3>\n<p>El AV176UB es un esc\u00e1ner de hojas d\u00faplex de 30 p\u00e1ginas por minuto y 60 im\u00e1genes por minuto que es r\u00e1pido, confiable y asequible para las empresas donde es necesario escanear tarjetas de identificaci\u00f3n de pl\u00e1stico, tarjetas de visita, documentos u otras cartulinas pesadas. Con la ruta de papel recta, el esc\u00e1ner permite que el papel m\u00e1s grueso de hasta 400 g \/ m2 (110 lb.) y las tarjetas de pl\u00e1stico en relieve como las tarjetas de cr\u00e9dito o la licencia de conducir de hasta 1.25 mm se transmitan sin problemas. La detecci\u00f3n ultras\u00f3nica de alimentaci\u00f3n m\u00faltiple le asegura que no se perder\u00e1 ni una sola p\u00e1gina de sus documentos.<\/p>\n<h3><span style=\"color: #0e3a65;\">\u258d<strong>AV176UB guarda su espacio cuando no est\u00e1 en uso<\/strong><\/span><\/h3>\n<p>Tanto la bandeja de entrada como la de salida del AV176UB se pueden plegar cuando no se utilizan. Esta caracter\u00edstica no solo ayuda a prevenir el polvo de la unidad, sino que tambi\u00e9n ahorra m\u00e1s espacio de trabajo.<\/p>\n<h3><span style=\"color: #0e3a65;\">\u258dPotentes aplicaciones de software incluidas<\/span><\/h3>\n<p>El AV176U viene con controladores TWAIN, ISIS e WIA, y se incluye con un conjunto de potentes aplicaciones de software que incluyen Avision Button Manager, AvScan y PaperPort 14SE. Con Button Manager, puede crear PDF con capacidad de b\u00fasqueda, escanear y enviar im\u00e1genes a correo electr\u00f3nico, impresora u otros destinos con solo presionar un bot\u00f3n. AVScan y PaperPort son un software de procesamiento de im\u00e1genes y administraci\u00f3n de documentos altamente efectivo que lo ayuda a optimizar su tarea de manera m\u00e1s eficiente.<\/p>\n<p>&nbsp;<\/p>\n<hr \/>\n<h3><\/h3>\n<h3><span style=\"color: #0e3a65;\"><strong>\u258eCertificacion<\/strong><\/span><\/h3>\n<div style=\"padding: 5px; border: 3px solid #ffffff;\"><a href=\"https:\/\/www.avision.com\/es\/why-avision\/core-image-scanning-technology\/\"><img decoding=\"async\" loading=\"lazy\" class=\"alignleft wp-image-13806\" src=\"https:\/\/www.avision.com\/es\/wp-content\/uploads\/sites\/4\/2022\/01\/TWAIN_logo.png\" alt=\"\" width=\"78\" height=\"80\" \/><\/a><\/div>\n","protected":false},"excerpt":{"rendered":"<h3><span style=\"color: #0e3a65;\"><strong>Delgado y r\u00e1pido<\/strong><\/span><\/h3>\n<p>El AV176UB de Avision est\u00e1 dise\u00f1ado para su uso en el escritorio en cualquier oficina donde sea necesario escanear tarjetas de identificaci\u00f3n de pl\u00e1stico, tarjetas de presentaci\u00f3n, documentos u otras cartulinas pesadas. A pesar de su peque\u00f1o tama\u00f1o, el AV176UB ofrece escaneo de alta velocidad a velocidades de hasta 30 ppm en modo simple y 60 ipm en modo d\u00faplex.<\/p>\n<p>La Avision AV176UB cuenta con un dise\u00f1o \u00fanico y elegante, ya que la bandeja de entrada y salida de papel se puede plegar cuando no se utiliza. La bandeja de papel tambi\u00e9n ayuda a proteger la unidad del polvo. A diferencia de los voluminosos esc\u00e1neres convencionales, la delgada AV176UB puede transportarse f\u00e1cilmente y colocarse en un escritorio sin ocupar mucho espacio.<\/p>\n<p>Una pr\u00e1ctica funci\u00f3n de bot\u00f3n programable permite a los usuarios preconfigurar nueve funciones personalizadas para diferentes necesidades de escaneo. Por ejemplo, puede crear formatos de archivo como PDF, TIFF, JPEG, GIF y BMP, escanear para enviar por correo electr\u00f3nico o archivar documentos con solo presionar un bot\u00f3n.<\/p>\n","protected":false},"featured_media":11418,"template":"","meta":{"ocean_post_layout":"full-screen","ocean_both_sidebars_style":"","ocean_both_sidebars_content_width":0,"ocean_both_sidebars_sidebars_width":0,"ocean_sidebar":"0","ocean_second_sidebar":"0","ocean_disable_margins":"enable","ocean_add_body_class":"","ocean_shortcode_before_top_bar":"","ocean_shortcode_after_top_bar":"","ocean_shortcode_before_header":"","ocean_shortcode_after_header":"","ocean_has_shortcode":"","ocean_shortcode_after_title":"","ocean_shortcode_before_footer_widgets":"","ocean_shortcode_after_footer_widgets":"","ocean_shortcode_before_footer_bottom":"","ocean_shortcode_after_footer_bottom":"","ocean_display_top_bar":"default","ocean_display_header":"default","ocean_header_style":"","ocean_center_header_left_menu":"0","ocean_custom_header_template":"0","ocean_custom_logo":0,"ocean_custom_retina_logo":0,"ocean_custom_logo_max_width":0,"ocean_custom_logo_tablet_max_width":0,"ocean_custom_logo_mobile_max_width":0,"ocean_custom_logo_max_height":0,"ocean_custom_logo_tablet_max_height":0,"ocean_custom_logo_mobile_max_height":0,"ocean_header_custom_menu":"0","ocean_menu_typo_font_family":"0","ocean_menu_typo_font_subset":"","ocean_menu_typo_font_size":0,"ocean_menu_typo_font_size_tablet":0,"ocean_menu_typo_font_size_mobile":0,"ocean_menu_typo_font_size_unit":"px","ocean_menu_typo_font_weight":"","ocean_menu_typo_font_weight_tablet":"","ocean_menu_typo_font_weight_mobile":"","ocean_menu_typo_transform":"","ocean_menu_typo_transform_tablet":"","ocean_menu_typo_transform_mobile":"","ocean_menu_typo_line_height":0,"ocean_menu_typo_line_height_tablet":0,"ocean_menu_typo_line_height_mobile":0,"ocean_menu_typo_line_height_unit":"","ocean_menu_typo_spacing":0,"ocean_menu_typo_spacing_tablet":0,"ocean_menu_typo_spacing_mobile":0,"ocean_menu_typo_spacing_unit":"","ocean_menu_link_color":"","ocean_menu_link_color_hover":"","ocean_menu_link_color_active":"","ocean_menu_link_background":"","ocean_menu_link_hover_background":"","ocean_menu_link_active_background":"","ocean_menu_social_links_bg":"","ocean_menu_social_hover_links_bg":"","ocean_menu_social_links_color":"","ocean_menu_social_hover_links_color":"","ocean_disable_title":"on","ocean_disable_heading":"default","ocean_post_title":"","ocean_post_subheading":"","ocean_post_title_style":"","ocean_post_title_background_color":"","ocean_post_title_background":0,"ocean_post_title_bg_image_position":"","ocean_post_title_bg_image_attachment":"","ocean_post_title_bg_image_repeat":"","ocean_post_title_bg_image_size":"","ocean_post_title_height":0,"ocean_post_title_bg_overlay":0.5,"ocean_post_title_bg_overlay_color":"","ocean_disable_breadcrumbs":"default","ocean_breadcrumbs_color":"","ocean_breadcrumbs_separator_color":"","ocean_breadcrumbs_links_color":"","ocean_breadcrumbs_links_hover_color":"","ocean_display_footer_widgets":"default","ocean_display_footer_bottom":"on","ocean_custom_footer_template":"0"},"product_cat":[333],"product_tag":[],"_links":{"self":[{"href":"https:\/\/www.avision.com\/es\/wp-json\/wp\/v2\/product\/13804"}],"collection":[{"href":"https:\/\/www.avision.com\/es\/wp-json\/wp\/v2\/product"}],"about":[{"href":"https:\/\/www.avision.com\/es\/wp-json\/wp\/v2\/types\/product"}],"version-history":[{"count":7,"href":"https:\/\/www.avision.com\/es\/wp-json\/wp\/v2\/product\/13804\/revisions"}],"predecessor-version":[{"id":14827,"href":"https:\/\/www.avision.com\/es\/wp-json\/wp\/v2\/product\/13804\/revisions\/14827"}],"wp:featuredmedia":[{"embeddable":true,"href":"https:\/\/www.avision.com\/es\/wp-json\/wp\/v2\/media\/11418"}],"wp:attachment":[{"href":"https:\/\/www.avision.com\/es\/wp-json\/wp\/v2\/media?parent=13804"}],"wp:term":[{"taxonomy":"product_cat","embeddable":true,"href":"https:\/\/www.avision.com\/es\/wp-json\/wp\/v2\/product_cat?post=13804"},{"taxonomy":"product_tag","embeddable":true,"href":"https:\/\/www.avision.com\/es\/wp-json\/wp\/v2\/product_tag?post=13804"}],"curies":[{"name":"wp","href":"https:\/\/api.w.org\/{rel}","templated":true}]}}