{"id":13813,"date":"2022-01-12T07:55:20","date_gmt":"2022-01-12T07:55:20","guid":{"rendered":"https:\/\/www.avision.com\/es\/?post_type=product&#038;p=13813"},"modified":"2024-10-09T08:11:30","modified_gmt":"2024-10-09T08:11:30","slug":"fb1200plus","status":"publish","type":"product","link":"https:\/\/www.avision.com\/es\/shop\/flatbed-scanner\/fb1200plus\/","title":{"rendered":"FB1200 Plus"},"content":{"rendered":"<p><img decoding=\"async\" loading=\"lazy\" class=\"size-full wp-image-7450 alignleft\" src=\"https:\/\/www.avision.com\/es\/wp-content\/uploads\/sites\/4\/2021\/09\/A4.png\" alt=\"\" width=\"73\" height=\"69\" \/><\/p>\n<p>&nbsp;<\/p>\n<p>&nbsp;<\/p>\n<div class=\"su-spacer\" style=\"height:25px\"><\/div>\n<hr \/>\n<div class=\"su-spacer\" style=\"height:25px\"><\/div>\n<h3><span style=\"color: #0e3a65;\"><strong>\u258eDetalles del producto<\/strong><\/span><\/h3>\n<ul>\n<li style=\"font-weight: 400;\"><span style=\"font-style: inherit; font-weight: inherit;\">Velocidad es de hasta 4 seg.\u00a0para una p\u00e1gina en resoluci\u00f3n de 200 ppp<\/span><\/li>\n<li><span style=\"font-style: inherit; font-weight: inherit;\">Los controles de brillo y contraste pueden personalizar la salida de color para aplicaciones espec\u00edficas<\/span><\/li>\n<li><span style=\"font-style: inherit; font-weight: inherit;\">Interfaz USB 2.0 de alta velocidad<\/span><\/li>\n<li><span style=\"font-style: inherit; font-weight: inherit;\">Incluye controlador TWAIN<\/span><\/li>\n<\/ul>\n<p>&nbsp;<\/p>\n<hr \/>\n<h3><\/h3>\n<h3><span style=\"color: #0e3a65;\"><strong>\u258eCertificacion<\/strong><\/span><\/h3>\n<p>&nbsp;<\/p>\n<div style=\"padding: 5px; border: 3px solid #ffffff;\">\n<table id=\"tbl\" border=\"1\" frame=\"void&quot;\">\n<tbody>\n<tr>\n<td bgcolor=\"white\" width=\"200px\"><a href=\"https:\/\/www.avision.com\/es\/why-avision\/core-image-scanning-technology\/\"><img decoding=\"async\" loading=\"lazy\" class=\"aligncenter wp-image-13806\" src=\"https:\/\/www.avision.com\/es\/wp-content\/uploads\/sites\/4\/2022\/01\/TWAIN_logo.png\" alt=\"\" width=\"73\" height=\"75\" \/><\/a><\/td>\n<td bgcolor=\"white\" width=\"200px\"><a href=\"https:\/\/www.usb.org\/\"><img decoding=\"async\" loading=\"lazy\" class=\" wp-image-7829 aligncenter\" src=\"https:\/\/www.avision.com\/es\/wp-content\/uploads\/sites\/4\/2021\/09\/USB3.0.png\" alt=\"\" width=\"117\" height=\"54\" \/><\/a><\/td>\n<\/tr>\n<\/tbody>\n<\/table>\n<\/div>\n<div style=\"padding: 5px; border: 3px solid #ffffff;\">\n<p>&nbsp;<\/p>\n<\/div>\n","protected":false},"excerpt":{"rendered":"<h3><span style=\"color: #0e3a65;\">Velocidad, simplicidad y tratamiento de imagen de avanzada para aplicaciones de trabajo en grupo<\/span><\/h3>\n<p>Delgado, de alta calidad y asequible, el FB1200Plus es su soluci\u00f3n para la digitalizaci\u00f3n de documentos con presupuesto limitado. S\u00f3lo 43 mm de espesor, el dise\u00f1o delgado es su elecci\u00f3n obvia para un escritorio ordenado. A pesar de su diminuto tama\u00f1o, el FB1200Plus es grande en la resoluci\u00f3n. Tanto para escanear documentos como fotos, la resoluci\u00f3n 1200 x 1200 ppp y profundidad de color de 48 bits reproduce con precisi\u00f3n cada detalle fino y sutiles sombras. Sus resultados n\u00edtidos ser\u00e1n adecuados para ampliaciones y edici\u00f3n de im\u00e1genes despu\u00e9s de la digitalizaci\u00f3n.<\/p>\n","protected":false},"featured_media":13815,"template":"","meta":{"ocean_post_layout":"","ocean_both_sidebars_style":"","ocean_both_sidebars_content_width":0,"ocean_both_sidebars_sidebars_width":0,"ocean_sidebar":"0","ocean_second_sidebar":"0","ocean_disable_margins":"enable","ocean_add_body_class":"","ocean_shortcode_before_top_bar":"","ocean_shortcode_after_top_bar":"","ocean_shortcode_before_header":"","ocean_shortcode_after_header":"","ocean_has_shortcode":"","ocean_shortcode_after_title":"","ocean_shortcode_before_footer_widgets":"","ocean_shortcode_after_footer_widgets":"","ocean_shortcode_before_footer_bottom":"","ocean_shortcode_after_footer_bottom":"","ocean_display_top_bar":"default","ocean_display_header":"default","ocean_header_style":"","ocean_center_header_left_menu":"0","ocean_custom_header_template":"0","ocean_custom_logo":0,"ocean_custom_retina_logo":0,"ocean_custom_logo_max_width":0,"ocean_custom_logo_tablet_max_width":0,"ocean_custom_logo_mobile_max_width":0,"ocean_custom_logo_max_height":0,"ocean_custom_logo_tablet_max_height":0,"ocean_custom_logo_mobile_max_height":0,"ocean_header_custom_menu":"0","ocean_menu_typo_font_family":"0","ocean_menu_typo_font_subset":"","ocean_menu_typo_font_size":0,"ocean_menu_typo_font_size_tablet":0,"ocean_menu_typo_font_size_mobile":0,"ocean_menu_typo_font_size_unit":"px","ocean_menu_typo_font_weight":"","ocean_menu_typo_font_weight_tablet":"","ocean_menu_typo_font_weight_mobile":"","ocean_menu_typo_transform":"","ocean_menu_typo_transform_tablet":"","ocean_menu_typo_transform_mobile":"","ocean_menu_typo_line_height":0,"ocean_menu_typo_line_height_tablet":0,"ocean_menu_typo_line_height_mobile":0,"ocean_menu_typo_line_height_unit":"","ocean_menu_typo_spacing":0,"ocean_menu_typo_spacing_tablet":0,"ocean_menu_typo_spacing_mobile":0,"ocean_menu_typo_spacing_unit":"","ocean_menu_link_color":"","ocean_menu_link_color_hover":"","ocean_menu_link_color_active":"","ocean_menu_link_background":"","ocean_menu_link_hover_background":"","ocean_menu_link_active_background":"","ocean_menu_social_links_bg":"","ocean_menu_social_hover_links_bg":"","ocean_menu_social_links_color":"","ocean_menu_social_hover_links_color":"","ocean_disable_title":"default","ocean_disable_heading":"default","ocean_post_title":"","ocean_post_subheading":"","ocean_post_title_style":"","ocean_post_title_background_color":"","ocean_post_title_background":0,"ocean_post_title_bg_image_position":"","ocean_post_title_bg_image_attachment":"","ocean_post_title_bg_image_repeat":"","ocean_post_title_bg_image_size":"","ocean_post_title_height":0,"ocean_post_title_bg_overlay":0.5,"ocean_post_title_bg_overlay_color":"","ocean_disable_breadcrumbs":"default","ocean_breadcrumbs_color":"","ocean_breadcrumbs_separator_color":"","ocean_breadcrumbs_links_color":"","ocean_breadcrumbs_links_hover_color":"","ocean_display_footer_widgets":"default","ocean_display_footer_bottom":"default","ocean_custom_footer_template":"0"},"product_cat":[332],"product_tag":[],"_links":{"self":[{"href":"https:\/\/www.avision.com\/es\/wp-json\/wp\/v2\/product\/13813"}],"collection":[{"href":"https:\/\/www.avision.com\/es\/wp-json\/wp\/v2\/product"}],"about":[{"href":"https:\/\/www.avision.com\/es\/wp-json\/wp\/v2\/types\/product"}],"version-history":[{"count":6,"href":"https:\/\/www.avision.com\/es\/wp-json\/wp\/v2\/product\/13813\/revisions"}],"predecessor-version":[{"id":14844,"href":"https:\/\/www.avision.com\/es\/wp-json\/wp\/v2\/product\/13813\/revisions\/14844"}],"wp:featuredmedia":[{"embeddable":true,"href":"https:\/\/www.avision.com\/es\/wp-json\/wp\/v2\/media\/13815"}],"wp:attachment":[{"href":"https:\/\/www.avision.com\/es\/wp-json\/wp\/v2\/media?parent=13813"}],"wp:term":[{"taxonomy":"product_cat","embeddable":true,"href":"https:\/\/www.avision.com\/es\/wp-json\/wp\/v2\/product_cat?post=13813"},{"taxonomy":"product_tag","embeddable":true,"href":"https:\/\/www.avision.com\/es\/wp-json\/wp\/v2\/product_tag?post=13813"}],"curies":[{"name":"wp","href":"https:\/\/api.w.org\/{rel}","templated":true}]}}