{"id":7870,"date":"2021-09-17T03:59:24","date_gmt":"2021-09-17T03:59:24","guid":{"rendered":"https:\/\/www.avision.com\/es\/?post_type=product&#038;p=7870"},"modified":"2022-04-08T08:52:52","modified_gmt":"2022-04-08T08:52:52","slug":"av110","status":"publish","type":"product","link":"https:\/\/www.avision.com\/es\/shop\/mobile-scanner\/av110\/","title":{"rendered":"AV110"},"content":{"rendered":"<p><img decoding=\"async\" loading=\"lazy\" class=\"alignnone size-full wp-image-7450 alignleft\" src=\"https:\/\/www.avision.com\/es\/wp-content\/uploads\/sites\/4\/2021\/09\/A4.png\" alt=\"\" width=\"73\" height=\"69\" \/> <img decoding=\"async\" loading=\"lazy\" class=\"alignnone size-full wp-image-7453 alignleft\" src=\"https:\/\/www.avision.com\/es\/wp-content\/uploads\/sites\/4\/2021\/09\/ADF8.png\" alt=\"\" width=\"73\" height=\"69\" \/> <img decoding=\"async\" loading=\"lazy\" class=\"alignnone size-full wp-image-7338 alignleft\" src=\"https:\/\/www.avision.com\/es\/wp-content\/uploads\/sites\/4\/2021\/09\/Battery-included.png\" alt=\"\" width=\"74\" height=\"69\" \/> <img decoding=\"async\" loading=\"lazy\" class=\"alignnone size-full wp-image-7448 alignleft\" src=\"https:\/\/www.avision.com\/es\/wp-content\/uploads\/sites\/4\/2021\/09\/1200dpi.png\" alt=\"\" width=\"74\" height=\"69\" \/><\/p>\n<p>&nbsp;<\/p>\n<p>&nbsp;<\/p>\n<p><span style=\"vertical-align: inherit;\"><div class=\"su-spacer\" style=\"height:25px\"><\/div><\/span><\/p>\n<hr \/>\n<p><span style=\"vertical-align: inherit;\"><div class=\"su-spacer\" style=\"height:25px\"><\/div><\/span><\/p>\n<h3><span style=\"color: #0e3a65;\">\u258dProductiva y flexible<\/span><\/h3>\n<p><span lang=\"ES-CL\">Las series AV110 son productivas a una velocidad de escaneado de hasta 8 p\u00e1ginas por minuto a trav\u00e9s del alimentador autom\u00e1tico de documentos de 8 p\u00e1ginas incorporado y acomodan documentos de hasta 14&#8243;\u00a0<\/span><span lang=\"ES-CL\">de longitud y 107 g \/ m2 (28 libras) de peso.\u00a0<\/span><span lang=\"ES-CL\">\u00a1Adem\u00e1s, la bater\u00eda de iones de litio dura hasta 200 p\u00e1ginas de escaneo (A4, modo de color a 300 ppp)!\u00a0Para capturar im\u00e1genes de tarjetas de alta calidad, la serie AV110 tambi\u00e9n incluye una ranura de alimentaci\u00f3n especial en la parte posterior del esc\u00e1ner para manejar tarjetas de identificaci\u00f3n pl\u00e1sticas, licencias de conductor e incluso tarjetas en relieve de hasta 0,76 mm.<\/span><\/p>\n<h3><span style=\"color: #0e3a65;\">\u258dEscaneo intuitivo bot\u00f3n<\/span><\/h3>\n<p>Las series AV110 son f\u00e1ciles de usar a trav\u00e9s de la pantalla LCD y los botones en el panel.\u00a0Adem\u00e1s, con la aplicaci\u00f3n de software incluido &#8211; Button Manager V2, puede crear archivos PDF buscable, escanear y enviar im\u00e1genes a un correo electr\u00f3nico, una impresora o servidores de nubes como Google Drive\u2122, Facebook o Evernote\u00ae con s\u00f3lo una simple pulsaci\u00f3n de un bot\u00f3n.\u00a0Hasta nueve ajustes y destinos frecuentes del esc\u00e1ner pueden estar predefinidos para diferentes necesidades de escaneado.<\/p>\n<h3><span style=\"color: #0e3a65;\">\u258dDise\u00f1o compacto para ahorrar espacio<\/span><\/h3>\n<p>Las series AV110 cuentan con un dise\u00f1o \u00fanico y elegante como la bandeja de entrada y la de salida se pueden plegar cuando no est\u00e9 en uso.\u00a0La bandeja de papel tambi\u00e9n ayuda a proteger la unidad contra el polvo.\u00a0A diferencia de los esc\u00e1neres convencionales voluminosos, la serie AV110 compacto puede ser transportado f\u00e1cilmente y caber en un escritorio sin ocupar mucho espacio.<\/p>\n<h3><span style=\"color: #0e3a65;\">\u258dCaracter\u00edsticas<\/span><\/h3>\n<ul>\n<li style=\"font-weight: 400;\"><span style=\"font-style: inherit; font-weight: inherit;\">\u00a0<\/span><span style=\"font-style: inherit; font-weight: inherit;\">Alimentador autom\u00e1tico de documentos de 8 paginas<\/span><\/li>\n<li><span style=\"font-style: inherit; font-weight: inherit;\">Velocidad de escaneo de hasta 8 p\u00e1ginas por minuto<\/span><\/li>\n<li><span style=\"font-style: inherit; font-weight: inherit;\">Documentos de hasta tama\u00f1o legal (8.5&#8243;x 14&#8243;)(216 x 356 mm)<\/span><\/li>\n<li><span style=\"font-style: inherit; font-weight: inherit;\">Resoluci\u00f3n seleccionable de 75 y 1200 ppp<\/span><\/li>\n<li><span style=\"font-style: inherit; font-weight: inherit;\">Duraci\u00f3n de la bater\u00eda: 200 p\u00e1ginas (A4, 300 ppp, color, escaneado sin parar)<\/span><\/li>\n<li><span style=\"font-style: inherit; font-weight: inherit;\">Soporte de escaneado de tarjetas en relieve en la parte posterior del esc\u00e1ner<\/span><\/li>\n<li><span style=\"font-style: inherit; font-weight: inherit;\">Apagado autom\u00e1tico: 3 minutos<\/span><\/li>\n<\/ul>\n<p>&nbsp;<\/p>\n<hr \/>\n<h3><\/h3>\n<h3><span style=\"color: #0e3a65;\"><strong>\u258eCertificacion<\/strong><\/span><\/h3>\n<div class=\"su-spoiler su-spoiler-style-default su-spoiler-icon-arrow-circle-1  su-spoiler-closed\" data-scroll-offset=\"0\" data-anchor-in-url=\"no\"><div class=\"su-spoiler-title\" tabindex=\"0\" role=\"button\"><span class=\"su-spoiler-icon\"><\/span>Aprende m\u00e1s<\/div><div class=\"su-spoiler-content su-u-clearfix su-u-trim\">\n<p><a href=\"https:\/\/www.avision.com\/es\/why-avision\/core-image-scanning-technology\/\"><img decoding=\"async\" loading=\"lazy\" class=\" wp-image-13806 alignleft\" src=\"https:\/\/www.avision.com\/es\/wp-content\/uploads\/sites\/4\/2022\/01\/TWAIN_logo.png\" alt=\"\" width=\"91\" height=\"94\" \/><\/a><\/p>\n<\/div><\/div>\n","protected":false},"excerpt":{"rendered":"<h3><span style=\"color: #0e3a65;\">Your portable solution for batches scanning<\/span><\/h3>\n<p>At 11.6 inches long and weighting only 800 grams, the AV110 scanners incorporate a built-in automatic document feeder (ADF) and card scanner in a compact design. Powered by a rechargeable Li-Ion battery through the USB cable, the AV110 series are easy to travel with and lets you bring productivity of batches scanning to any workplace.<\/p>\n","protected":false},"featured_media":13120,"template":"","meta":{"ocean_post_layout":"","ocean_both_sidebars_style":"","ocean_both_sidebars_content_width":0,"ocean_both_sidebars_sidebars_width":0,"ocean_sidebar":"0","ocean_second_sidebar":"0","ocean_disable_margins":"enable","ocean_add_body_class":"","ocean_shortcode_before_top_bar":"","ocean_shortcode_after_top_bar":"","ocean_shortcode_before_header":"","ocean_shortcode_after_header":"","ocean_has_shortcode":"","ocean_shortcode_after_title":"","ocean_shortcode_before_footer_widgets":"","ocean_shortcode_after_footer_widgets":"","ocean_shortcode_before_footer_bottom":"","ocean_shortcode_after_footer_bottom":"","ocean_display_top_bar":"default","ocean_display_header":"default","ocean_header_style":"","ocean_center_header_left_menu":"0","ocean_custom_header_template":"0","ocean_custom_logo":0,"ocean_custom_retina_logo":0,"ocean_custom_logo_max_width":0,"ocean_custom_logo_tablet_max_width":0,"ocean_custom_logo_mobile_max_width":0,"ocean_custom_logo_max_height":0,"ocean_custom_logo_tablet_max_height":0,"ocean_custom_logo_mobile_max_height":0,"ocean_header_custom_menu":"0","ocean_menu_typo_font_family":"0","ocean_menu_typo_font_subset":"","ocean_menu_typo_font_size":0,"ocean_menu_typo_font_size_tablet":0,"ocean_menu_typo_font_size_mobile":0,"ocean_menu_typo_font_size_unit":"px","ocean_menu_typo_font_weight":"","ocean_menu_typo_font_weight_tablet":"","ocean_menu_typo_font_weight_mobile":"","ocean_menu_typo_transform":"","ocean_menu_typo_transform_tablet":"","ocean_menu_typo_transform_mobile":"","ocean_menu_typo_line_height":0,"ocean_menu_typo_line_height_tablet":0,"ocean_menu_typo_line_height_mobile":0,"ocean_menu_typo_line_height_unit":"","ocean_menu_typo_spacing":0,"ocean_menu_typo_spacing_tablet":0,"ocean_menu_typo_spacing_mobile":0,"ocean_menu_typo_spacing_unit":"","ocean_menu_link_color":"","ocean_menu_link_color_hover":"","ocean_menu_link_color_active":"","ocean_menu_link_background":"","ocean_menu_link_hover_background":"","ocean_menu_link_active_background":"","ocean_menu_social_links_bg":"","ocean_menu_social_hover_links_bg":"","ocean_menu_social_links_color":"","ocean_menu_social_hover_links_color":"","ocean_disable_title":"default","ocean_disable_heading":"default","ocean_post_title":"","ocean_post_subheading":"","ocean_post_title_style":"","ocean_post_title_background_color":"","ocean_post_title_background":0,"ocean_post_title_bg_image_position":"","ocean_post_title_bg_image_attachment":"","ocean_post_title_bg_image_repeat":"","ocean_post_title_bg_image_size":"","ocean_post_title_height":0,"ocean_post_title_bg_overlay":0.5,"ocean_post_title_bg_overlay_color":"","ocean_disable_breadcrumbs":"default","ocean_breadcrumbs_color":"","ocean_breadcrumbs_separator_color":"","ocean_breadcrumbs_links_color":"","ocean_breadcrumbs_links_hover_color":"","ocean_display_footer_widgets":"default","ocean_display_footer_bottom":"default","ocean_custom_footer_template":"0"},"product_cat":[331],"product_tag":[],"_links":{"self":[{"href":"https:\/\/www.avision.com\/es\/wp-json\/wp\/v2\/product\/7870"}],"collection":[{"href":"https:\/\/www.avision.com\/es\/wp-json\/wp\/v2\/product"}],"about":[{"href":"https:\/\/www.avision.com\/es\/wp-json\/wp\/v2\/types\/product"}],"version-history":[{"count":7,"href":"https:\/\/www.avision.com\/es\/wp-json\/wp\/v2\/product\/7870\/revisions"}],"predecessor-version":[{"id":14289,"href":"https:\/\/www.avision.com\/es\/wp-json\/wp\/v2\/product\/7870\/revisions\/14289"}],"wp:featuredmedia":[{"embeddable":true,"href":"https:\/\/www.avision.com\/es\/wp-json\/wp\/v2\/media\/13120"}],"wp:attachment":[{"href":"https:\/\/www.avision.com\/es\/wp-json\/wp\/v2\/media?parent=7870"}],"wp:term":[{"taxonomy":"product_cat","embeddable":true,"href":"https:\/\/www.avision.com\/es\/wp-json\/wp\/v2\/product_cat?post=7870"},{"taxonomy":"product_tag","embeddable":true,"href":"https:\/\/www.avision.com\/es\/wp-json\/wp\/v2\/product_tag?post=7870"}],"curies":[{"name":"wp","href":"https:\/\/api.w.org\/{rel}","templated":true}]}}