{"id":8414,"date":"2021-09-22T08:14:43","date_gmt":"2021-09-22T08:14:43","guid":{"rendered":"https:\/\/www.avision.com\/es\/?post_type=product&#038;p=8414"},"modified":"2022-04-29T01:45:39","modified_gmt":"2022-04-29T01:45:39","slug":"am7850i","status":"publish","type":"product","link":"https:\/\/www.avision.com\/es\/shop\/printer-mfp\/am7850i\/","title":{"rendered":"AM7850i"},"content":{"rendered":"<p><img decoding=\"async\" loading=\"lazy\" class=\"alignnone size-full wp-image-7449 alignleft\" src=\"https:\/\/www.avision.com\/es\/wp-content\/uploads\/sites\/4\/2021\/09\/A3.png\" alt=\"\" width=\"73\" height=\"69\" \/> <img decoding=\"async\" loading=\"lazy\" class=\"alignnone size-full wp-image-7368 alignleft\" src=\"https:\/\/www.avision.com\/es\/wp-content\/uploads\/sites\/4\/2021\/09\/BW50ppm.png\" alt=\"\" width=\"74\" height=\"69\" \/> <img decoding=\"async\" loading=\"lazy\" class=\"alignnone size-full wp-image-7426 alignleft\" src=\"https:\/\/www.avision.com\/es\/wp-content\/uploads\/sites\/4\/2021\/09\/ID-card-scan.png\" alt=\"\" width=\"73\" height=\"69\" \/><\/p>\n<h3><\/h3>\n<h3><\/h3>\n<div class=\"su-spacer\" style=\"height:25px\"><\/div>\n<hr \/>\n<div class=\"su-spacer\" style=\"height:25px\"><\/div>\n<h3><span style=\"color: #0e3a65;\">\u258dDejar y tomar<\/span><\/h3>\n<p>La funci\u00f3n inteligente &#8220;Drop N Take&#8221; le permite cargar simplemente el documento en el alimentador y luego al segundo siguiente el trabajo de copiado est\u00e1 hecho.\u00a0\u00a1Es as\u00ed de f\u00e1cil, sin tener que pulsar ning\u00fan bot\u00f3n!<\/p>\n<h3><span style=\"color: #0e3a65;\">\u258dControlar el acceso a las impresoras multifunci\u00f3n con tarjeta ID<\/span><\/h3>\n<p>El AM7850i proporciona una forma segura de acceder a la m\u00e1quina mediante tarjetas de identificaci\u00f3n.\u00a0Mediante el escaneo de la tarjeta de identificaci\u00f3n en el panel de control, los administradores pueden asignar privilegios de uso r\u00e1pido y f\u00e1cil.\u00a0La soluci\u00f3n est\u00e1 dise\u00f1ada para empresas con muchos departamentos diferentes, todos los oficinistas con necesidades individuales y relacionadas con reducir derroches y el endurecimiento de la seguridad.<\/p>\n<h3><span style=\"color: #0e3a65;\">\u258dRecorte autom\u00e1tico mejorado y funci\u00f3n de correcci\u00f3n de inclinaci\u00f3n<\/span><\/h3>\n<p>Integrado con unidad de procesamiento VM2 avanzada, el AM7850i ofrece recorte autom\u00e1tico y la funci\u00f3n de correcci\u00f3n de inclinaci\u00f3n para recortar y enderezar sus documentos de forma autom\u00e1tica.\u00a0Con la innovadora caracter\u00edstica, los usuarios ya no tienen que especificar el tama\u00f1o del documento o preocuparse de si los documentos se cargaron alineados correctamente en el cargador o en la cama plana.<\/p>\n<h3><span style=\"color: #0e3a65;\">\u258dF\u00e1cil personalizaci\u00f3n basada en una arquitectura abierta<\/span><\/h3>\n<p>Basado en la arquitectura abierta, el AM7850i proporciona la conveniencia de personalizar la carga de trabajo para que su tarea sea f\u00e1cil de hacer.<\/p>\n<h3><span style=\"color: #0e3a65;\">\u258dConveniente escaneo m\u00f3vile impresi\u00f3n<\/span><\/h3>\n<p>Imprimir de forma inal\u00e1mbrica, o escanear desde sus dispositivos m\u00f3viles a trav\u00e9s de aplicaciones de Avisionpara las multifunciones AM7850.<\/p>\n<h3><span style=\"color: #0e3a65;\">\u258dCapacidades avanzadas de escaneo<\/span><\/h3>\n<p>El producto le permite escanear documentos en papel a todo color en formato PDF, JPEG o TIFF y los env\u00eda a una variedad de destinos, tales como correo electr\u00f3nico, FTP, USB y la carpeta de red (CIFIS).<\/p>\n<h3><span style=\"color: #0e3a65;\">\u258dPanel t\u00e1ctil grande, y f\u00e1cil de usar<\/span><\/h3>\n<p>F\u00e1cil de leer y navegar. Gran pantalla t\u00e1ctil en color brillante de 8 pulgadas le gu\u00eda a trav\u00e9s de las operaciones,incluso lasm\u00e1s complejas.\u00a0Basta con hacer unos toques en la pantalla t\u00e1ctil ylos documentosser\u00e1n digitalizados y distribuidos en cuesti\u00f3n de segundos.<\/p>\n<h3><span style=\"color: #0e3a65;\">\u258dR\u00e1pida, alta calidad de impresi\u00f3n y copiado<\/span><\/h3>\n<p>Produce una salida profesional en blanco y negro con impresi\u00f3n y copia a una impresionante velocidad de hasta 45 copias por minuto (A4, izquierda).<\/p>\n<h3><span style=\"color: #0e3a65;\">\u258dCartucho t\u00f3ner de alto rendimiento<\/span><\/h3>\n<p>El AM7850 se env\u00eda con cartuchot\u00f3ner de alto rendimiento para20.000 p\u00e1ginas, f\u00e1cil de instalar y que ofrecen un bajo costo por p\u00e1gina.<\/p>\n<h3><span style=\"color: #0e3a65;\">\u258dConveniente impresi\u00f3n y escaneo al paso<\/span><\/h3>\n<p>Una interfaz directa USB est\u00e1 disponible para, imprimir archivos desde,o escanear archivos a, su unidad de memoria flash USB.<\/p>\n<h3><span style=\"color: #0e3a65;\">\u258dImpresi\u00f3n a doble faz<\/span><\/h3>\n<p>Utilice la funci\u00f3n de impresi\u00f3n a doble faz autom\u00e1tica para ayudar a ahorrar papel y reducir los costos.<\/p>\n","protected":false},"excerpt":{"rendered":"<h3><span style=\"color: #0e3a65;\">Impresi\u00f3n, copia, correo electr\u00f3nico, fax y escaneado con el MFP Avision AM7850i<\/span><\/h3>\n<p>Hemos tomado las funciones cr\u00edticas de la oficina de nuestros grandes multifuncionales departamentales y los hemos empaquetado en esta impresora de tama\u00f1o A3 ultraproductiva. Integra perfectamente funcionalidades de impresi\u00f3n, escaneado, correo electr\u00f3nico, fax y copia Todas estas caracter\u00edsticas se operan a trav\u00e9s de una pantalla LCD clara y grande de 8\u201d para simplificar el trabajo para las oficinas ocupadas con alto volumen de distribuci\u00f3n de documentos.Mejor a\u00fan, con las funciones inteligentes \u201cDrop N Take\u201d y \u201cautenticaci\u00f3n de tarjeta de identificaci\u00f3n\u201d, el trabajo de copia se puede hacer f\u00e1cilmente y de forma segura.<\/p>\n","protected":false},"featured_media":13819,"template":"","meta":{"ocean_post_layout":"","ocean_both_sidebars_style":"","ocean_both_sidebars_content_width":0,"ocean_both_sidebars_sidebars_width":0,"ocean_sidebar":"0","ocean_second_sidebar":"0","ocean_disable_margins":"enable","ocean_add_body_class":"","ocean_shortcode_before_top_bar":"","ocean_shortcode_after_top_bar":"","ocean_shortcode_before_header":"","ocean_shortcode_after_header":"","ocean_has_shortcode":"","ocean_shortcode_after_title":"","ocean_shortcode_before_footer_widgets":"","ocean_shortcode_after_footer_widgets":"","ocean_shortcode_before_footer_bottom":"","ocean_shortcode_after_footer_bottom":"","ocean_display_top_bar":"default","ocean_display_header":"default","ocean_header_style":"","ocean_center_header_left_menu":"0","ocean_custom_header_template":"0","ocean_custom_logo":0,"ocean_custom_retina_logo":0,"ocean_custom_logo_max_width":0,"ocean_custom_logo_tablet_max_width":0,"ocean_custom_logo_mobile_max_width":0,"ocean_custom_logo_max_height":0,"ocean_custom_logo_tablet_max_height":0,"ocean_custom_logo_mobile_max_height":0,"ocean_header_custom_menu":"0","ocean_menu_typo_font_family":"0","ocean_menu_typo_font_subset":"","ocean_menu_typo_font_size":0,"ocean_menu_typo_font_size_tablet":0,"ocean_menu_typo_font_size_mobile":0,"ocean_menu_typo_font_size_unit":"px","ocean_menu_typo_font_weight":"","ocean_menu_typo_font_weight_tablet":"","ocean_menu_typo_font_weight_mobile":"","ocean_menu_typo_transform":"","ocean_menu_typo_transform_tablet":"","ocean_menu_typo_transform_mobile":"","ocean_menu_typo_line_height":0,"ocean_menu_typo_line_height_tablet":0,"ocean_menu_typo_line_height_mobile":0,"ocean_menu_typo_line_height_unit":"","ocean_menu_typo_spacing":0,"ocean_menu_typo_spacing_tablet":0,"ocean_menu_typo_spacing_mobile":0,"ocean_menu_typo_spacing_unit":"","ocean_menu_link_color":"","ocean_menu_link_color_hover":"","ocean_menu_link_color_active":"","ocean_menu_link_background":"","ocean_menu_link_hover_background":"","ocean_menu_link_active_background":"","ocean_menu_social_links_bg":"","ocean_menu_social_hover_links_bg":"","ocean_menu_social_links_color":"","ocean_menu_social_hover_links_color":"","ocean_disable_title":"default","ocean_disable_heading":"default","ocean_post_title":"","ocean_post_subheading":"","ocean_post_title_style":"","ocean_post_title_background_color":"","ocean_post_title_background":0,"ocean_post_title_bg_image_position":"","ocean_post_title_bg_image_attachment":"","ocean_post_title_bg_image_repeat":"","ocean_post_title_bg_image_size":"","ocean_post_title_height":0,"ocean_post_title_bg_overlay":0.5,"ocean_post_title_bg_overlay_color":"","ocean_disable_breadcrumbs":"default","ocean_breadcrumbs_color":"","ocean_breadcrumbs_separator_color":"","ocean_breadcrumbs_links_color":"","ocean_breadcrumbs_links_hover_color":"","ocean_display_footer_widgets":"default","ocean_display_footer_bottom":"default","ocean_custom_footer_template":"0"},"product_cat":[335],"product_tag":[],"_links":{"self":[{"href":"https:\/\/www.avision.com\/es\/wp-json\/wp\/v2\/product\/8414"}],"collection":[{"href":"https:\/\/www.avision.com\/es\/wp-json\/wp\/v2\/product"}],"about":[{"href":"https:\/\/www.avision.com\/es\/wp-json\/wp\/v2\/types\/product"}],"version-history":[{"count":5,"href":"https:\/\/www.avision.com\/es\/wp-json\/wp\/v2\/product\/8414\/revisions"}],"predecessor-version":[{"id":13822,"href":"https:\/\/www.avision.com\/es\/wp-json\/wp\/v2\/product\/8414\/revisions\/13822"}],"wp:featuredmedia":[{"embeddable":true,"href":"https:\/\/www.avision.com\/es\/wp-json\/wp\/v2\/media\/13819"}],"wp:attachment":[{"href":"https:\/\/www.avision.com\/es\/wp-json\/wp\/v2\/media?parent=8414"}],"wp:term":[{"taxonomy":"product_cat","embeddable":true,"href":"https:\/\/www.avision.com\/es\/wp-json\/wp\/v2\/product_cat?post=8414"},{"taxonomy":"product_tag","embeddable":true,"href":"https:\/\/www.avision.com\/es\/wp-json\/wp\/v2\/product_tag?post=8414"}],"curies":[{"name":"wp","href":"https:\/\/api.w.org\/{rel}","templated":true}]}}